{"id":194395,"date":"2018-06-26T17:53:41","date_gmt":"2018-06-26T20:53:41","guid":{"rendered":"https:\/\/design.novoambiente.com\/produto\/nelson-apple-bubble-pendant-lamp\/"},"modified":"2018-06-26T17:53:41","modified_gmt":"2018-06-26T20:53:41","slug":"nelson-apple-bubble-pendant-lamp","status":"publish","type":"product","link":"https:\/\/design.novoambiente.com\/en\/product\/nelson-apple-bubble-pendant-lamp\/","title":{"rendered":"Nelson Apple Bubble Pendant Lamp"},"content":{"rendered":"<p>Designed by George Nelson in 1952, these elegant lamps feature a durable yet ultra-light steel frame. Their delicate look makes the lamp appear to float. <\/p>\n<p>The Nelson Bubble Lamps were inspired by a Swedish line of silk-covered pendant lamps that George Nelson wanted to buy for his office, but the price was prohibitive. He then decided to create his own. An ingenious, creative designer, he went on to develop the first Bubble lamp version using a translucent white plastic spray, a technique developed by the United States armed forces. Nelson designed the lamps from basic, organic shapes, resulting in variations such as the Apple pendant, the Pear wall sconce, the Lotus table lamp, and the Saucer pendant.   <\/p>\n","protected":false},"excerpt":{"rendered":"Designed by George Nelson in 1952, these elegant lamps feature a durable yet ultra-light steel frame. Their&#8230;","protected":false},"featured_media":116396,"template":"","meta":{"_acf_changed":false},"product_brand":[],"product_cat":[3417],"product_tag":[3778],"colecao":[],"3d":[3462],"class_list":{"0":"post-194395","1":"product","2":"type-product","3":"status-publish","4":"has-post-thumbnail","6":"product_cat-ceiling-lights","7":"product_tag-imported","8":"pa_designer-george-nelson","9":"3d-arquivos-3d","11":"first","12":"instock","13":"shipping-taxable","14":"product-type-variable"},"acf":[],"yoast_head":"<!-- This site is optimized with the Yoast SEO plugin v27.3 - https:\/\/yoast.com\/product\/yoast-seo-wordpress\/ -->\n<title>Nelson Apple Bubble Pendant Lamp - Novo Ambiente | Cat\u00e1logo<\/title>\n<meta name=\"robots\" content=\"index, follow, max-snippet:-1, max-image-preview:large, max-video-preview:-1\" \/>\n<link rel=\"canonical\" href=\"https:\/\/design.novoambiente.com\/en\/product\/nelson-apple-bubble-pendant-lamp\/\" \/>\n<meta name=\"twitter:label1\" content=\"Est. reading time\" \/>\n\t<meta name=\"twitter:data1\" content=\"1 minute\" \/>\n<script type=\"application\/ld+json\" class=\"yoast-schema-graph\">{\"@context\":\"https:\\\/\\\/schema.org\",\"@graph\":[{\"@type\":\"WebPage\",\"@id\":\"https:\\\/\\\/design.novoambiente.com\\\/en\\\/product\\\/nelson-apple-bubble-pendant-lamp\\\/\",\"url\":\"https:\\\/\\\/design.novoambiente.com\\\/en\\\/product\\\/nelson-apple-bubble-pendant-lamp\\\/\",\"name\":\"Nelson Apple Bubble Pendant Lamp - Novo Ambiente | Cat\u00e1logo\",\"isPartOf\":{\"@id\":\"https:\\\/\\\/design.novoambiente.com\\\/en\\\/#website\"},\"primaryImageOfPage\":{\"@id\":\"https:\\\/\\\/design.novoambiente.com\\\/en\\\/product\\\/nelson-apple-bubble-pendant-lamp\\\/#primaryimage\"},\"image\":{\"@id\":\"https:\\\/\\\/design.novoambiente.com\\\/en\\\/product\\\/nelson-apple-bubble-pendant-lamp\\\/#primaryimage\"},\"thumbnailUrl\":\"https:\\\/\\\/design.novoambiente.com\\\/wp-content\\\/uploads\\\/2018\\\/06\\\/Apple_Bubble_Pendant.jpg\",\"datePublished\":\"2018-06-26T20:53:41+00:00\",\"breadcrumb\":{\"@id\":\"https:\\\/\\\/design.novoambiente.com\\\/en\\\/product\\\/nelson-apple-bubble-pendant-lamp\\\/#breadcrumb\"},\"inLanguage\":\"en-US\",\"potentialAction\":[{\"@type\":\"ReadAction\",\"target\":[\"https:\\\/\\\/design.novoambiente.com\\\/en\\\/product\\\/nelson-apple-bubble-pendant-lamp\\\/\"]}]},{\"@type\":\"ImageObject\",\"inLanguage\":\"en-US\",\"@id\":\"https:\\\/\\\/design.novoambiente.com\\\/en\\\/product\\\/nelson-apple-bubble-pendant-lamp\\\/#primaryimage\",\"url\":\"https:\\\/\\\/design.novoambiente.com\\\/wp-content\\\/uploads\\\/2018\\\/06\\\/Apple_Bubble_Pendant.jpg\",\"contentUrl\":\"https:\\\/\\\/design.novoambiente.com\\\/wp-content\\\/uploads\\\/2018\\\/06\\\/Apple_Bubble_Pendant.jpg\",\"width\":700,\"height\":700},{\"@type\":\"BreadcrumbList\",\"@id\":\"https:\\\/\\\/design.novoambiente.com\\\/en\\\/product\\\/nelson-apple-bubble-pendant-lamp\\\/#breadcrumb\",\"itemListElement\":[{\"@type\":\"ListItem\",\"position\":1,\"name\":\"Home\",\"item\":\"https:\\\/\\\/design.novoambiente.com\\\/en\\\/\"},{\"@type\":\"ListItem\",\"position\":2,\"name\":\"Furniture\",\"item\":\"https:\\\/\\\/design.novoambiente.com\\\/en\\\/furniture\\\/\"},{\"@type\":\"ListItem\",\"position\":3,\"name\":\"Nelson Apple Bubble Pendant Lamp\"}]},{\"@type\":\"WebSite\",\"@id\":\"https:\\\/\\\/design.novoambiente.com\\\/en\\\/#website\",\"url\":\"https:\\\/\\\/design.novoambiente.com\\\/en\\\/\",\"name\":\"Novo Ambiente | Cat\u00e1logo\",\"description\":\"Mobili\u00e1rio de design para casa ou escrit\u00f3rio\",\"potentialAction\":[{\"@type\":\"SearchAction\",\"target\":{\"@type\":\"EntryPoint\",\"urlTemplate\":\"https:\\\/\\\/design.novoambiente.com\\\/en\\\/?s={search_term_string}\"},\"query-input\":{\"@type\":\"PropertyValueSpecification\",\"valueRequired\":true,\"valueName\":\"search_term_string\"}}],\"inLanguage\":\"en-US\"}]}<\/script>\n<!-- \/ Yoast SEO plugin. -->","yoast_head_json":{"title":"Nelson Apple Bubble Pendant Lamp - Novo Ambiente | Cat\u00e1logo","robots":{"index":"index","follow":"follow","max-snippet":"max-snippet:-1","max-image-preview":"max-image-preview:large","max-video-preview":"max-video-preview:-1"},"canonical":"https:\/\/design.novoambiente.com\/en\/product\/nelson-apple-bubble-pendant-lamp\/","twitter_misc":{"Est. reading time":"1 minute"},"schema":{"@context":"https:\/\/schema.org","@graph":[{"@type":"WebPage","@id":"https:\/\/design.novoambiente.com\/en\/product\/nelson-apple-bubble-pendant-lamp\/","url":"https:\/\/design.novoambiente.com\/en\/product\/nelson-apple-bubble-pendant-lamp\/","name":"Nelson Apple Bubble Pendant Lamp - Novo Ambiente | Cat\u00e1logo","isPartOf":{"@id":"https:\/\/design.novoambiente.com\/en\/#website"},"primaryImageOfPage":{"@id":"https:\/\/design.novoambiente.com\/en\/product\/nelson-apple-bubble-pendant-lamp\/#primaryimage"},"image":{"@id":"https:\/\/design.novoambiente.com\/en\/product\/nelson-apple-bubble-pendant-lamp\/#primaryimage"},"thumbnailUrl":"https:\/\/design.novoambiente.com\/wp-content\/uploads\/2018\/06\/Apple_Bubble_Pendant.jpg","datePublished":"2018-06-26T20:53:41+00:00","breadcrumb":{"@id":"https:\/\/design.novoambiente.com\/en\/product\/nelson-apple-bubble-pendant-lamp\/#breadcrumb"},"inLanguage":"en-US","potentialAction":[{"@type":"ReadAction","target":["https:\/\/design.novoambiente.com\/en\/product\/nelson-apple-bubble-pendant-lamp\/"]}]},{"@type":"ImageObject","inLanguage":"en-US","@id":"https:\/\/design.novoambiente.com\/en\/product\/nelson-apple-bubble-pendant-lamp\/#primaryimage","url":"https:\/\/design.novoambiente.com\/wp-content\/uploads\/2018\/06\/Apple_Bubble_Pendant.jpg","contentUrl":"https:\/\/design.novoambiente.com\/wp-content\/uploads\/2018\/06\/Apple_Bubble_Pendant.jpg","width":700,"height":700},{"@type":"BreadcrumbList","@id":"https:\/\/design.novoambiente.com\/en\/product\/nelson-apple-bubble-pendant-lamp\/#breadcrumb","itemListElement":[{"@type":"ListItem","position":1,"name":"Home","item":"https:\/\/design.novoambiente.com\/en\/"},{"@type":"ListItem","position":2,"name":"Furniture","item":"https:\/\/design.novoambiente.com\/en\/furniture\/"},{"@type":"ListItem","position":3,"name":"Nelson Apple Bubble Pendant Lamp"}]},{"@type":"WebSite","@id":"https:\/\/design.novoambiente.com\/en\/#website","url":"https:\/\/design.novoambiente.com\/en\/","name":"Novo Ambiente | Cat\u00e1logo","description":"Mobili\u00e1rio de design para casa ou escrit\u00f3rio","potentialAction":[{"@type":"SearchAction","target":{"@type":"EntryPoint","urlTemplate":"https:\/\/design.novoambiente.com\/en\/?s={search_term_string}"},"query-input":{"@type":"PropertyValueSpecification","valueRequired":true,"valueName":"search_term_string"}}],"inLanguage":"en-US"}]}},"_links":{"self":[{"href":"https:\/\/design.novoambiente.com\/en\/wp-json\/wp\/v2\/product\/194395","targetHints":{"allow":["GET"]}}],"collection":[{"href":"https:\/\/design.novoambiente.com\/en\/wp-json\/wp\/v2\/product"}],"about":[{"href":"https:\/\/design.novoambiente.com\/en\/wp-json\/wp\/v2\/types\/product"}],"wp:featuredmedia":[{"embeddable":true,"href":"https:\/\/design.novoambiente.com\/en\/wp-json\/wp\/v2\/media\/116396"}],"wp:attachment":[{"href":"https:\/\/design.novoambiente.com\/en\/wp-json\/wp\/v2\/media?parent=194395"}],"wp:term":[{"taxonomy":"product_brand","embeddable":true,"href":"https:\/\/design.novoambiente.com\/en\/wp-json\/wp\/v2\/product_brand?post=194395"},{"taxonomy":"product_cat","embeddable":true,"href":"https:\/\/design.novoambiente.com\/en\/wp-json\/wp\/v2\/product_cat?post=194395"},{"taxonomy":"product_tag","embeddable":true,"href":"https:\/\/design.novoambiente.com\/en\/wp-json\/wp\/v2\/product_tag?post=194395"},{"taxonomy":"colecao","embeddable":true,"href":"https:\/\/design.novoambiente.com\/en\/wp-json\/wp\/v2\/colecao?post=194395"},{"taxonomy":"3d","embeddable":true,"href":"https:\/\/design.novoambiente.com\/en\/wp-json\/wp\/v2\/3d?post=194395"}],"curies":[{"name":"wp","href":"https:\/\/api.w.org\/{rel}","templated":true}]}}