{"id":191248,"date":"2019-02-12T17:17:42","date_gmt":"2019-02-12T19:17:42","guid":{"rendered":"https:\/\/design.novoambiente.com\/produto\/sandra-armchair\/"},"modified":"2019-02-12T17:17:42","modified_gmt":"2019-02-12T19:17:42","slug":"sandra-armchair","status":"publish","type":"product","link":"https:\/\/design.novoambiente.com\/en\/product\/sandra-armchair\/","title":{"rendered":"Sandra Armchair"},"content":{"rendered":"<p>This minimalist Brazilian armchair in steel, solid wood, and leather is designed with architectural, geometric thinking. The continuity of the structural lines suggests fluidity. The backrest allows smooth movement and, like the seat, stands out from the main structure to ensure maximum lightness. This contemporary piece won the 2019 Architecture Masterprize Awards in the furniture category.   <\/p>\n<p>Frame: polished stainless steel or carbon steel with semi-matte black or white epoxy paint<br \/>\nUpholstery: natural reverse leather, aged natural leather, Quaker fabric, canvas, or customer-supplied fabric<\/p>\n","protected":false},"excerpt":{"rendered":"This minimalist Brazilian armchair in steel, solid wood, and leather is designed with architectural, geometric thinking. The&#8230;","protected":false},"featured_media":141323,"template":"","meta":{"_acf_changed":false},"product_brand":[],"product_cat":[3448],"product_tag":[],"colecao":[],"3d":[3462],"class_list":{"0":"post-191248","1":"product","2":"type-product","3":"status-publish","4":"has-post-thumbnail","6":"product_cat-armchair","7":"pa_designer-samuel-lamas","8":"3d-arquivos-3d","10":"first","11":"instock","12":"shipping-taxable","13":"product-type-variable"},"acf":[],"yoast_head":"<!-- This site is optimized with the Yoast SEO plugin v27.3 - https:\/\/yoast.com\/product\/yoast-seo-wordpress\/ -->\n<title>Sandra Armchair - Novo Ambiente | Cat\u00e1logo<\/title>\n<meta name=\"robots\" content=\"index, follow, max-snippet:-1, max-image-preview:large, max-video-preview:-1\" \/>\n<link rel=\"canonical\" href=\"https:\/\/design.novoambiente.com\/en\/product\/sandra-armchair\/\" \/>\n<script type=\"application\/ld+json\" class=\"yoast-schema-graph\">{\"@context\":\"https:\\\/\\\/schema.org\",\"@graph\":[{\"@type\":\"WebPage\",\"@id\":\"https:\\\/\\\/design.novoambiente.com\\\/en\\\/product\\\/sandra-armchair\\\/\",\"url\":\"https:\\\/\\\/design.novoambiente.com\\\/en\\\/product\\\/sandra-armchair\\\/\",\"name\":\"Sandra Armchair - Novo Ambiente | Cat\u00e1logo\",\"isPartOf\":{\"@id\":\"https:\\\/\\\/design.novoambiente.com\\\/en\\\/#website\"},\"primaryImageOfPage\":{\"@id\":\"https:\\\/\\\/design.novoambiente.com\\\/en\\\/product\\\/sandra-armchair\\\/#primaryimage\"},\"image\":{\"@id\":\"https:\\\/\\\/design.novoambiente.com\\\/en\\\/product\\\/sandra-armchair\\\/#primaryimage\"},\"thumbnailUrl\":\"https:\\\/\\\/design.novoambiente.com\\\/wp-content\\\/uploads\\\/2019\\\/02\\\/Poltrona-Sandra-Samuel-Lamas-Estudio-Mais-Novo-Ambiente-02-650x974-1.jpeg\",\"datePublished\":\"2019-02-12T19:17:42+00:00\",\"breadcrumb\":{\"@id\":\"https:\\\/\\\/design.novoambiente.com\\\/en\\\/product\\\/sandra-armchair\\\/#breadcrumb\"},\"inLanguage\":\"en-US\",\"potentialAction\":[{\"@type\":\"ReadAction\",\"target\":[\"https:\\\/\\\/design.novoambiente.com\\\/en\\\/product\\\/sandra-armchair\\\/\"]}]},{\"@type\":\"ImageObject\",\"inLanguage\":\"en-US\",\"@id\":\"https:\\\/\\\/design.novoambiente.com\\\/en\\\/product\\\/sandra-armchair\\\/#primaryimage\",\"url\":\"https:\\\/\\\/design.novoambiente.com\\\/wp-content\\\/uploads\\\/2019\\\/02\\\/Poltrona-Sandra-Samuel-Lamas-Estudio-Mais-Novo-Ambiente-02-650x974-1.jpeg\",\"contentUrl\":\"https:\\\/\\\/design.novoambiente.com\\\/wp-content\\\/uploads\\\/2019\\\/02\\\/Poltrona-Sandra-Samuel-Lamas-Estudio-Mais-Novo-Ambiente-02-650x974-1.jpeg\",\"width\":650,\"height\":974},{\"@type\":\"BreadcrumbList\",\"@id\":\"https:\\\/\\\/design.novoambiente.com\\\/en\\\/product\\\/sandra-armchair\\\/#breadcrumb\",\"itemListElement\":[{\"@type\":\"ListItem\",\"position\":1,\"name\":\"Home\",\"item\":\"https:\\\/\\\/design.novoambiente.com\\\/en\\\/\"},{\"@type\":\"ListItem\",\"position\":2,\"name\":\"Furniture\",\"item\":\"https:\\\/\\\/design.novoambiente.com\\\/en\\\/furniture\\\/\"},{\"@type\":\"ListItem\",\"position\":3,\"name\":\"Sandra Armchair\"}]},{\"@type\":\"WebSite\",\"@id\":\"https:\\\/\\\/design.novoambiente.com\\\/en\\\/#website\",\"url\":\"https:\\\/\\\/design.novoambiente.com\\\/en\\\/\",\"name\":\"Novo Ambiente | Cat\u00e1logo\",\"description\":\"Mobili\u00e1rio de design para casa ou escrit\u00f3rio\",\"potentialAction\":[{\"@type\":\"SearchAction\",\"target\":{\"@type\":\"EntryPoint\",\"urlTemplate\":\"https:\\\/\\\/design.novoambiente.com\\\/en\\\/?s={search_term_string}\"},\"query-input\":{\"@type\":\"PropertyValueSpecification\",\"valueRequired\":true,\"valueName\":\"search_term_string\"}}],\"inLanguage\":\"en-US\"}]}<\/script>\n<!-- \/ Yoast SEO plugin. -->","yoast_head_json":{"title":"Sandra Armchair - Novo Ambiente | Cat\u00e1logo","robots":{"index":"index","follow":"follow","max-snippet":"max-snippet:-1","max-image-preview":"max-image-preview:large","max-video-preview":"max-video-preview:-1"},"canonical":"https:\/\/design.novoambiente.com\/en\/product\/sandra-armchair\/","schema":{"@context":"https:\/\/schema.org","@graph":[{"@type":"WebPage","@id":"https:\/\/design.novoambiente.com\/en\/product\/sandra-armchair\/","url":"https:\/\/design.novoambiente.com\/en\/product\/sandra-armchair\/","name":"Sandra Armchair - Novo Ambiente | Cat\u00e1logo","isPartOf":{"@id":"https:\/\/design.novoambiente.com\/en\/#website"},"primaryImageOfPage":{"@id":"https:\/\/design.novoambiente.com\/en\/product\/sandra-armchair\/#primaryimage"},"image":{"@id":"https:\/\/design.novoambiente.com\/en\/product\/sandra-armchair\/#primaryimage"},"thumbnailUrl":"https:\/\/design.novoambiente.com\/wp-content\/uploads\/2019\/02\/Poltrona-Sandra-Samuel-Lamas-Estudio-Mais-Novo-Ambiente-02-650x974-1.jpeg","datePublished":"2019-02-12T19:17:42+00:00","breadcrumb":{"@id":"https:\/\/design.novoambiente.com\/en\/product\/sandra-armchair\/#breadcrumb"},"inLanguage":"en-US","potentialAction":[{"@type":"ReadAction","target":["https:\/\/design.novoambiente.com\/en\/product\/sandra-armchair\/"]}]},{"@type":"ImageObject","inLanguage":"en-US","@id":"https:\/\/design.novoambiente.com\/en\/product\/sandra-armchair\/#primaryimage","url":"https:\/\/design.novoambiente.com\/wp-content\/uploads\/2019\/02\/Poltrona-Sandra-Samuel-Lamas-Estudio-Mais-Novo-Ambiente-02-650x974-1.jpeg","contentUrl":"https:\/\/design.novoambiente.com\/wp-content\/uploads\/2019\/02\/Poltrona-Sandra-Samuel-Lamas-Estudio-Mais-Novo-Ambiente-02-650x974-1.jpeg","width":650,"height":974},{"@type":"BreadcrumbList","@id":"https:\/\/design.novoambiente.com\/en\/product\/sandra-armchair\/#breadcrumb","itemListElement":[{"@type":"ListItem","position":1,"name":"Home","item":"https:\/\/design.novoambiente.com\/en\/"},{"@type":"ListItem","position":2,"name":"Furniture","item":"https:\/\/design.novoambiente.com\/en\/furniture\/"},{"@type":"ListItem","position":3,"name":"Sandra Armchair"}]},{"@type":"WebSite","@id":"https:\/\/design.novoambiente.com\/en\/#website","url":"https:\/\/design.novoambiente.com\/en\/","name":"Novo Ambiente | Cat\u00e1logo","description":"Mobili\u00e1rio de design para casa ou escrit\u00f3rio","potentialAction":[{"@type":"SearchAction","target":{"@type":"EntryPoint","urlTemplate":"https:\/\/design.novoambiente.com\/en\/?s={search_term_string}"},"query-input":{"@type":"PropertyValueSpecification","valueRequired":true,"valueName":"search_term_string"}}],"inLanguage":"en-US"}]}},"_links":{"self":[{"href":"https:\/\/design.novoambiente.com\/en\/wp-json\/wp\/v2\/product\/191248","targetHints":{"allow":["GET"]}}],"collection":[{"href":"https:\/\/design.novoambiente.com\/en\/wp-json\/wp\/v2\/product"}],"about":[{"href":"https:\/\/design.novoambiente.com\/en\/wp-json\/wp\/v2\/types\/product"}],"wp:featuredmedia":[{"embeddable":true,"href":"https:\/\/design.novoambiente.com\/en\/wp-json\/wp\/v2\/media\/141323"}],"wp:attachment":[{"href":"https:\/\/design.novoambiente.com\/en\/wp-json\/wp\/v2\/media?parent=191248"}],"wp:term":[{"taxonomy":"product_brand","embeddable":true,"href":"https:\/\/design.novoambiente.com\/en\/wp-json\/wp\/v2\/product_brand?post=191248"},{"taxonomy":"product_cat","embeddable":true,"href":"https:\/\/design.novoambiente.com\/en\/wp-json\/wp\/v2\/product_cat?post=191248"},{"taxonomy":"product_tag","embeddable":true,"href":"https:\/\/design.novoambiente.com\/en\/wp-json\/wp\/v2\/product_tag?post=191248"},{"taxonomy":"colecao","embeddable":true,"href":"https:\/\/design.novoambiente.com\/en\/wp-json\/wp\/v2\/colecao?post=191248"},{"taxonomy":"3d","embeddable":true,"href":"https:\/\/design.novoambiente.com\/en\/wp-json\/wp\/v2\/3d?post=191248"}],"curies":[{"name":"wp","href":"https:\/\/api.w.org\/{rel}","templated":true}]}}