{"id":185936,"date":"2019-10-31T20:12:24","date_gmt":"2019-10-31T23:12:24","guid":{"rendered":"https:\/\/design.novoambiente.com\/produto\/verso-line-candle-holder\/"},"modified":"2019-10-31T20:12:24","modified_gmt":"2019-10-31T23:12:24","slug":"verso-line-candle-holder","status":"publish","type":"product","link":"https:\/\/design.novoambiente.com\/en\/product\/verso-line-candle-holder\/","title":{"rendered":"Verso Line Candle Holder"},"content":{"rendered":"<p>Verso is a part, not the whole. An element, not a synthesis. In a stanza called Iludi, the Verso Collection is sung with soul. Sensitive, it exudes poetry in its simple lines, transforming the invisible everyday into bare personality. Serene, the collection is drawn with words of affection. There are no hiatuses, ruptures, or rebellious cries. Verso is the hand that caresses, that carries, that elevates. Sighs of harmony in Parnassian tones.       <\/p>\n<p>Between center and side tables, centerpieces and candle holders, the rhyme is made. Free parts that love each other and transform the encounter into a sonnet. To contemplate the minimal is to look within and reflect on the last stressed syllable.  <\/p>\n<p>Structure: Carbon steel<br \/>\nFinish: Automotive paint<br \/>\nTop: 15 mm laminated MDF<\/p>\n","protected":false},"excerpt":{"rendered":"Verso is a part, not the whole. An element, not a synthesis. In a stanza called Iludi,&#8230;","protected":false},"featured_media":149370,"template":"","meta":{"_acf_changed":false},"product_brand":[],"product_cat":[3443],"product_tag":[],"colecao":[],"3d":[],"class_list":{"0":"post-185936","1":"product","2":"type-product","3":"status-publish","4":"has-post-thumbnail","6":"product_cat-gallery","7":"pa_designer-iludi-studio","9":"first","10":"instock","11":"shipping-taxable","12":"product-type-variable"},"acf":[],"yoast_head":"<!-- This site is optimized with the Yoast SEO plugin v27.3 - https:\/\/yoast.com\/product\/yoast-seo-wordpress\/ -->\n<title>Verso Line Candle Holder - Novo Ambiente | Cat\u00e1logo<\/title>\n<meta name=\"robots\" content=\"index, follow, max-snippet:-1, max-image-preview:large, max-video-preview:-1\" \/>\n<link rel=\"canonical\" href=\"https:\/\/design.novoambiente.com\/en\/product\/verso-line-candle-holder\/\" \/>\n<meta name=\"twitter:label1\" content=\"Est. reading time\" \/>\n\t<meta name=\"twitter:data1\" content=\"1 minute\" \/>\n<script type=\"application\/ld+json\" class=\"yoast-schema-graph\">{\"@context\":\"https:\\\/\\\/schema.org\",\"@graph\":[{\"@type\":\"WebPage\",\"@id\":\"https:\\\/\\\/design.novoambiente.com\\\/en\\\/product\\\/verso-line-candle-holder\\\/\",\"url\":\"https:\\\/\\\/design.novoambiente.com\\\/en\\\/product\\\/verso-line-candle-holder\\\/\",\"name\":\"Verso Line Candle Holder - Novo Ambiente | Cat\u00e1logo\",\"isPartOf\":{\"@id\":\"https:\\\/\\\/design.novoambiente.com\\\/en\\\/#website\"},\"primaryImageOfPage\":{\"@id\":\"https:\\\/\\\/design.novoambiente.com\\\/en\\\/product\\\/verso-line-candle-holder\\\/#primaryimage\"},\"image\":{\"@id\":\"https:\\\/\\\/design.novoambiente.com\\\/en\\\/product\\\/verso-line-candle-holder\\\/#primaryimage\"},\"thumbnailUrl\":\"https:\\\/\\\/design.novoambiente.com\\\/wp-content\\\/uploads\\\/2019\\\/10\\\/Iludi_ColecaoVerso_foto_DENTRO_Fotografia_alta-36-scaled-650x975__1__-_novo-removebg-preview.png\",\"datePublished\":\"2019-10-31T23:12:24+00:00\",\"breadcrumb\":{\"@id\":\"https:\\\/\\\/design.novoambiente.com\\\/en\\\/product\\\/verso-line-candle-holder\\\/#breadcrumb\"},\"inLanguage\":\"en-US\",\"potentialAction\":[{\"@type\":\"ReadAction\",\"target\":[\"https:\\\/\\\/design.novoambiente.com\\\/en\\\/product\\\/verso-line-candle-holder\\\/\"]}]},{\"@type\":\"ImageObject\",\"inLanguage\":\"en-US\",\"@id\":\"https:\\\/\\\/design.novoambiente.com\\\/en\\\/product\\\/verso-line-candle-holder\\\/#primaryimage\",\"url\":\"https:\\\/\\\/design.novoambiente.com\\\/wp-content\\\/uploads\\\/2019\\\/10\\\/Iludi_ColecaoVerso_foto_DENTRO_Fotografia_alta-36-scaled-650x975__1__-_novo-removebg-preview.png\",\"contentUrl\":\"https:\\\/\\\/design.novoambiente.com\\\/wp-content\\\/uploads\\\/2019\\\/10\\\/Iludi_ColecaoVerso_foto_DENTRO_Fotografia_alta-36-scaled-650x975__1__-_novo-removebg-preview.png\",\"width\":482,\"height\":518},{\"@type\":\"BreadcrumbList\",\"@id\":\"https:\\\/\\\/design.novoambiente.com\\\/en\\\/product\\\/verso-line-candle-holder\\\/#breadcrumb\",\"itemListElement\":[{\"@type\":\"ListItem\",\"position\":1,\"name\":\"Home\",\"item\":\"https:\\\/\\\/design.novoambiente.com\\\/en\\\/\"},{\"@type\":\"ListItem\",\"position\":2,\"name\":\"Furniture\",\"item\":\"https:\\\/\\\/design.novoambiente.com\\\/en\\\/furniture\\\/\"},{\"@type\":\"ListItem\",\"position\":3,\"name\":\"Verso Line Candle Holder\"}]},{\"@type\":\"WebSite\",\"@id\":\"https:\\\/\\\/design.novoambiente.com\\\/en\\\/#website\",\"url\":\"https:\\\/\\\/design.novoambiente.com\\\/en\\\/\",\"name\":\"Novo Ambiente | Cat\u00e1logo\",\"description\":\"Mobili\u00e1rio de design para casa ou escrit\u00f3rio\",\"potentialAction\":[{\"@type\":\"SearchAction\",\"target\":{\"@type\":\"EntryPoint\",\"urlTemplate\":\"https:\\\/\\\/design.novoambiente.com\\\/en\\\/?s={search_term_string}\"},\"query-input\":{\"@type\":\"PropertyValueSpecification\",\"valueRequired\":true,\"valueName\":\"search_term_string\"}}],\"inLanguage\":\"en-US\"}]}<\/script>\n<!-- \/ Yoast SEO plugin. -->","yoast_head_json":{"title":"Verso Line Candle Holder - Novo Ambiente | Cat\u00e1logo","robots":{"index":"index","follow":"follow","max-snippet":"max-snippet:-1","max-image-preview":"max-image-preview:large","max-video-preview":"max-video-preview:-1"},"canonical":"https:\/\/design.novoambiente.com\/en\/product\/verso-line-candle-holder\/","twitter_misc":{"Est. reading time":"1 minute"},"schema":{"@context":"https:\/\/schema.org","@graph":[{"@type":"WebPage","@id":"https:\/\/design.novoambiente.com\/en\/product\/verso-line-candle-holder\/","url":"https:\/\/design.novoambiente.com\/en\/product\/verso-line-candle-holder\/","name":"Verso Line Candle Holder - Novo Ambiente | Cat\u00e1logo","isPartOf":{"@id":"https:\/\/design.novoambiente.com\/en\/#website"},"primaryImageOfPage":{"@id":"https:\/\/design.novoambiente.com\/en\/product\/verso-line-candle-holder\/#primaryimage"},"image":{"@id":"https:\/\/design.novoambiente.com\/en\/product\/verso-line-candle-holder\/#primaryimage"},"thumbnailUrl":"https:\/\/design.novoambiente.com\/wp-content\/uploads\/2019\/10\/Iludi_ColecaoVerso_foto_DENTRO_Fotografia_alta-36-scaled-650x975__1__-_novo-removebg-preview.png","datePublished":"2019-10-31T23:12:24+00:00","breadcrumb":{"@id":"https:\/\/design.novoambiente.com\/en\/product\/verso-line-candle-holder\/#breadcrumb"},"inLanguage":"en-US","potentialAction":[{"@type":"ReadAction","target":["https:\/\/design.novoambiente.com\/en\/product\/verso-line-candle-holder\/"]}]},{"@type":"ImageObject","inLanguage":"en-US","@id":"https:\/\/design.novoambiente.com\/en\/product\/verso-line-candle-holder\/#primaryimage","url":"https:\/\/design.novoambiente.com\/wp-content\/uploads\/2019\/10\/Iludi_ColecaoVerso_foto_DENTRO_Fotografia_alta-36-scaled-650x975__1__-_novo-removebg-preview.png","contentUrl":"https:\/\/design.novoambiente.com\/wp-content\/uploads\/2019\/10\/Iludi_ColecaoVerso_foto_DENTRO_Fotografia_alta-36-scaled-650x975__1__-_novo-removebg-preview.png","width":482,"height":518},{"@type":"BreadcrumbList","@id":"https:\/\/design.novoambiente.com\/en\/product\/verso-line-candle-holder\/#breadcrumb","itemListElement":[{"@type":"ListItem","position":1,"name":"Home","item":"https:\/\/design.novoambiente.com\/en\/"},{"@type":"ListItem","position":2,"name":"Furniture","item":"https:\/\/design.novoambiente.com\/en\/furniture\/"},{"@type":"ListItem","position":3,"name":"Verso Line Candle Holder"}]},{"@type":"WebSite","@id":"https:\/\/design.novoambiente.com\/en\/#website","url":"https:\/\/design.novoambiente.com\/en\/","name":"Novo Ambiente | Cat\u00e1logo","description":"Mobili\u00e1rio de design para casa ou escrit\u00f3rio","potentialAction":[{"@type":"SearchAction","target":{"@type":"EntryPoint","urlTemplate":"https:\/\/design.novoambiente.com\/en\/?s={search_term_string}"},"query-input":{"@type":"PropertyValueSpecification","valueRequired":true,"valueName":"search_term_string"}}],"inLanguage":"en-US"}]}},"_links":{"self":[{"href":"https:\/\/design.novoambiente.com\/en\/wp-json\/wp\/v2\/product\/185936","targetHints":{"allow":["GET"]}}],"collection":[{"href":"https:\/\/design.novoambiente.com\/en\/wp-json\/wp\/v2\/product"}],"about":[{"href":"https:\/\/design.novoambiente.com\/en\/wp-json\/wp\/v2\/types\/product"}],"wp:featuredmedia":[{"embeddable":true,"href":"https:\/\/design.novoambiente.com\/en\/wp-json\/wp\/v2\/media\/149370"}],"wp:attachment":[{"href":"https:\/\/design.novoambiente.com\/en\/wp-json\/wp\/v2\/media?parent=185936"}],"wp:term":[{"taxonomy":"product_brand","embeddable":true,"href":"https:\/\/design.novoambiente.com\/en\/wp-json\/wp\/v2\/product_brand?post=185936"},{"taxonomy":"product_cat","embeddable":true,"href":"https:\/\/design.novoambiente.com\/en\/wp-json\/wp\/v2\/product_cat?post=185936"},{"taxonomy":"product_tag","embeddable":true,"href":"https:\/\/design.novoambiente.com\/en\/wp-json\/wp\/v2\/product_tag?post=185936"},{"taxonomy":"colecao","embeddable":true,"href":"https:\/\/design.novoambiente.com\/en\/wp-json\/wp\/v2\/colecao?post=185936"},{"taxonomy":"3d","embeddable":true,"href":"https:\/\/design.novoambiente.com\/en\/wp-json\/wp\/v2\/3d?post=185936"}],"curies":[{"name":"wp","href":"https:\/\/api.w.org\/{rel}","templated":true}]}}