{"id":184002,"date":"2020-07-21T17:41:39","date_gmt":"2020-07-21T20:41:39","guid":{"rendered":"https:\/\/design.novoambiente.com\/produto\/exclave\/"},"modified":"2020-07-21T17:41:39","modified_gmt":"2020-07-21T20:41:39","slug":"exclave","status":"publish","type":"product","link":"https:\/\/design.novoambiente.com\/en\/product\/exclave\/","title":{"rendered":"Exclave"},"content":{"rendered":"<p>A comprehensive and cohesive system, from start to finish<\/p>\n<p>People always come together to solve complex problems and generate great ideas. But today the stakes are higher, as organizations increasingly depend on innovative thinking to succeed. Exclave addresses this need by equipping people to be more effective. It is a cohesive and well-conceived collection of products: from stackable whiteboards to carts for moving them, plus tables and tools hung on a rail that get everyone engaged. Together, these products enable people and teams to collaborate on developing and exchanging their work more fluidly and spontaneously throughout the workplace.    <\/p>\n<p class=\"header-override\"><span class=\"text-display-3\">Increases engagement<\/span><\/p>\n<p>Exclave is a collection of products that complements the work of people collaborating together. People can actively adjust Exclave&#8217;s highly flexible products according to their space and needs. Everyone on a high-performance team can keep their ideas moving and evolving. Exclave becomes a spatial ecosystem where people and tools work together throughout the workplace to exchange information, socialize ideas, and achieve results that increase profitability.   <\/p>\n<p class=\"header-override\"><span class=\"text-display-3\">Fosters unity<\/span><\/p>\n<p>Exclave addresses the physical, psychological, and social needs of high-performance teams. It simplifies interactions by making all team members feel comfortable exchanging their perspectives. The table formats provide clear lines of sight to analog and digital monitors so that everyone, whether on-site or remote, can see and interact with information and with each other. The thoughtful design and arrangement of social media icons support the exchange of digital content and ensure that team members participating via videoconference feel they have a place at the table.   <\/p>\n<p class=\"header-override\"><span class=\"text-white\"><span class=\"text-display-3\">Mobilizes ideas<\/span><\/span><\/p>\n<p><span class=\"text-white\">With Exclave, creative thinking that begins in one space can be refined or expanded in another. Whiteboards, cork boards, and lightweight eco-friendly boards can be carried by teams and individuals throughout the day to help preserve and share good ideas. Mobile carts support the movement of boards, while providing independent monitors and space definition in open areas. Rails installed in multiple locations offer flexibility and adaptability to the complete range of Exclave products.   <\/span><\/p>\n<p>&nbsp;<\/p>\n","protected":false},"excerpt":{"rendered":"A comprehensive and cohesive system, from start to finish People always come together to solve complex problems&#8230;","protected":false},"featured_media":120323,"template":"","meta":{"_acf_changed":false},"product_brand":[],"product_cat":[3447],"product_tag":[],"colecao":[],"3d":[],"class_list":{"0":"post-184002","1":"product","2":"type-product","3":"status-publish","4":"has-post-thumbnail","6":"product_cat-collaborative-furniture","7":"pa_designer-gianfranco-zaccai","9":"first","10":"instock","11":"shipping-taxable","12":"product-type-variable"},"acf":[],"yoast_head":"<!-- This site is optimized with the Yoast SEO plugin v27.3 - https:\/\/yoast.com\/product\/yoast-seo-wordpress\/ -->\n<title>Exclave - Novo Ambiente | Cat\u00e1logo<\/title>\n<meta name=\"robots\" content=\"index, follow, max-snippet:-1, max-image-preview:large, max-video-preview:-1\" \/>\n<link rel=\"canonical\" href=\"https:\/\/design.novoambiente.com\/en\/product\/exclave\/\" \/>\n<meta name=\"twitter:label1\" content=\"Est. reading time\" \/>\n\t<meta name=\"twitter:data1\" content=\"2 minutes\" \/>\n<script type=\"application\/ld+json\" class=\"yoast-schema-graph\">{\"@context\":\"https:\\\/\\\/schema.org\",\"@graph\":[{\"@type\":\"WebPage\",\"@id\":\"https:\\\/\\\/design.novoambiente.com\\\/en\\\/product\\\/exclave\\\/\",\"url\":\"https:\\\/\\\/design.novoambiente.com\\\/en\\\/product\\\/exclave\\\/\",\"name\":\"Exclave - Novo Ambiente | Cat\u00e1logo\",\"isPartOf\":{\"@id\":\"https:\\\/\\\/design.novoambiente.com\\\/en\\\/#website\"},\"primaryImageOfPage\":{\"@id\":\"https:\\\/\\\/design.novoambiente.com\\\/en\\\/product\\\/exclave\\\/#primaryimage\"},\"image\":{\"@id\":\"https:\\\/\\\/design.novoambiente.com\\\/en\\\/product\\\/exclave\\\/#primaryimage\"},\"thumbnailUrl\":\"https:\\\/\\\/design.novoambiente.com\\\/wp-content\\\/uploads\\\/2020\\\/07\\\/G_Huddle_WS_HighRes_20190828130207986_FOTO-1-scaled.jpg\",\"datePublished\":\"2020-07-21T20:41:39+00:00\",\"breadcrumb\":{\"@id\":\"https:\\\/\\\/design.novoambiente.com\\\/en\\\/product\\\/exclave\\\/#breadcrumb\"},\"inLanguage\":\"en-US\",\"potentialAction\":[{\"@type\":\"ReadAction\",\"target\":[\"https:\\\/\\\/design.novoambiente.com\\\/en\\\/product\\\/exclave\\\/\"]}]},{\"@type\":\"ImageObject\",\"inLanguage\":\"en-US\",\"@id\":\"https:\\\/\\\/design.novoambiente.com\\\/en\\\/product\\\/exclave\\\/#primaryimage\",\"url\":\"https:\\\/\\\/design.novoambiente.com\\\/wp-content\\\/uploads\\\/2020\\\/07\\\/G_Huddle_WS_HighRes_20190828130207986_FOTO-1-scaled.jpg\",\"contentUrl\":\"https:\\\/\\\/design.novoambiente.com\\\/wp-content\\\/uploads\\\/2020\\\/07\\\/G_Huddle_WS_HighRes_20190828130207986_FOTO-1-scaled.jpg\",\"width\":2560,\"height\":1600},{\"@type\":\"BreadcrumbList\",\"@id\":\"https:\\\/\\\/design.novoambiente.com\\\/en\\\/product\\\/exclave\\\/#breadcrumb\",\"itemListElement\":[{\"@type\":\"ListItem\",\"position\":1,\"name\":\"Home\",\"item\":\"https:\\\/\\\/design.novoambiente.com\\\/en\\\/\"},{\"@type\":\"ListItem\",\"position\":2,\"name\":\"Furniture\",\"item\":\"https:\\\/\\\/design.novoambiente.com\\\/en\\\/furniture\\\/\"},{\"@type\":\"ListItem\",\"position\":3,\"name\":\"Exclave\"}]},{\"@type\":\"WebSite\",\"@id\":\"https:\\\/\\\/design.novoambiente.com\\\/en\\\/#website\",\"url\":\"https:\\\/\\\/design.novoambiente.com\\\/en\\\/\",\"name\":\"Novo Ambiente | Cat\u00e1logo\",\"description\":\"Mobili\u00e1rio de design para casa ou escrit\u00f3rio\",\"potentialAction\":[{\"@type\":\"SearchAction\",\"target\":{\"@type\":\"EntryPoint\",\"urlTemplate\":\"https:\\\/\\\/design.novoambiente.com\\\/en\\\/?s={search_term_string}\"},\"query-input\":{\"@type\":\"PropertyValueSpecification\",\"valueRequired\":true,\"valueName\":\"search_term_string\"}}],\"inLanguage\":\"en-US\"}]}<\/script>\n<!-- \/ Yoast SEO plugin. -->","yoast_head_json":{"title":"Exclave - Novo Ambiente | Cat\u00e1logo","robots":{"index":"index","follow":"follow","max-snippet":"max-snippet:-1","max-image-preview":"max-image-preview:large","max-video-preview":"max-video-preview:-1"},"canonical":"https:\/\/design.novoambiente.com\/en\/product\/exclave\/","twitter_misc":{"Est. reading time":"2 minutes"},"schema":{"@context":"https:\/\/schema.org","@graph":[{"@type":"WebPage","@id":"https:\/\/design.novoambiente.com\/en\/product\/exclave\/","url":"https:\/\/design.novoambiente.com\/en\/product\/exclave\/","name":"Exclave - Novo Ambiente | Cat\u00e1logo","isPartOf":{"@id":"https:\/\/design.novoambiente.com\/en\/#website"},"primaryImageOfPage":{"@id":"https:\/\/design.novoambiente.com\/en\/product\/exclave\/#primaryimage"},"image":{"@id":"https:\/\/design.novoambiente.com\/en\/product\/exclave\/#primaryimage"},"thumbnailUrl":"https:\/\/design.novoambiente.com\/wp-content\/uploads\/2020\/07\/G_Huddle_WS_HighRes_20190828130207986_FOTO-1-scaled.jpg","datePublished":"2020-07-21T20:41:39+00:00","breadcrumb":{"@id":"https:\/\/design.novoambiente.com\/en\/product\/exclave\/#breadcrumb"},"inLanguage":"en-US","potentialAction":[{"@type":"ReadAction","target":["https:\/\/design.novoambiente.com\/en\/product\/exclave\/"]}]},{"@type":"ImageObject","inLanguage":"en-US","@id":"https:\/\/design.novoambiente.com\/en\/product\/exclave\/#primaryimage","url":"https:\/\/design.novoambiente.com\/wp-content\/uploads\/2020\/07\/G_Huddle_WS_HighRes_20190828130207986_FOTO-1-scaled.jpg","contentUrl":"https:\/\/design.novoambiente.com\/wp-content\/uploads\/2020\/07\/G_Huddle_WS_HighRes_20190828130207986_FOTO-1-scaled.jpg","width":2560,"height":1600},{"@type":"BreadcrumbList","@id":"https:\/\/design.novoambiente.com\/en\/product\/exclave\/#breadcrumb","itemListElement":[{"@type":"ListItem","position":1,"name":"Home","item":"https:\/\/design.novoambiente.com\/en\/"},{"@type":"ListItem","position":2,"name":"Furniture","item":"https:\/\/design.novoambiente.com\/en\/furniture\/"},{"@type":"ListItem","position":3,"name":"Exclave"}]},{"@type":"WebSite","@id":"https:\/\/design.novoambiente.com\/en\/#website","url":"https:\/\/design.novoambiente.com\/en\/","name":"Novo Ambiente | Cat\u00e1logo","description":"Mobili\u00e1rio de design para casa ou escrit\u00f3rio","potentialAction":[{"@type":"SearchAction","target":{"@type":"EntryPoint","urlTemplate":"https:\/\/design.novoambiente.com\/en\/?s={search_term_string}"},"query-input":{"@type":"PropertyValueSpecification","valueRequired":true,"valueName":"search_term_string"}}],"inLanguage":"en-US"}]}},"_links":{"self":[{"href":"https:\/\/design.novoambiente.com\/en\/wp-json\/wp\/v2\/product\/184002","targetHints":{"allow":["GET"]}}],"collection":[{"href":"https:\/\/design.novoambiente.com\/en\/wp-json\/wp\/v2\/product"}],"about":[{"href":"https:\/\/design.novoambiente.com\/en\/wp-json\/wp\/v2\/types\/product"}],"wp:featuredmedia":[{"embeddable":true,"href":"https:\/\/design.novoambiente.com\/en\/wp-json\/wp\/v2\/media\/120323"}],"wp:attachment":[{"href":"https:\/\/design.novoambiente.com\/en\/wp-json\/wp\/v2\/media?parent=184002"}],"wp:term":[{"taxonomy":"product_brand","embeddable":true,"href":"https:\/\/design.novoambiente.com\/en\/wp-json\/wp\/v2\/product_brand?post=184002"},{"taxonomy":"product_cat","embeddable":true,"href":"https:\/\/design.novoambiente.com\/en\/wp-json\/wp\/v2\/product_cat?post=184002"},{"taxonomy":"product_tag","embeddable":true,"href":"https:\/\/design.novoambiente.com\/en\/wp-json\/wp\/v2\/product_tag?post=184002"},{"taxonomy":"colecao","embeddable":true,"href":"https:\/\/design.novoambiente.com\/en\/wp-json\/wp\/v2\/colecao?post=184002"},{"taxonomy":"3d","embeddable":true,"href":"https:\/\/design.novoambiente.com\/en\/wp-json\/wp\/v2\/3d?post=184002"}],"curies":[{"name":"wp","href":"https:\/\/api.w.org\/{rel}","templated":true}]}}