{"id":182493,"date":"2020-07-07T18:41:50","date_gmt":"2020-07-07T21:41:50","guid":{"rendered":"https:\/\/design.novoambiente.com\/produto\/nelson-ball-wall-sconce\/"},"modified":"2020-07-07T18:41:50","modified_gmt":"2020-07-07T21:41:50","slug":"nelson-ball-wall-sconce","status":"publish","type":"product","link":"https:\/\/design.novoambiente.com\/en\/product\/nelson-ball-wall-sconce\/","title":{"rendered":"Nelson Ball Wall Sconce"},"content":{"rendered":"<div class=\"masthead-text-container\">\n<div class=\"masthead-text richText\">\n<div class=\"richText component section col-xs-10 col-xs-offset-1 col-sm-6 col-sm-offset-3 col-md-4 col-md-offset-0 richtext fixed-component default-style\">\n<div class=\"component-content\">\n<div class=\"richText-content initialized\">\n<p>With its variations of essentially spherical shapes, the Bubble lamp series is a distinct and timeless design by George Nelson. The Nelson Ball Wall Sconce is designed with a pivoting hinge and an adjustable plug-in cord, allowing for easy movement without the need for wall readjustment.  <\/p>\n<\/div>\n<\/div>\n<\/div>\n<\/div>\n<\/div>\n<div class=\"masthead-image\">\n<div class=\"image component section fixed-component default-style\">\n<div class=\"component-content left\">\n<div class=\"analytics-image-tracking\"><\/div>\n<picture><source srcset=\"\/content\/dam\/hmicom\/page_assets\/products\/nelson_ball_wall_sconce\/uw_prd_ovw_nelson_ball_wall_sconce_01.jpg.rendition.768.576.jpg\" media=\"(max-width: 480px) and (-webkit-min-device-pixel-ratio: 2.0)\"><\/source><source srcset=\"\/content\/dam\/hmicom\/page_assets\/products\/nelson_ball_wall_sconce\/uw_prd_ovw_nelson_ball_wall_sconce_01.jpg.rendition.480.360.jpg\" media=\"(max-width: 480px)\"><\/source><source srcset=\"\/content\/dam\/hmicom\/page_assets\/products\/nelson_ball_wall_sconce\/uw_prd_ovw_nelson_ball_wall_sconce_01.jpg.rendition.900.675.jpg\" media=\"(max-width: 575px) and (-webkit-min-device-pixel-ratio: 2.0)\"><\/source><source srcset=\"\/content\/dam\/hmicom\/page_assets\/products\/nelson_ball_wall_sconce\/uw_prd_ovw_nelson_ball_wall_sconce_01.jpg.rendition.600.450.jpg\" media=\"(max-width: 575px)\"><\/source><source srcset=\"\/content\/dam\/hmicom\/page_assets\/products\/nelson_ball_wall_sconce\/uw_prd_ovw_nelson_ball_wall_sconce_01.jpg.rendition.1152.864.jpg\" media=\"(max-width: 767px) and (-webkit-min-device-pixel-ratio: 2.0)\"><\/source><source srcset=\"\/content\/dam\/hmicom\/page_assets\/products\/nelson_ball_wall_sconce\/uw_prd_ovw_nelson_ball_wall_sconce_01.jpg.rendition.768.576.jpg\" media=\"(max-width: 767px)\"><\/source><source srcset=\"\/content\/dam\/hmicom\/page_assets\/products\/nelson_ball_wall_sconce\/uw_prd_ovw_nelson_ball_wall_sconce_01.jpg.rendition.1152.864.jpg\" media=\"(max-width: 991px) and (-webkit-min-device-pixel-ratio: 2.0)\"><\/source><source srcset=\"\/content\/dam\/hmicom\/page_assets\/products\/nelson_ball_wall_sconce\/uw_prd_ovw_nelson_ball_wall_sconce_01.jpg.rendition.992.744.jpg\" media=\"(max-width: 991px)\"><\/source><source srcset=\"\/content\/dam\/hmicom\/page_assets\/products\/nelson_ball_wall_sconce\/uw_prd_ovw_nelson_ball_wall_sconce_01.jpg.rendition.1920.1920.jpg\" media=\"(max-width: 1199px) and (-webkit-min-device-pixel-ratio: 2.0)\"><\/source><source srcset=\"\/content\/dam\/hmicom\/page_assets\/products\/nelson_ball_wall_sconce\/uw_prd_ovw_nelson_ball_wall_sconce_01.jpg.rendition.1280.1280.jpg\" media=\"(max-width: 1199px)\"><\/source><source srcset=\"\/content\/dam\/hmicom\/page_assets\/products\/nelson_ball_wall_sconce\/uw_prd_ovw_nelson_ball_wall_sconce_01.jpg.rendition.2880.1620.jpg\" media=\"(max-width: 1599px) and (-webkit-min-device-pixel-ratio: 2.0)\"><\/source><source srcset=\"\/content\/dam\/hmicom\/page_assets\/products\/nelson_ball_wall_sconce\/uw_prd_ovw_nelson_ball_wall_sconce_01.jpg.rendition.1920.1920.jpg\" media=\"(max-width: 1599px)\"><\/source><source srcset=\"\/content\/dam\/hmicom\/page_assets\/products\/nelson_ball_wall_sconce\/uw_prd_ovw_nelson_ball_wall_sconce_01.jpg.rendition.2880.1620.jpg\" media=\"(min-width: 1600px) and (-webkit-min-device-pixel-ratio: 2.0)\"><\/source><source srcset=\"\/content\/dam\/hmicom\/page_assets\/products\/nelson_ball_wall_sconce\/uw_prd_ovw_nelson_ball_wall_sconce_01.jpg.rendition.1920.1920.jpg\" media=\"(min-width: 1600px)\"><\/source><\/picture>\n<\/div>\n<\/div>\n<\/div>\n","protected":false},"excerpt":{"rendered":"With its variations of essentially spherical shapes, the Bubble lamp series is a distinct and timeless design&#8230;","protected":false},"featured_media":119954,"template":"","meta":{"_acf_changed":false},"product_brand":[],"product_cat":[3416],"product_tag":[],"colecao":[],"3d":[3462],"class_list":{"0":"post-182493","1":"product","2":"type-product","3":"status-publish","4":"has-post-thumbnail","6":"product_cat-wall-lights","7":"pa_designer-george-nelson","8":"3d-arquivos-3d","10":"first","11":"instock","12":"shipping-taxable","13":"product-type-variable"},"acf":[],"yoast_head":"<!-- This site is optimized with the Yoast SEO plugin v27.3 - https:\/\/yoast.com\/product\/yoast-seo-wordpress\/ -->\n<title>Nelson Ball Wall Sconce - Novo Ambiente | Cat\u00e1logo<\/title>\n<meta name=\"robots\" content=\"index, follow, max-snippet:-1, max-image-preview:large, max-video-preview:-1\" \/>\n<link rel=\"canonical\" href=\"https:\/\/design.novoambiente.com\/en\/product\/nelson-ball-wall-sconce\/\" \/>\n<script type=\"application\/ld+json\" class=\"yoast-schema-graph\">{\"@context\":\"https:\\\/\\\/schema.org\",\"@graph\":[{\"@type\":\"WebPage\",\"@id\":\"https:\\\/\\\/design.novoambiente.com\\\/en\\\/product\\\/nelson-ball-wall-sconce\\\/\",\"url\":\"https:\\\/\\\/design.novoambiente.com\\\/en\\\/product\\\/nelson-ball-wall-sconce\\\/\",\"name\":\"Nelson Ball Wall Sconce - Novo Ambiente | Cat\u00e1logo\",\"isPartOf\":{\"@id\":\"https:\\\/\\\/design.novoambiente.com\\\/en\\\/#website\"},\"primaryImageOfPage\":{\"@id\":\"https:\\\/\\\/design.novoambiente.com\\\/en\\\/product\\\/nelson-ball-wall-sconce\\\/#primaryimage\"},\"image\":{\"@id\":\"https:\\\/\\\/design.novoambiente.com\\\/en\\\/product\\\/nelson-ball-wall-sconce\\\/#primaryimage\"},\"thumbnailUrl\":\"https:\\\/\\\/design.novoambiente.com\\\/wp-content\\\/uploads\\\/2020\\\/07\\\/26628_20200707-190701_arandela-ball-nelson-scaled.jpg\",\"datePublished\":\"2020-07-07T21:41:50+00:00\",\"breadcrumb\":{\"@id\":\"https:\\\/\\\/design.novoambiente.com\\\/en\\\/product\\\/nelson-ball-wall-sconce\\\/#breadcrumb\"},\"inLanguage\":\"en-US\",\"potentialAction\":[{\"@type\":\"ReadAction\",\"target\":[\"https:\\\/\\\/design.novoambiente.com\\\/en\\\/product\\\/nelson-ball-wall-sconce\\\/\"]}]},{\"@type\":\"ImageObject\",\"inLanguage\":\"en-US\",\"@id\":\"https:\\\/\\\/design.novoambiente.com\\\/en\\\/product\\\/nelson-ball-wall-sconce\\\/#primaryimage\",\"url\":\"https:\\\/\\\/design.novoambiente.com\\\/wp-content\\\/uploads\\\/2020\\\/07\\\/26628_20200707-190701_arandela-ball-nelson-scaled.jpg\",\"contentUrl\":\"https:\\\/\\\/design.novoambiente.com\\\/wp-content\\\/uploads\\\/2020\\\/07\\\/26628_20200707-190701_arandela-ball-nelson-scaled.jpg\",\"width\":1638,\"height\":2048},{\"@type\":\"BreadcrumbList\",\"@id\":\"https:\\\/\\\/design.novoambiente.com\\\/en\\\/product\\\/nelson-ball-wall-sconce\\\/#breadcrumb\",\"itemListElement\":[{\"@type\":\"ListItem\",\"position\":1,\"name\":\"Home\",\"item\":\"https:\\\/\\\/design.novoambiente.com\\\/en\\\/\"},{\"@type\":\"ListItem\",\"position\":2,\"name\":\"Furniture\",\"item\":\"https:\\\/\\\/design.novoambiente.com\\\/en\\\/furniture\\\/\"},{\"@type\":\"ListItem\",\"position\":3,\"name\":\"Nelson Ball Wall Sconce\"}]},{\"@type\":\"WebSite\",\"@id\":\"https:\\\/\\\/design.novoambiente.com\\\/en\\\/#website\",\"url\":\"https:\\\/\\\/design.novoambiente.com\\\/en\\\/\",\"name\":\"Novo Ambiente | Cat\u00e1logo\",\"description\":\"Mobili\u00e1rio de design para casa ou escrit\u00f3rio\",\"potentialAction\":[{\"@type\":\"SearchAction\",\"target\":{\"@type\":\"EntryPoint\",\"urlTemplate\":\"https:\\\/\\\/design.novoambiente.com\\\/en\\\/?s={search_term_string}\"},\"query-input\":{\"@type\":\"PropertyValueSpecification\",\"valueRequired\":true,\"valueName\":\"search_term_string\"}}],\"inLanguage\":\"en-US\"}]}<\/script>\n<!-- \/ Yoast SEO plugin. -->","yoast_head_json":{"title":"Nelson Ball Wall Sconce - Novo Ambiente | Cat\u00e1logo","robots":{"index":"index","follow":"follow","max-snippet":"max-snippet:-1","max-image-preview":"max-image-preview:large","max-video-preview":"max-video-preview:-1"},"canonical":"https:\/\/design.novoambiente.com\/en\/product\/nelson-ball-wall-sconce\/","schema":{"@context":"https:\/\/schema.org","@graph":[{"@type":"WebPage","@id":"https:\/\/design.novoambiente.com\/en\/product\/nelson-ball-wall-sconce\/","url":"https:\/\/design.novoambiente.com\/en\/product\/nelson-ball-wall-sconce\/","name":"Nelson Ball Wall Sconce - Novo Ambiente | Cat\u00e1logo","isPartOf":{"@id":"https:\/\/design.novoambiente.com\/en\/#website"},"primaryImageOfPage":{"@id":"https:\/\/design.novoambiente.com\/en\/product\/nelson-ball-wall-sconce\/#primaryimage"},"image":{"@id":"https:\/\/design.novoambiente.com\/en\/product\/nelson-ball-wall-sconce\/#primaryimage"},"thumbnailUrl":"https:\/\/design.novoambiente.com\/wp-content\/uploads\/2020\/07\/26628_20200707-190701_arandela-ball-nelson-scaled.jpg","datePublished":"2020-07-07T21:41:50+00:00","breadcrumb":{"@id":"https:\/\/design.novoambiente.com\/en\/product\/nelson-ball-wall-sconce\/#breadcrumb"},"inLanguage":"en-US","potentialAction":[{"@type":"ReadAction","target":["https:\/\/design.novoambiente.com\/en\/product\/nelson-ball-wall-sconce\/"]}]},{"@type":"ImageObject","inLanguage":"en-US","@id":"https:\/\/design.novoambiente.com\/en\/product\/nelson-ball-wall-sconce\/#primaryimage","url":"https:\/\/design.novoambiente.com\/wp-content\/uploads\/2020\/07\/26628_20200707-190701_arandela-ball-nelson-scaled.jpg","contentUrl":"https:\/\/design.novoambiente.com\/wp-content\/uploads\/2020\/07\/26628_20200707-190701_arandela-ball-nelson-scaled.jpg","width":1638,"height":2048},{"@type":"BreadcrumbList","@id":"https:\/\/design.novoambiente.com\/en\/product\/nelson-ball-wall-sconce\/#breadcrumb","itemListElement":[{"@type":"ListItem","position":1,"name":"Home","item":"https:\/\/design.novoambiente.com\/en\/"},{"@type":"ListItem","position":2,"name":"Furniture","item":"https:\/\/design.novoambiente.com\/en\/furniture\/"},{"@type":"ListItem","position":3,"name":"Nelson Ball Wall Sconce"}]},{"@type":"WebSite","@id":"https:\/\/design.novoambiente.com\/en\/#website","url":"https:\/\/design.novoambiente.com\/en\/","name":"Novo Ambiente | Cat\u00e1logo","description":"Mobili\u00e1rio de design para casa ou escrit\u00f3rio","potentialAction":[{"@type":"SearchAction","target":{"@type":"EntryPoint","urlTemplate":"https:\/\/design.novoambiente.com\/en\/?s={search_term_string}"},"query-input":{"@type":"PropertyValueSpecification","valueRequired":true,"valueName":"search_term_string"}}],"inLanguage":"en-US"}]}},"_links":{"self":[{"href":"https:\/\/design.novoambiente.com\/en\/wp-json\/wp\/v2\/product\/182493","targetHints":{"allow":["GET"]}}],"collection":[{"href":"https:\/\/design.novoambiente.com\/en\/wp-json\/wp\/v2\/product"}],"about":[{"href":"https:\/\/design.novoambiente.com\/en\/wp-json\/wp\/v2\/types\/product"}],"wp:featuredmedia":[{"embeddable":true,"href":"https:\/\/design.novoambiente.com\/en\/wp-json\/wp\/v2\/media\/119954"}],"wp:attachment":[{"href":"https:\/\/design.novoambiente.com\/en\/wp-json\/wp\/v2\/media?parent=182493"}],"wp:term":[{"taxonomy":"product_brand","embeddable":true,"href":"https:\/\/design.novoambiente.com\/en\/wp-json\/wp\/v2\/product_brand?post=182493"},{"taxonomy":"product_cat","embeddable":true,"href":"https:\/\/design.novoambiente.com\/en\/wp-json\/wp\/v2\/product_cat?post=182493"},{"taxonomy":"product_tag","embeddable":true,"href":"https:\/\/design.novoambiente.com\/en\/wp-json\/wp\/v2\/product_tag?post=182493"},{"taxonomy":"colecao","embeddable":true,"href":"https:\/\/design.novoambiente.com\/en\/wp-json\/wp\/v2\/colecao?post=182493"},{"taxonomy":"3d","embeddable":true,"href":"https:\/\/design.novoambiente.com\/en\/wp-json\/wp\/v2\/3d?post=182493"}],"curies":[{"name":"wp","href":"https:\/\/api.w.org\/{rel}","templated":true}]}}