{"id":182015,"date":"2020-06-24T19:40:32","date_gmt":"2020-06-24T22:40:32","guid":{"rendered":"https:\/\/design.novoambiente.com\/produto\/ghost-buster-chest-of-drawers\/"},"modified":"2020-06-24T19:40:32","modified_gmt":"2020-06-24T22:40:32","slug":"ghost-buster-chest-of-drawers","status":"publish","type":"product","link":"https:\/\/design.novoambiente.com\/en\/product\/ghost-buster-chest-of-drawers\/","title":{"rendered":"Ghost Buster Chest of Drawers"},"content":{"rendered":"<p id=\"tw-target-text\" dir=\"ltr\" data-placeholder=\"Tradu\u00e7\u00e3o\">Reimagined by Starck, this Kartell-style chest of drawers evokes classic furniture forms while remaining entirely contemporary through its plastic material and transparency. Its surface alternates between angles and curves, straight and sinuous lines, creating an intriguing play of perspectives and reflections that capture the eye. Comprising three open front shelves and supported by four bifacial legs, the Ghost Buster is the largest plastic monobloc ever produced in the furniture world\u2014a testament to Kartell&#8217;s commitment to once again pushing the boundaries of technological challenges.  <\/p>\n<p dir=\"ltr\" data-placeholder=\"Tradu\u00e7\u00e3o\"><strong>Available for sale only in Rio de Janeiro <\/strong><\/p>\n","protected":false},"excerpt":{"rendered":"Reimagined by Starck, this Kartell-style chest of drawers evokes classic furniture forms while remaining entirely contemporary through&#8230;","protected":false},"featured_media":119833,"template":"","meta":{"_acf_changed":false},"product_brand":[],"product_cat":[3442],"product_tag":[3785,3778],"colecao":[],"3d":[3462],"class_list":{"0":"post-182015","1":"product","2":"type-product","3":"status-publish","4":"has-post-thumbnail","6":"product_cat-bookcase","7":"product_tag-kartell","8":"product_tag-imported","9":"pa_designer-philippe-starck","10":"3d-arquivos-3d","12":"first","13":"instock","14":"shipping-taxable","15":"product-type-variable"},"acf":[],"yoast_head":"<!-- This site is optimized with the Yoast SEO plugin v27.3 - https:\/\/yoast.com\/product\/yoast-seo-wordpress\/ -->\n<title>Ghost Buster Chest of Drawers - Novo Ambiente | Cat\u00e1logo<\/title>\n<meta name=\"robots\" content=\"index, follow, max-snippet:-1, max-image-preview:large, max-video-preview:-1\" \/>\n<link rel=\"canonical\" href=\"https:\/\/design.novoambiente.com\/en\/product\/ghost-buster-chest-of-drawers\/\" \/>\n<script type=\"application\/ld+json\" class=\"yoast-schema-graph\">{\"@context\":\"https:\\\/\\\/schema.org\",\"@graph\":[{\"@type\":\"WebPage\",\"@id\":\"https:\\\/\\\/design.novoambiente.com\\\/en\\\/product\\\/ghost-buster-chest-of-drawers\\\/\",\"url\":\"https:\\\/\\\/design.novoambiente.com\\\/en\\\/product\\\/ghost-buster-chest-of-drawers\\\/\",\"name\":\"Ghost Buster Chest of Drawers - Novo Ambiente | Cat\u00e1logo\",\"isPartOf\":{\"@id\":\"https:\\\/\\\/design.novoambiente.com\\\/en\\\/#website\"},\"primaryImageOfPage\":{\"@id\":\"https:\\\/\\\/design.novoambiente.com\\\/en\\\/product\\\/ghost-buster-chest-of-drawers\\\/#primaryimage\"},\"image\":{\"@id\":\"https:\\\/\\\/design.novoambiente.com\\\/en\\\/product\\\/ghost-buster-chest-of-drawers\\\/#primaryimage\"},\"thumbnailUrl\":\"https:\\\/\\\/design.novoambiente.com\\\/wp-content\\\/uploads\\\/2020\\\/06\\\/26177_20200624-200601_ghost3.jpg\",\"datePublished\":\"2020-06-24T22:40:32+00:00\",\"breadcrumb\":{\"@id\":\"https:\\\/\\\/design.novoambiente.com\\\/en\\\/product\\\/ghost-buster-chest-of-drawers\\\/#breadcrumb\"},\"inLanguage\":\"en-US\",\"potentialAction\":[{\"@type\":\"ReadAction\",\"target\":[\"https:\\\/\\\/design.novoambiente.com\\\/en\\\/product\\\/ghost-buster-chest-of-drawers\\\/\"]}]},{\"@type\":\"ImageObject\",\"inLanguage\":\"en-US\",\"@id\":\"https:\\\/\\\/design.novoambiente.com\\\/en\\\/product\\\/ghost-buster-chest-of-drawers\\\/#primaryimage\",\"url\":\"https:\\\/\\\/design.novoambiente.com\\\/wp-content\\\/uploads\\\/2020\\\/06\\\/26177_20200624-200601_ghost3.jpg\",\"contentUrl\":\"https:\\\/\\\/design.novoambiente.com\\\/wp-content\\\/uploads\\\/2020\\\/06\\\/26177_20200624-200601_ghost3.jpg\",\"width\":456,\"height\":494},{\"@type\":\"BreadcrumbList\",\"@id\":\"https:\\\/\\\/design.novoambiente.com\\\/en\\\/product\\\/ghost-buster-chest-of-drawers\\\/#breadcrumb\",\"itemListElement\":[{\"@type\":\"ListItem\",\"position\":1,\"name\":\"Home\",\"item\":\"https:\\\/\\\/design.novoambiente.com\\\/en\\\/\"},{\"@type\":\"ListItem\",\"position\":2,\"name\":\"Furniture\",\"item\":\"https:\\\/\\\/design.novoambiente.com\\\/en\\\/furniture\\\/\"},{\"@type\":\"ListItem\",\"position\":3,\"name\":\"Ghost Buster Chest of Drawers\"}]},{\"@type\":\"WebSite\",\"@id\":\"https:\\\/\\\/design.novoambiente.com\\\/en\\\/#website\",\"url\":\"https:\\\/\\\/design.novoambiente.com\\\/en\\\/\",\"name\":\"Novo Ambiente | Cat\u00e1logo\",\"description\":\"Mobili\u00e1rio de design para casa ou escrit\u00f3rio\",\"potentialAction\":[{\"@type\":\"SearchAction\",\"target\":{\"@type\":\"EntryPoint\",\"urlTemplate\":\"https:\\\/\\\/design.novoambiente.com\\\/en\\\/?s={search_term_string}\"},\"query-input\":{\"@type\":\"PropertyValueSpecification\",\"valueRequired\":true,\"valueName\":\"search_term_string\"}}],\"inLanguage\":\"en-US\"}]}<\/script>\n<!-- \/ Yoast SEO plugin. -->","yoast_head_json":{"title":"Ghost Buster Chest of Drawers - Novo Ambiente | Cat\u00e1logo","robots":{"index":"index","follow":"follow","max-snippet":"max-snippet:-1","max-image-preview":"max-image-preview:large","max-video-preview":"max-video-preview:-1"},"canonical":"https:\/\/design.novoambiente.com\/en\/product\/ghost-buster-chest-of-drawers\/","schema":{"@context":"https:\/\/schema.org","@graph":[{"@type":"WebPage","@id":"https:\/\/design.novoambiente.com\/en\/product\/ghost-buster-chest-of-drawers\/","url":"https:\/\/design.novoambiente.com\/en\/product\/ghost-buster-chest-of-drawers\/","name":"Ghost Buster Chest of Drawers - Novo Ambiente | Cat\u00e1logo","isPartOf":{"@id":"https:\/\/design.novoambiente.com\/en\/#website"},"primaryImageOfPage":{"@id":"https:\/\/design.novoambiente.com\/en\/product\/ghost-buster-chest-of-drawers\/#primaryimage"},"image":{"@id":"https:\/\/design.novoambiente.com\/en\/product\/ghost-buster-chest-of-drawers\/#primaryimage"},"thumbnailUrl":"https:\/\/design.novoambiente.com\/wp-content\/uploads\/2020\/06\/26177_20200624-200601_ghost3.jpg","datePublished":"2020-06-24T22:40:32+00:00","breadcrumb":{"@id":"https:\/\/design.novoambiente.com\/en\/product\/ghost-buster-chest-of-drawers\/#breadcrumb"},"inLanguage":"en-US","potentialAction":[{"@type":"ReadAction","target":["https:\/\/design.novoambiente.com\/en\/product\/ghost-buster-chest-of-drawers\/"]}]},{"@type":"ImageObject","inLanguage":"en-US","@id":"https:\/\/design.novoambiente.com\/en\/product\/ghost-buster-chest-of-drawers\/#primaryimage","url":"https:\/\/design.novoambiente.com\/wp-content\/uploads\/2020\/06\/26177_20200624-200601_ghost3.jpg","contentUrl":"https:\/\/design.novoambiente.com\/wp-content\/uploads\/2020\/06\/26177_20200624-200601_ghost3.jpg","width":456,"height":494},{"@type":"BreadcrumbList","@id":"https:\/\/design.novoambiente.com\/en\/product\/ghost-buster-chest-of-drawers\/#breadcrumb","itemListElement":[{"@type":"ListItem","position":1,"name":"Home","item":"https:\/\/design.novoambiente.com\/en\/"},{"@type":"ListItem","position":2,"name":"Furniture","item":"https:\/\/design.novoambiente.com\/en\/furniture\/"},{"@type":"ListItem","position":3,"name":"Ghost Buster Chest of Drawers"}]},{"@type":"WebSite","@id":"https:\/\/design.novoambiente.com\/en\/#website","url":"https:\/\/design.novoambiente.com\/en\/","name":"Novo Ambiente | Cat\u00e1logo","description":"Mobili\u00e1rio de design para casa ou escrit\u00f3rio","potentialAction":[{"@type":"SearchAction","target":{"@type":"EntryPoint","urlTemplate":"https:\/\/design.novoambiente.com\/en\/?s={search_term_string}"},"query-input":{"@type":"PropertyValueSpecification","valueRequired":true,"valueName":"search_term_string"}}],"inLanguage":"en-US"}]}},"_links":{"self":[{"href":"https:\/\/design.novoambiente.com\/en\/wp-json\/wp\/v2\/product\/182015","targetHints":{"allow":["GET"]}}],"collection":[{"href":"https:\/\/design.novoambiente.com\/en\/wp-json\/wp\/v2\/product"}],"about":[{"href":"https:\/\/design.novoambiente.com\/en\/wp-json\/wp\/v2\/types\/product"}],"wp:featuredmedia":[{"embeddable":true,"href":"https:\/\/design.novoambiente.com\/en\/wp-json\/wp\/v2\/media\/119833"}],"wp:attachment":[{"href":"https:\/\/design.novoambiente.com\/en\/wp-json\/wp\/v2\/media?parent=182015"}],"wp:term":[{"taxonomy":"product_brand","embeddable":true,"href":"https:\/\/design.novoambiente.com\/en\/wp-json\/wp\/v2\/product_brand?post=182015"},{"taxonomy":"product_cat","embeddable":true,"href":"https:\/\/design.novoambiente.com\/en\/wp-json\/wp\/v2\/product_cat?post=182015"},{"taxonomy":"product_tag","embeddable":true,"href":"https:\/\/design.novoambiente.com\/en\/wp-json\/wp\/v2\/product_tag?post=182015"},{"taxonomy":"colecao","embeddable":true,"href":"https:\/\/design.novoambiente.com\/en\/wp-json\/wp\/v2\/colecao?post=182015"},{"taxonomy":"3d","embeddable":true,"href":"https:\/\/design.novoambiente.com\/en\/wp-json\/wp\/v2\/3d?post=182015"}],"curies":[{"name":"wp","href":"https:\/\/api.w.org\/{rel}","templated":true}]}}