{"id":178868,"date":"2020-07-29T16:53:00","date_gmt":"2020-07-29T19:53:00","guid":{"rendered":"https:\/\/design.novoambiente.com\/produto\/eames-storage-unit\/"},"modified":"2020-07-29T16:53:00","modified_gmt":"2020-07-29T19:53:00","slug":"eames-storage-unit","status":"publish","type":"product","link":"https:\/\/design.novoambiente.com\/en\/product\/eames-storage-unit\/","title":{"rendered":"Eames Storage Unit"},"content":{"rendered":"<p style=\"text-align: left;\">These desk and storage units complement one another, and each can stand alone. They provide ample storage, work, and display space. Whether at home or in the office, they look as impressive today as they did when first launched in 1950.  <\/p>\n<p style=\"text-align: left;\">Practical functionality<\/p>\n<p style=\"text-align: left;\">These pieces offer more than just good looks. They were designed and built to meet work surface, storage, and display needs in a highly practical way. <\/p>\n<p style=\"text-align: left;\">Choose the classic desk with easy-access storage or a display area and a useful drawer on the left or right, which accommodates hanging file folders. Or the new smaller desk, with open wire storage shelves, ideal for today&#8217;s smaller spaces and technologies. <\/p>\n<p style=\"text-align: left;\">Storage units include cabinets and drawers in five configurations and four sizes. Combine them with a desk or use individual pieces on their own. <\/p>\n<p style=\"text-align: left;\">Playfulness<\/p>\n<p style=\"text-align: left;\">Have as much fun as you like. Desks and storage units are offered in two color schemes: neutral or bright. The neutral scheme uses birch wood with white and black accents to create an elegant, high-tech look. The bright scheme utilizes red, blue, black, and white plywood panels and surfaces that resemble a Mondrian painting.   <\/p>\n<p style=\"text-align: left;\">Cross-supports, uprights, and perforated panels have an industrial feel and are available in zinc plating or a new black anodized zinc plating. They provide the units with an industrial feel, while the dimpled plywood on cabinet fronts, drawers, and shelves reinforces the furniture&#8217;s mid-century modern look. <\/p>\n","protected":false},"excerpt":{"rendered":"These desk and storage units complement one another, and each can stand alone. They provide ample storage,&#8230;","protected":false},"featured_media":94499,"template":"","meta":{"_acf_changed":false},"product_brand":[],"product_cat":[3442],"product_tag":[],"colecao":[],"3d":[3462],"class_list":{"0":"post-178868","1":"product","2":"type-product","3":"status-publish","4":"has-post-thumbnail","6":"product_cat-bookcase","7":"pa_designer-charles-ray-eames","8":"3d-arquivos-3d","10":"first","11":"instock","12":"shipping-taxable","13":"product-type-variable"},"acf":[],"yoast_head":"<!-- This site is optimized with the Yoast SEO plugin v27.3 - https:\/\/yoast.com\/product\/yoast-seo-wordpress\/ -->\n<title>Eames Storage Unit - Novo Ambiente | Cat\u00e1logo<\/title>\n<meta name=\"robots\" content=\"index, follow, max-snippet:-1, max-image-preview:large, max-video-preview:-1\" \/>\n<link rel=\"canonical\" href=\"https:\/\/design.novoambiente.com\/en\/product\/eames-storage-unit\/\" \/>\n<meta name=\"twitter:label1\" content=\"Est. reading time\" \/>\n\t<meta name=\"twitter:data1\" content=\"1 minute\" \/>\n<script type=\"application\/ld+json\" class=\"yoast-schema-graph\">{\"@context\":\"https:\\\/\\\/schema.org\",\"@graph\":[{\"@type\":\"WebPage\",\"@id\":\"https:\\\/\\\/design.novoambiente.com\\\/en\\\/product\\\/eames-storage-unit\\\/\",\"url\":\"https:\\\/\\\/design.novoambiente.com\\\/en\\\/product\\\/eames-storage-unit\\\/\",\"name\":\"Eames Storage Unit - Novo Ambiente | Cat\u00e1logo\",\"isPartOf\":{\"@id\":\"https:\\\/\\\/design.novoambiente.com\\\/en\\\/#website\"},\"primaryImageOfPage\":{\"@id\":\"https:\\\/\\\/design.novoambiente.com\\\/en\\\/product\\\/eames-storage-unit\\\/#primaryimage\"},\"image\":{\"@id\":\"https:\\\/\\\/design.novoambiente.com\\\/en\\\/product\\\/eames-storage-unit\\\/#primaryimage\"},\"thumbnailUrl\":\"https:\\\/\\\/design.novoambiente.com\\\/wp-content\\\/uploads\\\/2020\\\/07\\\/ESTANTE-EAMES_3-scaled.jpg\",\"datePublished\":\"2020-07-29T19:53:00+00:00\",\"breadcrumb\":{\"@id\":\"https:\\\/\\\/design.novoambiente.com\\\/en\\\/product\\\/eames-storage-unit\\\/#breadcrumb\"},\"inLanguage\":\"en-US\",\"potentialAction\":[{\"@type\":\"ReadAction\",\"target\":[\"https:\\\/\\\/design.novoambiente.com\\\/en\\\/product\\\/eames-storage-unit\\\/\"]}]},{\"@type\":\"ImageObject\",\"inLanguage\":\"en-US\",\"@id\":\"https:\\\/\\\/design.novoambiente.com\\\/en\\\/product\\\/eames-storage-unit\\\/#primaryimage\",\"url\":\"https:\\\/\\\/design.novoambiente.com\\\/wp-content\\\/uploads\\\/2020\\\/07\\\/ESTANTE-EAMES_3-scaled.jpg\",\"contentUrl\":\"https:\\\/\\\/design.novoambiente.com\\\/wp-content\\\/uploads\\\/2020\\\/07\\\/ESTANTE-EAMES_3-scaled.jpg\",\"width\":2560,\"height\":2048},{\"@type\":\"BreadcrumbList\",\"@id\":\"https:\\\/\\\/design.novoambiente.com\\\/en\\\/product\\\/eames-storage-unit\\\/#breadcrumb\",\"itemListElement\":[{\"@type\":\"ListItem\",\"position\":1,\"name\":\"Home\",\"item\":\"https:\\\/\\\/design.novoambiente.com\\\/en\\\/\"},{\"@type\":\"ListItem\",\"position\":2,\"name\":\"Furniture\",\"item\":\"https:\\\/\\\/design.novoambiente.com\\\/en\\\/furniture\\\/\"},{\"@type\":\"ListItem\",\"position\":3,\"name\":\"Eames Storage Unit\"}]},{\"@type\":\"WebSite\",\"@id\":\"https:\\\/\\\/design.novoambiente.com\\\/en\\\/#website\",\"url\":\"https:\\\/\\\/design.novoambiente.com\\\/en\\\/\",\"name\":\"Novo Ambiente | Cat\u00e1logo\",\"description\":\"Mobili\u00e1rio de design para casa ou escrit\u00f3rio\",\"potentialAction\":[{\"@type\":\"SearchAction\",\"target\":{\"@type\":\"EntryPoint\",\"urlTemplate\":\"https:\\\/\\\/design.novoambiente.com\\\/en\\\/?s={search_term_string}\"},\"query-input\":{\"@type\":\"PropertyValueSpecification\",\"valueRequired\":true,\"valueName\":\"search_term_string\"}}],\"inLanguage\":\"en-US\"}]}<\/script>\n<!-- \/ Yoast SEO plugin. -->","yoast_head_json":{"title":"Eames Storage Unit - Novo Ambiente | Cat\u00e1logo","robots":{"index":"index","follow":"follow","max-snippet":"max-snippet:-1","max-image-preview":"max-image-preview:large","max-video-preview":"max-video-preview:-1"},"canonical":"https:\/\/design.novoambiente.com\/en\/product\/eames-storage-unit\/","twitter_misc":{"Est. reading time":"1 minute"},"schema":{"@context":"https:\/\/schema.org","@graph":[{"@type":"WebPage","@id":"https:\/\/design.novoambiente.com\/en\/product\/eames-storage-unit\/","url":"https:\/\/design.novoambiente.com\/en\/product\/eames-storage-unit\/","name":"Eames Storage Unit - Novo Ambiente | Cat\u00e1logo","isPartOf":{"@id":"https:\/\/design.novoambiente.com\/en\/#website"},"primaryImageOfPage":{"@id":"https:\/\/design.novoambiente.com\/en\/product\/eames-storage-unit\/#primaryimage"},"image":{"@id":"https:\/\/design.novoambiente.com\/en\/product\/eames-storage-unit\/#primaryimage"},"thumbnailUrl":"https:\/\/design.novoambiente.com\/wp-content\/uploads\/2020\/07\/ESTANTE-EAMES_3-scaled.jpg","datePublished":"2020-07-29T19:53:00+00:00","breadcrumb":{"@id":"https:\/\/design.novoambiente.com\/en\/product\/eames-storage-unit\/#breadcrumb"},"inLanguage":"en-US","potentialAction":[{"@type":"ReadAction","target":["https:\/\/design.novoambiente.com\/en\/product\/eames-storage-unit\/"]}]},{"@type":"ImageObject","inLanguage":"en-US","@id":"https:\/\/design.novoambiente.com\/en\/product\/eames-storage-unit\/#primaryimage","url":"https:\/\/design.novoambiente.com\/wp-content\/uploads\/2020\/07\/ESTANTE-EAMES_3-scaled.jpg","contentUrl":"https:\/\/design.novoambiente.com\/wp-content\/uploads\/2020\/07\/ESTANTE-EAMES_3-scaled.jpg","width":2560,"height":2048},{"@type":"BreadcrumbList","@id":"https:\/\/design.novoambiente.com\/en\/product\/eames-storage-unit\/#breadcrumb","itemListElement":[{"@type":"ListItem","position":1,"name":"Home","item":"https:\/\/design.novoambiente.com\/en\/"},{"@type":"ListItem","position":2,"name":"Furniture","item":"https:\/\/design.novoambiente.com\/en\/furniture\/"},{"@type":"ListItem","position":3,"name":"Eames Storage Unit"}]},{"@type":"WebSite","@id":"https:\/\/design.novoambiente.com\/en\/#website","url":"https:\/\/design.novoambiente.com\/en\/","name":"Novo Ambiente | Cat\u00e1logo","description":"Mobili\u00e1rio de design para casa ou escrit\u00f3rio","potentialAction":[{"@type":"SearchAction","target":{"@type":"EntryPoint","urlTemplate":"https:\/\/design.novoambiente.com\/en\/?s={search_term_string}"},"query-input":{"@type":"PropertyValueSpecification","valueRequired":true,"valueName":"search_term_string"}}],"inLanguage":"en-US"}]}},"_links":{"self":[{"href":"https:\/\/design.novoambiente.com\/en\/wp-json\/wp\/v2\/product\/178868","targetHints":{"allow":["GET"]}}],"collection":[{"href":"https:\/\/design.novoambiente.com\/en\/wp-json\/wp\/v2\/product"}],"about":[{"href":"https:\/\/design.novoambiente.com\/en\/wp-json\/wp\/v2\/types\/product"}],"wp:featuredmedia":[{"embeddable":true,"href":"https:\/\/design.novoambiente.com\/en\/wp-json\/wp\/v2\/media\/94499"}],"wp:attachment":[{"href":"https:\/\/design.novoambiente.com\/en\/wp-json\/wp\/v2\/media?parent=178868"}],"wp:term":[{"taxonomy":"product_brand","embeddable":true,"href":"https:\/\/design.novoambiente.com\/en\/wp-json\/wp\/v2\/product_brand?post=178868"},{"taxonomy":"product_cat","embeddable":true,"href":"https:\/\/design.novoambiente.com\/en\/wp-json\/wp\/v2\/product_cat?post=178868"},{"taxonomy":"product_tag","embeddable":true,"href":"https:\/\/design.novoambiente.com\/en\/wp-json\/wp\/v2\/product_tag?post=178868"},{"taxonomy":"colecao","embeddable":true,"href":"https:\/\/design.novoambiente.com\/en\/wp-json\/wp\/v2\/colecao?post=178868"},{"taxonomy":"3d","embeddable":true,"href":"https:\/\/design.novoambiente.com\/en\/wp-json\/wp\/v2\/3d?post=178868"}],"curies":[{"name":"wp","href":"https:\/\/api.w.org\/{rel}","templated":true}]}}