{"id":177247,"date":"2020-10-05T13:12:22","date_gmt":"2020-10-05T16:12:22","guid":{"rendered":"https:\/\/design.novoambiente.com\/produto\/contorno-side-table-with-magazine-holder\/"},"modified":"2020-10-05T13:12:22","modified_gmt":"2020-10-05T16:12:22","slug":"contorno-side-table-with-magazine-holder","status":"publish","type":"product","link":"https:\/\/design.novoambiente.com\/en\/product\/contorno-side-table-with-magazine-holder\/","title":{"rendered":"Contorno Side Table with Magazine Holder"},"content":{"rendered":"<p>With strong aesthetic and functional appeal, the Contorno collection has a touch of the coast. The tall, open backrest brings striking beachside vibes into the home. The curvilinear contours enhance the feeling of warmth and comfort. Ergonomic and generously sized, the armchair is fully structured in aluminum and marine rope\u2014synonymous with high durability and premium finishing quality.   <\/p>\n","protected":false},"excerpt":{"rendered":"With strong aesthetic and functional appeal, the Contorno collection has a touch of the coast. The tall,&#8230;","protected":false},"featured_media":121976,"template":"","meta":{"_acf_changed":false},"product_brand":[],"product_cat":[3418,3426],"product_tag":[],"colecao":[],"3d":[3462],"class_list":{"0":"post-177247","1":"product","2":"type-product","3":"status-publish","4":"has-post-thumbnail","6":"product_cat-outdoor-area","7":"product_cat-coffee-table-side-table-and-end-table","8":"pa_designer-rejane-carvalho-leite","9":"3d-arquivos-3d","11":"first","12":"instock","13":"shipping-taxable","14":"product-type-variable"},"acf":[],"yoast_head":"<!-- This site is optimized with the Yoast SEO plugin v27.3 - https:\/\/yoast.com\/product\/yoast-seo-wordpress\/ -->\n<title>Contorno Side Table with Magazine Holder - Novo Ambiente | Cat\u00e1logo<\/title>\n<meta name=\"robots\" content=\"index, follow, max-snippet:-1, max-image-preview:large, max-video-preview:-1\" \/>\n<link rel=\"canonical\" href=\"https:\/\/design.novoambiente.com\/en\/product\/contorno-side-table-with-magazine-holder\/\" \/>\n<script type=\"application\/ld+json\" class=\"yoast-schema-graph\">{\"@context\":\"https:\\\/\\\/schema.org\",\"@graph\":[{\"@type\":\"WebPage\",\"@id\":\"https:\\\/\\\/design.novoambiente.com\\\/en\\\/product\\\/contorno-side-table-with-magazine-holder\\\/\",\"url\":\"https:\\\/\\\/design.novoambiente.com\\\/en\\\/product\\\/contorno-side-table-with-magazine-holder\\\/\",\"name\":\"Contorno Side Table with Magazine Holder - Novo Ambiente | Cat\u00e1logo\",\"isPartOf\":{\"@id\":\"https:\\\/\\\/design.novoambiente.com\\\/en\\\/#website\"},\"primaryImageOfPage\":{\"@id\":\"https:\\\/\\\/design.novoambiente.com\\\/en\\\/product\\\/contorno-side-table-with-magazine-holder\\\/#primaryimage\"},\"image\":{\"@id\":\"https:\\\/\\\/design.novoambiente.com\\\/en\\\/product\\\/contorno-side-table-with-magazine-holder\\\/#primaryimage\"},\"thumbnailUrl\":\"https:\\\/\\\/design.novoambiente.com\\\/wp-content\\\/uploads\\\/2020\\\/10\\\/30064_20201005-201001_ct018.jpg\",\"datePublished\":\"2020-10-05T16:12:22+00:00\",\"breadcrumb\":{\"@id\":\"https:\\\/\\\/design.novoambiente.com\\\/en\\\/product\\\/contorno-side-table-with-magazine-holder\\\/#breadcrumb\"},\"inLanguage\":\"en-US\",\"potentialAction\":[{\"@type\":\"ReadAction\",\"target\":[\"https:\\\/\\\/design.novoambiente.com\\\/en\\\/product\\\/contorno-side-table-with-magazine-holder\\\/\"]}]},{\"@type\":\"ImageObject\",\"inLanguage\":\"en-US\",\"@id\":\"https:\\\/\\\/design.novoambiente.com\\\/en\\\/product\\\/contorno-side-table-with-magazine-holder\\\/#primaryimage\",\"url\":\"https:\\\/\\\/design.novoambiente.com\\\/wp-content\\\/uploads\\\/2020\\\/10\\\/30064_20201005-201001_ct018.jpg\",\"contentUrl\":\"https:\\\/\\\/design.novoambiente.com\\\/wp-content\\\/uploads\\\/2020\\\/10\\\/30064_20201005-201001_ct018.jpg\",\"width\":900,\"height\":600},{\"@type\":\"BreadcrumbList\",\"@id\":\"https:\\\/\\\/design.novoambiente.com\\\/en\\\/product\\\/contorno-side-table-with-magazine-holder\\\/#breadcrumb\",\"itemListElement\":[{\"@type\":\"ListItem\",\"position\":1,\"name\":\"Home\",\"item\":\"https:\\\/\\\/design.novoambiente.com\\\/en\\\/\"},{\"@type\":\"ListItem\",\"position\":2,\"name\":\"Furniture\",\"item\":\"https:\\\/\\\/design.novoambiente.com\\\/en\\\/furniture\\\/\"},{\"@type\":\"ListItem\",\"position\":3,\"name\":\"Contorno Side Table with Magazine Holder\"}]},{\"@type\":\"WebSite\",\"@id\":\"https:\\\/\\\/design.novoambiente.com\\\/en\\\/#website\",\"url\":\"https:\\\/\\\/design.novoambiente.com\\\/en\\\/\",\"name\":\"Novo Ambiente | Cat\u00e1logo\",\"description\":\"Mobili\u00e1rio de design para casa ou escrit\u00f3rio\",\"potentialAction\":[{\"@type\":\"SearchAction\",\"target\":{\"@type\":\"EntryPoint\",\"urlTemplate\":\"https:\\\/\\\/design.novoambiente.com\\\/en\\\/?s={search_term_string}\"},\"query-input\":{\"@type\":\"PropertyValueSpecification\",\"valueRequired\":true,\"valueName\":\"search_term_string\"}}],\"inLanguage\":\"en-US\"}]}<\/script>\n<!-- \/ Yoast SEO plugin. -->","yoast_head_json":{"title":"Contorno Side Table with Magazine Holder - Novo Ambiente | Cat\u00e1logo","robots":{"index":"index","follow":"follow","max-snippet":"max-snippet:-1","max-image-preview":"max-image-preview:large","max-video-preview":"max-video-preview:-1"},"canonical":"https:\/\/design.novoambiente.com\/en\/product\/contorno-side-table-with-magazine-holder\/","schema":{"@context":"https:\/\/schema.org","@graph":[{"@type":"WebPage","@id":"https:\/\/design.novoambiente.com\/en\/product\/contorno-side-table-with-magazine-holder\/","url":"https:\/\/design.novoambiente.com\/en\/product\/contorno-side-table-with-magazine-holder\/","name":"Contorno Side Table with Magazine Holder - Novo Ambiente | Cat\u00e1logo","isPartOf":{"@id":"https:\/\/design.novoambiente.com\/en\/#website"},"primaryImageOfPage":{"@id":"https:\/\/design.novoambiente.com\/en\/product\/contorno-side-table-with-magazine-holder\/#primaryimage"},"image":{"@id":"https:\/\/design.novoambiente.com\/en\/product\/contorno-side-table-with-magazine-holder\/#primaryimage"},"thumbnailUrl":"https:\/\/design.novoambiente.com\/wp-content\/uploads\/2020\/10\/30064_20201005-201001_ct018.jpg","datePublished":"2020-10-05T16:12:22+00:00","breadcrumb":{"@id":"https:\/\/design.novoambiente.com\/en\/product\/contorno-side-table-with-magazine-holder\/#breadcrumb"},"inLanguage":"en-US","potentialAction":[{"@type":"ReadAction","target":["https:\/\/design.novoambiente.com\/en\/product\/contorno-side-table-with-magazine-holder\/"]}]},{"@type":"ImageObject","inLanguage":"en-US","@id":"https:\/\/design.novoambiente.com\/en\/product\/contorno-side-table-with-magazine-holder\/#primaryimage","url":"https:\/\/design.novoambiente.com\/wp-content\/uploads\/2020\/10\/30064_20201005-201001_ct018.jpg","contentUrl":"https:\/\/design.novoambiente.com\/wp-content\/uploads\/2020\/10\/30064_20201005-201001_ct018.jpg","width":900,"height":600},{"@type":"BreadcrumbList","@id":"https:\/\/design.novoambiente.com\/en\/product\/contorno-side-table-with-magazine-holder\/#breadcrumb","itemListElement":[{"@type":"ListItem","position":1,"name":"Home","item":"https:\/\/design.novoambiente.com\/en\/"},{"@type":"ListItem","position":2,"name":"Furniture","item":"https:\/\/design.novoambiente.com\/en\/furniture\/"},{"@type":"ListItem","position":3,"name":"Contorno Side Table with Magazine Holder"}]},{"@type":"WebSite","@id":"https:\/\/design.novoambiente.com\/en\/#website","url":"https:\/\/design.novoambiente.com\/en\/","name":"Novo Ambiente | Cat\u00e1logo","description":"Mobili\u00e1rio de design para casa ou escrit\u00f3rio","potentialAction":[{"@type":"SearchAction","target":{"@type":"EntryPoint","urlTemplate":"https:\/\/design.novoambiente.com\/en\/?s={search_term_string}"},"query-input":{"@type":"PropertyValueSpecification","valueRequired":true,"valueName":"search_term_string"}}],"inLanguage":"en-US"}]}},"_links":{"self":[{"href":"https:\/\/design.novoambiente.com\/en\/wp-json\/wp\/v2\/product\/177247","targetHints":{"allow":["GET"]}}],"collection":[{"href":"https:\/\/design.novoambiente.com\/en\/wp-json\/wp\/v2\/product"}],"about":[{"href":"https:\/\/design.novoambiente.com\/en\/wp-json\/wp\/v2\/types\/product"}],"wp:featuredmedia":[{"embeddable":true,"href":"https:\/\/design.novoambiente.com\/en\/wp-json\/wp\/v2\/media\/121976"}],"wp:attachment":[{"href":"https:\/\/design.novoambiente.com\/en\/wp-json\/wp\/v2\/media?parent=177247"}],"wp:term":[{"taxonomy":"product_brand","embeddable":true,"href":"https:\/\/design.novoambiente.com\/en\/wp-json\/wp\/v2\/product_brand?post=177247"},{"taxonomy":"product_cat","embeddable":true,"href":"https:\/\/design.novoambiente.com\/en\/wp-json\/wp\/v2\/product_cat?post=177247"},{"taxonomy":"product_tag","embeddable":true,"href":"https:\/\/design.novoambiente.com\/en\/wp-json\/wp\/v2\/product_tag?post=177247"},{"taxonomy":"colecao","embeddable":true,"href":"https:\/\/design.novoambiente.com\/en\/wp-json\/wp\/v2\/colecao?post=177247"},{"taxonomy":"3d","embeddable":true,"href":"https:\/\/design.novoambiente.com\/en\/wp-json\/wp\/v2\/3d?post=177247"}],"curies":[{"name":"wp","href":"https:\/\/api.w.org\/{rel}","templated":true}]}}