{"id":173591,"date":"2020-10-28T20:44:21","date_gmt":"2020-10-28T23:44:21","guid":{"rendered":"https:\/\/design.novoambiente.com\/produto\/sabha-collaborative-seating\/"},"modified":"2020-10-28T20:44:21","modified_gmt":"2020-10-28T23:44:21","slug":"sabha-collaborative-seating","status":"publish","type":"product","link":"https:\/\/design.novoambiente.com\/en\/product\/sabha-collaborative-seating\/","title":{"rendered":"Sabha Collaborative Seating"},"content":{"rendered":"<p>Sabha collaborative seating is a highly flexible and comprehensive offering. Benches, one-, two-, and three-seater options, integrated surfaces, and functional occasional items come together to create an ideal balance for personal workstations. Instant access to power, varied fabric options, and finishes designed for Sabha are vital elements throughout the collection.  <\/p>\n<p>Choice is central to Sabha. Configure it in hundreds of ways, depending on your workplace culture, headcount, and the flow and layout of your space. Using the central chassis as a base for seating and surfaces, Sabha allows for a variety of different interactive configurations within the same vocabulary. You can even decide the direction of the backrests and where the movable arms will be installed.   <\/p>\n","protected":false},"excerpt":{"rendered":"Sabha collaborative seating is a highly flexible and comprehensive offering. Benches, one-, two-, and three-seater options, integrated&#8230;","protected":false},"featured_media":122662,"template":"","meta":{"_acf_changed":false},"product_brand":[],"product_cat":[3447],"product_tag":[],"colecao":[],"3d":[],"class_list":{"0":"post-173591","1":"product","2":"type-product","3":"status-publish","4":"has-post-thumbnail","6":"product_cat-collaborative-furniture","8":"first","9":"instock","10":"shipping-taxable","11":"product-type-variable"},"acf":[],"yoast_head":"<!-- This site is optimized with the Yoast SEO plugin v27.3 - https:\/\/yoast.com\/product\/yoast-seo-wordpress\/ -->\n<title>Sabha Collaborative Seating - Novo Ambiente | Cat\u00e1logo<\/title>\n<meta name=\"robots\" content=\"index, follow, max-snippet:-1, max-image-preview:large, max-video-preview:-1\" \/>\n<link rel=\"canonical\" href=\"https:\/\/design.novoambiente.com\/en\/product\/sabha-collaborative-seating\/\" \/>\n<meta name=\"twitter:label1\" content=\"Est. reading time\" \/>\n\t<meta name=\"twitter:data1\" content=\"1 minute\" \/>\n<script type=\"application\/ld+json\" class=\"yoast-schema-graph\">{\"@context\":\"https:\\\/\\\/schema.org\",\"@graph\":[{\"@type\":\"WebPage\",\"@id\":\"https:\\\/\\\/design.novoambiente.com\\\/en\\\/product\\\/sabha-collaborative-seating\\\/\",\"url\":\"https:\\\/\\\/design.novoambiente.com\\\/en\\\/product\\\/sabha-collaborative-seating\\\/\",\"name\":\"Sabha Collaborative Seating - Novo Ambiente | Cat\u00e1logo\",\"isPartOf\":{\"@id\":\"https:\\\/\\\/design.novoambiente.com\\\/en\\\/#website\"},\"primaryImageOfPage\":{\"@id\":\"https:\\\/\\\/design.novoambiente.com\\\/en\\\/product\\\/sabha-collaborative-seating\\\/#primaryimage\"},\"image\":{\"@id\":\"https:\\\/\\\/design.novoambiente.com\\\/en\\\/product\\\/sabha-collaborative-seating\\\/#primaryimage\"},\"thumbnailUrl\":\"https:\\\/\\\/design.novoambiente.com\\\/wp-content\\\/uploads\\\/2020\\\/10\\\/Assentos-colaborativos-Sabha_3-scaled.jpg\",\"datePublished\":\"2020-10-28T23:44:21+00:00\",\"breadcrumb\":{\"@id\":\"https:\\\/\\\/design.novoambiente.com\\\/en\\\/product\\\/sabha-collaborative-seating\\\/#breadcrumb\"},\"inLanguage\":\"en-US\",\"potentialAction\":[{\"@type\":\"ReadAction\",\"target\":[\"https:\\\/\\\/design.novoambiente.com\\\/en\\\/product\\\/sabha-collaborative-seating\\\/\"]}]},{\"@type\":\"ImageObject\",\"inLanguage\":\"en-US\",\"@id\":\"https:\\\/\\\/design.novoambiente.com\\\/en\\\/product\\\/sabha-collaborative-seating\\\/#primaryimage\",\"url\":\"https:\\\/\\\/design.novoambiente.com\\\/wp-content\\\/uploads\\\/2020\\\/10\\\/Assentos-colaborativos-Sabha_3-scaled.jpg\",\"contentUrl\":\"https:\\\/\\\/design.novoambiente.com\\\/wp-content\\\/uploads\\\/2020\\\/10\\\/Assentos-colaborativos-Sabha_3-scaled.jpg\",\"width\":2560,\"height\":1708},{\"@type\":\"BreadcrumbList\",\"@id\":\"https:\\\/\\\/design.novoambiente.com\\\/en\\\/product\\\/sabha-collaborative-seating\\\/#breadcrumb\",\"itemListElement\":[{\"@type\":\"ListItem\",\"position\":1,\"name\":\"Home\",\"item\":\"https:\\\/\\\/design.novoambiente.com\\\/en\\\/\"},{\"@type\":\"ListItem\",\"position\":2,\"name\":\"Furniture\",\"item\":\"https:\\\/\\\/design.novoambiente.com\\\/en\\\/furniture\\\/\"},{\"@type\":\"ListItem\",\"position\":3,\"name\":\"Sabha Collaborative Seating\"}]},{\"@type\":\"WebSite\",\"@id\":\"https:\\\/\\\/design.novoambiente.com\\\/en\\\/#website\",\"url\":\"https:\\\/\\\/design.novoambiente.com\\\/en\\\/\",\"name\":\"Novo Ambiente | Cat\u00e1logo\",\"description\":\"Mobili\u00e1rio de design para casa ou escrit\u00f3rio\",\"potentialAction\":[{\"@type\":\"SearchAction\",\"target\":{\"@type\":\"EntryPoint\",\"urlTemplate\":\"https:\\\/\\\/design.novoambiente.com\\\/en\\\/?s={search_term_string}\"},\"query-input\":{\"@type\":\"PropertyValueSpecification\",\"valueRequired\":true,\"valueName\":\"search_term_string\"}}],\"inLanguage\":\"en-US\"}]}<\/script>\n<!-- \/ Yoast SEO plugin. -->","yoast_head_json":{"title":"Sabha Collaborative Seating - Novo Ambiente | Cat\u00e1logo","robots":{"index":"index","follow":"follow","max-snippet":"max-snippet:-1","max-image-preview":"max-image-preview:large","max-video-preview":"max-video-preview:-1"},"canonical":"https:\/\/design.novoambiente.com\/en\/product\/sabha-collaborative-seating\/","twitter_misc":{"Est. reading time":"1 minute"},"schema":{"@context":"https:\/\/schema.org","@graph":[{"@type":"WebPage","@id":"https:\/\/design.novoambiente.com\/en\/product\/sabha-collaborative-seating\/","url":"https:\/\/design.novoambiente.com\/en\/product\/sabha-collaborative-seating\/","name":"Sabha Collaborative Seating - Novo Ambiente | Cat\u00e1logo","isPartOf":{"@id":"https:\/\/design.novoambiente.com\/en\/#website"},"primaryImageOfPage":{"@id":"https:\/\/design.novoambiente.com\/en\/product\/sabha-collaborative-seating\/#primaryimage"},"image":{"@id":"https:\/\/design.novoambiente.com\/en\/product\/sabha-collaborative-seating\/#primaryimage"},"thumbnailUrl":"https:\/\/design.novoambiente.com\/wp-content\/uploads\/2020\/10\/Assentos-colaborativos-Sabha_3-scaled.jpg","datePublished":"2020-10-28T23:44:21+00:00","breadcrumb":{"@id":"https:\/\/design.novoambiente.com\/en\/product\/sabha-collaborative-seating\/#breadcrumb"},"inLanguage":"en-US","potentialAction":[{"@type":"ReadAction","target":["https:\/\/design.novoambiente.com\/en\/product\/sabha-collaborative-seating\/"]}]},{"@type":"ImageObject","inLanguage":"en-US","@id":"https:\/\/design.novoambiente.com\/en\/product\/sabha-collaborative-seating\/#primaryimage","url":"https:\/\/design.novoambiente.com\/wp-content\/uploads\/2020\/10\/Assentos-colaborativos-Sabha_3-scaled.jpg","contentUrl":"https:\/\/design.novoambiente.com\/wp-content\/uploads\/2020\/10\/Assentos-colaborativos-Sabha_3-scaled.jpg","width":2560,"height":1708},{"@type":"BreadcrumbList","@id":"https:\/\/design.novoambiente.com\/en\/product\/sabha-collaborative-seating\/#breadcrumb","itemListElement":[{"@type":"ListItem","position":1,"name":"Home","item":"https:\/\/design.novoambiente.com\/en\/"},{"@type":"ListItem","position":2,"name":"Furniture","item":"https:\/\/design.novoambiente.com\/en\/furniture\/"},{"@type":"ListItem","position":3,"name":"Sabha Collaborative Seating"}]},{"@type":"WebSite","@id":"https:\/\/design.novoambiente.com\/en\/#website","url":"https:\/\/design.novoambiente.com\/en\/","name":"Novo Ambiente | Cat\u00e1logo","description":"Mobili\u00e1rio de design para casa ou escrit\u00f3rio","potentialAction":[{"@type":"SearchAction","target":{"@type":"EntryPoint","urlTemplate":"https:\/\/design.novoambiente.com\/en\/?s={search_term_string}"},"query-input":{"@type":"PropertyValueSpecification","valueRequired":true,"valueName":"search_term_string"}}],"inLanguage":"en-US"}]}},"_links":{"self":[{"href":"https:\/\/design.novoambiente.com\/en\/wp-json\/wp\/v2\/product\/173591","targetHints":{"allow":["GET"]}}],"collection":[{"href":"https:\/\/design.novoambiente.com\/en\/wp-json\/wp\/v2\/product"}],"about":[{"href":"https:\/\/design.novoambiente.com\/en\/wp-json\/wp\/v2\/types\/product"}],"wp:featuredmedia":[{"embeddable":true,"href":"https:\/\/design.novoambiente.com\/en\/wp-json\/wp\/v2\/media\/122662"}],"wp:attachment":[{"href":"https:\/\/design.novoambiente.com\/en\/wp-json\/wp\/v2\/media?parent=173591"}],"wp:term":[{"taxonomy":"product_brand","embeddable":true,"href":"https:\/\/design.novoambiente.com\/en\/wp-json\/wp\/v2\/product_brand?post=173591"},{"taxonomy":"product_cat","embeddable":true,"href":"https:\/\/design.novoambiente.com\/en\/wp-json\/wp\/v2\/product_cat?post=173591"},{"taxonomy":"product_tag","embeddable":true,"href":"https:\/\/design.novoambiente.com\/en\/wp-json\/wp\/v2\/product_tag?post=173591"},{"taxonomy":"colecao","embeddable":true,"href":"https:\/\/design.novoambiente.com\/en\/wp-json\/wp\/v2\/colecao?post=173591"},{"taxonomy":"3d","embeddable":true,"href":"https:\/\/design.novoambiente.com\/en\/wp-json\/wp\/v2\/3d?post=173591"}],"curies":[{"name":"wp","href":"https:\/\/api.w.org\/{rel}","templated":true}]}}