{"id":164920,"date":"2020-12-29T17:15:03","date_gmt":"2020-12-29T20:15:03","guid":{"rendered":"https:\/\/design.novoambiente.com\/produto\/about-a-lounge-81-soft-duo-chair\/"},"modified":"2020-12-29T17:15:03","modified_gmt":"2020-12-29T20:15:03","slug":"about-a-lounge-81-soft-duo-chair","status":"publish","type":"product","link":"https:\/\/design.novoambiente.com\/en\/product\/about-a-lounge-81-soft-duo-chair\/","title":{"rendered":"About A Lounge 81 Soft Duo Chair"},"content":{"rendered":"<p>The About A Lounge 81 Soft Duo Chair balances the more formal expression of the aluminum swivel base with the softness and warmth of upholstery in contrasting materials. Maintaining the same compact body, shaped armrests, and simple, sculpted design that characterize the rest of the lounge series, this design features a functional swivel base with four legs spreading from the center. The base is available in polished aluminum or powder-coated finish, and the upholstery is offered with two different fabrics or leathers to create a unique look that works equally well in corporate, public, or private settings.  <\/p>\n","protected":false},"excerpt":{"rendered":"The About A Lounge 81 Soft Duo Chair balances the more formal expression of the aluminum swivel&#8230;","protected":false},"featured_media":123665,"template":"","meta":{"_acf_changed":false},"product_brand":[],"product_cat":[3399],"product_tag":[3778,3784,3840],"colecao":[],"3d":[3462],"class_list":{"0":"post-164920","1":"product","2":"type-product","3":"status-publish","4":"has-post-thumbnail","6":"product_cat-cadeira","7":"product_tag-imported","8":"product_tag-hay","9":"product_tag-herman-miller","10":"pa_designer-hee-welling","11":"3d-arquivos-3d","13":"first","14":"instock","15":"shipping-taxable","16":"product-type-variable"},"acf":[],"yoast_head":"<!-- This site is optimized with the Yoast SEO plugin v27.3 - https:\/\/yoast.com\/product\/yoast-seo-wordpress\/ -->\n<title>About A Lounge 81 Soft Duo Chair - Novo Ambiente | Cat\u00e1logo<\/title>\n<meta name=\"robots\" content=\"index, follow, max-snippet:-1, max-image-preview:large, max-video-preview:-1\" \/>\n<link rel=\"canonical\" href=\"https:\/\/design.novoambiente.com\/en\/product\/about-a-lounge-81-soft-duo-chair\/\" \/>\n<script type=\"application\/ld+json\" class=\"yoast-schema-graph\">{\"@context\":\"https:\\\/\\\/schema.org\",\"@graph\":[{\"@type\":\"WebPage\",\"@id\":\"https:\\\/\\\/design.novoambiente.com\\\/en\\\/product\\\/about-a-lounge-81-soft-duo-chair\\\/\",\"url\":\"https:\\\/\\\/design.novoambiente.com\\\/en\\\/product\\\/about-a-lounge-81-soft-duo-chair\\\/\",\"name\":\"About A Lounge 81 Soft Duo Chair - Novo Ambiente | Cat\u00e1logo\",\"isPartOf\":{\"@id\":\"https:\\\/\\\/design.novoambiente.com\\\/en\\\/#website\"},\"primaryImageOfPage\":{\"@id\":\"https:\\\/\\\/design.novoambiente.com\\\/en\\\/product\\\/about-a-lounge-81-soft-duo-chair\\\/#primaryimage\"},\"image\":{\"@id\":\"https:\\\/\\\/design.novoambiente.com\\\/en\\\/product\\\/about-a-lounge-81-soft-duo-chair\\\/#primaryimage\"},\"thumbnailUrl\":\"https:\\\/\\\/design.novoambiente.com\\\/wp-content\\\/uploads\\\/2020\\\/12\\\/938287_AAL-81-Soft-Duo-front-Mode-026-back-Lola-rose_polished-alu-base-scaled.jpg\",\"datePublished\":\"2020-12-29T20:15:03+00:00\",\"breadcrumb\":{\"@id\":\"https:\\\/\\\/design.novoambiente.com\\\/en\\\/product\\\/about-a-lounge-81-soft-duo-chair\\\/#breadcrumb\"},\"inLanguage\":\"en-US\",\"potentialAction\":[{\"@type\":\"ReadAction\",\"target\":[\"https:\\\/\\\/design.novoambiente.com\\\/en\\\/product\\\/about-a-lounge-81-soft-duo-chair\\\/\"]}]},{\"@type\":\"ImageObject\",\"inLanguage\":\"en-US\",\"@id\":\"https:\\\/\\\/design.novoambiente.com\\\/en\\\/product\\\/about-a-lounge-81-soft-duo-chair\\\/#primaryimage\",\"url\":\"https:\\\/\\\/design.novoambiente.com\\\/wp-content\\\/uploads\\\/2020\\\/12\\\/938287_AAL-81-Soft-Duo-front-Mode-026-back-Lola-rose_polished-alu-base-scaled.jpg\",\"contentUrl\":\"https:\\\/\\\/design.novoambiente.com\\\/wp-content\\\/uploads\\\/2020\\\/12\\\/938287_AAL-81-Soft-Duo-front-Mode-026-back-Lola-rose_polished-alu-base-scaled.jpg\",\"width\":2560,\"height\":1706},{\"@type\":\"BreadcrumbList\",\"@id\":\"https:\\\/\\\/design.novoambiente.com\\\/en\\\/product\\\/about-a-lounge-81-soft-duo-chair\\\/#breadcrumb\",\"itemListElement\":[{\"@type\":\"ListItem\",\"position\":1,\"name\":\"Home\",\"item\":\"https:\\\/\\\/design.novoambiente.com\\\/en\\\/\"},{\"@type\":\"ListItem\",\"position\":2,\"name\":\"Furniture\",\"item\":\"https:\\\/\\\/design.novoambiente.com\\\/en\\\/furniture\\\/\"},{\"@type\":\"ListItem\",\"position\":3,\"name\":\"About A Lounge 81 Soft Duo Chair\"}]},{\"@type\":\"WebSite\",\"@id\":\"https:\\\/\\\/design.novoambiente.com\\\/en\\\/#website\",\"url\":\"https:\\\/\\\/design.novoambiente.com\\\/en\\\/\",\"name\":\"Novo Ambiente | Cat\u00e1logo\",\"description\":\"Mobili\u00e1rio de design para casa ou escrit\u00f3rio\",\"potentialAction\":[{\"@type\":\"SearchAction\",\"target\":{\"@type\":\"EntryPoint\",\"urlTemplate\":\"https:\\\/\\\/design.novoambiente.com\\\/en\\\/?s={search_term_string}\"},\"query-input\":{\"@type\":\"PropertyValueSpecification\",\"valueRequired\":true,\"valueName\":\"search_term_string\"}}],\"inLanguage\":\"en-US\"}]}<\/script>\n<!-- \/ Yoast SEO plugin. -->","yoast_head_json":{"title":"About A Lounge 81 Soft Duo Chair - Novo Ambiente | Cat\u00e1logo","robots":{"index":"index","follow":"follow","max-snippet":"max-snippet:-1","max-image-preview":"max-image-preview:large","max-video-preview":"max-video-preview:-1"},"canonical":"https:\/\/design.novoambiente.com\/en\/product\/about-a-lounge-81-soft-duo-chair\/","schema":{"@context":"https:\/\/schema.org","@graph":[{"@type":"WebPage","@id":"https:\/\/design.novoambiente.com\/en\/product\/about-a-lounge-81-soft-duo-chair\/","url":"https:\/\/design.novoambiente.com\/en\/product\/about-a-lounge-81-soft-duo-chair\/","name":"About A Lounge 81 Soft Duo Chair - Novo Ambiente | Cat\u00e1logo","isPartOf":{"@id":"https:\/\/design.novoambiente.com\/en\/#website"},"primaryImageOfPage":{"@id":"https:\/\/design.novoambiente.com\/en\/product\/about-a-lounge-81-soft-duo-chair\/#primaryimage"},"image":{"@id":"https:\/\/design.novoambiente.com\/en\/product\/about-a-lounge-81-soft-duo-chair\/#primaryimage"},"thumbnailUrl":"https:\/\/design.novoambiente.com\/wp-content\/uploads\/2020\/12\/938287_AAL-81-Soft-Duo-front-Mode-026-back-Lola-rose_polished-alu-base-scaled.jpg","datePublished":"2020-12-29T20:15:03+00:00","breadcrumb":{"@id":"https:\/\/design.novoambiente.com\/en\/product\/about-a-lounge-81-soft-duo-chair\/#breadcrumb"},"inLanguage":"en-US","potentialAction":[{"@type":"ReadAction","target":["https:\/\/design.novoambiente.com\/en\/product\/about-a-lounge-81-soft-duo-chair\/"]}]},{"@type":"ImageObject","inLanguage":"en-US","@id":"https:\/\/design.novoambiente.com\/en\/product\/about-a-lounge-81-soft-duo-chair\/#primaryimage","url":"https:\/\/design.novoambiente.com\/wp-content\/uploads\/2020\/12\/938287_AAL-81-Soft-Duo-front-Mode-026-back-Lola-rose_polished-alu-base-scaled.jpg","contentUrl":"https:\/\/design.novoambiente.com\/wp-content\/uploads\/2020\/12\/938287_AAL-81-Soft-Duo-front-Mode-026-back-Lola-rose_polished-alu-base-scaled.jpg","width":2560,"height":1706},{"@type":"BreadcrumbList","@id":"https:\/\/design.novoambiente.com\/en\/product\/about-a-lounge-81-soft-duo-chair\/#breadcrumb","itemListElement":[{"@type":"ListItem","position":1,"name":"Home","item":"https:\/\/design.novoambiente.com\/en\/"},{"@type":"ListItem","position":2,"name":"Furniture","item":"https:\/\/design.novoambiente.com\/en\/furniture\/"},{"@type":"ListItem","position":3,"name":"About A Lounge 81 Soft Duo Chair"}]},{"@type":"WebSite","@id":"https:\/\/design.novoambiente.com\/en\/#website","url":"https:\/\/design.novoambiente.com\/en\/","name":"Novo Ambiente | Cat\u00e1logo","description":"Mobili\u00e1rio de design para casa ou escrit\u00f3rio","potentialAction":[{"@type":"SearchAction","target":{"@type":"EntryPoint","urlTemplate":"https:\/\/design.novoambiente.com\/en\/?s={search_term_string}"},"query-input":{"@type":"PropertyValueSpecification","valueRequired":true,"valueName":"search_term_string"}}],"inLanguage":"en-US"}]}},"_links":{"self":[{"href":"https:\/\/design.novoambiente.com\/en\/wp-json\/wp\/v2\/product\/164920","targetHints":{"allow":["GET"]}}],"collection":[{"href":"https:\/\/design.novoambiente.com\/en\/wp-json\/wp\/v2\/product"}],"about":[{"href":"https:\/\/design.novoambiente.com\/en\/wp-json\/wp\/v2\/types\/product"}],"wp:featuredmedia":[{"embeddable":true,"href":"https:\/\/design.novoambiente.com\/en\/wp-json\/wp\/v2\/media\/123665"}],"wp:attachment":[{"href":"https:\/\/design.novoambiente.com\/en\/wp-json\/wp\/v2\/media?parent=164920"}],"wp:term":[{"taxonomy":"product_brand","embeddable":true,"href":"https:\/\/design.novoambiente.com\/en\/wp-json\/wp\/v2\/product_brand?post=164920"},{"taxonomy":"product_cat","embeddable":true,"href":"https:\/\/design.novoambiente.com\/en\/wp-json\/wp\/v2\/product_cat?post=164920"},{"taxonomy":"product_tag","embeddable":true,"href":"https:\/\/design.novoambiente.com\/en\/wp-json\/wp\/v2\/product_tag?post=164920"},{"taxonomy":"colecao","embeddable":true,"href":"https:\/\/design.novoambiente.com\/en\/wp-json\/wp\/v2\/colecao?post=164920"},{"taxonomy":"3d","embeddable":true,"href":"https:\/\/design.novoambiente.com\/en\/wp-json\/wp\/v2\/3d?post=164920"}],"curies":[{"name":"wp","href":"https:\/\/api.w.org\/{rel}","templated":true}]}}