{"id":164389,"date":"2020-12-29T17:14:49","date_gmt":"2020-12-29T20:14:49","guid":{"rendered":"https:\/\/design.novoambiente.com\/produto\/about-a25-soft-chair\/"},"modified":"2020-12-29T17:14:49","modified_gmt":"2020-12-29T20:14:49","slug":"about-a25-soft-chair","status":"publish","type":"product","link":"https:\/\/design.novoambiente.com\/en\/product\/about-a25-soft-chair\/","title":{"rendered":"About A25 Soft Chair"},"content":{"rendered":"<p>The softness and warmth of the upholstered structure modify the more formal expression of the aluminum swivel base, bringing a welcoming character to the functional and technical genre of office chairs. Maintaining the same curved shell with unified silhouette that characterizes the entire series, this design features an elegant and functional four-star swivel base. The base is available in polished aluminum or powder-coated finish, and the structure is offered in a variety of upholstery options, providing a multitude of design combinations that give this chair great versatility in a wide range of corporate, public, and private settings  <\/p>\n","protected":false},"excerpt":{"rendered":"The softness and warmth of the upholstered structure modify the more formal expression of the aluminum swivel&#8230;","protected":false},"featured_media":123585,"template":"","meta":{"_acf_changed":false},"product_brand":[],"product_cat":[3400,3444],"product_tag":[3778,3784,3840],"colecao":[],"3d":[],"class_list":{"0":"post-164389","1":"product","2":"type-product","3":"status-publish","4":"has-post-thumbnail","6":"product_cat-area-interna","7":"product_cat-home-office","8":"product_tag-imported","9":"product_tag-hay","10":"product_tag-herman-miller","11":"pa_designer-hee-welling","13":"first","14":"instock","15":"shipping-taxable","16":"product-type-variable"},"acf":[],"yoast_head":"<!-- This site is optimized with the Yoast SEO plugin v27.3 - https:\/\/yoast.com\/product\/yoast-seo-wordpress\/ -->\n<title>About A25 Soft Chair - Novo Ambiente | Cat\u00e1logo<\/title>\n<meta name=\"robots\" content=\"index, follow, max-snippet:-1, max-image-preview:large, max-video-preview:-1\" \/>\n<link rel=\"canonical\" href=\"https:\/\/design.novoambiente.com\/en\/product\/about-a25-soft-chair\/\" \/>\n<script type=\"application\/ld+json\" class=\"yoast-schema-graph\">{\"@context\":\"https:\\\/\\\/schema.org\",\"@graph\":[{\"@type\":\"WebPage\",\"@id\":\"https:\\\/\\\/design.novoambiente.com\\\/en\\\/product\\\/about-a25-soft-chair\\\/\",\"url\":\"https:\\\/\\\/design.novoambiente.com\\\/en\\\/product\\\/about-a25-soft-chair\\\/\",\"name\":\"About A25 Soft Chair - Novo Ambiente | Cat\u00e1logo\",\"isPartOf\":{\"@id\":\"https:\\\/\\\/design.novoambiente.com\\\/en\\\/#website\"},\"primaryImageOfPage\":{\"@id\":\"https:\\\/\\\/design.novoambiente.com\\\/en\\\/product\\\/about-a25-soft-chair\\\/#primaryimage\"},\"image\":{\"@id\":\"https:\\\/\\\/design.novoambiente.com\\\/en\\\/product\\\/about-a25-soft-chair\\\/#primaryimage\"},\"thumbnailUrl\":\"https:\\\/\\\/design.novoambiente.com\\\/wp-content\\\/uploads\\\/2020\\\/12\\\/Cadeira-About-A-Chair-25-Soft_7-scaled.jpg\",\"datePublished\":\"2020-12-29T20:14:49+00:00\",\"breadcrumb\":{\"@id\":\"https:\\\/\\\/design.novoambiente.com\\\/en\\\/product\\\/about-a25-soft-chair\\\/#breadcrumb\"},\"inLanguage\":\"en-US\",\"potentialAction\":[{\"@type\":\"ReadAction\",\"target\":[\"https:\\\/\\\/design.novoambiente.com\\\/en\\\/product\\\/about-a25-soft-chair\\\/\"]}]},{\"@type\":\"ImageObject\",\"inLanguage\":\"en-US\",\"@id\":\"https:\\\/\\\/design.novoambiente.com\\\/en\\\/product\\\/about-a25-soft-chair\\\/#primaryimage\",\"url\":\"https:\\\/\\\/design.novoambiente.com\\\/wp-content\\\/uploads\\\/2020\\\/12\\\/Cadeira-About-A-Chair-25-Soft_7-scaled.jpg\",\"contentUrl\":\"https:\\\/\\\/design.novoambiente.com\\\/wp-content\\\/uploads\\\/2020\\\/12\\\/Cadeira-About-A-Chair-25-Soft_7-scaled.jpg\",\"width\":2560,\"height\":1707},{\"@type\":\"BreadcrumbList\",\"@id\":\"https:\\\/\\\/design.novoambiente.com\\\/en\\\/product\\\/about-a25-soft-chair\\\/#breadcrumb\",\"itemListElement\":[{\"@type\":\"ListItem\",\"position\":1,\"name\":\"Home\",\"item\":\"https:\\\/\\\/design.novoambiente.com\\\/en\\\/\"},{\"@type\":\"ListItem\",\"position\":2,\"name\":\"Furniture\",\"item\":\"https:\\\/\\\/design.novoambiente.com\\\/en\\\/furniture\\\/\"},{\"@type\":\"ListItem\",\"position\":3,\"name\":\"About A25 Soft Chair\"}]},{\"@type\":\"WebSite\",\"@id\":\"https:\\\/\\\/design.novoambiente.com\\\/en\\\/#website\",\"url\":\"https:\\\/\\\/design.novoambiente.com\\\/en\\\/\",\"name\":\"Novo Ambiente | Cat\u00e1logo\",\"description\":\"Mobili\u00e1rio de design para casa ou escrit\u00f3rio\",\"potentialAction\":[{\"@type\":\"SearchAction\",\"target\":{\"@type\":\"EntryPoint\",\"urlTemplate\":\"https:\\\/\\\/design.novoambiente.com\\\/en\\\/?s={search_term_string}\"},\"query-input\":{\"@type\":\"PropertyValueSpecification\",\"valueRequired\":true,\"valueName\":\"search_term_string\"}}],\"inLanguage\":\"en-US\"}]}<\/script>\n<!-- \/ Yoast SEO plugin. -->","yoast_head_json":{"title":"About A25 Soft Chair - Novo Ambiente | Cat\u00e1logo","robots":{"index":"index","follow":"follow","max-snippet":"max-snippet:-1","max-image-preview":"max-image-preview:large","max-video-preview":"max-video-preview:-1"},"canonical":"https:\/\/design.novoambiente.com\/en\/product\/about-a25-soft-chair\/","schema":{"@context":"https:\/\/schema.org","@graph":[{"@type":"WebPage","@id":"https:\/\/design.novoambiente.com\/en\/product\/about-a25-soft-chair\/","url":"https:\/\/design.novoambiente.com\/en\/product\/about-a25-soft-chair\/","name":"About A25 Soft Chair - Novo Ambiente | Cat\u00e1logo","isPartOf":{"@id":"https:\/\/design.novoambiente.com\/en\/#website"},"primaryImageOfPage":{"@id":"https:\/\/design.novoambiente.com\/en\/product\/about-a25-soft-chair\/#primaryimage"},"image":{"@id":"https:\/\/design.novoambiente.com\/en\/product\/about-a25-soft-chair\/#primaryimage"},"thumbnailUrl":"https:\/\/design.novoambiente.com\/wp-content\/uploads\/2020\/12\/Cadeira-About-A-Chair-25-Soft_7-scaled.jpg","datePublished":"2020-12-29T20:14:49+00:00","breadcrumb":{"@id":"https:\/\/design.novoambiente.com\/en\/product\/about-a25-soft-chair\/#breadcrumb"},"inLanguage":"en-US","potentialAction":[{"@type":"ReadAction","target":["https:\/\/design.novoambiente.com\/en\/product\/about-a25-soft-chair\/"]}]},{"@type":"ImageObject","inLanguage":"en-US","@id":"https:\/\/design.novoambiente.com\/en\/product\/about-a25-soft-chair\/#primaryimage","url":"https:\/\/design.novoambiente.com\/wp-content\/uploads\/2020\/12\/Cadeira-About-A-Chair-25-Soft_7-scaled.jpg","contentUrl":"https:\/\/design.novoambiente.com\/wp-content\/uploads\/2020\/12\/Cadeira-About-A-Chair-25-Soft_7-scaled.jpg","width":2560,"height":1707},{"@type":"BreadcrumbList","@id":"https:\/\/design.novoambiente.com\/en\/product\/about-a25-soft-chair\/#breadcrumb","itemListElement":[{"@type":"ListItem","position":1,"name":"Home","item":"https:\/\/design.novoambiente.com\/en\/"},{"@type":"ListItem","position":2,"name":"Furniture","item":"https:\/\/design.novoambiente.com\/en\/furniture\/"},{"@type":"ListItem","position":3,"name":"About A25 Soft Chair"}]},{"@type":"WebSite","@id":"https:\/\/design.novoambiente.com\/en\/#website","url":"https:\/\/design.novoambiente.com\/en\/","name":"Novo Ambiente | Cat\u00e1logo","description":"Mobili\u00e1rio de design para casa ou escrit\u00f3rio","potentialAction":[{"@type":"SearchAction","target":{"@type":"EntryPoint","urlTemplate":"https:\/\/design.novoambiente.com\/en\/?s={search_term_string}"},"query-input":{"@type":"PropertyValueSpecification","valueRequired":true,"valueName":"search_term_string"}}],"inLanguage":"en-US"}]}},"_links":{"self":[{"href":"https:\/\/design.novoambiente.com\/en\/wp-json\/wp\/v2\/product\/164389","targetHints":{"allow":["GET"]}}],"collection":[{"href":"https:\/\/design.novoambiente.com\/en\/wp-json\/wp\/v2\/product"}],"about":[{"href":"https:\/\/design.novoambiente.com\/en\/wp-json\/wp\/v2\/types\/product"}],"wp:featuredmedia":[{"embeddable":true,"href":"https:\/\/design.novoambiente.com\/en\/wp-json\/wp\/v2\/media\/123585"}],"wp:attachment":[{"href":"https:\/\/design.novoambiente.com\/en\/wp-json\/wp\/v2\/media?parent=164389"}],"wp:term":[{"taxonomy":"product_brand","embeddable":true,"href":"https:\/\/design.novoambiente.com\/en\/wp-json\/wp\/v2\/product_brand?post=164389"},{"taxonomy":"product_cat","embeddable":true,"href":"https:\/\/design.novoambiente.com\/en\/wp-json\/wp\/v2\/product_cat?post=164389"},{"taxonomy":"product_tag","embeddable":true,"href":"https:\/\/design.novoambiente.com\/en\/wp-json\/wp\/v2\/product_tag?post=164389"},{"taxonomy":"colecao","embeddable":true,"href":"https:\/\/design.novoambiente.com\/en\/wp-json\/wp\/v2\/colecao?post=164389"},{"taxonomy":"3d","embeddable":true,"href":"https:\/\/design.novoambiente.com\/en\/wp-json\/wp\/v2\/3d?post=164389"}],"curies":[{"name":"wp","href":"https:\/\/api.w.org\/{rel}","templated":true}]}}