{"id":162450,"date":"2021-07-22T16:11:44","date_gmt":"2021-07-22T19:11:44","guid":{"rendered":"https:\/\/design.novoambiente.com\/produto\/delgadina-chair\/"},"modified":"2021-07-22T16:11:44","modified_gmt":"2021-07-22T19:11:44","slug":"delgadina-chair","status":"publish","type":"product","link":"https:\/\/design.novoambiente.com\/en\/product\/delgadina-chair\/","title":{"rendered":"Delgadina Chair"},"content":{"rendered":"<p>Inspired by one of his wife Ana Carolina\u2019s favorite books, by writer Gabriel Garc\u00eda M\u00e1rquez, Rodrigo Ohtake designed the chair that bears the name of one of the main characters, Delgadina\u2014a nickname he gave his wife. Continuing his unmistakable lines, the piece echoes the lines design draws on paper, like a sketch that comes to life in three dimensions and becomes a chair. Always intrigued by three-legged chairs, Ohtake created a piece in which the slender, curvilinear structure is evident, while pursuing material minimalism, as well as a comfortable, stable seat, making the furniture appear to float lightly. To finish the piece, a piece of suede embraces the wooden backrest with the rear leg and closes at the front at an angle to provide the comfort of a supportive backrest.   <\/p>\n<p><strong><span lang=\"pt-BR\">Available for sale only in Rio de Janeiro <\/span><\/strong><\/p>\n<p lang=\"pt-BR\">\n","protected":false},"excerpt":{"rendered":"Inspired by one of his wife Ana Carolina\u2019s favorite books, by writer Gabriel Garc\u00eda M\u00e1rquez, Rodrigo Ohtake&#8230;","protected":false},"featured_media":134584,"template":"","meta":{"_acf_changed":false},"product_brand":[],"product_cat":[3399],"product_tag":[],"colecao":[],"3d":[3462],"class_list":{"0":"post-162450","1":"product","2":"type-product","3":"status-publish","4":"has-post-thumbnail","6":"product_cat-cadeira","7":"pa_designer-rodrigo-ohtake","8":"3d-arquivos-3d","10":"first","11":"instock","12":"product-type-variable"},"acf":[],"yoast_head":"<!-- This site is optimized with the Yoast SEO plugin v27.3 - https:\/\/yoast.com\/product\/yoast-seo-wordpress\/ -->\n<title>Delgadina Chair - Novo Ambiente | Cat\u00e1logo<\/title>\n<meta name=\"robots\" content=\"index, follow, max-snippet:-1, max-image-preview:large, max-video-preview:-1\" \/>\n<link rel=\"canonical\" href=\"https:\/\/design.novoambiente.com\/en\/product\/delgadina-chair\/\" \/>\n<meta name=\"twitter:label1\" content=\"Est. reading time\" \/>\n\t<meta name=\"twitter:data1\" content=\"1 minute\" \/>\n<script type=\"application\/ld+json\" class=\"yoast-schema-graph\">{\"@context\":\"https:\\\/\\\/schema.org\",\"@graph\":[{\"@type\":\"WebPage\",\"@id\":\"https:\\\/\\\/design.novoambiente.com\\\/en\\\/product\\\/delgadina-chair\\\/\",\"url\":\"https:\\\/\\\/design.novoambiente.com\\\/en\\\/product\\\/delgadina-chair\\\/\",\"name\":\"Delgadina Chair - Novo Ambiente | Cat\u00e1logo\",\"isPartOf\":{\"@id\":\"https:\\\/\\\/design.novoambiente.com\\\/en\\\/#website\"},\"primaryImageOfPage\":{\"@id\":\"https:\\\/\\\/design.novoambiente.com\\\/en\\\/product\\\/delgadina-chair\\\/#primaryimage\"},\"image\":{\"@id\":\"https:\\\/\\\/design.novoambiente.com\\\/en\\\/product\\\/delgadina-chair\\\/#primaryimage\"},\"thumbnailUrl\":\"https:\\\/\\\/design.novoambiente.com\\\/wp-content\\\/uploads\\\/2021\\\/07\\\/cadeira-delgadina-rodrigo-ohtake-4_capa.jpg\",\"datePublished\":\"2021-07-22T19:11:44+00:00\",\"breadcrumb\":{\"@id\":\"https:\\\/\\\/design.novoambiente.com\\\/en\\\/product\\\/delgadina-chair\\\/#breadcrumb\"},\"inLanguage\":\"en-US\",\"potentialAction\":[{\"@type\":\"ReadAction\",\"target\":[\"https:\\\/\\\/design.novoambiente.com\\\/en\\\/product\\\/delgadina-chair\\\/\"]}]},{\"@type\":\"ImageObject\",\"inLanguage\":\"en-US\",\"@id\":\"https:\\\/\\\/design.novoambiente.com\\\/en\\\/product\\\/delgadina-chair\\\/#primaryimage\",\"url\":\"https:\\\/\\\/design.novoambiente.com\\\/wp-content\\\/uploads\\\/2021\\\/07\\\/cadeira-delgadina-rodrigo-ohtake-4_capa.jpg\",\"contentUrl\":\"https:\\\/\\\/design.novoambiente.com\\\/wp-content\\\/uploads\\\/2021\\\/07\\\/cadeira-delgadina-rodrigo-ohtake-4_capa.jpg\",\"width\":1050,\"height\":1050},{\"@type\":\"BreadcrumbList\",\"@id\":\"https:\\\/\\\/design.novoambiente.com\\\/en\\\/product\\\/delgadina-chair\\\/#breadcrumb\",\"itemListElement\":[{\"@type\":\"ListItem\",\"position\":1,\"name\":\"Home\",\"item\":\"https:\\\/\\\/design.novoambiente.com\\\/en\\\/\"},{\"@type\":\"ListItem\",\"position\":2,\"name\":\"Furniture\",\"item\":\"https:\\\/\\\/design.novoambiente.com\\\/en\\\/furniture\\\/\"},{\"@type\":\"ListItem\",\"position\":3,\"name\":\"Delgadina Chair\"}]},{\"@type\":\"WebSite\",\"@id\":\"https:\\\/\\\/design.novoambiente.com\\\/en\\\/#website\",\"url\":\"https:\\\/\\\/design.novoambiente.com\\\/en\\\/\",\"name\":\"Novo Ambiente | Cat\u00e1logo\",\"description\":\"Mobili\u00e1rio de design para casa ou escrit\u00f3rio\",\"potentialAction\":[{\"@type\":\"SearchAction\",\"target\":{\"@type\":\"EntryPoint\",\"urlTemplate\":\"https:\\\/\\\/design.novoambiente.com\\\/en\\\/?s={search_term_string}\"},\"query-input\":{\"@type\":\"PropertyValueSpecification\",\"valueRequired\":true,\"valueName\":\"search_term_string\"}}],\"inLanguage\":\"en-US\"}]}<\/script>\n<!-- \/ Yoast SEO plugin. -->","yoast_head_json":{"title":"Delgadina Chair - Novo Ambiente | Cat\u00e1logo","robots":{"index":"index","follow":"follow","max-snippet":"max-snippet:-1","max-image-preview":"max-image-preview:large","max-video-preview":"max-video-preview:-1"},"canonical":"https:\/\/design.novoambiente.com\/en\/product\/delgadina-chair\/","twitter_misc":{"Est. reading time":"1 minute"},"schema":{"@context":"https:\/\/schema.org","@graph":[{"@type":"WebPage","@id":"https:\/\/design.novoambiente.com\/en\/product\/delgadina-chair\/","url":"https:\/\/design.novoambiente.com\/en\/product\/delgadina-chair\/","name":"Delgadina Chair - Novo Ambiente | Cat\u00e1logo","isPartOf":{"@id":"https:\/\/design.novoambiente.com\/en\/#website"},"primaryImageOfPage":{"@id":"https:\/\/design.novoambiente.com\/en\/product\/delgadina-chair\/#primaryimage"},"image":{"@id":"https:\/\/design.novoambiente.com\/en\/product\/delgadina-chair\/#primaryimage"},"thumbnailUrl":"https:\/\/design.novoambiente.com\/wp-content\/uploads\/2021\/07\/cadeira-delgadina-rodrigo-ohtake-4_capa.jpg","datePublished":"2021-07-22T19:11:44+00:00","breadcrumb":{"@id":"https:\/\/design.novoambiente.com\/en\/product\/delgadina-chair\/#breadcrumb"},"inLanguage":"en-US","potentialAction":[{"@type":"ReadAction","target":["https:\/\/design.novoambiente.com\/en\/product\/delgadina-chair\/"]}]},{"@type":"ImageObject","inLanguage":"en-US","@id":"https:\/\/design.novoambiente.com\/en\/product\/delgadina-chair\/#primaryimage","url":"https:\/\/design.novoambiente.com\/wp-content\/uploads\/2021\/07\/cadeira-delgadina-rodrigo-ohtake-4_capa.jpg","contentUrl":"https:\/\/design.novoambiente.com\/wp-content\/uploads\/2021\/07\/cadeira-delgadina-rodrigo-ohtake-4_capa.jpg","width":1050,"height":1050},{"@type":"BreadcrumbList","@id":"https:\/\/design.novoambiente.com\/en\/product\/delgadina-chair\/#breadcrumb","itemListElement":[{"@type":"ListItem","position":1,"name":"Home","item":"https:\/\/design.novoambiente.com\/en\/"},{"@type":"ListItem","position":2,"name":"Furniture","item":"https:\/\/design.novoambiente.com\/en\/furniture\/"},{"@type":"ListItem","position":3,"name":"Delgadina Chair"}]},{"@type":"WebSite","@id":"https:\/\/design.novoambiente.com\/en\/#website","url":"https:\/\/design.novoambiente.com\/en\/","name":"Novo Ambiente | Cat\u00e1logo","description":"Mobili\u00e1rio de design para casa ou escrit\u00f3rio","potentialAction":[{"@type":"SearchAction","target":{"@type":"EntryPoint","urlTemplate":"https:\/\/design.novoambiente.com\/en\/?s={search_term_string}"},"query-input":{"@type":"PropertyValueSpecification","valueRequired":true,"valueName":"search_term_string"}}],"inLanguage":"en-US"}]}},"_links":{"self":[{"href":"https:\/\/design.novoambiente.com\/en\/wp-json\/wp\/v2\/product\/162450","targetHints":{"allow":["GET"]}}],"collection":[{"href":"https:\/\/design.novoambiente.com\/en\/wp-json\/wp\/v2\/product"}],"about":[{"href":"https:\/\/design.novoambiente.com\/en\/wp-json\/wp\/v2\/types\/product"}],"wp:featuredmedia":[{"embeddable":true,"href":"https:\/\/design.novoambiente.com\/en\/wp-json\/wp\/v2\/media\/134584"}],"wp:attachment":[{"href":"https:\/\/design.novoambiente.com\/en\/wp-json\/wp\/v2\/media?parent=162450"}],"wp:term":[{"taxonomy":"product_brand","embeddable":true,"href":"https:\/\/design.novoambiente.com\/en\/wp-json\/wp\/v2\/product_brand?post=162450"},{"taxonomy":"product_cat","embeddable":true,"href":"https:\/\/design.novoambiente.com\/en\/wp-json\/wp\/v2\/product_cat?post=162450"},{"taxonomy":"product_tag","embeddable":true,"href":"https:\/\/design.novoambiente.com\/en\/wp-json\/wp\/v2\/product_tag?post=162450"},{"taxonomy":"colecao","embeddable":true,"href":"https:\/\/design.novoambiente.com\/en\/wp-json\/wp\/v2\/colecao?post=162450"},{"taxonomy":"3d","embeddable":true,"href":"https:\/\/design.novoambiente.com\/en\/wp-json\/wp\/v2\/3d?post=162450"}],"curies":[{"name":"wp","href":"https:\/\/api.w.org\/{rel}","templated":true}]}}