{"id":159669,"date":"2022-12-20T17:24:37","date_gmt":"2022-12-20T20:24:37","guid":{"rendered":"https:\/\/design.novoambiente.com\/produto\/adam-wood-shelving-unit\/"},"modified":"2022-12-20T17:24:37","modified_gmt":"2022-12-20T20:24:37","slug":"adam-wood-shelving-unit","status":"publish","type":"product","link":"https:\/\/design.novoambiente.com\/en\/product\/adam-wood-shelving-unit\/","title":{"rendered":"Adam Wood Shelving Unit"},"content":{"rendered":"<p>Adam Wood is the first true shelving unit by Kartell, featuring curved wood shelves and three-dimensional painted steel uprights. A lightweight unit that is easy to purchase and assemble, Adam Wood brings a new personality to any space through its modularity. Individual modules can be combined to create linear arrangements based on specific needs, while shelves can be set at different heights to create various configurations. Adam Wood is available with a dark wood top and black frame, or in black wood with a black frame.   <\/p>\n<p><strong>Available for sale only in Rio de Janeiro <\/strong><\/p>\n<p><iframe loading=\"lazy\" title=\"Adam Wood_set up\" width=\"1020\" height=\"574\" src=\"https:\/\/www.youtube.com\/embed\/YwzjQgsgC3Q?list=UULF9eG5gHxX4fetRZNirg50Kg\" frameborder=\"0\" allow=\"accelerometer; autoplay; clipboard-write; encrypted-media; gyroscope; picture-in-picture; web-share\" referrerpolicy=\"strict-origin-when-cross-origin\" allowfullscreen><\/iframe><\/p>\n","protected":false},"excerpt":{"rendered":"Adam Wood is the first true shelving unit by Kartell, featuring curved wood shelves and three-dimensional painted&#8230;","protected":false},"featured_media":140686,"template":"","meta":{"_acf_changed":false},"product_brand":[],"product_cat":[3400,3442],"product_tag":[],"colecao":[],"3d":[],"class_list":{"0":"post-159669","1":"product","2":"type-product","3":"status-publish","4":"has-post-thumbnail","6":"product_cat-indoor-area","7":"product_cat-bookcase","9":"first","10":"instock","11":"product-type-variable"},"acf":[],"yoast_head":"<!-- This site is optimized with the Yoast SEO plugin v27.3 - https:\/\/yoast.com\/product\/yoast-seo-wordpress\/ -->\n<title>Adam Wood Shelving Unit - Novo Ambiente | Cat\u00e1logo<\/title>\n<meta name=\"robots\" content=\"index, follow, max-snippet:-1, max-image-preview:large, max-video-preview:-1\" \/>\n<link rel=\"canonical\" href=\"https:\/\/design.novoambiente.com\/en\/product\/adam-wood-shelving-unit\/\" \/>\n<meta name=\"twitter:label1\" content=\"Est. reading time\" \/>\n\t<meta name=\"twitter:data1\" content=\"1 minute\" \/>\n<script type=\"application\/ld+json\" class=\"yoast-schema-graph\">{\"@context\":\"https:\\\/\\\/schema.org\",\"@graph\":[{\"@type\":\"WebPage\",\"@id\":\"https:\\\/\\\/design.novoambiente.com\\\/en\\\/product\\\/adam-wood-shelving-unit\\\/\",\"url\":\"https:\\\/\\\/design.novoambiente.com\\\/en\\\/product\\\/adam-wood-shelving-unit\\\/\",\"name\":\"Adam Wood Shelving Unit - Novo Ambiente | Cat\u00e1logo\",\"isPartOf\":{\"@id\":\"https:\\\/\\\/design.novoambiente.com\\\/en\\\/#website\"},\"primaryImageOfPage\":{\"@id\":\"https:\\\/\\\/design.novoambiente.com\\\/en\\\/product\\\/adam-wood-shelving-unit\\\/#primaryimage\"},\"image\":{\"@id\":\"https:\\\/\\\/design.novoambiente.com\\\/en\\\/product\\\/adam-wood-shelving-unit\\\/#primaryimage\"},\"thumbnailUrl\":\"https:\\\/\\\/design.novoambiente.com\\\/wp-content\\\/uploads\\\/2022\\\/12\\\/Captura-de-Tela-2022-12-19-as-15.56.40.png\",\"datePublished\":\"2022-12-20T20:24:37+00:00\",\"breadcrumb\":{\"@id\":\"https:\\\/\\\/design.novoambiente.com\\\/en\\\/product\\\/adam-wood-shelving-unit\\\/#breadcrumb\"},\"inLanguage\":\"en-US\",\"potentialAction\":[{\"@type\":\"ReadAction\",\"target\":[\"https:\\\/\\\/design.novoambiente.com\\\/en\\\/product\\\/adam-wood-shelving-unit\\\/\"]}]},{\"@type\":\"ImageObject\",\"inLanguage\":\"en-US\",\"@id\":\"https:\\\/\\\/design.novoambiente.com\\\/en\\\/product\\\/adam-wood-shelving-unit\\\/#primaryimage\",\"url\":\"https:\\\/\\\/design.novoambiente.com\\\/wp-content\\\/uploads\\\/2022\\\/12\\\/Captura-de-Tela-2022-12-19-as-15.56.40.png\",\"contentUrl\":\"https:\\\/\\\/design.novoambiente.com\\\/wp-content\\\/uploads\\\/2022\\\/12\\\/Captura-de-Tela-2022-12-19-as-15.56.40.png\",\"width\":378,\"height\":472},{\"@type\":\"BreadcrumbList\",\"@id\":\"https:\\\/\\\/design.novoambiente.com\\\/en\\\/product\\\/adam-wood-shelving-unit\\\/#breadcrumb\",\"itemListElement\":[{\"@type\":\"ListItem\",\"position\":1,\"name\":\"Home\",\"item\":\"https:\\\/\\\/design.novoambiente.com\\\/en\\\/\"},{\"@type\":\"ListItem\",\"position\":2,\"name\":\"Furniture\",\"item\":\"https:\\\/\\\/design.novoambiente.com\\\/en\\\/furniture\\\/\"},{\"@type\":\"ListItem\",\"position\":3,\"name\":\"Adam Wood Shelving Unit\"}]},{\"@type\":\"WebSite\",\"@id\":\"https:\\\/\\\/design.novoambiente.com\\\/en\\\/#website\",\"url\":\"https:\\\/\\\/design.novoambiente.com\\\/en\\\/\",\"name\":\"Novo Ambiente | Cat\u00e1logo\",\"description\":\"Mobili\u00e1rio de design para casa ou escrit\u00f3rio\",\"potentialAction\":[{\"@type\":\"SearchAction\",\"target\":{\"@type\":\"EntryPoint\",\"urlTemplate\":\"https:\\\/\\\/design.novoambiente.com\\\/en\\\/?s={search_term_string}\"},\"query-input\":{\"@type\":\"PropertyValueSpecification\",\"valueRequired\":true,\"valueName\":\"search_term_string\"}}],\"inLanguage\":\"en-US\"}]}<\/script>\n<!-- \/ Yoast SEO plugin. -->","yoast_head_json":{"title":"Adam Wood Shelving Unit - Novo Ambiente | Cat\u00e1logo","robots":{"index":"index","follow":"follow","max-snippet":"max-snippet:-1","max-image-preview":"max-image-preview:large","max-video-preview":"max-video-preview:-1"},"canonical":"https:\/\/design.novoambiente.com\/en\/product\/adam-wood-shelving-unit\/","twitter_misc":{"Est. reading time":"1 minute"},"schema":{"@context":"https:\/\/schema.org","@graph":[{"@type":"WebPage","@id":"https:\/\/design.novoambiente.com\/en\/product\/adam-wood-shelving-unit\/","url":"https:\/\/design.novoambiente.com\/en\/product\/adam-wood-shelving-unit\/","name":"Adam Wood Shelving Unit - Novo Ambiente | Cat\u00e1logo","isPartOf":{"@id":"https:\/\/design.novoambiente.com\/en\/#website"},"primaryImageOfPage":{"@id":"https:\/\/design.novoambiente.com\/en\/product\/adam-wood-shelving-unit\/#primaryimage"},"image":{"@id":"https:\/\/design.novoambiente.com\/en\/product\/adam-wood-shelving-unit\/#primaryimage"},"thumbnailUrl":"https:\/\/design.novoambiente.com\/wp-content\/uploads\/2022\/12\/Captura-de-Tela-2022-12-19-as-15.56.40.png","datePublished":"2022-12-20T20:24:37+00:00","breadcrumb":{"@id":"https:\/\/design.novoambiente.com\/en\/product\/adam-wood-shelving-unit\/#breadcrumb"},"inLanguage":"en-US","potentialAction":[{"@type":"ReadAction","target":["https:\/\/design.novoambiente.com\/en\/product\/adam-wood-shelving-unit\/"]}]},{"@type":"ImageObject","inLanguage":"en-US","@id":"https:\/\/design.novoambiente.com\/en\/product\/adam-wood-shelving-unit\/#primaryimage","url":"https:\/\/design.novoambiente.com\/wp-content\/uploads\/2022\/12\/Captura-de-Tela-2022-12-19-as-15.56.40.png","contentUrl":"https:\/\/design.novoambiente.com\/wp-content\/uploads\/2022\/12\/Captura-de-Tela-2022-12-19-as-15.56.40.png","width":378,"height":472},{"@type":"BreadcrumbList","@id":"https:\/\/design.novoambiente.com\/en\/product\/adam-wood-shelving-unit\/#breadcrumb","itemListElement":[{"@type":"ListItem","position":1,"name":"Home","item":"https:\/\/design.novoambiente.com\/en\/"},{"@type":"ListItem","position":2,"name":"Furniture","item":"https:\/\/design.novoambiente.com\/en\/furniture\/"},{"@type":"ListItem","position":3,"name":"Adam Wood Shelving Unit"}]},{"@type":"WebSite","@id":"https:\/\/design.novoambiente.com\/en\/#website","url":"https:\/\/design.novoambiente.com\/en\/","name":"Novo Ambiente | Cat\u00e1logo","description":"Mobili\u00e1rio de design para casa ou escrit\u00f3rio","potentialAction":[{"@type":"SearchAction","target":{"@type":"EntryPoint","urlTemplate":"https:\/\/design.novoambiente.com\/en\/?s={search_term_string}"},"query-input":{"@type":"PropertyValueSpecification","valueRequired":true,"valueName":"search_term_string"}}],"inLanguage":"en-US"}]}},"_links":{"self":[{"href":"https:\/\/design.novoambiente.com\/en\/wp-json\/wp\/v2\/product\/159669","targetHints":{"allow":["GET"]}}],"collection":[{"href":"https:\/\/design.novoambiente.com\/en\/wp-json\/wp\/v2\/product"}],"about":[{"href":"https:\/\/design.novoambiente.com\/en\/wp-json\/wp\/v2\/types\/product"}],"wp:featuredmedia":[{"embeddable":true,"href":"https:\/\/design.novoambiente.com\/en\/wp-json\/wp\/v2\/media\/140686"}],"wp:attachment":[{"href":"https:\/\/design.novoambiente.com\/en\/wp-json\/wp\/v2\/media?parent=159669"}],"wp:term":[{"taxonomy":"product_brand","embeddable":true,"href":"https:\/\/design.novoambiente.com\/en\/wp-json\/wp\/v2\/product_brand?post=159669"},{"taxonomy":"product_cat","embeddable":true,"href":"https:\/\/design.novoambiente.com\/en\/wp-json\/wp\/v2\/product_cat?post=159669"},{"taxonomy":"product_tag","embeddable":true,"href":"https:\/\/design.novoambiente.com\/en\/wp-json\/wp\/v2\/product_tag?post=159669"},{"taxonomy":"colecao","embeddable":true,"href":"https:\/\/design.novoambiente.com\/en\/wp-json\/wp\/v2\/colecao?post=159669"},{"taxonomy":"3d","embeddable":true,"href":"https:\/\/design.novoambiente.com\/en\/wp-json\/wp\/v2\/3d?post=159669"}],"curies":[{"name":"wp","href":"https:\/\/api.w.org\/{rel}","templated":true}]}}