{"id":156949,"date":"2023-07-25T15:06:41","date_gmt":"2023-07-25T18:06:41","guid":{"rendered":"https:\/\/design.novoambiente.com\/produto\/horizonte-wall-mounted-media-console\/"},"modified":"2023-07-25T15:06:41","modified_gmt":"2023-07-25T18:06:41","slug":"horizonte-wall-mounted-media-console","status":"publish","type":"product","link":"https:\/\/design.novoambiente.com\/en\/product\/horizonte-wall-mounted-media-console\/","title":{"rendered":"Horizonte Wall-Mounted Media Console"},"content":{"rendered":"<p>A design with clean, straight, understated lines\u2014modern and elegant. The various modules allow compositions in multiple sizes and are available in different types of finishes. Because it enables large-scale combinations, it is a perfect piece to integrate spaces. The piece is named after the collection due to its horizontal layout, and also because, like the Horizon, the possibilities are infinite. This piece is also available in the wall-mounted version.    <\/p>\n","protected":false},"excerpt":{"rendered":"A design with clean, straight, understated lines\u2014modern and elegant. The various modules allow compositions in multiple sizes&#8230;","protected":false},"featured_media":149802,"template":"","meta":{"_acf_changed":false},"product_brand":[],"product_cat":[3400,3449],"product_tag":[],"colecao":[],"3d":[3462],"class_list":{"0":"post-156949","1":"product","2":"type-product","3":"status-publish","4":"has-post-thumbnail","6":"product_cat-area-interna","7":"product_cat-rack","8":"3d-arquivos-3d","10":"first","11":"outofstock","12":"shipping-taxable","13":"purchasable","14":"product-type-variable"},"acf":[],"yoast_head":"<!-- This site is optimized with the Yoast SEO plugin v27.3 - https:\/\/yoast.com\/product\/yoast-seo-wordpress\/ -->\n<title>Horizonte Wall-Mounted Media Console - Novo Ambiente | Cat\u00e1logo<\/title>\n<meta name=\"robots\" content=\"index, follow, max-snippet:-1, max-image-preview:large, max-video-preview:-1\" \/>\n<link rel=\"canonical\" href=\"https:\/\/design.novoambiente.com\/en\/product\/horizonte-wall-mounted-media-console\/\" \/>\n<script type=\"application\/ld+json\" class=\"yoast-schema-graph\">{\"@context\":\"https:\\\/\\\/schema.org\",\"@graph\":[{\"@type\":\"WebPage\",\"@id\":\"https:\\\/\\\/design.novoambiente.com\\\/en\\\/product\\\/horizonte-wall-mounted-media-console\\\/\",\"url\":\"https:\\\/\\\/design.novoambiente.com\\\/en\\\/product\\\/horizonte-wall-mounted-media-console\\\/\",\"name\":\"Horizonte Wall-Mounted Media Console - Novo Ambiente | Cat\u00e1logo\",\"isPartOf\":{\"@id\":\"https:\\\/\\\/design.novoambiente.com\\\/en\\\/#website\"},\"primaryImageOfPage\":{\"@id\":\"https:\\\/\\\/design.novoambiente.com\\\/en\\\/product\\\/horizonte-wall-mounted-media-console\\\/#primaryimage\"},\"image\":{\"@id\":\"https:\\\/\\\/design.novoambiente.com\\\/en\\\/product\\\/horizonte-wall-mounted-media-console\\\/#primaryimage\"},\"thumbnailUrl\":\"https:\\\/\\\/design.novoambiente.com\\\/wp-content\\\/uploads\\\/2023\\\/07\\\/Horizonte-Palha-Compose-Susp.01-650x365-removebg-preview.png\",\"datePublished\":\"2023-07-25T18:06:41+00:00\",\"breadcrumb\":{\"@id\":\"https:\\\/\\\/design.novoambiente.com\\\/en\\\/product\\\/horizonte-wall-mounted-media-console\\\/#breadcrumb\"},\"inLanguage\":\"en-US\",\"potentialAction\":[{\"@type\":\"ReadAction\",\"target\":[\"https:\\\/\\\/design.novoambiente.com\\\/en\\\/product\\\/horizonte-wall-mounted-media-console\\\/\"]}]},{\"@type\":\"ImageObject\",\"inLanguage\":\"en-US\",\"@id\":\"https:\\\/\\\/design.novoambiente.com\\\/en\\\/product\\\/horizonte-wall-mounted-media-console\\\/#primaryimage\",\"url\":\"https:\\\/\\\/design.novoambiente.com\\\/wp-content\\\/uploads\\\/2023\\\/07\\\/Horizonte-Palha-Compose-Susp.01-650x365-removebg-preview.png\",\"contentUrl\":\"https:\\\/\\\/design.novoambiente.com\\\/wp-content\\\/uploads\\\/2023\\\/07\\\/Horizonte-Palha-Compose-Susp.01-650x365-removebg-preview.png\",\"width\":650,\"height\":365},{\"@type\":\"BreadcrumbList\",\"@id\":\"https:\\\/\\\/design.novoambiente.com\\\/en\\\/product\\\/horizonte-wall-mounted-media-console\\\/#breadcrumb\",\"itemListElement\":[{\"@type\":\"ListItem\",\"position\":1,\"name\":\"Home\",\"item\":\"https:\\\/\\\/design.novoambiente.com\\\/en\\\/\"},{\"@type\":\"ListItem\",\"position\":2,\"name\":\"Furniture\",\"item\":\"https:\\\/\\\/design.novoambiente.com\\\/en\\\/furniture\\\/\"},{\"@type\":\"ListItem\",\"position\":3,\"name\":\"Horizonte Wall-Mounted Media Console\"}]},{\"@type\":\"WebSite\",\"@id\":\"https:\\\/\\\/design.novoambiente.com\\\/en\\\/#website\",\"url\":\"https:\\\/\\\/design.novoambiente.com\\\/en\\\/\",\"name\":\"Novo Ambiente | Cat\u00e1logo\",\"description\":\"Mobili\u00e1rio de design para casa ou escrit\u00f3rio\",\"potentialAction\":[{\"@type\":\"SearchAction\",\"target\":{\"@type\":\"EntryPoint\",\"urlTemplate\":\"https:\\\/\\\/design.novoambiente.com\\\/en\\\/?s={search_term_string}\"},\"query-input\":{\"@type\":\"PropertyValueSpecification\",\"valueRequired\":true,\"valueName\":\"search_term_string\"}}],\"inLanguage\":\"en-US\"}]}<\/script>\n<!-- \/ Yoast SEO plugin. -->","yoast_head_json":{"title":"Horizonte Wall-Mounted Media Console - Novo Ambiente | Cat\u00e1logo","robots":{"index":"index","follow":"follow","max-snippet":"max-snippet:-1","max-image-preview":"max-image-preview:large","max-video-preview":"max-video-preview:-1"},"canonical":"https:\/\/design.novoambiente.com\/en\/product\/horizonte-wall-mounted-media-console\/","schema":{"@context":"https:\/\/schema.org","@graph":[{"@type":"WebPage","@id":"https:\/\/design.novoambiente.com\/en\/product\/horizonte-wall-mounted-media-console\/","url":"https:\/\/design.novoambiente.com\/en\/product\/horizonte-wall-mounted-media-console\/","name":"Horizonte Wall-Mounted Media Console - Novo Ambiente | Cat\u00e1logo","isPartOf":{"@id":"https:\/\/design.novoambiente.com\/en\/#website"},"primaryImageOfPage":{"@id":"https:\/\/design.novoambiente.com\/en\/product\/horizonte-wall-mounted-media-console\/#primaryimage"},"image":{"@id":"https:\/\/design.novoambiente.com\/en\/product\/horizonte-wall-mounted-media-console\/#primaryimage"},"thumbnailUrl":"https:\/\/design.novoambiente.com\/wp-content\/uploads\/2023\/07\/Horizonte-Palha-Compose-Susp.01-650x365-removebg-preview.png","datePublished":"2023-07-25T18:06:41+00:00","breadcrumb":{"@id":"https:\/\/design.novoambiente.com\/en\/product\/horizonte-wall-mounted-media-console\/#breadcrumb"},"inLanguage":"en-US","potentialAction":[{"@type":"ReadAction","target":["https:\/\/design.novoambiente.com\/en\/product\/horizonte-wall-mounted-media-console\/"]}]},{"@type":"ImageObject","inLanguage":"en-US","@id":"https:\/\/design.novoambiente.com\/en\/product\/horizonte-wall-mounted-media-console\/#primaryimage","url":"https:\/\/design.novoambiente.com\/wp-content\/uploads\/2023\/07\/Horizonte-Palha-Compose-Susp.01-650x365-removebg-preview.png","contentUrl":"https:\/\/design.novoambiente.com\/wp-content\/uploads\/2023\/07\/Horizonte-Palha-Compose-Susp.01-650x365-removebg-preview.png","width":650,"height":365},{"@type":"BreadcrumbList","@id":"https:\/\/design.novoambiente.com\/en\/product\/horizonte-wall-mounted-media-console\/#breadcrumb","itemListElement":[{"@type":"ListItem","position":1,"name":"Home","item":"https:\/\/design.novoambiente.com\/en\/"},{"@type":"ListItem","position":2,"name":"Furniture","item":"https:\/\/design.novoambiente.com\/en\/furniture\/"},{"@type":"ListItem","position":3,"name":"Horizonte Wall-Mounted Media Console"}]},{"@type":"WebSite","@id":"https:\/\/design.novoambiente.com\/en\/#website","url":"https:\/\/design.novoambiente.com\/en\/","name":"Novo Ambiente | Cat\u00e1logo","description":"Mobili\u00e1rio de design para casa ou escrit\u00f3rio","potentialAction":[{"@type":"SearchAction","target":{"@type":"EntryPoint","urlTemplate":"https:\/\/design.novoambiente.com\/en\/?s={search_term_string}"},"query-input":{"@type":"PropertyValueSpecification","valueRequired":true,"valueName":"search_term_string"}}],"inLanguage":"en-US"}]}},"_links":{"self":[{"href":"https:\/\/design.novoambiente.com\/en\/wp-json\/wp\/v2\/product\/156949","targetHints":{"allow":["GET"]}}],"collection":[{"href":"https:\/\/design.novoambiente.com\/en\/wp-json\/wp\/v2\/product"}],"about":[{"href":"https:\/\/design.novoambiente.com\/en\/wp-json\/wp\/v2\/types\/product"}],"wp:featuredmedia":[{"embeddable":true,"href":"https:\/\/design.novoambiente.com\/en\/wp-json\/wp\/v2\/media\/149802"}],"wp:attachment":[{"href":"https:\/\/design.novoambiente.com\/en\/wp-json\/wp\/v2\/media?parent=156949"}],"wp:term":[{"taxonomy":"product_brand","embeddable":true,"href":"https:\/\/design.novoambiente.com\/en\/wp-json\/wp\/v2\/product_brand?post=156949"},{"taxonomy":"product_cat","embeddable":true,"href":"https:\/\/design.novoambiente.com\/en\/wp-json\/wp\/v2\/product_cat?post=156949"},{"taxonomy":"product_tag","embeddable":true,"href":"https:\/\/design.novoambiente.com\/en\/wp-json\/wp\/v2\/product_tag?post=156949"},{"taxonomy":"colecao","embeddable":true,"href":"https:\/\/design.novoambiente.com\/en\/wp-json\/wp\/v2\/colecao?post=156949"},{"taxonomy":"3d","embeddable":true,"href":"https:\/\/design.novoambiente.com\/en\/wp-json\/wp\/v2\/3d?post=156949"}],"curies":[{"name":"wp","href":"https:\/\/api.w.org\/{rel}","templated":true}]}}