{"id":156777,"date":"2024-02-09T17:20:24","date_gmt":"2024-02-09T20:20:24","guid":{"rendered":"https:\/\/design.novoambiente.com\/produto\/ligure-armchair-if-design-award\/"},"modified":"2024-02-09T17:20:24","modified_gmt":"2024-02-09T20:20:24","slug":"ligure-armchair-if-design-award","status":"publish","type":"product","link":"https:\/\/design.novoambiente.com\/en\/product\/ligure-armchair-if-design-award\/","title":{"rendered":"Ligure Armchair <br><font color=\"red\"><b>(iF DESIGN AWARD)<\/font><\/b>"},"content":{"rendered":"<p><img loading=\"lazy\" decoding=\"async\" class=\"alignnone wp-image-149886\" src=\"https:\/\/design.novoambiente.com\/wp-content\/uploads\/2023\/06\/WhatsApp-Image-2025-02-28-at-13.12.06-300x154.jpeg\" alt=\"\" width=\"154\" height=\"79\" srcset=\"https:\/\/design.novoambiente.com\/wp-content\/uploads\/2023\/06\/WhatsApp-Image-2025-02-28-at-13.12.06-300x154.jpeg 300w, https:\/\/design.novoambiente.com\/wp-content\/uploads\/2023\/06\/WhatsApp-Image-2025-02-28-at-13.12.06-1024x525.jpeg 1024w, https:\/\/design.novoambiente.com\/wp-content\/uploads\/2023\/06\/WhatsApp-Image-2025-02-28-at-13.12.06-768x394.jpeg 768w, https:\/\/design.novoambiente.com\/wp-content\/uploads\/2023\/06\/WhatsApp-Image-2025-02-28-at-13.12.06-560x292.jpeg 560w, https:\/\/design.novoambiente.com\/wp-content\/uploads\/2023\/06\/WhatsApp-Image-2025-02-28-at-13.12.06-600x310.jpeg 600w, https:\/\/design.novoambiente.com\/wp-content\/uploads\/2023\/06\/WhatsApp-Image-2025-02-28-at-13.12.06-650x333.jpeg 650w, https:\/\/design.novoambiente.com\/wp-content\/uploads\/2023\/06\/WhatsApp-Image-2025-02-28-at-13.12.06.jpeg 1153w\" sizes=\"auto, (max-width: 154px) 100vw, 154px\" \/><\/p>\n<p>Fixed seat with single-stitch topstitching. Wooden body with varnish finish. <\/p>\n","protected":false},"excerpt":{"rendered":"Fixed seat with single-stitch topstitching. Wooden body with varnish finish.","protected":false},"featured_media":147440,"template":"","meta":{"_acf_changed":false},"product_brand":[],"product_cat":[3400,3448],"product_tag":[3670],"colecao":[],"3d":[],"class_list":{"0":"post-156777","1":"product","2":"type-product","3":"status-publish","4":"has-post-thumbnail","6":"product_cat-indoor-area","7":"product_cat-armchair","8":"product_tag-if-design-award","10":"first","11":"instock","12":"shipping-taxable","13":"product-type-variable"},"acf":[],"yoast_head":"<!-- This site is optimized with the Yoast SEO plugin v27.3 - https:\/\/yoast.com\/product\/yoast-seo-wordpress\/ -->\n<title>Ligure Armchair (iF DESIGN AWARD) - Novo Ambiente | Cat\u00e1logo<\/title>\n<meta name=\"robots\" content=\"index, follow, max-snippet:-1, max-image-preview:large, max-video-preview:-1\" \/>\n<link rel=\"canonical\" href=\"https:\/\/design.novoambiente.com\/en\/product\/ligure-armchair-if-design-award\/\" \/>\n<script type=\"application\/ld+json\" class=\"yoast-schema-graph\">{\"@context\":\"https:\\\/\\\/schema.org\",\"@graph\":[{\"@type\":\"WebPage\",\"@id\":\"https:\\\/\\\/design.novoambiente.com\\\/en\\\/product\\\/ligure-armchair-if-design-award\\\/\",\"url\":\"https:\\\/\\\/design.novoambiente.com\\\/en\\\/product\\\/ligure-armchair-if-design-award\\\/\",\"name\":\"Ligure Armchair (iF DESIGN AWARD) - Novo Ambiente | Cat\u00e1logo\",\"isPartOf\":{\"@id\":\"https:\\\/\\\/design.novoambiente.com\\\/en\\\/#website\"},\"primaryImageOfPage\":{\"@id\":\"https:\\\/\\\/design.novoambiente.com\\\/en\\\/product\\\/ligure-armchair-if-design-award\\\/#primaryimage\"},\"image\":{\"@id\":\"https:\\\/\\\/design.novoambiente.com\\\/en\\\/product\\\/ligure-armchair-if-design-award\\\/#primaryimage\"},\"thumbnailUrl\":\"https:\\\/\\\/design.novoambiente.com\\\/wp-content\\\/uploads\\\/2024\\\/02\\\/IMG_0017_1-1-scaled.jpg\",\"datePublished\":\"2024-02-09T20:20:24+00:00\",\"breadcrumb\":{\"@id\":\"https:\\\/\\\/design.novoambiente.com\\\/en\\\/product\\\/ligure-armchair-if-design-award\\\/#breadcrumb\"},\"inLanguage\":\"en-US\",\"potentialAction\":[{\"@type\":\"ReadAction\",\"target\":[\"https:\\\/\\\/design.novoambiente.com\\\/en\\\/product\\\/ligure-armchair-if-design-award\\\/\"]}]},{\"@type\":\"ImageObject\",\"inLanguage\":\"en-US\",\"@id\":\"https:\\\/\\\/design.novoambiente.com\\\/en\\\/product\\\/ligure-armchair-if-design-award\\\/#primaryimage\",\"url\":\"https:\\\/\\\/design.novoambiente.com\\\/wp-content\\\/uploads\\\/2024\\\/02\\\/IMG_0017_1-1-scaled.jpg\",\"contentUrl\":\"https:\\\/\\\/design.novoambiente.com\\\/wp-content\\\/uploads\\\/2024\\\/02\\\/IMG_0017_1-1-scaled.jpg\",\"width\":2560,\"height\":1707},{\"@type\":\"BreadcrumbList\",\"@id\":\"https:\\\/\\\/design.novoambiente.com\\\/en\\\/product\\\/ligure-armchair-if-design-award\\\/#breadcrumb\",\"itemListElement\":[{\"@type\":\"ListItem\",\"position\":1,\"name\":\"Home\",\"item\":\"https:\\\/\\\/design.novoambiente.com\\\/en\\\/\"},{\"@type\":\"ListItem\",\"position\":2,\"name\":\"Furniture\",\"item\":\"https:\\\/\\\/design.novoambiente.com\\\/en\\\/furniture\\\/\"},{\"@type\":\"ListItem\",\"position\":3,\"name\":\"Ligure Armchair (iF DESIGN AWARD)\"}]},{\"@type\":\"WebSite\",\"@id\":\"https:\\\/\\\/design.novoambiente.com\\\/en\\\/#website\",\"url\":\"https:\\\/\\\/design.novoambiente.com\\\/en\\\/\",\"name\":\"Novo Ambiente | Cat\u00e1logo\",\"description\":\"Mobili\u00e1rio de design para casa ou escrit\u00f3rio\",\"potentialAction\":[{\"@type\":\"SearchAction\",\"target\":{\"@type\":\"EntryPoint\",\"urlTemplate\":\"https:\\\/\\\/design.novoambiente.com\\\/en\\\/?s={search_term_string}\"},\"query-input\":{\"@type\":\"PropertyValueSpecification\",\"valueRequired\":true,\"valueName\":\"search_term_string\"}}],\"inLanguage\":\"en-US\"}]}<\/script>\n<!-- \/ Yoast SEO plugin. -->","yoast_head_json":{"title":"Ligure Armchair (iF DESIGN AWARD) - Novo Ambiente | Cat\u00e1logo","robots":{"index":"index","follow":"follow","max-snippet":"max-snippet:-1","max-image-preview":"max-image-preview:large","max-video-preview":"max-video-preview:-1"},"canonical":"https:\/\/design.novoambiente.com\/en\/product\/ligure-armchair-if-design-award\/","schema":{"@context":"https:\/\/schema.org","@graph":[{"@type":"WebPage","@id":"https:\/\/design.novoambiente.com\/en\/product\/ligure-armchair-if-design-award\/","url":"https:\/\/design.novoambiente.com\/en\/product\/ligure-armchair-if-design-award\/","name":"Ligure Armchair (iF DESIGN AWARD) - Novo Ambiente | Cat\u00e1logo","isPartOf":{"@id":"https:\/\/design.novoambiente.com\/en\/#website"},"primaryImageOfPage":{"@id":"https:\/\/design.novoambiente.com\/en\/product\/ligure-armchair-if-design-award\/#primaryimage"},"image":{"@id":"https:\/\/design.novoambiente.com\/en\/product\/ligure-armchair-if-design-award\/#primaryimage"},"thumbnailUrl":"https:\/\/design.novoambiente.com\/wp-content\/uploads\/2024\/02\/IMG_0017_1-1-scaled.jpg","datePublished":"2024-02-09T20:20:24+00:00","breadcrumb":{"@id":"https:\/\/design.novoambiente.com\/en\/product\/ligure-armchair-if-design-award\/#breadcrumb"},"inLanguage":"en-US","potentialAction":[{"@type":"ReadAction","target":["https:\/\/design.novoambiente.com\/en\/product\/ligure-armchair-if-design-award\/"]}]},{"@type":"ImageObject","inLanguage":"en-US","@id":"https:\/\/design.novoambiente.com\/en\/product\/ligure-armchair-if-design-award\/#primaryimage","url":"https:\/\/design.novoambiente.com\/wp-content\/uploads\/2024\/02\/IMG_0017_1-1-scaled.jpg","contentUrl":"https:\/\/design.novoambiente.com\/wp-content\/uploads\/2024\/02\/IMG_0017_1-1-scaled.jpg","width":2560,"height":1707},{"@type":"BreadcrumbList","@id":"https:\/\/design.novoambiente.com\/en\/product\/ligure-armchair-if-design-award\/#breadcrumb","itemListElement":[{"@type":"ListItem","position":1,"name":"Home","item":"https:\/\/design.novoambiente.com\/en\/"},{"@type":"ListItem","position":2,"name":"Furniture","item":"https:\/\/design.novoambiente.com\/en\/furniture\/"},{"@type":"ListItem","position":3,"name":"Ligure Armchair (iF DESIGN AWARD)"}]},{"@type":"WebSite","@id":"https:\/\/design.novoambiente.com\/en\/#website","url":"https:\/\/design.novoambiente.com\/en\/","name":"Novo Ambiente | Cat\u00e1logo","description":"Mobili\u00e1rio de design para casa ou escrit\u00f3rio","potentialAction":[{"@type":"SearchAction","target":{"@type":"EntryPoint","urlTemplate":"https:\/\/design.novoambiente.com\/en\/?s={search_term_string}"},"query-input":{"@type":"PropertyValueSpecification","valueRequired":true,"valueName":"search_term_string"}}],"inLanguage":"en-US"}]}},"_links":{"self":[{"href":"https:\/\/design.novoambiente.com\/en\/wp-json\/wp\/v2\/product\/156777","targetHints":{"allow":["GET"]}}],"collection":[{"href":"https:\/\/design.novoambiente.com\/en\/wp-json\/wp\/v2\/product"}],"about":[{"href":"https:\/\/design.novoambiente.com\/en\/wp-json\/wp\/v2\/types\/product"}],"wp:featuredmedia":[{"embeddable":true,"href":"https:\/\/design.novoambiente.com\/en\/wp-json\/wp\/v2\/media\/147440"}],"wp:attachment":[{"href":"https:\/\/design.novoambiente.com\/en\/wp-json\/wp\/v2\/media?parent=156777"}],"wp:term":[{"taxonomy":"product_brand","embeddable":true,"href":"https:\/\/design.novoambiente.com\/en\/wp-json\/wp\/v2\/product_brand?post=156777"},{"taxonomy":"product_cat","embeddable":true,"href":"https:\/\/design.novoambiente.com\/en\/wp-json\/wp\/v2\/product_cat?post=156777"},{"taxonomy":"product_tag","embeddable":true,"href":"https:\/\/design.novoambiente.com\/en\/wp-json\/wp\/v2\/product_tag?post=156777"},{"taxonomy":"colecao","embeddable":true,"href":"https:\/\/design.novoambiente.com\/en\/wp-json\/wp\/v2\/colecao?post=156777"},{"taxonomy":"3d","embeddable":true,"href":"https:\/\/design.novoambiente.com\/en\/wp-json\/wp\/v2\/3d?post=156777"}],"curies":[{"name":"wp","href":"https:\/\/api.w.org\/{rel}","templated":true}]}}