{"id":156172,"date":"2024-05-21T16:34:28","date_gmt":"2024-05-21T19:34:28","guid":{"rendered":"https:\/\/design.novoambiente.com\/produto\/palissade-modular-bench\/"},"modified":"2024-05-21T16:34:28","modified_gmt":"2024-05-21T19:34:28","slug":"palissade-modular-bench","status":"publish","type":"product","link":"https:\/\/design.novoambiente.com\/en\/product\/palissade-modular-bench\/","title":{"rendered":"Palissade Modular Bench"},"content":{"rendered":"<p>Designed by French duo Ronan and Erwan Bouroullec, the Palissade Park Dining Bench is a modular bench designed for outdoor use. The curved frame comes in two variants, designed to curve in two different directions, allowing the benches to face inward, outward, or a combination of both. By connecting a minimum of two benches, custom seating arrangements can be created in layouts such as circles, waves, and arcs. The elegant design is unified by the same symmetrical geometry and graphic language as the rest of the Palissade series, designed to reproduce the same visual simplicity that allows it to blend easily into a natural landscape or urban setting. Specifically designed for outdoor use, the powder-coated steel features a protective outdoor primer for optimal durability and resilience, helping it last longer. Available in selected colors, the Park Dining Bench is ideal for creating unique seating configurations in gardens, parks, and public spaces.     <\/p>\n","protected":false},"excerpt":{"rendered":"Designed by French duo Ronan and Erwan Bouroullec, the Palissade Park Dining Bench is a modular bench&#8230;","protected":false},"featured_media":149810,"template":"","meta":{"_acf_changed":false},"product_brand":[],"product_cat":[3418,3421],"product_tag":[],"colecao":[],"3d":[3462],"class_list":{"0":"post-156172","1":"product","2":"type-product","3":"status-publish","4":"has-post-thumbnail","6":"product_cat-outdoor-area","7":"product_cat-benches-and-poufs","8":"pa_designer-ronan-erwan-bouroullec","9":"3d-arquivos-3d","11":"first","12":"outofstock","13":"shipping-taxable","14":"purchasable","15":"product-type-variable"},"acf":[],"yoast_head":"<!-- This site is optimized with the Yoast SEO plugin v27.3 - https:\/\/yoast.com\/product\/yoast-seo-wordpress\/ -->\n<title>Palissade Modular Bench - Novo Ambiente | Cat\u00e1logo<\/title>\n<meta name=\"robots\" content=\"index, follow, max-snippet:-1, max-image-preview:large, max-video-preview:-1\" \/>\n<link rel=\"canonical\" href=\"https:\/\/design.novoambiente.com\/en\/product\/palissade-modular-bench\/\" \/>\n<meta name=\"twitter:label1\" content=\"Est. reading time\" \/>\n\t<meta name=\"twitter:data1\" content=\"1 minute\" \/>\n<script type=\"application\/ld+json\" class=\"yoast-schema-graph\">{\"@context\":\"https:\\\/\\\/schema.org\",\"@graph\":[{\"@type\":\"WebPage\",\"@id\":\"https:\\\/\\\/design.novoambiente.com\\\/en\\\/product\\\/palissade-modular-bench\\\/\",\"url\":\"https:\\\/\\\/design.novoambiente.com\\\/en\\\/product\\\/palissade-modular-bench\\\/\",\"name\":\"Palissade Modular Bench - Novo Ambiente | Cat\u00e1logo\",\"isPartOf\":{\"@id\":\"https:\\\/\\\/design.novoambiente.com\\\/en\\\/#website\"},\"primaryImageOfPage\":{\"@id\":\"https:\\\/\\\/design.novoambiente.com\\\/en\\\/product\\\/palissade-modular-bench\\\/#primaryimage\"},\"image\":{\"@id\":\"https:\\\/\\\/design.novoambiente.com\\\/en\\\/product\\\/palissade-modular-bench\\\/#primaryimage\"},\"thumbnailUrl\":\"https:\\\/\\\/design.novoambiente.com\\\/wp-content\\\/uploads\\\/2024\\\/05\\\/ab724-b538-ah17_palissade-park-bench-iron-red_set-of-2_gb_1390x800_brandvariant-650x374-removebg-preview-1.png\",\"datePublished\":\"2024-05-21T19:34:28+00:00\",\"breadcrumb\":{\"@id\":\"https:\\\/\\\/design.novoambiente.com\\\/en\\\/product\\\/palissade-modular-bench\\\/#breadcrumb\"},\"inLanguage\":\"en-US\",\"potentialAction\":[{\"@type\":\"ReadAction\",\"target\":[\"https:\\\/\\\/design.novoambiente.com\\\/en\\\/product\\\/palissade-modular-bench\\\/\"]}]},{\"@type\":\"ImageObject\",\"inLanguage\":\"en-US\",\"@id\":\"https:\\\/\\\/design.novoambiente.com\\\/en\\\/product\\\/palissade-modular-bench\\\/#primaryimage\",\"url\":\"https:\\\/\\\/design.novoambiente.com\\\/wp-content\\\/uploads\\\/2024\\\/05\\\/ab724-b538-ah17_palissade-park-bench-iron-red_set-of-2_gb_1390x800_brandvariant-650x374-removebg-preview-1.png\",\"contentUrl\":\"https:\\\/\\\/design.novoambiente.com\\\/wp-content\\\/uploads\\\/2024\\\/05\\\/ab724-b538-ah17_palissade-park-bench-iron-red_set-of-2_gb_1390x800_brandvariant-650x374-removebg-preview-1.png\",\"width\":650,\"height\":374},{\"@type\":\"BreadcrumbList\",\"@id\":\"https:\\\/\\\/design.novoambiente.com\\\/en\\\/product\\\/palissade-modular-bench\\\/#breadcrumb\",\"itemListElement\":[{\"@type\":\"ListItem\",\"position\":1,\"name\":\"Home\",\"item\":\"https:\\\/\\\/design.novoambiente.com\\\/en\\\/\"},{\"@type\":\"ListItem\",\"position\":2,\"name\":\"Furniture\",\"item\":\"https:\\\/\\\/design.novoambiente.com\\\/en\\\/furniture\\\/\"},{\"@type\":\"ListItem\",\"position\":3,\"name\":\"Palissade Modular Bench\"}]},{\"@type\":\"WebSite\",\"@id\":\"https:\\\/\\\/design.novoambiente.com\\\/en\\\/#website\",\"url\":\"https:\\\/\\\/design.novoambiente.com\\\/en\\\/\",\"name\":\"Novo Ambiente | Cat\u00e1logo\",\"description\":\"Mobili\u00e1rio de design para casa ou escrit\u00f3rio\",\"potentialAction\":[{\"@type\":\"SearchAction\",\"target\":{\"@type\":\"EntryPoint\",\"urlTemplate\":\"https:\\\/\\\/design.novoambiente.com\\\/en\\\/?s={search_term_string}\"},\"query-input\":{\"@type\":\"PropertyValueSpecification\",\"valueRequired\":true,\"valueName\":\"search_term_string\"}}],\"inLanguage\":\"en-US\"}]}<\/script>\n<!-- \/ Yoast SEO plugin. -->","yoast_head_json":{"title":"Palissade Modular Bench - Novo Ambiente | Cat\u00e1logo","robots":{"index":"index","follow":"follow","max-snippet":"max-snippet:-1","max-image-preview":"max-image-preview:large","max-video-preview":"max-video-preview:-1"},"canonical":"https:\/\/design.novoambiente.com\/en\/product\/palissade-modular-bench\/","twitter_misc":{"Est. reading time":"1 minute"},"schema":{"@context":"https:\/\/schema.org","@graph":[{"@type":"WebPage","@id":"https:\/\/design.novoambiente.com\/en\/product\/palissade-modular-bench\/","url":"https:\/\/design.novoambiente.com\/en\/product\/palissade-modular-bench\/","name":"Palissade Modular Bench - Novo Ambiente | Cat\u00e1logo","isPartOf":{"@id":"https:\/\/design.novoambiente.com\/en\/#website"},"primaryImageOfPage":{"@id":"https:\/\/design.novoambiente.com\/en\/product\/palissade-modular-bench\/#primaryimage"},"image":{"@id":"https:\/\/design.novoambiente.com\/en\/product\/palissade-modular-bench\/#primaryimage"},"thumbnailUrl":"https:\/\/design.novoambiente.com\/wp-content\/uploads\/2024\/05\/ab724-b538-ah17_palissade-park-bench-iron-red_set-of-2_gb_1390x800_brandvariant-650x374-removebg-preview-1.png","datePublished":"2024-05-21T19:34:28+00:00","breadcrumb":{"@id":"https:\/\/design.novoambiente.com\/en\/product\/palissade-modular-bench\/#breadcrumb"},"inLanguage":"en-US","potentialAction":[{"@type":"ReadAction","target":["https:\/\/design.novoambiente.com\/en\/product\/palissade-modular-bench\/"]}]},{"@type":"ImageObject","inLanguage":"en-US","@id":"https:\/\/design.novoambiente.com\/en\/product\/palissade-modular-bench\/#primaryimage","url":"https:\/\/design.novoambiente.com\/wp-content\/uploads\/2024\/05\/ab724-b538-ah17_palissade-park-bench-iron-red_set-of-2_gb_1390x800_brandvariant-650x374-removebg-preview-1.png","contentUrl":"https:\/\/design.novoambiente.com\/wp-content\/uploads\/2024\/05\/ab724-b538-ah17_palissade-park-bench-iron-red_set-of-2_gb_1390x800_brandvariant-650x374-removebg-preview-1.png","width":650,"height":374},{"@type":"BreadcrumbList","@id":"https:\/\/design.novoambiente.com\/en\/product\/palissade-modular-bench\/#breadcrumb","itemListElement":[{"@type":"ListItem","position":1,"name":"Home","item":"https:\/\/design.novoambiente.com\/en\/"},{"@type":"ListItem","position":2,"name":"Furniture","item":"https:\/\/design.novoambiente.com\/en\/furniture\/"},{"@type":"ListItem","position":3,"name":"Palissade Modular Bench"}]},{"@type":"WebSite","@id":"https:\/\/design.novoambiente.com\/en\/#website","url":"https:\/\/design.novoambiente.com\/en\/","name":"Novo Ambiente | Cat\u00e1logo","description":"Mobili\u00e1rio de design para casa ou escrit\u00f3rio","potentialAction":[{"@type":"SearchAction","target":{"@type":"EntryPoint","urlTemplate":"https:\/\/design.novoambiente.com\/en\/?s={search_term_string}"},"query-input":{"@type":"PropertyValueSpecification","valueRequired":true,"valueName":"search_term_string"}}],"inLanguage":"en-US"}]}},"_links":{"self":[{"href":"https:\/\/design.novoambiente.com\/en\/wp-json\/wp\/v2\/product\/156172","targetHints":{"allow":["GET"]}}],"collection":[{"href":"https:\/\/design.novoambiente.com\/en\/wp-json\/wp\/v2\/product"}],"about":[{"href":"https:\/\/design.novoambiente.com\/en\/wp-json\/wp\/v2\/types\/product"}],"wp:featuredmedia":[{"embeddable":true,"href":"https:\/\/design.novoambiente.com\/en\/wp-json\/wp\/v2\/media\/149810"}],"wp:attachment":[{"href":"https:\/\/design.novoambiente.com\/en\/wp-json\/wp\/v2\/media?parent=156172"}],"wp:term":[{"taxonomy":"product_brand","embeddable":true,"href":"https:\/\/design.novoambiente.com\/en\/wp-json\/wp\/v2\/product_brand?post=156172"},{"taxonomy":"product_cat","embeddable":true,"href":"https:\/\/design.novoambiente.com\/en\/wp-json\/wp\/v2\/product_cat?post=156172"},{"taxonomy":"product_tag","embeddable":true,"href":"https:\/\/design.novoambiente.com\/en\/wp-json\/wp\/v2\/product_tag?post=156172"},{"taxonomy":"colecao","embeddable":true,"href":"https:\/\/design.novoambiente.com\/en\/wp-json\/wp\/v2\/colecao?post=156172"},{"taxonomy":"3d","embeddable":true,"href":"https:\/\/design.novoambiente.com\/en\/wp-json\/wp\/v2\/3d?post=156172"}],"curies":[{"name":"wp","href":"https:\/\/api.w.org\/{rel}","templated":true}]}}