{"id":155108,"date":"2025-04-24T17:54:52","date_gmt":"2025-04-24T20:54:52","guid":{"rendered":"https:\/\/design.novoambiente.com\/produto\/afago-armchair-muse-design-award-2025\/"},"modified":"2025-04-24T17:54:52","modified_gmt":"2025-04-24T20:54:52","slug":"afago-armchair-muse-design-award-2025","status":"publish","type":"product","link":"https:\/\/design.novoambiente.com\/en\/product\/afago-armchair-muse-design-award-2025\/","title":{"rendered":"Afago Armchair <br><font color=\"red\"><b>(MUSE DESIGN AWARD 2025)<\/font><\/b>"},"content":{"rendered":"<p><img loading=\"lazy\" decoding=\"async\" class=\"alignnone wp-image-150324\" src=\"https:\/\/design.novoambiente.com\/wp-content\/uploads\/2025\/04\/1729852398winner_32-245x300.png\" alt=\"\" width=\"92\" height=\"113\" srcset=\"https:\/\/design.novoambiente.com\/wp-content\/uploads\/2025\/04\/1729852398winner_32-245x300.png 245w, https:\/\/design.novoambiente.com\/wp-content\/uploads\/2025\/04\/1729852398winner_32.png 457w\" sizes=\"auto, (max-width: 92px) 100vw, 92px\" \/><\/p>\n<p>The Afago Armchair, designed by Zanini de Zanine for Studio Zanini, is a piece that celebrates the union of tradition and innovation. Crafted from certified wood and cane, it combines organic lines with aesthetic rigor that honors Brazilian craftsmanship. Launched in 2024, the Afago stands out as a timeless design work, conceived to integrate sophisticated environments and culturally significant collections. Recommended for audiences who value exclusive and distinctive pieces, it reaffirms the commitment to sustainable practices and the excellence of Brazilian design.    <strong>Award winner in the FURNITURE category at the MUSE DESIGN AWARD 2025.<\/strong><\/p>\n<p>&nbsp;<\/p>\n","protected":false},"excerpt":{"rendered":"The Afago Armchair, designed by Zanini de Zanine for Studio Zanini, is a piece that celebrates the&#8230;","protected":false},"featured_media":150594,"template":"","meta":{"_acf_changed":false},"product_brand":[],"product_cat":[3400,3448],"product_tag":[],"colecao":[],"3d":[3462],"class_list":{"0":"post-155108","1":"product","2":"type-product","3":"status-publish","4":"has-post-thumbnail","6":"product_cat-area-interna","7":"product_cat-armchair","8":"pa_designer-zanini-de-zanine","9":"3d-arquivos-3d","11":"first","12":"instock","13":"shipping-taxable","14":"product-type-variable"},"acf":[],"yoast_head":"<!-- This site is optimized with the Yoast SEO plugin v27.3 - https:\/\/yoast.com\/product\/yoast-seo-wordpress\/ -->\n<title>Afago Armchair (MUSE DESIGN AWARD 2025) - Novo Ambiente | Cat\u00e1logo<\/title>\n<meta name=\"robots\" content=\"index, follow, max-snippet:-1, max-image-preview:large, max-video-preview:-1\" \/>\n<link rel=\"canonical\" href=\"https:\/\/design.novoambiente.com\/en\/product\/afago-armchair-muse-design-award-2025\/\" \/>\n<script type=\"application\/ld+json\" class=\"yoast-schema-graph\">{\"@context\":\"https:\\\/\\\/schema.org\",\"@graph\":[{\"@type\":\"WebPage\",\"@id\":\"https:\\\/\\\/design.novoambiente.com\\\/en\\\/product\\\/afago-armchair-muse-design-award-2025\\\/\",\"url\":\"https:\\\/\\\/design.novoambiente.com\\\/en\\\/product\\\/afago-armchair-muse-design-award-2025\\\/\",\"name\":\"Afago Armchair (MUSE DESIGN AWARD 2025) - Novo Ambiente | Cat\u00e1logo\",\"isPartOf\":{\"@id\":\"https:\\\/\\\/design.novoambiente.com\\\/en\\\/#website\"},\"primaryImageOfPage\":{\"@id\":\"https:\\\/\\\/design.novoambiente.com\\\/en\\\/product\\\/afago-armchair-muse-design-award-2025\\\/#primaryimage\"},\"image\":{\"@id\":\"https:\\\/\\\/design.novoambiente.com\\\/en\\\/product\\\/afago-armchair-muse-design-award-2025\\\/#primaryimage\"},\"thumbnailUrl\":\"https:\\\/\\\/design.novoambiente.com\\\/wp-content\\\/uploads\\\/2025\\\/04\\\/big-Poltrona_Afago_3-removebg-preview.png\",\"datePublished\":\"2025-04-24T20:54:52+00:00\",\"breadcrumb\":{\"@id\":\"https:\\\/\\\/design.novoambiente.com\\\/en\\\/product\\\/afago-armchair-muse-design-award-2025\\\/#breadcrumb\"},\"inLanguage\":\"en-US\",\"potentialAction\":[{\"@type\":\"ReadAction\",\"target\":[\"https:\\\/\\\/design.novoambiente.com\\\/en\\\/product\\\/afago-armchair-muse-design-award-2025\\\/\"]}]},{\"@type\":\"ImageObject\",\"inLanguage\":\"en-US\",\"@id\":\"https:\\\/\\\/design.novoambiente.com\\\/en\\\/product\\\/afago-armchair-muse-design-award-2025\\\/#primaryimage\",\"url\":\"https:\\\/\\\/design.novoambiente.com\\\/wp-content\\\/uploads\\\/2025\\\/04\\\/big-Poltrona_Afago_3-removebg-preview.png\",\"contentUrl\":\"https:\\\/\\\/design.novoambiente.com\\\/wp-content\\\/uploads\\\/2025\\\/04\\\/big-Poltrona_Afago_3-removebg-preview.png\",\"width\":413,\"height\":604},{\"@type\":\"BreadcrumbList\",\"@id\":\"https:\\\/\\\/design.novoambiente.com\\\/en\\\/product\\\/afago-armchair-muse-design-award-2025\\\/#breadcrumb\",\"itemListElement\":[{\"@type\":\"ListItem\",\"position\":1,\"name\":\"Home\",\"item\":\"https:\\\/\\\/design.novoambiente.com\\\/en\\\/\"},{\"@type\":\"ListItem\",\"position\":2,\"name\":\"Furniture\",\"item\":\"https:\\\/\\\/design.novoambiente.com\\\/en\\\/furniture\\\/\"},{\"@type\":\"ListItem\",\"position\":3,\"name\":\"Afago Armchair (MUSE DESIGN AWARD 2025)\"}]},{\"@type\":\"WebSite\",\"@id\":\"https:\\\/\\\/design.novoambiente.com\\\/en\\\/#website\",\"url\":\"https:\\\/\\\/design.novoambiente.com\\\/en\\\/\",\"name\":\"Novo Ambiente | Cat\u00e1logo\",\"description\":\"Mobili\u00e1rio de design para casa ou escrit\u00f3rio\",\"potentialAction\":[{\"@type\":\"SearchAction\",\"target\":{\"@type\":\"EntryPoint\",\"urlTemplate\":\"https:\\\/\\\/design.novoambiente.com\\\/en\\\/?s={search_term_string}\"},\"query-input\":{\"@type\":\"PropertyValueSpecification\",\"valueRequired\":true,\"valueName\":\"search_term_string\"}}],\"inLanguage\":\"en-US\"}]}<\/script>\n<!-- \/ Yoast SEO plugin. -->","yoast_head_json":{"title":"Afago Armchair (MUSE DESIGN AWARD 2025) - Novo Ambiente | Cat\u00e1logo","robots":{"index":"index","follow":"follow","max-snippet":"max-snippet:-1","max-image-preview":"max-image-preview:large","max-video-preview":"max-video-preview:-1"},"canonical":"https:\/\/design.novoambiente.com\/en\/product\/afago-armchair-muse-design-award-2025\/","schema":{"@context":"https:\/\/schema.org","@graph":[{"@type":"WebPage","@id":"https:\/\/design.novoambiente.com\/en\/product\/afago-armchair-muse-design-award-2025\/","url":"https:\/\/design.novoambiente.com\/en\/product\/afago-armchair-muse-design-award-2025\/","name":"Afago Armchair (MUSE DESIGN AWARD 2025) - Novo Ambiente | Cat\u00e1logo","isPartOf":{"@id":"https:\/\/design.novoambiente.com\/en\/#website"},"primaryImageOfPage":{"@id":"https:\/\/design.novoambiente.com\/en\/product\/afago-armchair-muse-design-award-2025\/#primaryimage"},"image":{"@id":"https:\/\/design.novoambiente.com\/en\/product\/afago-armchair-muse-design-award-2025\/#primaryimage"},"thumbnailUrl":"https:\/\/design.novoambiente.com\/wp-content\/uploads\/2025\/04\/big-Poltrona_Afago_3-removebg-preview.png","datePublished":"2025-04-24T20:54:52+00:00","breadcrumb":{"@id":"https:\/\/design.novoambiente.com\/en\/product\/afago-armchair-muse-design-award-2025\/#breadcrumb"},"inLanguage":"en-US","potentialAction":[{"@type":"ReadAction","target":["https:\/\/design.novoambiente.com\/en\/product\/afago-armchair-muse-design-award-2025\/"]}]},{"@type":"ImageObject","inLanguage":"en-US","@id":"https:\/\/design.novoambiente.com\/en\/product\/afago-armchair-muse-design-award-2025\/#primaryimage","url":"https:\/\/design.novoambiente.com\/wp-content\/uploads\/2025\/04\/big-Poltrona_Afago_3-removebg-preview.png","contentUrl":"https:\/\/design.novoambiente.com\/wp-content\/uploads\/2025\/04\/big-Poltrona_Afago_3-removebg-preview.png","width":413,"height":604},{"@type":"BreadcrumbList","@id":"https:\/\/design.novoambiente.com\/en\/product\/afago-armchair-muse-design-award-2025\/#breadcrumb","itemListElement":[{"@type":"ListItem","position":1,"name":"Home","item":"https:\/\/design.novoambiente.com\/en\/"},{"@type":"ListItem","position":2,"name":"Furniture","item":"https:\/\/design.novoambiente.com\/en\/furniture\/"},{"@type":"ListItem","position":3,"name":"Afago Armchair (MUSE DESIGN AWARD 2025)"}]},{"@type":"WebSite","@id":"https:\/\/design.novoambiente.com\/en\/#website","url":"https:\/\/design.novoambiente.com\/en\/","name":"Novo Ambiente | Cat\u00e1logo","description":"Mobili\u00e1rio de design para casa ou escrit\u00f3rio","potentialAction":[{"@type":"SearchAction","target":{"@type":"EntryPoint","urlTemplate":"https:\/\/design.novoambiente.com\/en\/?s={search_term_string}"},"query-input":{"@type":"PropertyValueSpecification","valueRequired":true,"valueName":"search_term_string"}}],"inLanguage":"en-US"}]}},"_links":{"self":[{"href":"https:\/\/design.novoambiente.com\/en\/wp-json\/wp\/v2\/product\/155108","targetHints":{"allow":["GET"]}}],"collection":[{"href":"https:\/\/design.novoambiente.com\/en\/wp-json\/wp\/v2\/product"}],"about":[{"href":"https:\/\/design.novoambiente.com\/en\/wp-json\/wp\/v2\/types\/product"}],"wp:featuredmedia":[{"embeddable":true,"href":"https:\/\/design.novoambiente.com\/en\/wp-json\/wp\/v2\/media\/150594"}],"wp:attachment":[{"href":"https:\/\/design.novoambiente.com\/en\/wp-json\/wp\/v2\/media?parent=155108"}],"wp:term":[{"taxonomy":"product_brand","embeddable":true,"href":"https:\/\/design.novoambiente.com\/en\/wp-json\/wp\/v2\/product_brand?post=155108"},{"taxonomy":"product_cat","embeddable":true,"href":"https:\/\/design.novoambiente.com\/en\/wp-json\/wp\/v2\/product_cat?post=155108"},{"taxonomy":"product_tag","embeddable":true,"href":"https:\/\/design.novoambiente.com\/en\/wp-json\/wp\/v2\/product_tag?post=155108"},{"taxonomy":"colecao","embeddable":true,"href":"https:\/\/design.novoambiente.com\/en\/wp-json\/wp\/v2\/colecao?post=155108"},{"taxonomy":"3d","embeddable":true,"href":"https:\/\/design.novoambiente.com\/en\/wp-json\/wp\/v2\/3d?post=155108"}],"curies":[{"name":"wp","href":"https:\/\/api.w.org\/{rel}","templated":true}]}}