{"id":155061,"date":"2025-04-14T12:34:39","date_gmt":"2025-04-14T15:34:39","guid":{"rendered":"https:\/\/design.novoambiente.com\/produto\/vela-lounger-and-umbrella\/"},"modified":"2025-04-14T12:34:39","modified_gmt":"2025-04-14T15:34:39","slug":"vela-lounger-and-umbrella","status":"publish","type":"product","link":"https:\/\/design.novoambiente.com\/en\/product\/vela-lounger-and-umbrella\/","title":{"rendered":"Vela Lounger and Umbrella"},"content":{"rendered":"<p>Some pieces transcend their purpose and become true expressions of design. Vela, the new release from DonaFlor Mob\u00edlia, designed by Italian designer Andrea Zanocchi, is one of those rare examples. Inspired by water sports sails, its dynamic form reflects the interaction with the wind and the natural movement of the environment\u2014yet, its impact goes far beyond aesthetics: the piece impresses at first sight and captivates with its innovative proposal. It is a disruptive product that defies expectations and sparks enthusiasm in all who see it. It elevates design to the status of an experience and captivates through the inherent uniqueness of its design.<br \/>\nAligning with the direction of the sun and wind, Vela projects shadows and redefines the relationship between design and functionality. Its impact is immediate\u2014an object that does not merely occupy space, but transforms it completely.     <\/p>\n","protected":false},"excerpt":{"rendered":"Some pieces transcend their purpose and become true expressions of design. Vela, the new release from DonaFlor&#8230;","protected":false},"featured_media":150171,"template":"","meta":{"_acf_changed":false},"product_brand":[],"product_cat":[3424,3418],"product_tag":[],"colecao":[],"3d":[3462],"class_list":{"0":"post-155061","1":"product","2":"type-product","3":"status-publish","4":"has-post-thumbnail","6":"product_cat-deck-chairs","7":"product_cat-outdoor-area","8":"pa_designer-andrea-zanocchi","9":"3d-arquivos-3d","11":"first","12":"instock","13":"shipping-taxable","14":"product-type-variable"},"acf":[],"yoast_head":"<!-- This site is optimized with the Yoast SEO plugin v27.3 - https:\/\/yoast.com\/product\/yoast-seo-wordpress\/ -->\n<title>Vela Lounger and Umbrella - Novo Ambiente | Cat\u00e1logo<\/title>\n<meta name=\"robots\" content=\"index, follow, max-snippet:-1, max-image-preview:large, max-video-preview:-1\" \/>\n<link rel=\"canonical\" href=\"https:\/\/design.novoambiente.com\/en\/product\/vela-lounger-and-umbrella\/\" \/>\n<meta name=\"twitter:label1\" content=\"Est. reading time\" \/>\n\t<meta name=\"twitter:data1\" content=\"1 minute\" \/>\n<script type=\"application\/ld+json\" class=\"yoast-schema-graph\">{\"@context\":\"https:\\\/\\\/schema.org\",\"@graph\":[{\"@type\":\"WebPage\",\"@id\":\"https:\\\/\\\/design.novoambiente.com\\\/en\\\/product\\\/vela-lounger-and-umbrella\\\/\",\"url\":\"https:\\\/\\\/design.novoambiente.com\\\/en\\\/product\\\/vela-lounger-and-umbrella\\\/\",\"name\":\"Vela Lounger and Umbrella - Novo Ambiente | Cat\u00e1logo\",\"isPartOf\":{\"@id\":\"https:\\\/\\\/design.novoambiente.com\\\/en\\\/#website\"},\"primaryImageOfPage\":{\"@id\":\"https:\\\/\\\/design.novoambiente.com\\\/en\\\/product\\\/vela-lounger-and-umbrella\\\/#primaryimage\"},\"image\":{\"@id\":\"https:\\\/\\\/design.novoambiente.com\\\/en\\\/product\\\/vela-lounger-and-umbrella\\\/#primaryimage\"},\"thumbnailUrl\":\"https:\\\/\\\/design.novoambiente.com\\\/wp-content\\\/uploads\\\/2025\\\/04\\\/0A9A5320-Editar-removebg-preview.png\",\"datePublished\":\"2025-04-14T15:34:39+00:00\",\"breadcrumb\":{\"@id\":\"https:\\\/\\\/design.novoambiente.com\\\/en\\\/product\\\/vela-lounger-and-umbrella\\\/#breadcrumb\"},\"inLanguage\":\"en-US\",\"potentialAction\":[{\"@type\":\"ReadAction\",\"target\":[\"https:\\\/\\\/design.novoambiente.com\\\/en\\\/product\\\/vela-lounger-and-umbrella\\\/\"]}]},{\"@type\":\"ImageObject\",\"inLanguage\":\"en-US\",\"@id\":\"https:\\\/\\\/design.novoambiente.com\\\/en\\\/product\\\/vela-lounger-and-umbrella\\\/#primaryimage\",\"url\":\"https:\\\/\\\/design.novoambiente.com\\\/wp-content\\\/uploads\\\/2025\\\/04\\\/0A9A5320-Editar-removebg-preview.png\",\"contentUrl\":\"https:\\\/\\\/design.novoambiente.com\\\/wp-content\\\/uploads\\\/2025\\\/04\\\/0A9A5320-Editar-removebg-preview.png\",\"width\":612,\"height\":408},{\"@type\":\"BreadcrumbList\",\"@id\":\"https:\\\/\\\/design.novoambiente.com\\\/en\\\/product\\\/vela-lounger-and-umbrella\\\/#breadcrumb\",\"itemListElement\":[{\"@type\":\"ListItem\",\"position\":1,\"name\":\"Home\",\"item\":\"https:\\\/\\\/design.novoambiente.com\\\/en\\\/\"},{\"@type\":\"ListItem\",\"position\":2,\"name\":\"Furniture\",\"item\":\"https:\\\/\\\/design.novoambiente.com\\\/en\\\/furniture\\\/\"},{\"@type\":\"ListItem\",\"position\":3,\"name\":\"Vela Lounger and Umbrella\"}]},{\"@type\":\"WebSite\",\"@id\":\"https:\\\/\\\/design.novoambiente.com\\\/en\\\/#website\",\"url\":\"https:\\\/\\\/design.novoambiente.com\\\/en\\\/\",\"name\":\"Novo Ambiente | Cat\u00e1logo\",\"description\":\"Mobili\u00e1rio de design para casa ou escrit\u00f3rio\",\"potentialAction\":[{\"@type\":\"SearchAction\",\"target\":{\"@type\":\"EntryPoint\",\"urlTemplate\":\"https:\\\/\\\/design.novoambiente.com\\\/en\\\/?s={search_term_string}\"},\"query-input\":{\"@type\":\"PropertyValueSpecification\",\"valueRequired\":true,\"valueName\":\"search_term_string\"}}],\"inLanguage\":\"en-US\"}]}<\/script>\n<!-- \/ Yoast SEO plugin. -->","yoast_head_json":{"title":"Vela Lounger and Umbrella - Novo Ambiente | Cat\u00e1logo","robots":{"index":"index","follow":"follow","max-snippet":"max-snippet:-1","max-image-preview":"max-image-preview:large","max-video-preview":"max-video-preview:-1"},"canonical":"https:\/\/design.novoambiente.com\/en\/product\/vela-lounger-and-umbrella\/","twitter_misc":{"Est. reading time":"1 minute"},"schema":{"@context":"https:\/\/schema.org","@graph":[{"@type":"WebPage","@id":"https:\/\/design.novoambiente.com\/en\/product\/vela-lounger-and-umbrella\/","url":"https:\/\/design.novoambiente.com\/en\/product\/vela-lounger-and-umbrella\/","name":"Vela Lounger and Umbrella - Novo Ambiente | Cat\u00e1logo","isPartOf":{"@id":"https:\/\/design.novoambiente.com\/en\/#website"},"primaryImageOfPage":{"@id":"https:\/\/design.novoambiente.com\/en\/product\/vela-lounger-and-umbrella\/#primaryimage"},"image":{"@id":"https:\/\/design.novoambiente.com\/en\/product\/vela-lounger-and-umbrella\/#primaryimage"},"thumbnailUrl":"https:\/\/design.novoambiente.com\/wp-content\/uploads\/2025\/04\/0A9A5320-Editar-removebg-preview.png","datePublished":"2025-04-14T15:34:39+00:00","breadcrumb":{"@id":"https:\/\/design.novoambiente.com\/en\/product\/vela-lounger-and-umbrella\/#breadcrumb"},"inLanguage":"en-US","potentialAction":[{"@type":"ReadAction","target":["https:\/\/design.novoambiente.com\/en\/product\/vela-lounger-and-umbrella\/"]}]},{"@type":"ImageObject","inLanguage":"en-US","@id":"https:\/\/design.novoambiente.com\/en\/product\/vela-lounger-and-umbrella\/#primaryimage","url":"https:\/\/design.novoambiente.com\/wp-content\/uploads\/2025\/04\/0A9A5320-Editar-removebg-preview.png","contentUrl":"https:\/\/design.novoambiente.com\/wp-content\/uploads\/2025\/04\/0A9A5320-Editar-removebg-preview.png","width":612,"height":408},{"@type":"BreadcrumbList","@id":"https:\/\/design.novoambiente.com\/en\/product\/vela-lounger-and-umbrella\/#breadcrumb","itemListElement":[{"@type":"ListItem","position":1,"name":"Home","item":"https:\/\/design.novoambiente.com\/en\/"},{"@type":"ListItem","position":2,"name":"Furniture","item":"https:\/\/design.novoambiente.com\/en\/furniture\/"},{"@type":"ListItem","position":3,"name":"Vela Lounger and Umbrella"}]},{"@type":"WebSite","@id":"https:\/\/design.novoambiente.com\/en\/#website","url":"https:\/\/design.novoambiente.com\/en\/","name":"Novo Ambiente | Cat\u00e1logo","description":"Mobili\u00e1rio de design para casa ou escrit\u00f3rio","potentialAction":[{"@type":"SearchAction","target":{"@type":"EntryPoint","urlTemplate":"https:\/\/design.novoambiente.com\/en\/?s={search_term_string}"},"query-input":{"@type":"PropertyValueSpecification","valueRequired":true,"valueName":"search_term_string"}}],"inLanguage":"en-US"}]}},"_links":{"self":[{"href":"https:\/\/design.novoambiente.com\/en\/wp-json\/wp\/v2\/product\/155061","targetHints":{"allow":["GET"]}}],"collection":[{"href":"https:\/\/design.novoambiente.com\/en\/wp-json\/wp\/v2\/product"}],"about":[{"href":"https:\/\/design.novoambiente.com\/en\/wp-json\/wp\/v2\/types\/product"}],"wp:featuredmedia":[{"embeddable":true,"href":"https:\/\/design.novoambiente.com\/en\/wp-json\/wp\/v2\/media\/150171"}],"wp:attachment":[{"href":"https:\/\/design.novoambiente.com\/en\/wp-json\/wp\/v2\/media?parent=155061"}],"wp:term":[{"taxonomy":"product_brand","embeddable":true,"href":"https:\/\/design.novoambiente.com\/en\/wp-json\/wp\/v2\/product_brand?post=155061"},{"taxonomy":"product_cat","embeddable":true,"href":"https:\/\/design.novoambiente.com\/en\/wp-json\/wp\/v2\/product_cat?post=155061"},{"taxonomy":"product_tag","embeddable":true,"href":"https:\/\/design.novoambiente.com\/en\/wp-json\/wp\/v2\/product_tag?post=155061"},{"taxonomy":"colecao","embeddable":true,"href":"https:\/\/design.novoambiente.com\/en\/wp-json\/wp\/v2\/colecao?post=155061"},{"taxonomy":"3d","embeddable":true,"href":"https:\/\/design.novoambiente.com\/en\/wp-json\/wp\/v2\/3d?post=155061"}],"curies":[{"name":"wp","href":"https:\/\/api.w.org\/{rel}","templated":true}]}}