{"id":154889,"date":"2025-07-14T18:16:39","date_gmt":"2025-07-14T21:16:39","guid":{"rendered":"https:\/\/design.novoambiente.com\/produto\/trama-tea-set\/"},"modified":"2025-07-14T18:16:39","modified_gmt":"2025-07-14T21:16:39","slug":"trama-tea-set","status":"publish","type":"product","link":"https:\/\/design.novoambiente.com\/en\/product\/trama-tea-set\/","title":{"rendered":"Trama Tea Set"},"content":{"rendered":"<p>The Trama tea and coffee service includes: tray, teapot, coffee pot, milk jug, and sugar bowl.<br \/>\nPure and simple beauty. The Trama Collection charms with its brilliance, forms, movement, and sophistication. An innovative design featuring the mastery of artist and designer Jacqueline Terpins. The designer focused on steel sheet offcuts\u2014the result of producing various objects\u2014envisioning them as the starting point for a collection. According to Jacqueline, these \u201cfinds\u201d gained a new and unexpected purpose and became valued for their delicate design of geometric strips in varying thicknesses.    <\/p>\n","protected":false},"excerpt":{"rendered":"The Trama tea and coffee service includes: tray, teapot, coffee pot, milk jug, and sugar bowl. Pure&#8230;","protected":false},"featured_media":150973,"template":"","meta":{"_acf_changed":false},"product_brand":[],"product_cat":[3443,3400],"product_tag":[],"colecao":[],"3d":[],"class_list":{"0":"post-154889","1":"product","2":"type-product","3":"status-publish","4":"has-post-thumbnail","6":"product_cat-gallery","7":"product_cat-indoor-area","8":"pa_designer-jacqueline-terpins","10":"first","11":"instock","12":"shipping-taxable","13":"product-type-variable"},"acf":[],"yoast_head":"<!-- This site is optimized with the Yoast SEO plugin v27.3 - https:\/\/yoast.com\/product\/yoast-seo-wordpress\/ -->\n<title>Trama Tea Set - Novo Ambiente | Cat\u00e1logo<\/title>\n<meta name=\"robots\" content=\"index, follow, max-snippet:-1, max-image-preview:large, max-video-preview:-1\" \/>\n<link rel=\"canonical\" href=\"https:\/\/design.novoambiente.com\/en\/product\/trama-tea-set\/\" \/>\n<script type=\"application\/ld+json\" class=\"yoast-schema-graph\">{\"@context\":\"https:\\\/\\\/schema.org\",\"@graph\":[{\"@type\":\"WebPage\",\"@id\":\"https:\\\/\\\/design.novoambiente.com\\\/en\\\/product\\\/trama-tea-set\\\/\",\"url\":\"https:\\\/\\\/design.novoambiente.com\\\/en\\\/product\\\/trama-tea-set\\\/\",\"name\":\"Trama Tea Set - Novo Ambiente | Cat\u00e1logo\",\"isPartOf\":{\"@id\":\"https:\\\/\\\/design.novoambiente.com\\\/en\\\/#website\"},\"primaryImageOfPage\":{\"@id\":\"https:\\\/\\\/design.novoambiente.com\\\/en\\\/product\\\/trama-tea-set\\\/#primaryimage\"},\"image\":{\"@id\":\"https:\\\/\\\/design.novoambiente.com\\\/en\\\/product\\\/trama-tea-set\\\/#primaryimage\"},\"thumbnailUrl\":\"https:\\\/\\\/design.novoambiente.com\\\/wp-content\\\/uploads\\\/2025\\\/07\\\/WhatsApp-Image-2025-05-21-at-18.09.15.jpeg\",\"datePublished\":\"2025-07-14T21:16:39+00:00\",\"breadcrumb\":{\"@id\":\"https:\\\/\\\/design.novoambiente.com\\\/en\\\/product\\\/trama-tea-set\\\/#breadcrumb\"},\"inLanguage\":\"en-US\",\"potentialAction\":[{\"@type\":\"ReadAction\",\"target\":[\"https:\\\/\\\/design.novoambiente.com\\\/en\\\/product\\\/trama-tea-set\\\/\"]}]},{\"@type\":\"ImageObject\",\"inLanguage\":\"en-US\",\"@id\":\"https:\\\/\\\/design.novoambiente.com\\\/en\\\/product\\\/trama-tea-set\\\/#primaryimage\",\"url\":\"https:\\\/\\\/design.novoambiente.com\\\/wp-content\\\/uploads\\\/2025\\\/07\\\/WhatsApp-Image-2025-05-21-at-18.09.15.jpeg\",\"contentUrl\":\"https:\\\/\\\/design.novoambiente.com\\\/wp-content\\\/uploads\\\/2025\\\/07\\\/WhatsApp-Image-2025-05-21-at-18.09.15.jpeg\",\"width\":1000,\"height\":1000},{\"@type\":\"BreadcrumbList\",\"@id\":\"https:\\\/\\\/design.novoambiente.com\\\/en\\\/product\\\/trama-tea-set\\\/#breadcrumb\",\"itemListElement\":[{\"@type\":\"ListItem\",\"position\":1,\"name\":\"Home\",\"item\":\"https:\\\/\\\/design.novoambiente.com\\\/en\\\/\"},{\"@type\":\"ListItem\",\"position\":2,\"name\":\"Furniture\",\"item\":\"https:\\\/\\\/design.novoambiente.com\\\/en\\\/furniture\\\/\"},{\"@type\":\"ListItem\",\"position\":3,\"name\":\"Trama Tea Set\"}]},{\"@type\":\"WebSite\",\"@id\":\"https:\\\/\\\/design.novoambiente.com\\\/en\\\/#website\",\"url\":\"https:\\\/\\\/design.novoambiente.com\\\/en\\\/\",\"name\":\"Novo Ambiente | Cat\u00e1logo\",\"description\":\"Mobili\u00e1rio de design para casa ou escrit\u00f3rio\",\"potentialAction\":[{\"@type\":\"SearchAction\",\"target\":{\"@type\":\"EntryPoint\",\"urlTemplate\":\"https:\\\/\\\/design.novoambiente.com\\\/en\\\/?s={search_term_string}\"},\"query-input\":{\"@type\":\"PropertyValueSpecification\",\"valueRequired\":true,\"valueName\":\"search_term_string\"}}],\"inLanguage\":\"en-US\"}]}<\/script>\n<!-- \/ Yoast SEO plugin. -->","yoast_head_json":{"title":"Trama Tea Set - Novo Ambiente | Cat\u00e1logo","robots":{"index":"index","follow":"follow","max-snippet":"max-snippet:-1","max-image-preview":"max-image-preview:large","max-video-preview":"max-video-preview:-1"},"canonical":"https:\/\/design.novoambiente.com\/en\/product\/trama-tea-set\/","schema":{"@context":"https:\/\/schema.org","@graph":[{"@type":"WebPage","@id":"https:\/\/design.novoambiente.com\/en\/product\/trama-tea-set\/","url":"https:\/\/design.novoambiente.com\/en\/product\/trama-tea-set\/","name":"Trama Tea Set - Novo Ambiente | Cat\u00e1logo","isPartOf":{"@id":"https:\/\/design.novoambiente.com\/en\/#website"},"primaryImageOfPage":{"@id":"https:\/\/design.novoambiente.com\/en\/product\/trama-tea-set\/#primaryimage"},"image":{"@id":"https:\/\/design.novoambiente.com\/en\/product\/trama-tea-set\/#primaryimage"},"thumbnailUrl":"https:\/\/design.novoambiente.com\/wp-content\/uploads\/2025\/07\/WhatsApp-Image-2025-05-21-at-18.09.15.jpeg","datePublished":"2025-07-14T21:16:39+00:00","breadcrumb":{"@id":"https:\/\/design.novoambiente.com\/en\/product\/trama-tea-set\/#breadcrumb"},"inLanguage":"en-US","potentialAction":[{"@type":"ReadAction","target":["https:\/\/design.novoambiente.com\/en\/product\/trama-tea-set\/"]}]},{"@type":"ImageObject","inLanguage":"en-US","@id":"https:\/\/design.novoambiente.com\/en\/product\/trama-tea-set\/#primaryimage","url":"https:\/\/design.novoambiente.com\/wp-content\/uploads\/2025\/07\/WhatsApp-Image-2025-05-21-at-18.09.15.jpeg","contentUrl":"https:\/\/design.novoambiente.com\/wp-content\/uploads\/2025\/07\/WhatsApp-Image-2025-05-21-at-18.09.15.jpeg","width":1000,"height":1000},{"@type":"BreadcrumbList","@id":"https:\/\/design.novoambiente.com\/en\/product\/trama-tea-set\/#breadcrumb","itemListElement":[{"@type":"ListItem","position":1,"name":"Home","item":"https:\/\/design.novoambiente.com\/en\/"},{"@type":"ListItem","position":2,"name":"Furniture","item":"https:\/\/design.novoambiente.com\/en\/furniture\/"},{"@type":"ListItem","position":3,"name":"Trama Tea Set"}]},{"@type":"WebSite","@id":"https:\/\/design.novoambiente.com\/en\/#website","url":"https:\/\/design.novoambiente.com\/en\/","name":"Novo Ambiente | Cat\u00e1logo","description":"Mobili\u00e1rio de design para casa ou escrit\u00f3rio","potentialAction":[{"@type":"SearchAction","target":{"@type":"EntryPoint","urlTemplate":"https:\/\/design.novoambiente.com\/en\/?s={search_term_string}"},"query-input":{"@type":"PropertyValueSpecification","valueRequired":true,"valueName":"search_term_string"}}],"inLanguage":"en-US"}]}},"_links":{"self":[{"href":"https:\/\/design.novoambiente.com\/en\/wp-json\/wp\/v2\/product\/154889","targetHints":{"allow":["GET"]}}],"collection":[{"href":"https:\/\/design.novoambiente.com\/en\/wp-json\/wp\/v2\/product"}],"about":[{"href":"https:\/\/design.novoambiente.com\/en\/wp-json\/wp\/v2\/types\/product"}],"wp:featuredmedia":[{"embeddable":true,"href":"https:\/\/design.novoambiente.com\/en\/wp-json\/wp\/v2\/media\/150973"}],"wp:attachment":[{"href":"https:\/\/design.novoambiente.com\/en\/wp-json\/wp\/v2\/media?parent=154889"}],"wp:term":[{"taxonomy":"product_brand","embeddable":true,"href":"https:\/\/design.novoambiente.com\/en\/wp-json\/wp\/v2\/product_brand?post=154889"},{"taxonomy":"product_cat","embeddable":true,"href":"https:\/\/design.novoambiente.com\/en\/wp-json\/wp\/v2\/product_cat?post=154889"},{"taxonomy":"product_tag","embeddable":true,"href":"https:\/\/design.novoambiente.com\/en\/wp-json\/wp\/v2\/product_tag?post=154889"},{"taxonomy":"colecao","embeddable":true,"href":"https:\/\/design.novoambiente.com\/en\/wp-json\/wp\/v2\/colecao?post=154889"},{"taxonomy":"3d","embeddable":true,"href":"https:\/\/design.novoambiente.com\/en\/wp-json\/wp\/v2\/3d?post=154889"}],"curies":[{"name":"wp","href":"https:\/\/api.w.org\/{rel}","templated":true}]}}