{"id":154652,"date":"2025-05-26T17:48:08","date_gmt":"2025-05-26T20:48:08","guid":{"rendered":"https:\/\/design.novoambiente.com\/produto\/umberto-bar-cart\/"},"modified":"2025-05-26T17:48:08","modified_gmt":"2025-05-26T20:48:08","slug":"umberto-bar-cart","status":"publish","type":"product","link":"https:\/\/design.novoambiente.com\/en\/product\/umberto-bar-cart\/","title":{"rendered":"Umberto Bar Cart"},"content":{"rendered":"<p>The Umberto Bar Cart is a tribute to the Italian artist Umberto Boccioni, one of the leading figures of the artistic movement known as Futurism. Futurism was one of the strands of the 20th-century artistic avant-gardes. The main idea Futurists sought to incorporate into their artistic practice was, above all, speed\u2014capturing, whether in the visual arts or in literature, the accelerated movement they perceived intensifying around them.  <\/p>\n","protected":false},"excerpt":{"rendered":"The Umberto Bar Cart is a tribute to the Italian artist Umberto Boccioni, one of the leading&#8230;","protected":false},"featured_media":150625,"template":"","meta":{"_acf_changed":false},"product_brand":[],"product_cat":[3436,3400],"product_tag":[],"colecao":[],"3d":[3462],"class_list":{"0":"post-154652","1":"product","2":"type-product","3":"status-publish","4":"has-post-thumbnail","6":"product_cat-support-cart","7":"product_cat-indoor-area","8":"pa_designer-paulo-sartori","9":"3d-arquivos-3d","11":"first","12":"instock","13":"shipping-taxable","14":"product-type-variable"},"acf":[],"yoast_head":"<!-- This site is optimized with the Yoast SEO plugin v27.3 - https:\/\/yoast.com\/product\/yoast-seo-wordpress\/ -->\n<title>Umberto Bar Cart - Novo Ambiente | Cat\u00e1logo<\/title>\n<meta name=\"robots\" content=\"index, follow, max-snippet:-1, max-image-preview:large, max-video-preview:-1\" \/>\n<link rel=\"canonical\" href=\"https:\/\/design.novoambiente.com\/en\/product\/umberto-bar-cart\/\" \/>\n<script type=\"application\/ld+json\" class=\"yoast-schema-graph\">{\"@context\":\"https:\\\/\\\/schema.org\",\"@graph\":[{\"@type\":\"WebPage\",\"@id\":\"https:\\\/\\\/design.novoambiente.com\\\/en\\\/product\\\/umberto-bar-cart\\\/\",\"url\":\"https:\\\/\\\/design.novoambiente.com\\\/en\\\/product\\\/umberto-bar-cart\\\/\",\"name\":\"Umberto Bar Cart - Novo Ambiente | Cat\u00e1logo\",\"isPartOf\":{\"@id\":\"https:\\\/\\\/design.novoambiente.com\\\/en\\\/#website\"},\"primaryImageOfPage\":{\"@id\":\"https:\\\/\\\/design.novoambiente.com\\\/en\\\/product\\\/umberto-bar-cart\\\/#primaryimage\"},\"image\":{\"@id\":\"https:\\\/\\\/design.novoambiente.com\\\/en\\\/product\\\/umberto-bar-cart\\\/#primaryimage\"},\"thumbnailUrl\":\"https:\\\/\\\/design.novoambiente.com\\\/wp-content\\\/uploads\\\/2025\\\/05\\\/WhatsApp-Image-2025-05-23-at-16.59.53.jpeg\",\"datePublished\":\"2025-05-26T20:48:08+00:00\",\"breadcrumb\":{\"@id\":\"https:\\\/\\\/design.novoambiente.com\\\/en\\\/product\\\/umberto-bar-cart\\\/#breadcrumb\"},\"inLanguage\":\"en-US\",\"potentialAction\":[{\"@type\":\"ReadAction\",\"target\":[\"https:\\\/\\\/design.novoambiente.com\\\/en\\\/product\\\/umberto-bar-cart\\\/\"]}]},{\"@type\":\"ImageObject\",\"inLanguage\":\"en-US\",\"@id\":\"https:\\\/\\\/design.novoambiente.com\\\/en\\\/product\\\/umberto-bar-cart\\\/#primaryimage\",\"url\":\"https:\\\/\\\/design.novoambiente.com\\\/wp-content\\\/uploads\\\/2025\\\/05\\\/WhatsApp-Image-2025-05-23-at-16.59.53.jpeg\",\"contentUrl\":\"https:\\\/\\\/design.novoambiente.com\\\/wp-content\\\/uploads\\\/2025\\\/05\\\/WhatsApp-Image-2025-05-23-at-16.59.53.jpeg\",\"width\":1280,\"height\":853},{\"@type\":\"BreadcrumbList\",\"@id\":\"https:\\\/\\\/design.novoambiente.com\\\/en\\\/product\\\/umberto-bar-cart\\\/#breadcrumb\",\"itemListElement\":[{\"@type\":\"ListItem\",\"position\":1,\"name\":\"Home\",\"item\":\"https:\\\/\\\/design.novoambiente.com\\\/en\\\/\"},{\"@type\":\"ListItem\",\"position\":2,\"name\":\"Furniture\",\"item\":\"https:\\\/\\\/design.novoambiente.com\\\/en\\\/furniture\\\/\"},{\"@type\":\"ListItem\",\"position\":3,\"name\":\"Umberto Bar Cart\"}]},{\"@type\":\"WebSite\",\"@id\":\"https:\\\/\\\/design.novoambiente.com\\\/en\\\/#website\",\"url\":\"https:\\\/\\\/design.novoambiente.com\\\/en\\\/\",\"name\":\"Novo Ambiente | Cat\u00e1logo\",\"description\":\"Mobili\u00e1rio de design para casa ou escrit\u00f3rio\",\"potentialAction\":[{\"@type\":\"SearchAction\",\"target\":{\"@type\":\"EntryPoint\",\"urlTemplate\":\"https:\\\/\\\/design.novoambiente.com\\\/en\\\/?s={search_term_string}\"},\"query-input\":{\"@type\":\"PropertyValueSpecification\",\"valueRequired\":true,\"valueName\":\"search_term_string\"}}],\"inLanguage\":\"en-US\"}]}<\/script>\n<!-- \/ Yoast SEO plugin. -->","yoast_head_json":{"title":"Umberto Bar Cart - Novo Ambiente | Cat\u00e1logo","robots":{"index":"index","follow":"follow","max-snippet":"max-snippet:-1","max-image-preview":"max-image-preview:large","max-video-preview":"max-video-preview:-1"},"canonical":"https:\/\/design.novoambiente.com\/en\/product\/umberto-bar-cart\/","schema":{"@context":"https:\/\/schema.org","@graph":[{"@type":"WebPage","@id":"https:\/\/design.novoambiente.com\/en\/product\/umberto-bar-cart\/","url":"https:\/\/design.novoambiente.com\/en\/product\/umberto-bar-cart\/","name":"Umberto Bar Cart - Novo Ambiente | Cat\u00e1logo","isPartOf":{"@id":"https:\/\/design.novoambiente.com\/en\/#website"},"primaryImageOfPage":{"@id":"https:\/\/design.novoambiente.com\/en\/product\/umberto-bar-cart\/#primaryimage"},"image":{"@id":"https:\/\/design.novoambiente.com\/en\/product\/umberto-bar-cart\/#primaryimage"},"thumbnailUrl":"https:\/\/design.novoambiente.com\/wp-content\/uploads\/2025\/05\/WhatsApp-Image-2025-05-23-at-16.59.53.jpeg","datePublished":"2025-05-26T20:48:08+00:00","breadcrumb":{"@id":"https:\/\/design.novoambiente.com\/en\/product\/umberto-bar-cart\/#breadcrumb"},"inLanguage":"en-US","potentialAction":[{"@type":"ReadAction","target":["https:\/\/design.novoambiente.com\/en\/product\/umberto-bar-cart\/"]}]},{"@type":"ImageObject","inLanguage":"en-US","@id":"https:\/\/design.novoambiente.com\/en\/product\/umberto-bar-cart\/#primaryimage","url":"https:\/\/design.novoambiente.com\/wp-content\/uploads\/2025\/05\/WhatsApp-Image-2025-05-23-at-16.59.53.jpeg","contentUrl":"https:\/\/design.novoambiente.com\/wp-content\/uploads\/2025\/05\/WhatsApp-Image-2025-05-23-at-16.59.53.jpeg","width":1280,"height":853},{"@type":"BreadcrumbList","@id":"https:\/\/design.novoambiente.com\/en\/product\/umberto-bar-cart\/#breadcrumb","itemListElement":[{"@type":"ListItem","position":1,"name":"Home","item":"https:\/\/design.novoambiente.com\/en\/"},{"@type":"ListItem","position":2,"name":"Furniture","item":"https:\/\/design.novoambiente.com\/en\/furniture\/"},{"@type":"ListItem","position":3,"name":"Umberto Bar Cart"}]},{"@type":"WebSite","@id":"https:\/\/design.novoambiente.com\/en\/#website","url":"https:\/\/design.novoambiente.com\/en\/","name":"Novo Ambiente | Cat\u00e1logo","description":"Mobili\u00e1rio de design para casa ou escrit\u00f3rio","potentialAction":[{"@type":"SearchAction","target":{"@type":"EntryPoint","urlTemplate":"https:\/\/design.novoambiente.com\/en\/?s={search_term_string}"},"query-input":{"@type":"PropertyValueSpecification","valueRequired":true,"valueName":"search_term_string"}}],"inLanguage":"en-US"}]}},"_links":{"self":[{"href":"https:\/\/design.novoambiente.com\/en\/wp-json\/wp\/v2\/product\/154652","targetHints":{"allow":["GET"]}}],"collection":[{"href":"https:\/\/design.novoambiente.com\/en\/wp-json\/wp\/v2\/product"}],"about":[{"href":"https:\/\/design.novoambiente.com\/en\/wp-json\/wp\/v2\/types\/product"}],"wp:featuredmedia":[{"embeddable":true,"href":"https:\/\/design.novoambiente.com\/en\/wp-json\/wp\/v2\/media\/150625"}],"wp:attachment":[{"href":"https:\/\/design.novoambiente.com\/en\/wp-json\/wp\/v2\/media?parent=154652"}],"wp:term":[{"taxonomy":"product_brand","embeddable":true,"href":"https:\/\/design.novoambiente.com\/en\/wp-json\/wp\/v2\/product_brand?post=154652"},{"taxonomy":"product_cat","embeddable":true,"href":"https:\/\/design.novoambiente.com\/en\/wp-json\/wp\/v2\/product_cat?post=154652"},{"taxonomy":"product_tag","embeddable":true,"href":"https:\/\/design.novoambiente.com\/en\/wp-json\/wp\/v2\/product_tag?post=154652"},{"taxonomy":"colecao","embeddable":true,"href":"https:\/\/design.novoambiente.com\/en\/wp-json\/wp\/v2\/colecao?post=154652"},{"taxonomy":"3d","embeddable":true,"href":"https:\/\/design.novoambiente.com\/en\/wp-json\/wp\/v2\/3d?post=154652"}],"curies":[{"name":"wp","href":"https:\/\/api.w.org\/{rel}","templated":true}]}}