{"id":154125,"date":"2026-01-16T13:01:05","date_gmt":"2026-01-16T16:01:05","guid":{"rendered":"https:\/\/design.novoambiente.com\/produto\/ilio-floor-lamp\/"},"modified":"2026-04-07T12:00:43","modified_gmt":"2026-04-07T15:00:43","slug":"ilio-floor-lamp","status":"publish","type":"product","link":"https:\/\/design.novoambiente.com\/en\/product\/ilio-floor-lamp\/","title":{"rendered":"Ilio floor lamp"},"content":{"rendered":"<p>Artemide celebrates Ilio\u2019s 10th anniversary with a special signed and numbered edition of 2,000 pieces. Designed by Artemide founder Ernesto Gismondi, Ilio is an essential, timeless piece. It is a synthesis of manufacturing expertise and functionality, renewed thanks to a refined, sustainable shaded metallic finish achieved with PVD technology. This tonal gradation, ranging from warm to cool, from gold to silver, interacts with its surroundings, softly reflecting colors. The Ilio 10 Special Edition is not only an extremely efficient, high-performance lighting product, but also an iconic, one-of-a-kind object. In fact, each piece in this limited edition is engraved with Ernesto Gismondi\u2019s signature and a serial number. The finish achieved through the PVD (Physical Vapor Deposition) process is yet another demonstration of Artemide\u2019s commitment to increasingly sustainable design and production. Dynamic light management with the Artemide app allows each person to be aware of their own lighting. Ilio 10 Special Edition celebrates the past while projecting the future.        <\/p>\n","protected":false},"excerpt":{"rendered":"Artemide celebrates Ilio\u2019s 10th anniversary with a special signed and numbered edition of 2,000 pieces. Designed by&#8230;","protected":false},"featured_media":152641,"template":"","meta":{"_acf_changed":false},"product_brand":[],"product_cat":[3413,3414],"product_tag":[3510],"colecao":[3502],"3d":[3462],"class_list":{"0":"post-154125","1":"product","2":"type-product","3":"status-publish","4":"has-post-thumbnail","6":"product_cat-lighting","7":"product_cat-floor-lamp","8":"product_tag-artemide","9":"pa_designer-artemide","10":"pa_designer-ernesto-gismondi","11":"colecao-artemide-lamps","12":"3d-arquivos-3d","14":"first","15":"instock","16":"shipping-taxable","17":"product-type-variable"},"acf":[],"yoast_head":"<!-- This site is optimized with the Yoast SEO plugin v27.3 - https:\/\/yoast.com\/product\/yoast-seo-wordpress\/ -->\n<title>Ilio floor lamp - Novo Ambiente | Cat\u00e1logo<\/title>\n<meta name=\"robots\" content=\"index, follow, max-snippet:-1, max-image-preview:large, max-video-preview:-1\" \/>\n<link rel=\"canonical\" href=\"https:\/\/design.novoambiente.com\/en\/product\/ilio-floor-lamp\/\" \/>\n<meta name=\"twitter:label1\" content=\"Est. reading time\" \/>\n\t<meta name=\"twitter:data1\" content=\"1 minute\" \/>\n<script type=\"application\/ld+json\" class=\"yoast-schema-graph\">{\"@context\":\"https:\\\/\\\/schema.org\",\"@graph\":[{\"@type\":\"WebPage\",\"@id\":\"https:\\\/\\\/design.novoambiente.com\\\/en\\\/product\\\/ilio-floor-lamp\\\/\",\"url\":\"https:\\\/\\\/design.novoambiente.com\\\/en\\\/product\\\/ilio-floor-lamp\\\/\",\"name\":\"Ilio floor lamp - Novo Ambiente | Cat\u00e1logo\",\"isPartOf\":{\"@id\":\"https:\\\/\\\/design.novoambiente.com\\\/en\\\/#website\"},\"primaryImageOfPage\":{\"@id\":\"https:\\\/\\\/design.novoambiente.com\\\/en\\\/product\\\/ilio-floor-lamp\\\/#primaryimage\"},\"image\":{\"@id\":\"https:\\\/\\\/design.novoambiente.com\\\/en\\\/product\\\/ilio-floor-lamp\\\/#primaryimage\"},\"thumbnailUrl\":\"https:\\\/\\\/design.novoambiente.com\\\/wp-content\\\/uploads\\\/2026\\\/01\\\/817895e2-63d3-4597-b527-540f20ffdaae.png\",\"datePublished\":\"2026-01-16T16:01:05+00:00\",\"dateModified\":\"2026-04-07T15:00:43+00:00\",\"breadcrumb\":{\"@id\":\"https:\\\/\\\/design.novoambiente.com\\\/en\\\/product\\\/ilio-floor-lamp\\\/#breadcrumb\"},\"inLanguage\":\"en-US\",\"potentialAction\":[{\"@type\":\"ReadAction\",\"target\":[\"https:\\\/\\\/design.novoambiente.com\\\/en\\\/product\\\/ilio-floor-lamp\\\/\"]}]},{\"@type\":\"ImageObject\",\"inLanguage\":\"en-US\",\"@id\":\"https:\\\/\\\/design.novoambiente.com\\\/en\\\/product\\\/ilio-floor-lamp\\\/#primaryimage\",\"url\":\"https:\\\/\\\/design.novoambiente.com\\\/wp-content\\\/uploads\\\/2026\\\/01\\\/817895e2-63d3-4597-b527-540f20ffdaae.png\",\"contentUrl\":\"https:\\\/\\\/design.novoambiente.com\\\/wp-content\\\/uploads\\\/2026\\\/01\\\/817895e2-63d3-4597-b527-540f20ffdaae.png\",\"width\":1920,\"height\":1080},{\"@type\":\"BreadcrumbList\",\"@id\":\"https:\\\/\\\/design.novoambiente.com\\\/en\\\/product\\\/ilio-floor-lamp\\\/#breadcrumb\",\"itemListElement\":[{\"@type\":\"ListItem\",\"position\":1,\"name\":\"Home\",\"item\":\"https:\\\/\\\/design.novoambiente.com\\\/en\\\/\"},{\"@type\":\"ListItem\",\"position\":2,\"name\":\"Furniture\",\"item\":\"https:\\\/\\\/design.novoambiente.com\\\/en\\\/furniture\\\/\"},{\"@type\":\"ListItem\",\"position\":3,\"name\":\"Ilio floor lamp\"}]},{\"@type\":\"WebSite\",\"@id\":\"https:\\\/\\\/design.novoambiente.com\\\/en\\\/#website\",\"url\":\"https:\\\/\\\/design.novoambiente.com\\\/en\\\/\",\"name\":\"Novo Ambiente | Cat\u00e1logo\",\"description\":\"Mobili\u00e1rio de design para casa ou escrit\u00f3rio\",\"potentialAction\":[{\"@type\":\"SearchAction\",\"target\":{\"@type\":\"EntryPoint\",\"urlTemplate\":\"https:\\\/\\\/design.novoambiente.com\\\/en\\\/?s={search_term_string}\"},\"query-input\":{\"@type\":\"PropertyValueSpecification\",\"valueRequired\":true,\"valueName\":\"search_term_string\"}}],\"inLanguage\":\"en-US\"}]}<\/script>\n<!-- \/ Yoast SEO plugin. -->","yoast_head_json":{"title":"Ilio floor lamp - Novo Ambiente | Cat\u00e1logo","robots":{"index":"index","follow":"follow","max-snippet":"max-snippet:-1","max-image-preview":"max-image-preview:large","max-video-preview":"max-video-preview:-1"},"canonical":"https:\/\/design.novoambiente.com\/en\/product\/ilio-floor-lamp\/","twitter_misc":{"Est. reading time":"1 minute"},"schema":{"@context":"https:\/\/schema.org","@graph":[{"@type":"WebPage","@id":"https:\/\/design.novoambiente.com\/en\/product\/ilio-floor-lamp\/","url":"https:\/\/design.novoambiente.com\/en\/product\/ilio-floor-lamp\/","name":"Ilio floor lamp - Novo Ambiente | Cat\u00e1logo","isPartOf":{"@id":"https:\/\/design.novoambiente.com\/en\/#website"},"primaryImageOfPage":{"@id":"https:\/\/design.novoambiente.com\/en\/product\/ilio-floor-lamp\/#primaryimage"},"image":{"@id":"https:\/\/design.novoambiente.com\/en\/product\/ilio-floor-lamp\/#primaryimage"},"thumbnailUrl":"https:\/\/design.novoambiente.com\/wp-content\/uploads\/2026\/01\/817895e2-63d3-4597-b527-540f20ffdaae.png","datePublished":"2026-01-16T16:01:05+00:00","dateModified":"2026-04-07T15:00:43+00:00","breadcrumb":{"@id":"https:\/\/design.novoambiente.com\/en\/product\/ilio-floor-lamp\/#breadcrumb"},"inLanguage":"en-US","potentialAction":[{"@type":"ReadAction","target":["https:\/\/design.novoambiente.com\/en\/product\/ilio-floor-lamp\/"]}]},{"@type":"ImageObject","inLanguage":"en-US","@id":"https:\/\/design.novoambiente.com\/en\/product\/ilio-floor-lamp\/#primaryimage","url":"https:\/\/design.novoambiente.com\/wp-content\/uploads\/2026\/01\/817895e2-63d3-4597-b527-540f20ffdaae.png","contentUrl":"https:\/\/design.novoambiente.com\/wp-content\/uploads\/2026\/01\/817895e2-63d3-4597-b527-540f20ffdaae.png","width":1920,"height":1080},{"@type":"BreadcrumbList","@id":"https:\/\/design.novoambiente.com\/en\/product\/ilio-floor-lamp\/#breadcrumb","itemListElement":[{"@type":"ListItem","position":1,"name":"Home","item":"https:\/\/design.novoambiente.com\/en\/"},{"@type":"ListItem","position":2,"name":"Furniture","item":"https:\/\/design.novoambiente.com\/en\/furniture\/"},{"@type":"ListItem","position":3,"name":"Ilio floor lamp"}]},{"@type":"WebSite","@id":"https:\/\/design.novoambiente.com\/en\/#website","url":"https:\/\/design.novoambiente.com\/en\/","name":"Novo Ambiente | Cat\u00e1logo","description":"Mobili\u00e1rio de design para casa ou escrit\u00f3rio","potentialAction":[{"@type":"SearchAction","target":{"@type":"EntryPoint","urlTemplate":"https:\/\/design.novoambiente.com\/en\/?s={search_term_string}"},"query-input":{"@type":"PropertyValueSpecification","valueRequired":true,"valueName":"search_term_string"}}],"inLanguage":"en-US"}]}},"_links":{"self":[{"href":"https:\/\/design.novoambiente.com\/en\/wp-json\/wp\/v2\/product\/154125","targetHints":{"allow":["GET"]}}],"collection":[{"href":"https:\/\/design.novoambiente.com\/en\/wp-json\/wp\/v2\/product"}],"about":[{"href":"https:\/\/design.novoambiente.com\/en\/wp-json\/wp\/v2\/types\/product"}],"wp:featuredmedia":[{"embeddable":true,"href":"https:\/\/design.novoambiente.com\/en\/wp-json\/wp\/v2\/media\/152641"}],"wp:attachment":[{"href":"https:\/\/design.novoambiente.com\/en\/wp-json\/wp\/v2\/media?parent=154125"}],"wp:term":[{"taxonomy":"product_brand","embeddable":true,"href":"https:\/\/design.novoambiente.com\/en\/wp-json\/wp\/v2\/product_brand?post=154125"},{"taxonomy":"product_cat","embeddable":true,"href":"https:\/\/design.novoambiente.com\/en\/wp-json\/wp\/v2\/product_cat?post=154125"},{"taxonomy":"product_tag","embeddable":true,"href":"https:\/\/design.novoambiente.com\/en\/wp-json\/wp\/v2\/product_tag?post=154125"},{"taxonomy":"colecao","embeddable":true,"href":"https:\/\/design.novoambiente.com\/en\/wp-json\/wp\/v2\/colecao?post=154125"},{"taxonomy":"3d","embeddable":true,"href":"https:\/\/design.novoambiente.com\/en\/wp-json\/wp\/v2\/3d?post=154125"}],"curies":[{"name":"wp","href":"https:\/\/api.w.org\/{rel}","templated":true}]}}