{"id":153757,"date":"2026-02-19T15:11:50","date_gmt":"2026-02-19T18:11:50","guid":{"rendered":"https:\/\/design.novoambiente.com\/produto\/ixa-arm-wall-lamp\/"},"modified":"2026-02-19T15:11:50","modified_gmt":"2026-02-19T18:11:50","slug":"ixa-arm-wall-lamp","status":"publish","type":"product","link":"https:\/\/design.novoambiente.com\/en\/product\/ixa-arm-wall-lamp\/","title":{"rendered":"Ixa Arm Wall Lamp"},"content":{"rendered":"<p>Inspired by Alexander Calder\u2019s dynamic sculptures, the design interprets the idea of &#8220;elegant balance&#8221; through precision engineering. Ixa is a comprehensive and versatile family composed of an adjustable spherical head, rods, and counterweights. It is a smart and scalable principle that allows the Ixa family to expand with new versions. A larger head is combined with two new wall and ceiling structures, recalibrated to balance weight and direct light into the environment, meeting various lighting needs. Ixa expresses functional, productive, and sustainable intelligence through deliberate choices of reduction and simplification\u2014the result of solid design expertise. Artemide and Foster+Partners share a deep approach to sustainable design, which permeates every stage of product development and stands as an essential element of the project. Ixa brings light where it is needed, inviting us to physically interact with the object, making us the authors of our own lighting space. Flexibility and functionality, light quality and dynamism, simple and soft lines, with a classic and minimalist look, transform Ixa into a timeless design that can be reinterpreted in countless situations for a long lifespan\u2014the foundation of a sustainable project.       <\/p>\n","protected":false},"excerpt":{"rendered":"Inspired by Alexander Calder\u2019s dynamic sculptures, the design interprets the idea of &#8220;elegant balance&#8221; through precision engineering&#8230;.","protected":false},"featured_media":152988,"template":"","meta":{"_acf_changed":false},"product_brand":[],"product_cat":[3413,3416],"product_tag":[],"colecao":[],"3d":[3462],"class_list":{"0":"post-153757","1":"product","2":"type-product","3":"status-publish","4":"has-post-thumbnail","6":"product_cat-lighting","7":"product_cat-wall-lights","8":"pa_designer-artemide","9":"pa_designer-foster-partners","10":"3d-arquivos-3d","12":"first","13":"instock","14":"shipping-taxable","15":"product-type-variable"},"acf":[],"yoast_head":"<!-- This site is optimized with the Yoast SEO plugin v27.3 - https:\/\/yoast.com\/product\/yoast-seo-wordpress\/ -->\n<title>Ixa Arm Wall Lamp - Novo Ambiente | Cat\u00e1logo<\/title>\n<meta name=\"robots\" content=\"index, follow, max-snippet:-1, max-image-preview:large, max-video-preview:-1\" \/>\n<link rel=\"canonical\" href=\"https:\/\/design.novoambiente.com\/en\/product\/ixa-arm-wall-lamp\/\" \/>\n<meta name=\"twitter:label1\" content=\"Est. reading time\" \/>\n\t<meta name=\"twitter:data1\" content=\"1 minute\" \/>\n<script type=\"application\/ld+json\" class=\"yoast-schema-graph\">{\"@context\":\"https:\\\/\\\/schema.org\",\"@graph\":[{\"@type\":\"WebPage\",\"@id\":\"https:\\\/\\\/design.novoambiente.com\\\/en\\\/product\\\/ixa-arm-wall-lamp\\\/\",\"url\":\"https:\\\/\\\/design.novoambiente.com\\\/en\\\/product\\\/ixa-arm-wall-lamp\\\/\",\"name\":\"Ixa Arm Wall Lamp - Novo Ambiente | Cat\u00e1logo\",\"isPartOf\":{\"@id\":\"https:\\\/\\\/design.novoambiente.com\\\/en\\\/#website\"},\"primaryImageOfPage\":{\"@id\":\"https:\\\/\\\/design.novoambiente.com\\\/en\\\/product\\\/ixa-arm-wall-lamp\\\/#primaryimage\"},\"image\":{\"@id\":\"https:\\\/\\\/design.novoambiente.com\\\/en\\\/product\\\/ixa-arm-wall-lamp\\\/#primaryimage\"},\"thumbnailUrl\":\"https:\\\/\\\/design.novoambiente.com\\\/wp-content\\\/uploads\\\/2026\\\/02\\\/098bbdac-0ada-4e78-bddf-7dee9f674ea7.png\",\"datePublished\":\"2026-02-19T18:11:50+00:00\",\"breadcrumb\":{\"@id\":\"https:\\\/\\\/design.novoambiente.com\\\/en\\\/product\\\/ixa-arm-wall-lamp\\\/#breadcrumb\"},\"inLanguage\":\"en-US\",\"potentialAction\":[{\"@type\":\"ReadAction\",\"target\":[\"https:\\\/\\\/design.novoambiente.com\\\/en\\\/product\\\/ixa-arm-wall-lamp\\\/\"]}]},{\"@type\":\"ImageObject\",\"inLanguage\":\"en-US\",\"@id\":\"https:\\\/\\\/design.novoambiente.com\\\/en\\\/product\\\/ixa-arm-wall-lamp\\\/#primaryimage\",\"url\":\"https:\\\/\\\/design.novoambiente.com\\\/wp-content\\\/uploads\\\/2026\\\/02\\\/098bbdac-0ada-4e78-bddf-7dee9f674ea7.png\",\"contentUrl\":\"https:\\\/\\\/design.novoambiente.com\\\/wp-content\\\/uploads\\\/2026\\\/02\\\/098bbdac-0ada-4e78-bddf-7dee9f674ea7.png\",\"width\":1000,\"height\":1000},{\"@type\":\"BreadcrumbList\",\"@id\":\"https:\\\/\\\/design.novoambiente.com\\\/en\\\/product\\\/ixa-arm-wall-lamp\\\/#breadcrumb\",\"itemListElement\":[{\"@type\":\"ListItem\",\"position\":1,\"name\":\"Home\",\"item\":\"https:\\\/\\\/design.novoambiente.com\\\/en\\\/\"},{\"@type\":\"ListItem\",\"position\":2,\"name\":\"Furniture\",\"item\":\"https:\\\/\\\/design.novoambiente.com\\\/en\\\/furniture\\\/\"},{\"@type\":\"ListItem\",\"position\":3,\"name\":\"Ixa Arm Wall Lamp\"}]},{\"@type\":\"WebSite\",\"@id\":\"https:\\\/\\\/design.novoambiente.com\\\/en\\\/#website\",\"url\":\"https:\\\/\\\/design.novoambiente.com\\\/en\\\/\",\"name\":\"Novo Ambiente | Cat\u00e1logo\",\"description\":\"Mobili\u00e1rio de design para casa ou escrit\u00f3rio\",\"potentialAction\":[{\"@type\":\"SearchAction\",\"target\":{\"@type\":\"EntryPoint\",\"urlTemplate\":\"https:\\\/\\\/design.novoambiente.com\\\/en\\\/?s={search_term_string}\"},\"query-input\":{\"@type\":\"PropertyValueSpecification\",\"valueRequired\":true,\"valueName\":\"search_term_string\"}}],\"inLanguage\":\"en-US\"}]}<\/script>\n<!-- \/ Yoast SEO plugin. -->","yoast_head_json":{"title":"Ixa Arm Wall Lamp - Novo Ambiente | Cat\u00e1logo","robots":{"index":"index","follow":"follow","max-snippet":"max-snippet:-1","max-image-preview":"max-image-preview:large","max-video-preview":"max-video-preview:-1"},"canonical":"https:\/\/design.novoambiente.com\/en\/product\/ixa-arm-wall-lamp\/","twitter_misc":{"Est. reading time":"1 minute"},"schema":{"@context":"https:\/\/schema.org","@graph":[{"@type":"WebPage","@id":"https:\/\/design.novoambiente.com\/en\/product\/ixa-arm-wall-lamp\/","url":"https:\/\/design.novoambiente.com\/en\/product\/ixa-arm-wall-lamp\/","name":"Ixa Arm Wall Lamp - Novo Ambiente | Cat\u00e1logo","isPartOf":{"@id":"https:\/\/design.novoambiente.com\/en\/#website"},"primaryImageOfPage":{"@id":"https:\/\/design.novoambiente.com\/en\/product\/ixa-arm-wall-lamp\/#primaryimage"},"image":{"@id":"https:\/\/design.novoambiente.com\/en\/product\/ixa-arm-wall-lamp\/#primaryimage"},"thumbnailUrl":"https:\/\/design.novoambiente.com\/wp-content\/uploads\/2026\/02\/098bbdac-0ada-4e78-bddf-7dee9f674ea7.png","datePublished":"2026-02-19T18:11:50+00:00","breadcrumb":{"@id":"https:\/\/design.novoambiente.com\/en\/product\/ixa-arm-wall-lamp\/#breadcrumb"},"inLanguage":"en-US","potentialAction":[{"@type":"ReadAction","target":["https:\/\/design.novoambiente.com\/en\/product\/ixa-arm-wall-lamp\/"]}]},{"@type":"ImageObject","inLanguage":"en-US","@id":"https:\/\/design.novoambiente.com\/en\/product\/ixa-arm-wall-lamp\/#primaryimage","url":"https:\/\/design.novoambiente.com\/wp-content\/uploads\/2026\/02\/098bbdac-0ada-4e78-bddf-7dee9f674ea7.png","contentUrl":"https:\/\/design.novoambiente.com\/wp-content\/uploads\/2026\/02\/098bbdac-0ada-4e78-bddf-7dee9f674ea7.png","width":1000,"height":1000},{"@type":"BreadcrumbList","@id":"https:\/\/design.novoambiente.com\/en\/product\/ixa-arm-wall-lamp\/#breadcrumb","itemListElement":[{"@type":"ListItem","position":1,"name":"Home","item":"https:\/\/design.novoambiente.com\/en\/"},{"@type":"ListItem","position":2,"name":"Furniture","item":"https:\/\/design.novoambiente.com\/en\/furniture\/"},{"@type":"ListItem","position":3,"name":"Ixa Arm Wall Lamp"}]},{"@type":"WebSite","@id":"https:\/\/design.novoambiente.com\/en\/#website","url":"https:\/\/design.novoambiente.com\/en\/","name":"Novo Ambiente | Cat\u00e1logo","description":"Mobili\u00e1rio de design para casa ou escrit\u00f3rio","potentialAction":[{"@type":"SearchAction","target":{"@type":"EntryPoint","urlTemplate":"https:\/\/design.novoambiente.com\/en\/?s={search_term_string}"},"query-input":{"@type":"PropertyValueSpecification","valueRequired":true,"valueName":"search_term_string"}}],"inLanguage":"en-US"}]}},"_links":{"self":[{"href":"https:\/\/design.novoambiente.com\/en\/wp-json\/wp\/v2\/product\/153757","targetHints":{"allow":["GET"]}}],"collection":[{"href":"https:\/\/design.novoambiente.com\/en\/wp-json\/wp\/v2\/product"}],"about":[{"href":"https:\/\/design.novoambiente.com\/en\/wp-json\/wp\/v2\/types\/product"}],"wp:featuredmedia":[{"embeddable":true,"href":"https:\/\/design.novoambiente.com\/en\/wp-json\/wp\/v2\/media\/152988"}],"wp:attachment":[{"href":"https:\/\/design.novoambiente.com\/en\/wp-json\/wp\/v2\/media?parent=153757"}],"wp:term":[{"taxonomy":"product_brand","embeddable":true,"href":"https:\/\/design.novoambiente.com\/en\/wp-json\/wp\/v2\/product_brand?post=153757"},{"taxonomy":"product_cat","embeddable":true,"href":"https:\/\/design.novoambiente.com\/en\/wp-json\/wp\/v2\/product_cat?post=153757"},{"taxonomy":"product_tag","embeddable":true,"href":"https:\/\/design.novoambiente.com\/en\/wp-json\/wp\/v2\/product_tag?post=153757"},{"taxonomy":"colecao","embeddable":true,"href":"https:\/\/design.novoambiente.com\/en\/wp-json\/wp\/v2\/colecao?post=153757"},{"taxonomy":"3d","embeddable":true,"href":"https:\/\/design.novoambiente.com\/en\/wp-json\/wp\/v2\/3d?post=153757"}],"curies":[{"name":"wp","href":"https:\/\/api.w.org\/{rel}","templated":true}]}}