{"id":157968,"date":"2019-12-16T11:39:30","date_gmt":"2019-12-16T14:39:30","guid":{"rendered":"https:\/\/design.novoambiente.com\/corporate-solutions\/herman-miller\/seating\/embody-chair\/design-history\/"},"modified":"2026-04-07T15:17:45","modified_gmt":"2026-04-07T18:17:45","slug":"design-history","status":"publish","type":"page","link":"https:\/\/design.novoambiente.com\/en\/corporate-solutions\/herman-miller\/seating\/embody-chair\/design-history\/","title":{"rendered":"Design history"},"content":{"rendered":"\t<section class=\"section\" id=\"section_823644217\">\n\t\t<div class=\"bg section-bg fill bg-fill  bg-loaded\" >\n\n\t\t\t\n\t\t\t\n\t\t\t\n\n\t\t<\/div>\n\n\t\t<div class=\"section-content relative\">\n\t\t\t\n<div class=\"is-divider divider clearfix\" ><\/div>\n<div class=\"row align-center\"  id=\"row-230666224\">\n\n\t<div id=\"col-761003100\" class=\"col medium-8 small-12 large-8\"  >\n\t\t\t\t<div class=\"col-inner\"  >\n\t\t\t\n\t\t\t\n<h2 class=\"header-override\" style=\"text-align: center;\"><strong><span class=\"text-display-1\"><span class=\"text-display-2\">The result of decades of meticulous design research<\/span><\/span><\/strong><\/h2>\n<p style=\"text-align: center;\">What if a chair could do more than simply minimize the negative effects of sitting? That was the radical idea Jeff Weber and the late Bill Stumpf had in their design studio. Could they design a chair that would truly have positive effects on the body? &#8220;You cannot create without empathy,&#8221; said Weber, who also designed our Caper chair. &#8220;As design has become more technological, we have had to sit in chairs in front of computers for longer periods, just like everyone else. We relate to the problems people have as a result of remaining seated.&#8221;    <\/p>\n\t\t<\/div>\n\t\t\t\t\t<\/div>\n\n\t\n<\/div>\n\t\t<\/div>\n\n\t\t\n<style>\n#section_823644217 {\n  padding-top: 0px;\n  padding-bottom: 0px;\n}\n<\/style>\n\t<\/section>\n\t\n\t<section class=\"section\" id=\"section_1870781653\">\n\t\t<div class=\"bg section-bg fill bg-fill  bg-loaded\" >\n\n\t\t\t\n\t\t\t\n\t\t\t\n\n\t\t<\/div>\n\n\t\t<div class=\"section-content relative\">\n\t\t\t\n\t<div class=\"img has-hover x md-x lg-x y md-y lg-y\" id=\"image_1022762225\">\n\t\t\t\t\t\t\t\t<div class=\"img-inner image-cover dark\" style=\"padding-top:50%;\">\n\t\t\t<img loading=\"lazy\" decoding=\"async\" width=\"1920\" height=\"1080\" src=\"https:\/\/design.novoambiente.com\/wp-content\/uploads\/2019\/12\/foto-1-1.jpg\" class=\"attachment-original size-original\" alt=\"\" srcset=\"https:\/\/design.novoambiente.com\/wp-content\/uploads\/2019\/12\/foto-1-1.jpg 1920w, https:\/\/design.novoambiente.com\/wp-content\/uploads\/2019\/12\/foto-1-1-650x366.jpg 650w, https:\/\/design.novoambiente.com\/wp-content\/uploads\/2019\/12\/foto-1-1-300x169.jpg 300w, https:\/\/design.novoambiente.com\/wp-content\/uploads\/2019\/12\/foto-1-1-1024x576.jpg 1024w, https:\/\/design.novoambiente.com\/wp-content\/uploads\/2019\/12\/foto-1-1-768x432.jpg 768w, https:\/\/design.novoambiente.com\/wp-content\/uploads\/2019\/12\/foto-1-1-1536x864.jpg 1536w\" sizes=\"auto, (max-width: 1920px) 100vw, 1920px\" \/>\t\t\t\t\t\t\n\t\t\t\t\t<\/div>\n\t\t\t\t\t\t\t\t\n<style>\n#image_1022762225 {\n  width: 100%;\n}\n<\/style>\n\t<\/div>\n\t\n\t\t<\/div>\n\n\t\t\n<style>\n#section_1870781653 {\n  padding-top: 0px;\n  padding-bottom: 0px;\n}\n<\/style>\n\t<\/section>\n\t\n\t<section class=\"section\" id=\"section_99314093\">\n\t\t<div class=\"bg section-bg fill bg-fill  bg-loaded\" >\n\n\t\t\t\n\t\t\t\n\t\t\t\n\n\t\t<\/div>\n\n\t\t<div class=\"section-content relative\">\n\t\t\t\n<div class=\"is-divider divider clearfix\" ><\/div>\n<div class=\"row align-center\"  id=\"row-1433873195\">\n\n\t<div id=\"col-736036873\" class=\"col medium-6 small-12 large-6\"  >\n\t\t\t\t<div class=\"col-inner\"  >\n\t\t\t\n\t\t\t\n\t<div class=\"img has-hover x md-x lg-x y md-y lg-y\" id=\"image_720900680\">\n\t\t\t\t\t\t\t\t<div class=\"img-inner image-cover dark\" style=\"padding-top:75%;\">\n\t\t\t<img loading=\"lazy\" decoding=\"async\" width=\"450\" height=\"600\" src=\"https:\/\/design.novoambiente.com\/wp-content\/uploads\/2019\/12\/foto-2-1.jpg\" class=\"attachment-original size-original\" alt=\"\" srcset=\"https:\/\/design.novoambiente.com\/wp-content\/uploads\/2019\/12\/foto-2-1.jpg 450w, https:\/\/design.novoambiente.com\/wp-content\/uploads\/2019\/12\/foto-2-1-225x300.jpg 225w\" sizes=\"auto, (max-width: 450px) 100vw, 450px\" \/>\t\t\t\t\t\t\n\t\t\t\t\t<\/div>\n\t\t\t\t\t\t\t\t\n<style>\n#image_720900680 {\n  width: 100%;\n}\n<\/style>\n\t<\/div>\n\t\n\t\t<\/div>\n\t\t\t\t\t<\/div>\n\n\t\n\n\t<div id=\"col-2048012350\" class=\"col medium-6 small-12 large-6\"  >\n\t\t\t\t<div class=\"col-inner\"  >\n\t\t\t\n\t\t\t\n<h2 class=\"header-override\" style=\"text-align: center;\"><strong><span class=\"text-display-3\">Could we create a chair that is beneficial to health?<\/span><\/strong><\/h2>\n<p>Bill Stumpf, who designed our Aeron, Equa, and Ergon task chairs and worked for Herman Miller for more than three decades, brought the idea to us. Could such a chair be designed and built? Early on, we discussed the idea with specialists and tested three hypotheses: Task chairs can be good for health or therapeutic, and not merely neutral.  <\/p>\n<p>Dynamic surface pressure in a chair and backrest will provide greater comfort, vitality, and health benefits than non-dynamic surface pressure. Task chairs will be able to achieve postural balance (the balance point in an upright position when our eyes are vertically aligned with the hips) naturally, regardless of the curvature of our spine. <\/p>\n\t\t<\/div>\n\t\t\t\t\t<\/div>\n\n\t\n<\/div>\n<div class=\"is-divider divider clearfix\" ><\/div>\n\t\t<\/div>\n\n\t\t\n<style>\n#section_99314093 {\n  padding-top: 0px;\n  padding-bottom: 0px;\n}\n<\/style>\n\t<\/section>\n\t\n\t<section class=\"section\" id=\"section_1480132373\">\n\t\t<div class=\"bg section-bg fill bg-fill  bg-loaded\" >\n\n\t\t\t\n\t\t\t\n\t\t\t\n\n\t\t<\/div>\n\n\t\t<div class=\"section-content relative\">\n\t\t\t\n<div class=\"is-divider divider clearfix\" ><\/div>\n<div class=\"row align-center\"  id=\"row-1985710679\">\n\n\t<div id=\"col-502660710\" class=\"col medium-6 small-12 large-6\"  >\n\t\t\t\t<div class=\"col-inner\"  >\n\t\t\t\n\t\t\t\n\t<div class=\"img has-hover x md-x lg-x y md-y lg-y\" id=\"image_1934488557\">\n\t\t\t\t\t\t\t\t<div class=\"img-inner dark\" >\n\t\t\t<img loading=\"lazy\" decoding=\"async\" width=\"1200\" height=\"1600\" src=\"https:\/\/design.novoambiente.com\/wp-content\/uploads\/2019\/12\/foto-3-1.jpg\" class=\"attachment-original size-original\" alt=\"\" srcset=\"https:\/\/design.novoambiente.com\/wp-content\/uploads\/2019\/12\/foto-3-1.jpg 1200w, https:\/\/design.novoambiente.com\/wp-content\/uploads\/2019\/12\/foto-3-1-650x867.jpg 650w, https:\/\/design.novoambiente.com\/wp-content\/uploads\/2019\/12\/foto-3-1-225x300.jpg 225w, https:\/\/design.novoambiente.com\/wp-content\/uploads\/2019\/12\/foto-3-1-768x1024.jpg 768w, https:\/\/design.novoambiente.com\/wp-content\/uploads\/2019\/12\/foto-3-1-1152x1536.jpg 1152w\" sizes=\"auto, (max-width: 1200px) 100vw, 1200px\" \/>\t\t\t\t\t\t\n\t\t\t\t\t<\/div>\n\t\t\t\t\t\t\t\t\n<style>\n#image_1934488557 {\n  width: 100%;\n}\n<\/style>\n\t<\/div>\n\t\n\t\t<\/div>\n\t\t\t\t\t<\/div>\n\n\t\n\n\t<div id=\"col-550977882\" class=\"col medium-6 small-12 large-6\"  >\n\t\t\t\t<div class=\"col-inner\"  >\n\t\t\t\n\t\t\t\n<div class=\"richText component section col-xs-10 col-xs-offset-1 col-sm-6 col-sm-offset-3 col-md-5 col-md-offset-0 col-lg-4 col-lg-offset-1 first odd default-style\">\n<div class=\"component-content\">\n<div class=\"richText-content initialized\">\n<h2 class=\"header-override\" style=\"text-align: center;\"><strong><span class=\"text-display-3\">Testing and research<\/span><\/strong><\/h2>\n<p>Specialists\u2019 input on these hypotheses strengthened Weber and Stumpf\u2019s initial thinking about the chair and formed the basis for the experiments designed to determine whether such a chair was possible. However, Bill passed away in 2006, and Weber continued. As the designer of the Embody, he was the one who gave the chair its function and form, drawing on Bill Stumpf\u2019s inspiration.   <\/p>\n<\/div>\n<\/div>\n<\/div>\n<div class=\"zgImageLinksVariants image section component col-xs-10 col-xs-offset-1 col-md-6 col-md-offset-1 col-lg-5 even last default-style\">\n<div>\n<div class=\"component-content left\">\n<div class=\"analytics-image-tracking\"><\/div>\n<\/div>\n<\/div>\n<\/div>\n\t\t<\/div>\n\t\t\t\t\t<\/div>\n\n\t\n<\/div>\n<div class=\"is-divider divider clearfix\" ><\/div>\n\t\t<\/div>\n\n\t\t\n<style>\n#section_1480132373 {\n  padding-top: 0px;\n  padding-bottom: 0px;\n}\n<\/style>\n\t<\/section>\n\t\n\t<section class=\"section\" id=\"section_1353899546\">\n\t\t<div class=\"bg section-bg fill bg-fill  bg-loaded\" >\n\n\t\t\t\n\t\t\t\n\t\t\t\n\n\t\t<\/div>\n\n\t\t<div class=\"section-content relative\">\n\t\t\t\n<div class=\"is-divider divider clearfix\" ><\/div>\n<div class=\"row align-center\"  id=\"row-122522881\">\n\n\t<div id=\"col-1183854864\" class=\"col medium-6 small-12 large-6\"  >\n\t\t\t\t<div class=\"col-inner\"  >\n\t\t\t\n\t\t\t\n\t<div class=\"img has-hover x md-x lg-x y md-y lg-y\" id=\"image_86786754\">\n\t\t\t\t\t\t\t\t<div class=\"img-inner image-cover dark\" style=\"padding-top:100%;\">\n\t\t\t<img loading=\"lazy\" decoding=\"async\" width=\"450\" height=\"600\" src=\"https:\/\/design.novoambiente.com\/wp-content\/uploads\/2019\/12\/foto-4-1.jpg\" class=\"attachment-original size-original\" alt=\"\" srcset=\"https:\/\/design.novoambiente.com\/wp-content\/uploads\/2019\/12\/foto-4-1.jpg 450w, https:\/\/design.novoambiente.com\/wp-content\/uploads\/2019\/12\/foto-4-1-225x300.jpg 225w\" sizes=\"auto, (max-width: 450px) 100vw, 450px\" \/>\t\t\t\t\t\t\n\t\t\t\t\t<\/div>\n\t\t\t\t\t\t\t\t\n<style>\n#image_86786754 {\n  width: 100%;\n}\n<\/style>\n\t<\/div>\n\t\n\t\t<\/div>\n\t\t\t\t\t<\/div>\n\n\t\n\n\t<div id=\"col-277997859\" class=\"col medium-6 small-12 large-6\"  >\n\t\t\t\t<div class=\"col-inner\"  >\n\t\t\t\n\t\t\t\n<div class=\"richText component section col-xs-10 col-xs-offset-1 col-sm-6 col-sm-offset-3 col-md-5 col-md-offset-0 col-lg-4 col-lg-offset-1 first odd default-style\">\n<div class=\"component-content\">\n<div class=\"richText-content initialized\">\n<h2 class=\"header-override\" style=\"text-align: center;\"><strong><span class=\"text-display-3\">Creating a new connection to health<\/span><\/strong><\/h2>\n<p>Then came the prototypes, as specialists sat in them and assessed what worked and what did not. Researchers conducted laboratory experiments involving kinematics, preferred postures, pressure distribution, seated tasks, and metabolic aspects. These experiments guided the development of the Embody and confirmed the benefits the chair provided.  <\/p>\n<\/div>\n<\/div>\n<\/div>\n<div class=\"zgImageLinksVariants image section component col-xs-10 col-xs-offset-1 col-md-6 col-md-offset-1 col-lg-5 even last default-style\">\n<div>\n<div class=\"component-content left\">\n<div class=\"analytics-image-tracking\"><\/div>\n<\/div>\n<\/div>\n<\/div>\n\t\t<\/div>\n\t\t\t\t\t<\/div>\n\n\t\n<\/div>\n<div class=\"is-divider divider clearfix\" ><\/div>\n\t\t<\/div>\n\n\t\t\n<style>\n#section_1353899546 {\n  padding-top: 0px;\n  padding-bottom: 0px;\n}\n<\/style>\n\t<\/section>\n\t\n\t<section class=\"section bloco-1 dark\" id=\"section_1958671212\">\n\t\t<div class=\"bg section-bg fill bg-fill  bg-loaded\" >\n\n\t\t\t\n\t\t\t\n\t\t\t\n\n\t\t<\/div>\n\n\t\t<div class=\"section-content relative\">\n\t\t\t\n<div class=\"is-divider divider clearfix\" ><\/div>\n<div class=\"row align-middle align-center\"  id=\"row-1639129708\">\n\n\t<div id=\"col-629458628\" class=\"col medium-3 small-12 large-3\"  >\n\t\t\t\t<div class=\"col-inner\"  >\n\t\t\t\n\t\t\t\n<h2 style=\"text-align: left;\"><span class=\"text-white\"><span class=\"text-display-3\">&#8220;Jeff believes that design is &#8220;the connective tissue between people and the world.&#8221;<br \/><\/span><\/span><\/h2>\n<p style=\"text-align: left;\"><span class=\"text-gray-40\">&#8220;Bill Stumpf and Jeff Weber&#8221;<\/span><\/p>\n\t\t<\/div>\n\t\t\t\t\t<\/div>\n\n\t\n\n\t<div id=\"col-1418062185\" class=\"col medium-5 small-12 large-5\"  >\n\t\t\t\t<div class=\"col-inner\"  >\n\t\t\t\n\t\t\t\n\t<div class=\"img has-hover x md-x lg-x y md-y lg-y\" id=\"image_1588943712\">\n\t\t\t\t\t\t\t\t<div class=\"img-inner image-cover dark\" style=\"padding-top:75%;\">\n\t\t\t<img loading=\"lazy\" decoding=\"async\" width=\"450\" height=\"600\" src=\"https:\/\/design.novoambiente.com\/wp-content\/uploads\/2019\/12\/foto-5-1.jpg\" class=\"attachment-original size-original\" alt=\"\" srcset=\"https:\/\/design.novoambiente.com\/wp-content\/uploads\/2019\/12\/foto-5-1.jpg 450w, https:\/\/design.novoambiente.com\/wp-content\/uploads\/2019\/12\/foto-5-1-225x300.jpg 225w\" sizes=\"auto, (max-width: 450px) 100vw, 450px\" \/>\t\t\t\t\t\t\n\t\t\t\t\t<\/div>\n\t\t\t\t\t\t\t\t\n<style>\n#image_1588943712 {\n  width: 100%;\n}\n<\/style>\n\t<\/div>\n\t\n\t\t<\/div>\n\t\t\t\t\t<\/div>\n\n\t\n<\/div>\n<div class=\"is-divider divider clearfix\" ><\/div>\n\t\t<\/div>\n\n\t\t\n<style>\n#section_1958671212 {\n  padding-top: 0px;\n  padding-bottom: 0px;\n  background-color: rgb(33, 33, 33);\n}\n<\/style>\n\t<\/section>\n\t\n\t<section class=\"section\" id=\"section_29119079\">\n\t\t<div class=\"bg section-bg fill bg-fill  bg-loaded\" >\n\n\t\t\t\n\t\t\t\n\t\t\t\n\n\t\t<\/div>\n\n\t\t<div class=\"section-content relative\">\n\t\t\t\n<div class=\"is-divider divider clearfix\" ><\/div>\n<div class=\"row align-center\"  id=\"row-1457866171\">\n\n\t<div id=\"col-2008532081\" class=\"col medium-4 small-12 large-4\"  >\n\t\t\t\t<div class=\"col-inner text-center\"  >\n\t\t\t\n\t\t\t\n<h2 style=\"text-align: center;\"><strong>Resources<\/strong><\/h2>\n<h4 style=\"text-align: center;\">A collection of tools to help you plan<\/h4>\n<a href=\"https:\/\/design.novoambiente.com\/corporativo\/herman-miller\/assentos\/cadeira-embody\/recursos\/\" target=\"_self\" class=\"button secondary\"  >\n    <span>Download resources<\/span>\n  <\/a>\n\n\t\t<\/div>\n\t\t\t\t\t<\/div>\n\n\t\n<\/div>\n<div class=\"is-divider divider clearfix\" ><\/div>\n\t\t<\/div>\n\n\t\t\n<style>\n#section_29119079 {\n  padding-top: 0px;\n  padding-bottom: 0px;\n}\n<\/style>\n\t<\/section>\n\t\n","protected":false},"excerpt":{"rendered":"","protected":false},"author":1,"featured_media":0,"parent":157697,"menu_order":0,"comment_status":"closed","ping_status":"closed","template":"page-blank.php","meta":{"_acf_changed":false,"footnotes":""},"class_list":["post-157968","page","type-page","status-publish","hentry"],"acf":[],"yoast_head":"<!-- This site is optimized with the Yoast SEO plugin v27.3 - https:\/\/yoast.com\/product\/yoast-seo-wordpress\/ -->\n<title>Design history - Novo Ambiente | Cat\u00e1logo<\/title>\n<meta name=\"robots\" content=\"index, follow, max-snippet:-1, max-image-preview:large, max-video-preview:-1\" \/>\n<link rel=\"canonical\" href=\"https:\/\/design.novoambiente.com\/en\/corporate-solutions\/herman-miller\/seating\/embody-chair\/design-history\/\" \/>\n<meta name=\"twitter:label1\" content=\"Est. reading time\" \/>\n\t<meta name=\"twitter:data1\" content=\"3 minutes\" \/>\n<script type=\"application\/ld+json\" class=\"yoast-schema-graph\">{\"@context\":\"https:\\\/\\\/schema.org\",\"@graph\":[{\"@type\":\"WebPage\",\"@id\":\"https:\\\/\\\/design.novoambiente.com\\\/en\\\/corporate-solutions\\\/herman-miller\\\/seating\\\/embody-chair\\\/design-history\\\/\",\"url\":\"https:\\\/\\\/design.novoambiente.com\\\/en\\\/corporate-solutions\\\/herman-miller\\\/seating\\\/embody-chair\\\/design-history\\\/\",\"name\":\"Design history - Novo Ambiente | Cat\u00e1logo\",\"isPartOf\":{\"@id\":\"https:\\\/\\\/design.novoambiente.com\\\/en\\\/#website\"},\"datePublished\":\"2019-12-16T14:39:30+00:00\",\"dateModified\":\"2026-04-07T18:17:45+00:00\",\"breadcrumb\":{\"@id\":\"https:\\\/\\\/design.novoambiente.com\\\/en\\\/corporate-solutions\\\/herman-miller\\\/seating\\\/embody-chair\\\/design-history\\\/#breadcrumb\"},\"inLanguage\":\"en-US\",\"potentialAction\":[{\"@type\":\"ReadAction\",\"target\":[\"https:\\\/\\\/design.novoambiente.com\\\/en\\\/corporate-solutions\\\/herman-miller\\\/seating\\\/embody-chair\\\/design-history\\\/\"]}]},{\"@type\":\"BreadcrumbList\",\"@id\":\"https:\\\/\\\/design.novoambiente.com\\\/en\\\/corporate-solutions\\\/herman-miller\\\/seating\\\/embody-chair\\\/design-history\\\/#breadcrumb\",\"itemListElement\":[{\"@type\":\"ListItem\",\"position\":1,\"name\":\"Home\",\"item\":\"https:\\\/\\\/design.novoambiente.com\\\/en\\\/\"},{\"@type\":\"ListItem\",\"position\":2,\"name\":\"Corporate Solutions\",\"item\":\"https:\\\/\\\/design.novoambiente.com\\\/en\\\/corporate-solutions\\\/\"},{\"@type\":\"ListItem\",\"position\":3,\"name\":\"Herman Miller\",\"item\":\"https:\\\/\\\/design.novoambiente.com\\\/en\\\/corporate-solutions\\\/herman-miller\\\/\"},{\"@type\":\"ListItem\",\"position\":4,\"name\":\"Seating\",\"item\":\"https:\\\/\\\/design.novoambiente.com\\\/en\\\/corporate-solutions\\\/herman-miller\\\/seating\\\/\"},{\"@type\":\"ListItem\",\"position\":5,\"name\":\"Embody Chair\",\"item\":\"https:\\\/\\\/design.novoambiente.com\\\/en\\\/corporate-solutions\\\/herman-miller\\\/seating\\\/embody-chair\\\/\"},{\"@type\":\"ListItem\",\"position\":6,\"name\":\"Design history\"}]},{\"@type\":\"WebSite\",\"@id\":\"https:\\\/\\\/design.novoambiente.com\\\/en\\\/#website\",\"url\":\"https:\\\/\\\/design.novoambiente.com\\\/en\\\/\",\"name\":\"Novo Ambiente | Cat\u00e1logo\",\"description\":\"Mobili\u00e1rio de design para casa ou escrit\u00f3rio\",\"potentialAction\":[{\"@type\":\"SearchAction\",\"target\":{\"@type\":\"EntryPoint\",\"urlTemplate\":\"https:\\\/\\\/design.novoambiente.com\\\/en\\\/?s={search_term_string}\"},\"query-input\":{\"@type\":\"PropertyValueSpecification\",\"valueRequired\":true,\"valueName\":\"search_term_string\"}}],\"inLanguage\":\"en-US\"}]}<\/script>\n<!-- \/ Yoast SEO plugin. -->","yoast_head_json":{"title":"Design history - Novo Ambiente | Cat\u00e1logo","robots":{"index":"index","follow":"follow","max-snippet":"max-snippet:-1","max-image-preview":"max-image-preview:large","max-video-preview":"max-video-preview:-1"},"canonical":"https:\/\/design.novoambiente.com\/en\/corporate-solutions\/herman-miller\/seating\/embody-chair\/design-history\/","twitter_misc":{"Est. reading time":"3 minutes"},"schema":{"@context":"https:\/\/schema.org","@graph":[{"@type":"WebPage","@id":"https:\/\/design.novoambiente.com\/en\/corporate-solutions\/herman-miller\/seating\/embody-chair\/design-history\/","url":"https:\/\/design.novoambiente.com\/en\/corporate-solutions\/herman-miller\/seating\/embody-chair\/design-history\/","name":"Design history - Novo Ambiente | Cat\u00e1logo","isPartOf":{"@id":"https:\/\/design.novoambiente.com\/en\/#website"},"datePublished":"2019-12-16T14:39:30+00:00","dateModified":"2026-04-07T18:17:45+00:00","breadcrumb":{"@id":"https:\/\/design.novoambiente.com\/en\/corporate-solutions\/herman-miller\/seating\/embody-chair\/design-history\/#breadcrumb"},"inLanguage":"en-US","potentialAction":[{"@type":"ReadAction","target":["https:\/\/design.novoambiente.com\/en\/corporate-solutions\/herman-miller\/seating\/embody-chair\/design-history\/"]}]},{"@type":"BreadcrumbList","@id":"https:\/\/design.novoambiente.com\/en\/corporate-solutions\/herman-miller\/seating\/embody-chair\/design-history\/#breadcrumb","itemListElement":[{"@type":"ListItem","position":1,"name":"Home","item":"https:\/\/design.novoambiente.com\/en\/"},{"@type":"ListItem","position":2,"name":"Corporate Solutions","item":"https:\/\/design.novoambiente.com\/en\/corporate-solutions\/"},{"@type":"ListItem","position":3,"name":"Herman Miller","item":"https:\/\/design.novoambiente.com\/en\/corporate-solutions\/herman-miller\/"},{"@type":"ListItem","position":4,"name":"Seating","item":"https:\/\/design.novoambiente.com\/en\/corporate-solutions\/herman-miller\/seating\/"},{"@type":"ListItem","position":5,"name":"Embody Chair","item":"https:\/\/design.novoambiente.com\/en\/corporate-solutions\/herman-miller\/seating\/embody-chair\/"},{"@type":"ListItem","position":6,"name":"Design history"}]},{"@type":"WebSite","@id":"https:\/\/design.novoambiente.com\/en\/#website","url":"https:\/\/design.novoambiente.com\/en\/","name":"Novo Ambiente | Cat\u00e1logo","description":"Mobili\u00e1rio de design para casa ou escrit\u00f3rio","potentialAction":[{"@type":"SearchAction","target":{"@type":"EntryPoint","urlTemplate":"https:\/\/design.novoambiente.com\/en\/?s={search_term_string}"},"query-input":{"@type":"PropertyValueSpecification","valueRequired":true,"valueName":"search_term_string"}}],"inLanguage":"en-US"}]}},"_links":{"self":[{"href":"https:\/\/design.novoambiente.com\/en\/wp-json\/wp\/v2\/pages\/157968","targetHints":{"allow":["GET"]}}],"collection":[{"href":"https:\/\/design.novoambiente.com\/en\/wp-json\/wp\/v2\/pages"}],"about":[{"href":"https:\/\/design.novoambiente.com\/en\/wp-json\/wp\/v2\/types\/page"}],"author":[{"embeddable":true,"href":"https:\/\/design.novoambiente.com\/en\/wp-json\/wp\/v2\/users\/1"}],"replies":[{"embeddable":true,"href":"https:\/\/design.novoambiente.com\/en\/wp-json\/wp\/v2\/comments?post=157968"}],"version-history":[{"count":1,"href":"https:\/\/design.novoambiente.com\/en\/wp-json\/wp\/v2\/pages\/157968\/revisions"}],"predecessor-version":[{"id":157971,"href":"https:\/\/design.novoambiente.com\/en\/wp-json\/wp\/v2\/pages\/157968\/revisions\/157971"}],"up":[{"embeddable":true,"href":"https:\/\/design.novoambiente.com\/en\/wp-json\/wp\/v2\/pages\/157697"}],"wp:attachment":[{"href":"https:\/\/design.novoambiente.com\/en\/wp-json\/wp\/v2\/media?parent=157968"}],"curies":[{"name":"wp","href":"https:\/\/api.w.org\/{rel}","templated":true}]}}