{"id":157855,"date":"2019-07-30T15:09:54","date_gmt":"2019-07-30T18:09:54","guid":{"rendered":"https:\/\/design.novoambiente.com\/corporate-solutions\/herman-miller\/seating\/"},"modified":"2026-04-07T15:14:55","modified_gmt":"2026-04-07T18:14:55","slug":"seating","status":"publish","type":"page","link":"https:\/\/design.novoambiente.com\/en\/corporate-solutions\/herman-miller\/seating\/","title":{"rendered":"Seating"},"content":{"rendered":"\t<section class=\"section banner1\" id=\"section_1537889379\">\n\t\t<div class=\"bg section-bg fill bg-fill  \" >\n\n\t\t\t\n\t\t\t\n\t\t\t\n\n\t\t<\/div>\n\n\t\t<div class=\"section-content relative\">\n\t\t\t\n<div class=\"row row-collapse align-center\"  id=\"row-796390795\">\n\n\t<div id=\"col-991384467\" class=\"col medium-4 small-12 large-4\"  >\n\t\t\t\t<div class=\"col-inner\"  >\n\t\t\t\n\t\t\t\n<div class=\"row row-large\"  id=\"row-1851165868\">\n\n\t<div id=\"col-287198833\" class=\"col small-12 large-12\"  >\n\t\t\t\t<div class=\"col-inner\"  >\n\t\t\t\n\t\t\t\n\t<div id=\"text-2289582833\" class=\"text pl-4\">\n\t\t\n<h6>Seating<\/h6>\n<h1>Office Chairs<\/h1>\n<h6>Seating that works as hard as you do<\/h6>\n\t\t\t<\/div>\n\t\n\t\t<\/div>\n\t\t\t\t\t<\/div>\n\n\t\n<\/div>\n\t\t<\/div>\n\t\t\t\t\t<\/div>\n\n\t\n\n\t<div id=\"col-754989234\" class=\"col medium-8 small-12 large-8\"  >\n\t\t\t\t<div class=\"col-inner\"  >\n\t\t\t\n\t\t\t\n<div class=\"row show-for-small\"  id=\"row-1518468019\">\n\n\t<div id=\"col-1365190893\" class=\"col small-12 large-12\"  >\n\t\t\t\t<div class=\"col-inner\"  >\n\t\t\t\n\t\t\t\n\t<div class=\"img has-hover x md-x lg-x y md-y lg-y\" id=\"image_418971270\">\n\t\t\t\t\t\t\t\t<div class=\"img-inner dark\" >\n\t\t\t\t\t\t\t\t\t\n\t\t\t\t\t<\/div>\n\t\t\t\t\t\t\t\t\n<style>\n#image_418971270 {\n  width: 100%;\n}\n<\/style>\n\t<\/div>\n\t\n\t\t<\/div>\n\t\t\t\t\t<\/div>\n\n\t\n<\/div>\n\t\t<\/div>\n\t\t\t\t\t<\/div>\n\n\t\n<\/div>\n\t\t<\/div>\n\n\t\t\n<style>\n#section_1537889379 {\n  padding-top: 0px;\n  padding-bottom: 0px;\n  min-height: 0px;\n}\n#section_1537889379 .section-bg.bg-loaded {\n  background-image: url(https:\/\/design.novoambiente.com\/wp-content\/uploads\/2019\/07\/herman-miller-assentos.jpg);\n}\n@media (min-width:550px) {\n  #section_1537889379 {\n    min-height: 330px;\n  }\n}\n@media (min-width:850px) {\n  #section_1537889379 {\n    min-height: 550px;\n  }\n}\n<\/style>\n\t<\/section>\n\t\n<div class=\"is-divider divider clearfix\" ><\/div>\n\t<section class=\"section listagem2\" id=\"section_14705099\">\n\t\t<div class=\"bg section-bg fill bg-fill  bg-loaded\" >\n\n\t\t\t\n\t\t\t\n\t\t\t\n\n\t\t<\/div>\n\n\t\t<div class=\"section-content relative\">\n\t\t\t\n<div class=\"row\"  id=\"row-164370536\">\n\n\t<div id=\"col-720935332\" class=\"col small-12 large-12\"  >\n\t\t\t\t<div class=\"col-inner\"  >\n\t\t\t\n\t\t\t\n<div class=\"container section-title-container\" ><h4 class=\"section-title section-title-normal\"><b><\/b><span class=\"section-title-main\" >Product List<\/span><b><\/b><\/h4><\/div>\n\t\t<\/div>\n\t\t\t\t\t<\/div>\n\n\t\n\n\t<div id=\"col-1586348192\" class=\"col medium-3 small-6 large-3\"  >\n\t\t\t\t<div class=\"col-inner\"  >\n\t\t\t\n\t\t\t\n\n\t<a class=\"plain\" href=\"https:\/\/design.novoambiente.com\/en\/aeron-chair\/\"  >\t<div class=\"icon-box featured-box icon-box-center text-center\"  >\n\t\t\t\t\t<div class=\"icon-box-img\" style=\"width: 600px\">\n\t\t\t\t<div class=\"icon\">\n\t\t\t\t\t<div class=\"icon-inner\" >\n\t\t\t\t\t\t<img loading=\"lazy\" decoding=\"async\" width=\"225\" height=\"300\" src=\"https:\/\/design.novoambiente.com\/wp-content\/uploads\/2019\/07\/Cadeira-Aeron-225x300.jpg\" class=\"attachment-medium size-medium\" alt=\"\" srcset=\"https:\/\/design.novoambiente.com\/wp-content\/uploads\/2019\/07\/Cadeira-Aeron-225x300.jpg 225w, https:\/\/design.novoambiente.com\/wp-content\/uploads\/2019\/07\/Cadeira-Aeron.jpg 360w\" sizes=\"auto, (max-width: 225px) 100vw, 225px\" \/>\t\t\t\t\t<\/div>\n\t\t\t\t<\/div>\n\t\t\t<\/div>\n\t\t\t\t<div class=\"icon-box-text last-reset\">\n\t\t\t\t\t\t\t\t\t\n<h4 style=\"text-align: left;\">Aeron Chair<\/h4>\n<p style=\"text-align: left;\">Don Chadwick and Bill Stumpf<\/p>\n\t\t<\/div>\n\t<\/div>\n\t<\/a>\n\t\n\t\t<\/div>\n\t\t\t\t\t<\/div>\n\n\t\n\n\t<div id=\"col-1389288558\" class=\"col medium-3 small-6 large-3\"  >\n\t\t\t\t<div class=\"col-inner\"  >\n\t\t\t\n\t\t\t\n\n\t<a class=\"plain\" href=\"https:\/\/design.novoambiente.com\/en\/cosm-chair\/\"  >\t<div class=\"icon-box featured-box icon-box-center text-center\"  >\n\t\t\t\t\t<div class=\"icon-box-img\" style=\"width: 303px\">\n\t\t\t\t<div class=\"icon\">\n\t\t\t\t\t<div class=\"icon-inner\" >\n\t\t\t\t\t\t<img loading=\"lazy\" decoding=\"async\" width=\"225\" height=\"300\" src=\"https:\/\/design.novoambiente.com\/wp-content\/uploads\/2019\/07\/Cadeiras-Cosm-225x300.jpg\" class=\"attachment-medium size-medium\" alt=\"\" srcset=\"https:\/\/design.novoambiente.com\/wp-content\/uploads\/2019\/07\/Cadeiras-Cosm-225x300.jpg 225w, https:\/\/design.novoambiente.com\/wp-content\/uploads\/2019\/07\/Cadeiras-Cosm.jpg 360w\" sizes=\"auto, (max-width: 225px) 100vw, 225px\" \/>\t\t\t\t\t<\/div>\n\t\t\t\t<\/div>\n\t\t\t<\/div>\n\t\t\t\t<div class=\"icon-box-text last-reset\">\n\t\t\t\t\t\t\t\t\t\n<h4 style=\"text-align: left;\">Cosm Chairs<\/h4>\n<p style=\"text-align: left;\">Studio 7.5<\/p>\n\t\t<\/div>\n\t<\/div>\n\t<\/a>\n\t\n\t\t<\/div>\n\t\t\t\t\t<\/div>\n\n\t\n\n\t<div id=\"col-1511424837\" class=\"col medium-3 small-6 large-3\"  >\n\t\t\t\t<div class=\"col-inner\"  >\n\t\t\t\n\t\t\t\n\n\t<a class=\"plain\" href=\"https:\/\/design.novoambiente.com\/en\/corporate-solutions\/herman-miller\/seating\/embody-chair\/\"  >\t<div class=\"icon-box featured-box icon-box-center text-center\"  >\n\t\t\t\t\t<div class=\"icon-box-img\" style=\"width: 303px\">\n\t\t\t\t<div class=\"icon\">\n\t\t\t\t\t<div class=\"icon-inner\" >\n\t\t\t\t\t\t<img loading=\"lazy\" decoding=\"async\" width=\"225\" height=\"300\" src=\"https:\/\/design.novoambiente.com\/wp-content\/uploads\/2019\/07\/Cadeira-Embody-225x300.jpg\" class=\"attachment-medium size-medium\" alt=\"\" srcset=\"https:\/\/design.novoambiente.com\/wp-content\/uploads\/2019\/07\/Cadeira-Embody-225x300.jpg 225w, https:\/\/design.novoambiente.com\/wp-content\/uploads\/2019\/07\/Cadeira-Embody.jpg 360w\" sizes=\"auto, (max-width: 225px) 100vw, 225px\" \/>\t\t\t\t\t<\/div>\n\t\t\t\t<\/div>\n\t\t\t<\/div>\n\t\t\t\t<div class=\"icon-box-text last-reset\">\n\t\t\t\t\t\t\t\t\t\n<h4 style=\"text-align: left;\">Embody Chair<\/h4>\n<p style=\"text-align: left;\">Bill Stumpf and Jeff Weber<\/p>\n\t\t<\/div>\n\t<\/div>\n\t<\/a>\n\t\n\t\t<\/div>\n\t\t\t\t\t<\/div>\n\n\t\n\n\t<div id=\"col-1760987902\" class=\"col medium-3 small-6 large-3\"  >\n\t\t\t\t<div class=\"col-inner\"  >\n\t\t\t\n\t\t\t\n\n\t<a class=\"plain\" href=\"https:\/\/design.novoambiente.com\/en\/mirra-2-chair\/\"  >\t<div class=\"icon-box featured-box icon-box-center text-center\"  >\n\t\t\t\t\t<div class=\"icon-box-img\" style=\"width: 303px\">\n\t\t\t\t<div class=\"icon\">\n\t\t\t\t\t<div class=\"icon-inner\" >\n\t\t\t\t\t\t<img loading=\"lazy\" decoding=\"async\" width=\"225\" height=\"300\" src=\"https:\/\/design.novoambiente.com\/wp-content\/uploads\/2019\/07\/Cadeira-Mirra-2-225x300.jpg\" class=\"attachment-medium size-medium\" alt=\"\" srcset=\"https:\/\/design.novoambiente.com\/wp-content\/uploads\/2019\/07\/Cadeira-Mirra-2-225x300.jpg 225w, https:\/\/design.novoambiente.com\/wp-content\/uploads\/2019\/07\/Cadeira-Mirra-2.jpg 360w\" sizes=\"auto, (max-width: 225px) 100vw, 225px\" \/>\t\t\t\t\t<\/div>\n\t\t\t\t<\/div>\n\t\t\t<\/div>\n\t\t\t\t<div class=\"icon-box-text last-reset\">\n\t\t\t\t\t\t\t\t\t\n<h4 style=\"text-align: left;\">Mirra 2 Chair<\/h4>\n<p style=\"text-align: left;\">Studio 7.5<\/p>\n\t\t<\/div>\n\t<\/div>\n\t<\/a>\n\t\n\t\t<\/div>\n\t\t\t\t\t<\/div>\n\n\t\n\n\t<div id=\"col-1981995808\" class=\"col medium-3 small-6 large-3\"  >\n\t\t\t\t<div class=\"col-inner\"  >\n\t\t\t\n\t\t\t\n\n\t<a class=\"plain\" href=\"https:\/\/design.novoambiente.com\/en\/corporate-solutions\/herman-miller\/seating\/taper-chair\/\"  >\t<div class=\"icon-box featured-box icon-box-center text-center\"  >\n\t\t\t\t\t<div class=\"icon-box-img\" style=\"width: 303px\">\n\t\t\t\t<div class=\"icon\">\n\t\t\t\t\t<div class=\"icon-inner\" >\n\t\t\t\t\t\t<img loading=\"lazy\" decoding=\"async\" width=\"225\" height=\"300\" src=\"https:\/\/design.novoambiente.com\/wp-content\/uploads\/2019\/07\/Cadeira-Taper-225x300.jpg\" class=\"attachment-medium size-medium\" alt=\"\" srcset=\"https:\/\/design.novoambiente.com\/wp-content\/uploads\/2019\/07\/Cadeira-Taper-225x300.jpg 225w, https:\/\/design.novoambiente.com\/wp-content\/uploads\/2019\/07\/Cadeira-Taper.jpg 360w\" sizes=\"auto, (max-width: 225px) 100vw, 225px\" \/>\t\t\t\t\t<\/div>\n\t\t\t\t<\/div>\n\t\t\t<\/div>\n\t\t\t\t<div class=\"icon-box-text last-reset\">\n\t\t\t\t\t\t\t\t\t\n<h4 style=\"text-align: left;\">Taper Chair<\/h4>\n<p style=\"text-align: left;\">Mark Goetz<\/p>\n\t\t<\/div>\n\t<\/div>\n\t<\/a>\n\t\n\t\t<\/div>\n\t\t\t\t\t<\/div>\n\n\t\n\n\t<div id=\"col-1783249799\" class=\"col medium-3 small-6 large-3\"  >\n\t\t\t\t<div class=\"col-inner\"  >\n\t\t\t\n\t\t\t\n\n\t<a class=\"plain\" href=\"https:\/\/design.novoambiente.com\/?page_id=1414\"  >\t<div class=\"icon-box featured-box icon-box-center text-center\"  >\n\t\t\t\t\t<div class=\"icon-box-img\" style=\"width: 303px\">\n\t\t\t\t<div class=\"icon\">\n\t\t\t\t\t<div class=\"icon-inner\" >\n\t\t\t\t\t\t<img loading=\"lazy\" decoding=\"async\" width=\"225\" height=\"300\" src=\"https:\/\/design.novoambiente.com\/wp-content\/uploads\/2019\/07\/Cadeira-Celle-225x300.jpg\" class=\"attachment-medium size-medium\" alt=\"\" srcset=\"https:\/\/design.novoambiente.com\/wp-content\/uploads\/2019\/07\/Cadeira-Celle-225x300.jpg 225w, https:\/\/design.novoambiente.com\/wp-content\/uploads\/2019\/07\/Cadeira-Celle.jpg 360w\" sizes=\"auto, (max-width: 225px) 100vw, 225px\" \/>\t\t\t\t\t<\/div>\n\t\t\t\t<\/div>\n\t\t\t<\/div>\n\t\t\t\t<div class=\"icon-box-text last-reset\">\n\t\t\t\t\t\t\t\t\t\n<h4 style=\"text-align: left;\">Celle Chair<\/h4>\n<p style=\"text-align: left;\">Jerome Caruso<\/p>\n\t\t<\/div>\n\t<\/div>\n\t<\/a>\n\t\n\t\t<\/div>\n\t\t\t\t\t<\/div>\n\n\t\n\n\t<div id=\"col-419109396\" class=\"col medium-3 small-6 large-3\"  >\n\t\t\t\t<div class=\"col-inner\"  >\n\t\t\t\n\t\t\t\n\n\t<a class=\"plain\" href=\"https:\/\/design.novoambiente.com\/corporativo\/herman-miller\/assentos\/cadeira-sayl\/\"  >\t<div class=\"icon-box featured-box icon-box-center text-center\"  >\n\t\t\t\t\t<div class=\"icon-box-img\" style=\"width: 303px\">\n\t\t\t\t<div class=\"icon\">\n\t\t\t\t\t<div class=\"icon-inner\" >\n\t\t\t\t\t\t<img loading=\"lazy\" decoding=\"async\" width=\"225\" height=\"300\" src=\"https:\/\/design.novoambiente.com\/wp-content\/uploads\/2019\/07\/Cadeira-Sayl-225x300.jpg\" class=\"attachment-medium size-medium\" alt=\"\" srcset=\"https:\/\/design.novoambiente.com\/wp-content\/uploads\/2019\/07\/Cadeira-Sayl-225x300.jpg 225w, https:\/\/design.novoambiente.com\/wp-content\/uploads\/2019\/07\/Cadeira-Sayl.jpg 360w\" sizes=\"auto, (max-width: 225px) 100vw, 225px\" \/>\t\t\t\t\t<\/div>\n\t\t\t\t<\/div>\n\t\t\t<\/div>\n\t\t\t\t<div class=\"icon-box-text last-reset\">\n\t\t\t\t\t\t\t\t\t\n<h4 style=\"text-align: left;\">Sayl Chair<\/h4>\n<p style=\"text-align: left;\">Yves B\u00e9har<\/p>\n\t\t<\/div>\n\t<\/div>\n\t<\/a>\n\t\n\t\t<\/div>\n\t\t\t\t\t<\/div>\n\n\t\n\n\t<div id=\"col-310008338\" class=\"col medium-3 small-6 large-3\"  >\n\t\t\t\t<div class=\"col-inner\"  >\n\t\t\t\n\t\t\t\n\n\t<a class=\"plain\" href=\"https:\/\/design.novoambiente.com\/corporativo\/herman-miller\/assentos\/cadeiras-lino\/\"  >\t<div class=\"icon-box featured-box icon-box-center text-center\"  >\n\t\t\t\t\t<div class=\"icon-box-img\" style=\"width: 303px\">\n\t\t\t\t<div class=\"icon\">\n\t\t\t\t\t<div class=\"icon-inner\" >\n\t\t\t\t\t\t<img loading=\"lazy\" decoding=\"async\" width=\"225\" height=\"300\" src=\"https:\/\/design.novoambiente.com\/wp-content\/uploads\/2019\/07\/Cadeiras-Lino-225x300.jpg\" class=\"attachment-medium size-medium\" alt=\"\" srcset=\"https:\/\/design.novoambiente.com\/wp-content\/uploads\/2019\/07\/Cadeiras-Lino-225x300.jpg 225w, https:\/\/design.novoambiente.com\/wp-content\/uploads\/2019\/07\/Cadeiras-Lino.jpg 360w\" sizes=\"auto, (max-width: 225px) 100vw, 225px\" \/>\t\t\t\t\t<\/div>\n\t\t\t\t<\/div>\n\t\t\t<\/div>\n\t\t\t\t<div class=\"icon-box-text last-reset\">\n\t\t\t\t\t\t\t\t\t\n<h4 style=\"text-align: left;\">Lino Chairs<\/h4>\n<p style=\"text-align: left;\">Sam Hecht and Kim Colin<\/p>\n\t\t<\/div>\n\t<\/div>\n\t<\/a>\n\t\n\t\t<\/div>\n\t\t\t\t\t<\/div>\n\n\t\n\n\t<div id=\"col-1773377291\" class=\"col medium-3 small-6 large-3\"  >\n\t\t\t\t<div class=\"col-inner\"  >\n\t\t\t\n\t\t\t\n\n\t<a class=\"plain\" href=\"https:\/\/design.novoambiente.com\/en\/corporate-solutions\/herman-miller\/seating\/verus-chairs\/\"  >\t<div class=\"icon-box featured-box icon-box-center text-center\"  >\n\t\t\t\t\t<div class=\"icon-box-img\" style=\"width: 303px\">\n\t\t\t\t<div class=\"icon\">\n\t\t\t\t\t<div class=\"icon-inner\" >\n\t\t\t\t\t\t<img loading=\"lazy\" decoding=\"async\" width=\"225\" height=\"300\" src=\"https:\/\/design.novoambiente.com\/wp-content\/uploads\/2019\/07\/Cadeiras-Verus-225x300.jpg\" class=\"attachment-medium size-medium\" alt=\"\" srcset=\"https:\/\/design.novoambiente.com\/wp-content\/uploads\/2019\/07\/Cadeiras-Verus-225x300.jpg 225w, https:\/\/design.novoambiente.com\/wp-content\/uploads\/2019\/07\/Cadeiras-Verus.jpg 360w\" sizes=\"auto, (max-width: 225px) 100vw, 225px\" \/>\t\t\t\t\t<\/div>\n\t\t\t\t<\/div>\n\t\t\t<\/div>\n\t\t\t\t<div class=\"icon-box-text last-reset\">\n\t\t\t\t\t\t\t\t\t\n<h4 style=\"text-align: left;\">Verus Chairs<\/h4>\n\t\t<\/div>\n\t<\/div>\n\t<\/a>\n\t\n\t\t<\/div>\n\t\t\t\t\t<\/div>\n\n\t\n\n\t<div id=\"col-1004746383\" class=\"col medium-3 small-6 large-3\"  >\n\t\t\t\t<div class=\"col-inner\"  >\n\t\t\t\n\t\t\t\n\n\t<a class=\"plain\" href=\"https:\/\/design.novoambiente.com\/en\/corporate-solutions\/herman-miller\/seating\/eames-aluminum-group-chair\/\"  >\t<div class=\"icon-box featured-box icon-box-center text-center\"  >\n\t\t\t\t\t<div class=\"icon-box-img\" style=\"width: 303px\">\n\t\t\t\t<div class=\"icon\">\n\t\t\t\t\t<div class=\"icon-inner\" >\n\t\t\t\t\t\t<img loading=\"lazy\" decoding=\"async\" width=\"225\" height=\"300\" src=\"https:\/\/design.novoambiente.com\/wp-content\/uploads\/2019\/07\/Cadeira-Eames-Aluminum-Group-225x300.jpg\" class=\"attachment-medium size-medium\" alt=\"\" srcset=\"https:\/\/design.novoambiente.com\/wp-content\/uploads\/2019\/07\/Cadeira-Eames-Aluminum-Group-225x300.jpg 225w, https:\/\/design.novoambiente.com\/wp-content\/uploads\/2019\/07\/Cadeira-Eames-Aluminum-Group.jpg 360w\" sizes=\"auto, (max-width: 225px) 100vw, 225px\" \/>\t\t\t\t\t<\/div>\n\t\t\t\t<\/div>\n\t\t\t<\/div>\n\t\t\t\t<div class=\"icon-box-text last-reset\">\n\t\t\t\t\t\t\t\t\t\n<h4 style=\"text-align: left;\">Eames Aluminum Group Chair<\/h4>\n<p style=\"text-align: left;\">Charles and Ray Eames<\/p>\n\t\t<\/div>\n\t<\/div>\n\t<\/a>\n\t\n\t\t<\/div>\n\t\t\t\t\t<\/div>\n\n\t\n\n\t<div id=\"col-1522089708\" class=\"col medium-3 small-6 large-3\"  >\n\t\t\t\t<div class=\"col-inner\"  >\n\t\t\t\n\t\t\t\n\n\t<a class=\"plain\" href=\"https:\/\/design.novoambiente.com\/en\/corporate-solutions\/herman-miller\/seating\/eames-soft-pad-chair\/\"  >\t<div class=\"icon-box featured-box icon-box-center text-center\"  >\n\t\t\t\t\t<div class=\"icon-box-img\" style=\"width: 303px\">\n\t\t\t\t<div class=\"icon\">\n\t\t\t\t\t<div class=\"icon-inner\" >\n\t\t\t\t\t\t<img loading=\"lazy\" decoding=\"async\" width=\"225\" height=\"300\" src=\"https:\/\/design.novoambiente.com\/wp-content\/uploads\/2019\/07\/Cadeira-Eames-Soft-Pad-225x300.jpg\" class=\"attachment-medium size-medium\" alt=\"\" srcset=\"https:\/\/design.novoambiente.com\/wp-content\/uploads\/2019\/07\/Cadeira-Eames-Soft-Pad-225x300.jpg 225w, https:\/\/design.novoambiente.com\/wp-content\/uploads\/2019\/07\/Cadeira-Eames-Soft-Pad.jpg 360w\" sizes=\"auto, (max-width: 225px) 100vw, 225px\" \/>\t\t\t\t\t<\/div>\n\t\t\t\t<\/div>\n\t\t\t<\/div>\n\t\t\t\t<div class=\"icon-box-text last-reset\">\n\t\t\t\t\t\t\t\t\t\n<h4 style=\"text-align: left;\">Eames Soft Pad Chair<\/h4>\n<p style=\"text-align: left;\">Charles and Ray Eames<\/p>\n\t\t<\/div>\n\t<\/div>\n\t<\/a>\n\t\n\t\t<\/div>\n\t\t\t\t\t<\/div>\n\n\t\n\n\t<div id=\"col-943697311\" class=\"col medium-3 small-6 large-3\"  >\n\t\t\t\t<div class=\"col-inner\"  >\n\t\t\t\n\t\t\t\n\n\t<a class=\"plain\" href=\"https:\/\/design.novoambiente.com\/en\/corporate-solutions\/herman-miller\/seating\/eames-executive-chair\/\"  >\t<div class=\"icon-box featured-box icon-box-center text-center\"  >\n\t\t\t\t\t<div class=\"icon-box-img\" style=\"width: 303px\">\n\t\t\t\t<div class=\"icon\">\n\t\t\t\t\t<div class=\"icon-inner\" >\n\t\t\t\t\t\t<img loading=\"lazy\" decoding=\"async\" width=\"225\" height=\"300\" src=\"https:\/\/design.novoambiente.com\/wp-content\/uploads\/2019\/07\/Cadeira-Eames-Executiva-225x300.jpg\" class=\"attachment-medium size-medium\" alt=\"\" srcset=\"https:\/\/design.novoambiente.com\/wp-content\/uploads\/2019\/07\/Cadeira-Eames-Executiva-225x300.jpg 225w, https:\/\/design.novoambiente.com\/wp-content\/uploads\/2019\/07\/Cadeira-Eames-Executiva.jpg 360w\" sizes=\"auto, (max-width: 225px) 100vw, 225px\" \/>\t\t\t\t\t<\/div>\n\t\t\t\t<\/div>\n\t\t\t<\/div>\n\t\t\t\t<div class=\"icon-box-text last-reset\">\n\t\t\t\t\t\t\t\t\t\n<h4 style=\"text-align: left;\">Eames Executive Chair<\/h4>\n<p style=\"text-align: left;\">Charles and Ray Eames<\/p>\n\t\t<\/div>\n\t<\/div>\n\t<\/a>\n\t\n\t\t<\/div>\n\t\t\t\t\t<\/div>\n\n\t\n\n\t<div id=\"col-1796000826\" class=\"col medium-3 small-6 large-3\"  >\n\t\t\t\t<div class=\"col-inner\"  >\n\t\t\t\n\t\t\t\n\n\t<a class=\"plain\" href=\"https:\/\/design.novoambiente.com\/en\/corporate-solutions\/herman-miller\/seating\/setu-chair\/\"  >\t<div class=\"icon-box featured-box icon-box-center text-center\"  >\n\t\t\t\t\t<div class=\"icon-box-img\" style=\"width: 303px\">\n\t\t\t\t<div class=\"icon\">\n\t\t\t\t\t<div class=\"icon-inner\" >\n\t\t\t\t\t\t<img loading=\"lazy\" decoding=\"async\" width=\"225\" height=\"300\" src=\"https:\/\/design.novoambiente.com\/wp-content\/uploads\/2019\/07\/Cadeira-Setu-225x300.jpg\" class=\"attachment-medium size-medium\" alt=\"\" srcset=\"https:\/\/design.novoambiente.com\/wp-content\/uploads\/2019\/07\/Cadeira-Setu-225x300.jpg 225w, https:\/\/design.novoambiente.com\/wp-content\/uploads\/2019\/07\/Cadeira-Setu.jpg 360w\" sizes=\"auto, (max-width: 225px) 100vw, 225px\" \/>\t\t\t\t\t<\/div>\n\t\t\t\t<\/div>\n\t\t\t<\/div>\n\t\t\t\t<div class=\"icon-box-text last-reset\">\n\t\t\t\t\t\t\t\t\t\n<h4 style=\"text-align: left;\">Setu Chair<\/h4>\n<p style=\"text-align: left;\">Studio 7.5<\/p>\n\t\t<\/div>\n\t<\/div>\n\t<\/a>\n\t\n\t\t<\/div>\n\t\t\t\t\t<\/div>\n\n\t\n\n\t<div id=\"col-332725861\" class=\"col medium-3 small-6 large-3\"  >\n\t\t\t\t<div class=\"col-inner\"  >\n\t\t\t\n\t\t\t\n\n\t<a class=\"plain\" href=\"https:\/\/design.novoambiente.com\/en\/corporate-solutions\/herman-miller\/seating\/keyn-chair-group\/\"  >\t<div class=\"icon-box featured-box icon-box-center text-center\"  >\n\t\t\t\t\t<div class=\"icon-box-img\" style=\"width: 303px\">\n\t\t\t\t<div class=\"icon\">\n\t\t\t\t\t<div class=\"icon-inner\" >\n\t\t\t\t\t\t<img loading=\"lazy\" decoding=\"async\" width=\"225\" height=\"300\" src=\"https:\/\/design.novoambiente.com\/wp-content\/uploads\/2019\/07\/Grupo-de-cadeiras-Keyn-225x300.jpg\" class=\"attachment-medium size-medium\" alt=\"\" srcset=\"https:\/\/design.novoambiente.com\/wp-content\/uploads\/2019\/07\/Grupo-de-cadeiras-Keyn-225x300.jpg 225w, https:\/\/design.novoambiente.com\/wp-content\/uploads\/2019\/07\/Grupo-de-cadeiras-Keyn.jpg 360w\" sizes=\"auto, (max-width: 225px) 100vw, 225px\" \/>\t\t\t\t\t<\/div>\n\t\t\t\t<\/div>\n\t\t\t<\/div>\n\t\t\t\t<div class=\"icon-box-text last-reset\">\n\t\t\t\t\t\t\t\t\t\n<h4 style=\"text-align: left;\">Keyn chair group<\/h4>\n<p style=\"text-align: left;\">forpeople<\/p>\n\t\t<\/div>\n\t<\/div>\n\t<\/a>\n\t\n\t\t<\/div>\n\t\t\t\t\t<\/div>\n\n\t\n<\/div>\n\t\t<\/div>\n\n\t\t\n<style>\n#section_14705099 {\n  padding-top: 0px;\n  padding-bottom: 0px;\n}\n<\/style>\n\t<\/section>\n\t\n<div class=\"is-divider divider clearfix\" ><\/div>\n","protected":false},"excerpt":{"rendered":"","protected":false},"author":1,"featured_media":0,"parent":153605,"menu_order":0,"comment_status":"closed","ping_status":"open","template":"page-blank.php","meta":{"_acf_changed":false,"footnotes":""},"class_list":["post-157855","page","type-page","status-publish","hentry"],"acf":[],"yoast_head":"<!-- This site is optimized with the Yoast SEO plugin v27.3 - https:\/\/yoast.com\/product\/yoast-seo-wordpress\/ -->\n<title>Seating - Novo Ambiente | Cat\u00e1logo<\/title>\n<meta name=\"robots\" content=\"index, follow, max-snippet:-1, max-image-preview:large, max-video-preview:-1\" \/>\n<link rel=\"canonical\" href=\"https:\/\/design.novoambiente.com\/en\/corporate-solutions\/herman-miller\/seating\/\" \/>\n<meta name=\"twitter:label1\" content=\"Est. reading time\" \/>\n\t<meta name=\"twitter:data1\" content=\"3 minutes\" \/>\n<script type=\"application\/ld+json\" class=\"yoast-schema-graph\">{\"@context\":\"https:\\\/\\\/schema.org\",\"@graph\":[{\"@type\":\"WebPage\",\"@id\":\"https:\\\/\\\/design.novoambiente.com\\\/en\\\/corporate-solutions\\\/herman-miller\\\/seating\\\/\",\"url\":\"https:\\\/\\\/design.novoambiente.com\\\/en\\\/corporate-solutions\\\/herman-miller\\\/seating\\\/\",\"name\":\"Seating - Novo Ambiente | Cat\u00e1logo\",\"isPartOf\":{\"@id\":\"https:\\\/\\\/design.novoambiente.com\\\/en\\\/#website\"},\"datePublished\":\"2019-07-30T18:09:54+00:00\",\"dateModified\":\"2026-04-07T18:14:55+00:00\",\"breadcrumb\":{\"@id\":\"https:\\\/\\\/design.novoambiente.com\\\/en\\\/corporate-solutions\\\/herman-miller\\\/seating\\\/#breadcrumb\"},\"inLanguage\":\"en-US\",\"potentialAction\":[{\"@type\":\"ReadAction\",\"target\":[\"https:\\\/\\\/design.novoambiente.com\\\/en\\\/corporate-solutions\\\/herman-miller\\\/seating\\\/\"]}]},{\"@type\":\"BreadcrumbList\",\"@id\":\"https:\\\/\\\/design.novoambiente.com\\\/en\\\/corporate-solutions\\\/herman-miller\\\/seating\\\/#breadcrumb\",\"itemListElement\":[{\"@type\":\"ListItem\",\"position\":1,\"name\":\"Home\",\"item\":\"https:\\\/\\\/design.novoambiente.com\\\/en\\\/\"},{\"@type\":\"ListItem\",\"position\":2,\"name\":\"Corporate Solutions\",\"item\":\"https:\\\/\\\/design.novoambiente.com\\\/en\\\/corporate-solutions\\\/\"},{\"@type\":\"ListItem\",\"position\":3,\"name\":\"Herman Miller\",\"item\":\"https:\\\/\\\/design.novoambiente.com\\\/en\\\/corporate-solutions\\\/herman-miller\\\/\"},{\"@type\":\"ListItem\",\"position\":4,\"name\":\"Seating\"}]},{\"@type\":\"WebSite\",\"@id\":\"https:\\\/\\\/design.novoambiente.com\\\/en\\\/#website\",\"url\":\"https:\\\/\\\/design.novoambiente.com\\\/en\\\/\",\"name\":\"Novo Ambiente | Cat\u00e1logo\",\"description\":\"Mobili\u00e1rio de design para casa ou escrit\u00f3rio\",\"potentialAction\":[{\"@type\":\"SearchAction\",\"target\":{\"@type\":\"EntryPoint\",\"urlTemplate\":\"https:\\\/\\\/design.novoambiente.com\\\/en\\\/?s={search_term_string}\"},\"query-input\":{\"@type\":\"PropertyValueSpecification\",\"valueRequired\":true,\"valueName\":\"search_term_string\"}}],\"inLanguage\":\"en-US\"}]}<\/script>\n<!-- \/ Yoast SEO plugin. -->","yoast_head_json":{"title":"Seating - Novo Ambiente | Cat\u00e1logo","robots":{"index":"index","follow":"follow","max-snippet":"max-snippet:-1","max-image-preview":"max-image-preview:large","max-video-preview":"max-video-preview:-1"},"canonical":"https:\/\/design.novoambiente.com\/en\/corporate-solutions\/herman-miller\/seating\/","twitter_misc":{"Est. reading time":"3 minutes"},"schema":{"@context":"https:\/\/schema.org","@graph":[{"@type":"WebPage","@id":"https:\/\/design.novoambiente.com\/en\/corporate-solutions\/herman-miller\/seating\/","url":"https:\/\/design.novoambiente.com\/en\/corporate-solutions\/herman-miller\/seating\/","name":"Seating - Novo Ambiente | Cat\u00e1logo","isPartOf":{"@id":"https:\/\/design.novoambiente.com\/en\/#website"},"datePublished":"2019-07-30T18:09:54+00:00","dateModified":"2026-04-07T18:14:55+00:00","breadcrumb":{"@id":"https:\/\/design.novoambiente.com\/en\/corporate-solutions\/herman-miller\/seating\/#breadcrumb"},"inLanguage":"en-US","potentialAction":[{"@type":"ReadAction","target":["https:\/\/design.novoambiente.com\/en\/corporate-solutions\/herman-miller\/seating\/"]}]},{"@type":"BreadcrumbList","@id":"https:\/\/design.novoambiente.com\/en\/corporate-solutions\/herman-miller\/seating\/#breadcrumb","itemListElement":[{"@type":"ListItem","position":1,"name":"Home","item":"https:\/\/design.novoambiente.com\/en\/"},{"@type":"ListItem","position":2,"name":"Corporate Solutions","item":"https:\/\/design.novoambiente.com\/en\/corporate-solutions\/"},{"@type":"ListItem","position":3,"name":"Herman Miller","item":"https:\/\/design.novoambiente.com\/en\/corporate-solutions\/herman-miller\/"},{"@type":"ListItem","position":4,"name":"Seating"}]},{"@type":"WebSite","@id":"https:\/\/design.novoambiente.com\/en\/#website","url":"https:\/\/design.novoambiente.com\/en\/","name":"Novo Ambiente | Cat\u00e1logo","description":"Mobili\u00e1rio de design para casa ou escrit\u00f3rio","potentialAction":[{"@type":"SearchAction","target":{"@type":"EntryPoint","urlTemplate":"https:\/\/design.novoambiente.com\/en\/?s={search_term_string}"},"query-input":{"@type":"PropertyValueSpecification","valueRequired":true,"valueName":"search_term_string"}}],"inLanguage":"en-US"}]}},"_links":{"self":[{"href":"https:\/\/design.novoambiente.com\/en\/wp-json\/wp\/v2\/pages\/157855","targetHints":{"allow":["GET"]}}],"collection":[{"href":"https:\/\/design.novoambiente.com\/en\/wp-json\/wp\/v2\/pages"}],"about":[{"href":"https:\/\/design.novoambiente.com\/en\/wp-json\/wp\/v2\/types\/page"}],"author":[{"embeddable":true,"href":"https:\/\/design.novoambiente.com\/en\/wp-json\/wp\/v2\/users\/1"}],"replies":[{"embeddable":true,"href":"https:\/\/design.novoambiente.com\/en\/wp-json\/wp\/v2\/comments?post=157855"}],"version-history":[{"count":2,"href":"https:\/\/design.novoambiente.com\/en\/wp-json\/wp\/v2\/pages\/157855\/revisions"}],"predecessor-version":[{"id":157936,"href":"https:\/\/design.novoambiente.com\/en\/wp-json\/wp\/v2\/pages\/157855\/revisions\/157936"}],"up":[{"embeddable":true,"href":"https:\/\/design.novoambiente.com\/en\/wp-json\/wp\/v2\/pages\/153605"}],"wp:attachment":[{"href":"https:\/\/design.novoambiente.com\/en\/wp-json\/wp\/v2\/media?parent=157855"}],"curies":[{"name":"wp","href":"https:\/\/api.w.org\/{rel}","templated":true}]}}