{"id":157847,"date":"2019-07-04T18:07:51","date_gmt":"2019-07-04T21:07:51","guid":{"rendered":"https:\/\/design.novoambiente.com\/corporate-solutions\/shopping-malls\/"},"modified":"2026-04-07T15:14:41","modified_gmt":"2026-04-07T18:14:41","slug":"shopping-malls","status":"publish","type":"page","link":"https:\/\/design.novoambiente.com\/en\/corporate-solutions\/shopping-malls\/","title":{"rendered":"Shopping Malls"},"content":{"rendered":"\n  <div class=\"banner has-hover\" id=\"banner-1628766275\">\n          <div class=\"banner-inner fill\">\n        <div class=\"banner-bg fill\" >\n            <div class=\"bg fill bg-fill \"><\/div>\n                        <div class=\"overlay\"><\/div>            \n                    <\/div>\n        <div class=\"banner-layers container\">\n            <div class=\"fill banner-link\"><\/div>            \n   <div id=\"text-box-1547203580\" class=\"text-box banner-layer x50 md-x50 lg-x50 y50 md-y50 lg-y50 res-text\">\n                                <div class=\"text-box-content text dark\">\n              \n              <div class=\"text-inner text-center\">\n                  \n\t<div id=\"text-1339530645\" class=\"text font-type-1\">\n\t\t\n<h1 class=\"uppercase\" style=\"text-align: center;\">Shopping Malls<\/h1>\n\t\t\t<\/div>\n\t\n              <\/div>\n           <\/div>\n                            \n<style>\n#text-box-1547203580 {\n  width: 60%;\n}\n#text-box-1547203580 .text-box-content {\n  font-size: 100%;\n}\n<\/style>\n    <\/div>\n \n        <\/div>\n      <\/div>\n\n            \n<style>\n#banner-1628766275 {\n  padding-top: 180px;\n  background-color: rgb(191, 191, 191);\n}\n#banner-1628766275 .bg.bg-loaded {\n  background-image: url(https:\/\/design.novoambiente.com\/wp-content\/uploads\/2019\/07\/shopping-min.jpg);\n}\n#banner-1628766275 .overlay {\n  background-color: rgba(0, 0, 0, 0.227);\n}\n#banner-1628766275 .bg {\n  background-position: 52% 0%;\n}\n@media (min-width:550px) {\n  #banner-1628766275 {\n    padding-top: 380px;\n  }\n}\n<\/style>\n  <\/div>\n\n\n\t<section class=\"section pt-0 pt-md-5 pb-0\" id=\"section_1145076515\">\n\t\t<div class=\"bg section-bg fill bg-fill  bg-loaded\" >\n\n\t\t\t\n\t\t\t\n\t\t\t\n\n\t\t<\/div>\n\n\t\t<div class=\"section-content relative\">\n\t\t\t\n<div class=\"row\"  id=\"row-1374344720\">\n\n\t<div id=\"col-1647065094\" class=\"col pb-0 pb-md-3 small-12 large-12\"  >\n\t\t\t\t<div class=\"col-inner\"  >\n\t\t\t\n\t\t\t\n\t<div id=\"text-2984026467\" class=\"text mb-0\">\n\t\t\n  \n  <ul class=\"breadcrumbs\"><\/ul>\n\t\t\t<\/div>\n\t\n\t\t<\/div>\n\t\t\t\t\t<\/div>\n\n\t\n<\/div>\n\t\t<\/div>\n\n\t\t\n<style>\n#section_1145076515 {\n  padding-top: 0px;\n  padding-bottom: 0px;\n}\n<\/style>\n\t<\/section>\n\t\n\t<section class=\"section pt-3 pb-6 pb-md-8\" id=\"section_1132738925\">\n\t\t<div class=\"bg section-bg fill bg-fill  bg-loaded\" >\n\n\t\t\t\n\t\t\t\n\t\t\t\n\n\t\t<\/div>\n\n\t\t<div class=\"section-content relative\">\n\t\t\t\n<div class=\"row align-center mb-6 mb-md-8\"  id=\"row-1062541233\">\n\n\t<div id=\"col-856747373\" class=\"col medium-8 small-12 large-8\"  >\n\t\t\t\t<div class=\"col-inner\"  >\n\t\t\t\n\t\t\t\n\t<div id=\"text-1593293723\" class=\"text font-type-2 mb-2\">\n\t\t\n<h3><strong>Shopping Malls<\/strong><\/h3>\n\t\t\n<style>\n#text-1593293723 {\n  text-align: center;\n}\n<\/style>\n\t<\/div>\n\t\n\t<div id=\"text-1503843509\" class=\"text\">\n\t\t\n<p>Smarter, purpose-driven space concepts<\/p>\n\t\t\n<style>\n#text-1503843509 {\n  text-align: center;\n}\n<\/style>\n\t<\/div>\n\t\n\t\t<\/div>\n\t\t\t\t\t<\/div>\n\n\t\n<\/div>\n<div class=\"row\"  id=\"row-1307285718\">\n\n\t<div id=\"col-1836263841\" class=\"col medium-3 small-12 large-3\"  >\n\t\t\t\t<div class=\"col-inner\"  >\n\t\t\t\n\t\t\t\n\t<div id=\"text-156921193\" class=\"text bold-400 mb-4\">\n\t\t\n<h5><strong>Customer Experience<\/strong><\/h5>\n\t\t\n<style>\n#text-156921193 {\n  text-align: center;\n  color: #a21012;\n}\n#text-156921193 > * {\n  color: #a21012;\n}\n<\/style>\n\t<\/div>\n\t\n\t<div id=\"text-3843464509\" class=\"text display-1\">\n\t\t\n<h6>We design spaces according to key customer journey touchpoints in shopping malls and commercial areas, enhancing the purchasing experience for products and services.<\/h6>\n\t\t\n<style>\n#text-3843464509 {\n  text-align: center;\n  color: rgb(107, 105, 104);\n}\n#text-3843464509 > * {\n  color: rgb(107, 105, 104);\n}\n<\/style>\n\t<\/div>\n\t\n\t\t<\/div>\n\t\t\t\t\t<\/div>\n\n\t\n\n\t<div id=\"col-1976212110\" class=\"col medium-3 small-12 large-3\"  >\n\t\t\t\t<div class=\"col-inner\"  >\n\t\t\t\n\t\t\t\n\t<div id=\"text-3948388318\" class=\"text bold-400 mb-4\">\n\t\t\n<h5><strong>Integrated Environments<\/strong><\/h5>\n\t\t\n<style>\n#text-3948388318 {\n  text-align: center;\n  color: rgb(162, 16, 18);\n}\n#text-3948388318 > * {\n  color: rgb(162, 16, 18);\n}\n<\/style>\n\t<\/div>\n\t\n\t<div id=\"text-1855528207\" class=\"text display-1\">\n\t\t\n<h6>Living spaces, outdoor areas, food courts, and lounges featuring durable materials and striking design, all aligned with a primary vision.<\/h6>\n\t\t\n<style>\n#text-1855528207 {\n  text-align: center;\n  color: rgb(107, 105, 104);\n}\n#text-1855528207 > * {\n  color: rgb(107, 105, 104);\n}\n<\/style>\n\t<\/div>\n\t\n\t\t<\/div>\n\t\t\t\t\t<\/div>\n\n\t\n\n\t<div id=\"col-1541936800\" class=\"col medium-3 small-12 large-3\"  >\n\t\t\t\t<div class=\"col-inner\"  >\n\t\t\t\n\t\t\t\n\t<div id=\"text-2756166186\" class=\"text bold-400 mb-4\">\n\t\t\n<h5><strong>Creation or Renovation<\/strong><\/h5>\n\t\t\n<style>\n#text-2756166186 {\n  text-align: center;\n  color: #a21012;\n}\n#text-2756166186 > * {\n  color: #a21012;\n}\n<\/style>\n\t<\/div>\n\t\n\t<div id=\"text-3377636144\" class=\"text display-1\">\n\t\t\n<h6>We collaborate with architects and interior designers to create unique spaces or redesign the experience in commercial environments, adhering to deadlines and budget constraints.<\/h6>\n\t\t\n<style>\n#text-3377636144 {\n  text-align: center;\n  color: rgb(107, 105, 104);\n}\n#text-3377636144 > * {\n  color: rgb(107, 105, 104);\n}\n<\/style>\n\t<\/div>\n\t\n\t\t<\/div>\n\t\t\t\t\t<\/div>\n\n\t\n\n\t<div id=\"col-1842580685\" class=\"col medium-3 small-12 large-3\"  >\n\t\t\t\t<div class=\"col-inner\"  >\n\t\t\t\n\t\t\t\n\t<div id=\"text-3459502573\" class=\"text bold-400 mb-4\">\n\t\t\n<h5><strong>Logistics<\/strong><\/h5>\n\t\t\n<style>\n#text-3459502573 {\n  text-align: center;\n  color: #a21012;\n}\n#text-3459502573 > * {\n  color: #a21012;\n}\n<\/style>\n\t<\/div>\n\t\n\t<div id=\"text-2344435203\" class=\"text display-1\">\n\t\t\n<h6>Available throughout Brazil with agility. Complete delivery service according to your schedule and hours. Hassle-free installation and assembly of pieces.  <\/h6>\n\t\t\n<style>\n#text-2344435203 {\n  text-align: center;\n  color: rgb(107, 105, 104);\n}\n#text-2344435203 > * {\n  color: rgb(107, 105, 104);\n}\n<\/style>\n\t<\/div>\n\t\n\t\t<\/div>\n\t\t\t\t\t<\/div>\n\n\t\n<\/div>\n\t\t<\/div>\n\n\t\t\n<style>\n#section_1132738925 {\n  padding-top: 0px;\n  padding-bottom: 0px;\n}\n<\/style>\n\t<\/section>\n\t\n\n\t<section class=\"section\" id=\"section_372543513\">\n\t\t<div class=\"bg section-bg fill bg-fill  bg-loaded\" >\n\n\t\t\t\n\t\t\t\n\t\t\t\n\n\t\t<\/div>\n\n\t\t<div class=\"section-content relative\">\n\t\t\t\n<div class=\"row align-center pt-5 pt-md-8 pb-6 pb-md-8\"  id=\"row-64159168\">\n\n\t<div id=\"col-1830264317\" class=\"col medium-7 small-12 large-7\"  >\n\t\t\t\t<div class=\"col-inner\"  >\n\t\t\t\n\t\t\t\n\t<div id=\"text-4192837053\" class=\"text mb-4 mb-md-3 font-type-2 display-1\">\n\t\t\n<h3 class=\"uppercase\"><strong>Success stories<\/strong><\/h3>\n\t\t\n<style>\n#text-4192837053 {\n  text-align: center;\n}\n<\/style>\n\t<\/div>\n\t\n\t<div id=\"text-511672833\" class=\"text mb-4 mb-md-6 font-type-2\">\n\t\t\n<p style=\"text-align: center;\">Contact us to learn more about our success stories<\/p>\n\t\t\n<style>\n#text-511672833 {\n  text-align: center;\n}\n<\/style>\n\t<\/div>\n\t\n\t<div id=\"text-2291819858\" class=\"text mb-0\">\n\t\t\n\n    <a href=\"https:\/\/design.novoambiente.com\/en\/contact\/\" class=\"btn-contato\">\n     Get in touch\n    <\/a>\n    \n\t\t\n<style>\n#text-2291819858 {\n  text-align: center;\n}\n<\/style>\n\t<\/div>\n\t\n\t\t<\/div>\n\t\t\t\t\t<\/div>\n\n\t\n<\/div>\n\t\t<\/div>\n\n\t\t\n<style>\n#section_372543513 {\n  padding-top: 0px;\n  padding-bottom: 0px;\n}\n<\/style>\n\t<\/section>\n\t\n\t<section class=\"section pt-4 pb-4 controle-de-qualidade\" id=\"section_1554665260\">\n\t\t<div class=\"bg section-bg fill bg-fill  bg-loaded\" >\n\n\t\t\t\n\t\t\t\n\t\t\t\n\n\t\t<\/div>\n\n\t\t<div class=\"section-content relative\">\n\t\t\t\n<div class=\"is-divider divider clearfix\" ><\/div>\n<div class=\"row align-center\"  id=\"row-1497237245\">\n\n\t<div id=\"col-330614131\" class=\"col medium-7 small-12 large-7\"  >\n\t\t\t\t<div class=\"col-inner\"  >\n\t\t\t\n\t\t\t\n\t<div id=\"text-2528203448\" class=\"text mb-4 mb-md-3 font-type-2 display-1\">\n\t\t\n<h3><strong>Clients who trust our work<\/strong><\/h3>\n\t\t\n<style>\n#text-2528203448 {\n  text-align: center;\n}\n<\/style>\n\t<\/div>\n\t\n\t\t<\/div>\n\t\t\t\t\t<\/div>\n\n\t\n<\/div>\n\t<div id=\"gap-1253690516\" class=\"gap-element clearfix\" style=\"display:block; height:auto;\">\n\t\t\n<style>\n#gap-1253690516 {\n  padding-top: 30px;\n}\n<\/style>\n\t<\/div>\n\t\n<div class=\"row align-center\"  id=\"row-875396031\">\n\n\t<div id=\"col-1048819694\" class=\"col medium-9 small-12 large-9\"  >\n\t\t\t\t<div class=\"col-inner\"  >\n\t\t\t\n\t\t\t\n<div class=\"row align-center\"  id=\"row-1113622217\">\n\n\t<div id=\"col-1717321661\" class=\"col logos small-6 large-12\"  >\n\t\t\t\t<div class=\"col-inner\"  >\n\t\t\t\n\t\t\t\n\t<div class=\"img has-hover x md-x lg-x y md-y lg-y\" id=\"image_845984032\">\n\t\t\t\t\t\t\t\t<div class=\"img-inner dark\" >\n\t\t\t<img loading=\"lazy\" decoding=\"async\" width=\"280\" height=\"200\" src=\"https:\/\/design.novoambiente.com\/wp-content\/uploads\/2019\/07\/park-jacarepagua-multiplan.png\" class=\"attachment-original size-original\" alt=\"\" \/>\t\t\t\t\t\t\n\t\t\t\t\t<\/div>\n\t\t\t\t\t\t\t\t\n<style>\n#image_845984032 {\n  width: 100%;\n}\n<\/style>\n\t<\/div>\n\t\n\t<div class=\"img has-hover x md-x lg-x y md-y lg-y\" id=\"image_1314629727\">\n\t\t\t\t\t\t\t\t<div class=\"img-inner dark\" >\n\t\t\t<img loading=\"lazy\" decoding=\"async\" width=\"280\" height=\"200\" src=\"https:\/\/design.novoambiente.com\/wp-content\/uploads\/2019\/07\/shopping-tijuca.png\" class=\"attachment-original size-original\" alt=\"\" \/>\t\t\t\t\t\t\n\t\t\t\t\t<\/div>\n\t\t\t\t\t\t\t\t\n<style>\n#image_1314629727 {\n  width: 100%;\n}\n<\/style>\n\t<\/div>\n\t\n\t<div class=\"img has-hover x md-x lg-x y md-y lg-y\" id=\"image_192901924\">\n\t\t\t\t\t\t\t\t<div class=\"img-inner dark\" >\n\t\t\t<img loading=\"lazy\" decoding=\"async\" width=\"280\" height=\"200\" src=\"https:\/\/design.novoambiente.com\/wp-content\/uploads\/2019\/07\/norte-shopping.png\" class=\"attachment-original size-original\" alt=\"\" \/>\t\t\t\t\t\t\n\t\t\t\t\t<\/div>\n\t\t\t\t\t\t\t\t\n<style>\n#image_192901924 {\n  width: 100%;\n}\n<\/style>\n\t<\/div>\n\t\n\t<div class=\"img has-hover x md-x lg-x y md-y lg-y\" id=\"image_1156033419\">\n\t\t\t\t\t\t\t\t<div class=\"img-inner dark\" >\n\t\t\t<img loading=\"lazy\" decoding=\"async\" width=\"280\" height=\"200\" src=\"https:\/\/design.novoambiente.com\/wp-content\/uploads\/2019\/07\/maceio-shopping.png\" class=\"attachment-original size-original\" alt=\"\" \/>\t\t\t\t\t\t\n\t\t\t\t\t<\/div>\n\t\t\t\t\t\t\t\t\n<style>\n#image_1156033419 {\n  width: 100%;\n}\n<\/style>\n\t<\/div>\n\t\n\t<div class=\"img has-hover x md-x lg-x y md-y lg-y\" id=\"image_1076485006\">\n\t\t\t\t\t\t\t\t<div class=\"img-inner dark\" >\n\t\t\t<img loading=\"lazy\" decoding=\"async\" width=\"280\" height=\"200\" src=\"https:\/\/design.novoambiente.com\/wp-content\/uploads\/2019\/07\/crystal-shopping.png\" class=\"attachment-original size-original\" alt=\"\" \/>\t\t\t\t\t\t\n\t\t\t\t\t<\/div>\n\t\t\t\t\t\t\t\t\n<style>\n#image_1076485006 {\n  width: 100%;\n}\n<\/style>\n\t<\/div>\n\t\n\t\t<\/div>\n\t\t\t\t\t<\/div>\n\n\t\n<\/div>\n\t\t<\/div>\n\t\t\t\t\t<\/div>\n\n\t\n<\/div>\n<div class=\"is-divider divider clearfix\" ><\/div>\n\t\t<\/div>\n\n\t\t\n<style>\n#section_1554665260 {\n  padding-top: 0px;\n  padding-bottom: 0px;\n}\n<\/style>\n\t<\/section>\n\t\n\n","protected":false},"excerpt":{"rendered":"","protected":false},"author":1,"featured_media":0,"parent":153582,"menu_order":0,"comment_status":"closed","ping_status":"open","template":"page-blank.php","meta":{"_acf_changed":false,"footnotes":""},"class_list":["post-157847","page","type-page","status-publish","hentry"],"acf":[],"yoast_head":"<!-- This site is optimized with the Yoast SEO plugin v27.3 - https:\/\/yoast.com\/product\/yoast-seo-wordpress\/ -->\n<title>Shopping Malls - Novo Ambiente | Cat\u00e1logo<\/title>\n<meta name=\"robots\" content=\"index, follow, max-snippet:-1, max-image-preview:large, max-video-preview:-1\" \/>\n<link rel=\"canonical\" href=\"https:\/\/design.novoambiente.com\/en\/corporate-solutions\/shopping-malls\/\" \/>\n<meta name=\"twitter:label1\" content=\"Est. reading time\" \/>\n\t<meta name=\"twitter:data1\" content=\"4 minutes\" \/>\n<script type=\"application\/ld+json\" class=\"yoast-schema-graph\">{\"@context\":\"https:\\\/\\\/schema.org\",\"@graph\":[{\"@type\":\"WebPage\",\"@id\":\"https:\\\/\\\/design.novoambiente.com\\\/en\\\/corporate-solutions\\\/shopping-malls\\\/\",\"url\":\"https:\\\/\\\/design.novoambiente.com\\\/en\\\/corporate-solutions\\\/shopping-malls\\\/\",\"name\":\"Shopping Malls - Novo Ambiente | Cat\u00e1logo\",\"isPartOf\":{\"@id\":\"https:\\\/\\\/design.novoambiente.com\\\/en\\\/#website\"},\"primaryImageOfPage\":{\"@id\":\"https:\\\/\\\/design.novoambiente.com\\\/en\\\/corporate-solutions\\\/shopping-malls\\\/#primaryimage\"},\"image\":{\"@id\":\"https:\\\/\\\/design.novoambiente.com\\\/en\\\/corporate-solutions\\\/shopping-malls\\\/#primaryimage\"},\"thumbnailUrl\":\"https:\\\/\\\/design.novoambiente.com\\\/wp-content\\\/uploads\\\/2020\\\/02\\\/hermanmillerlogo_display-jpeg-300x72.jpg\",\"datePublished\":\"2019-07-04T21:07:51+00:00\",\"dateModified\":\"2026-04-07T18:14:41+00:00\",\"breadcrumb\":{\"@id\":\"https:\\\/\\\/design.novoambiente.com\\\/en\\\/corporate-solutions\\\/shopping-malls\\\/#breadcrumb\"},\"inLanguage\":\"en-US\",\"potentialAction\":[{\"@type\":\"ReadAction\",\"target\":[\"https:\\\/\\\/design.novoambiente.com\\\/en\\\/corporate-solutions\\\/shopping-malls\\\/\"]}]},{\"@type\":\"ImageObject\",\"inLanguage\":\"en-US\",\"@id\":\"https:\\\/\\\/design.novoambiente.com\\\/en\\\/corporate-solutions\\\/shopping-malls\\\/#primaryimage\",\"url\":\"https:\\\/\\\/design.novoambiente.com\\\/wp-content\\\/uploads\\\/2020\\\/02\\\/hermanmillerlogo_display-jpeg-300x72.jpg\",\"contentUrl\":\"https:\\\/\\\/design.novoambiente.com\\\/wp-content\\\/uploads\\\/2020\\\/02\\\/hermanmillerlogo_display-jpeg-300x72.jpg\"},{\"@type\":\"BreadcrumbList\",\"@id\":\"https:\\\/\\\/design.novoambiente.com\\\/en\\\/corporate-solutions\\\/shopping-malls\\\/#breadcrumb\",\"itemListElement\":[{\"@type\":\"ListItem\",\"position\":1,\"name\":\"Home\",\"item\":\"https:\\\/\\\/design.novoambiente.com\\\/en\\\/\"},{\"@type\":\"ListItem\",\"position\":2,\"name\":\"Corporate Solutions\",\"item\":\"https:\\\/\\\/design.novoambiente.com\\\/en\\\/corporate-solutions\\\/\"},{\"@type\":\"ListItem\",\"position\":3,\"name\":\"Shopping Malls\"}]},{\"@type\":\"WebSite\",\"@id\":\"https:\\\/\\\/design.novoambiente.com\\\/en\\\/#website\",\"url\":\"https:\\\/\\\/design.novoambiente.com\\\/en\\\/\",\"name\":\"Novo Ambiente | Cat\u00e1logo\",\"description\":\"Mobili\u00e1rio de design para casa ou escrit\u00f3rio\",\"potentialAction\":[{\"@type\":\"SearchAction\",\"target\":{\"@type\":\"EntryPoint\",\"urlTemplate\":\"https:\\\/\\\/design.novoambiente.com\\\/en\\\/?s={search_term_string}\"},\"query-input\":{\"@type\":\"PropertyValueSpecification\",\"valueRequired\":true,\"valueName\":\"search_term_string\"}}],\"inLanguage\":\"en-US\"}]}<\/script>\n<!-- \/ Yoast SEO plugin. -->","yoast_head_json":{"title":"Shopping Malls - Novo Ambiente | Cat\u00e1logo","robots":{"index":"index","follow":"follow","max-snippet":"max-snippet:-1","max-image-preview":"max-image-preview:large","max-video-preview":"max-video-preview:-1"},"canonical":"https:\/\/design.novoambiente.com\/en\/corporate-solutions\/shopping-malls\/","twitter_misc":{"Est. reading time":"4 minutes"},"schema":{"@context":"https:\/\/schema.org","@graph":[{"@type":"WebPage","@id":"https:\/\/design.novoambiente.com\/en\/corporate-solutions\/shopping-malls\/","url":"https:\/\/design.novoambiente.com\/en\/corporate-solutions\/shopping-malls\/","name":"Shopping Malls - Novo Ambiente | Cat\u00e1logo","isPartOf":{"@id":"https:\/\/design.novoambiente.com\/en\/#website"},"primaryImageOfPage":{"@id":"https:\/\/design.novoambiente.com\/en\/corporate-solutions\/shopping-malls\/#primaryimage"},"image":{"@id":"https:\/\/design.novoambiente.com\/en\/corporate-solutions\/shopping-malls\/#primaryimage"},"thumbnailUrl":"https:\/\/design.novoambiente.com\/wp-content\/uploads\/2020\/02\/hermanmillerlogo_display-jpeg-300x72.jpg","datePublished":"2019-07-04T21:07:51+00:00","dateModified":"2026-04-07T18:14:41+00:00","breadcrumb":{"@id":"https:\/\/design.novoambiente.com\/en\/corporate-solutions\/shopping-malls\/#breadcrumb"},"inLanguage":"en-US","potentialAction":[{"@type":"ReadAction","target":["https:\/\/design.novoambiente.com\/en\/corporate-solutions\/shopping-malls\/"]}]},{"@type":"ImageObject","inLanguage":"en-US","@id":"https:\/\/design.novoambiente.com\/en\/corporate-solutions\/shopping-malls\/#primaryimage","url":"https:\/\/design.novoambiente.com\/wp-content\/uploads\/2020\/02\/hermanmillerlogo_display-jpeg-300x72.jpg","contentUrl":"https:\/\/design.novoambiente.com\/wp-content\/uploads\/2020\/02\/hermanmillerlogo_display-jpeg-300x72.jpg"},{"@type":"BreadcrumbList","@id":"https:\/\/design.novoambiente.com\/en\/corporate-solutions\/shopping-malls\/#breadcrumb","itemListElement":[{"@type":"ListItem","position":1,"name":"Home","item":"https:\/\/design.novoambiente.com\/en\/"},{"@type":"ListItem","position":2,"name":"Corporate Solutions","item":"https:\/\/design.novoambiente.com\/en\/corporate-solutions\/"},{"@type":"ListItem","position":3,"name":"Shopping Malls"}]},{"@type":"WebSite","@id":"https:\/\/design.novoambiente.com\/en\/#website","url":"https:\/\/design.novoambiente.com\/en\/","name":"Novo Ambiente | Cat\u00e1logo","description":"Mobili\u00e1rio de design para casa ou escrit\u00f3rio","potentialAction":[{"@type":"SearchAction","target":{"@type":"EntryPoint","urlTemplate":"https:\/\/design.novoambiente.com\/en\/?s={search_term_string}"},"query-input":{"@type":"PropertyValueSpecification","valueRequired":true,"valueName":"search_term_string"}}],"inLanguage":"en-US"}]}},"_links":{"self":[{"href":"https:\/\/design.novoambiente.com\/en\/wp-json\/wp\/v2\/pages\/157847","targetHints":{"allow":["GET"]}}],"collection":[{"href":"https:\/\/design.novoambiente.com\/en\/wp-json\/wp\/v2\/pages"}],"about":[{"href":"https:\/\/design.novoambiente.com\/en\/wp-json\/wp\/v2\/types\/page"}],"author":[{"embeddable":true,"href":"https:\/\/design.novoambiente.com\/en\/wp-json\/wp\/v2\/users\/1"}],"replies":[{"embeddable":true,"href":"https:\/\/design.novoambiente.com\/en\/wp-json\/wp\/v2\/comments?post=157847"}],"version-history":[{"count":1,"href":"https:\/\/design.novoambiente.com\/en\/wp-json\/wp\/v2\/pages\/157847\/revisions"}],"predecessor-version":[{"id":157850,"href":"https:\/\/design.novoambiente.com\/en\/wp-json\/wp\/v2\/pages\/157847\/revisions\/157850"}],"up":[{"embeddable":true,"href":"https:\/\/design.novoambiente.com\/en\/wp-json\/wp\/v2\/pages\/153582"}],"wp:attachment":[{"href":"https:\/\/design.novoambiente.com\/en\/wp-json\/wp\/v2\/media?parent=157847"}],"curies":[{"name":"wp","href":"https:\/\/api.w.org\/{rel}","templated":true}]}}