{"id":157841,"date":"2019-07-30T17:02:52","date_gmt":"2019-07-30T20:02:52","guid":{"rendered":"https:\/\/design.novoambiente.com\/corporate-solutions\/herman-miller\/desks\/"},"modified":"2026-04-07T15:15:16","modified_gmt":"2026-04-07T18:15:16","slug":"desks","status":"publish","type":"page","link":"https:\/\/design.novoambiente.com\/en\/corporate-solutions\/herman-miller\/desks\/","title":{"rendered":"Desks"},"content":{"rendered":"\t<section class=\"section banner1\" id=\"section_286871067\">\n\t\t<div class=\"bg section-bg fill bg-fill  \" >\n\n\t\t\t\n\t\t\t\n\t\t\t\n\n\t\t<\/div>\n\n\t\t<div class=\"section-content relative\">\n\t\t\t\n<div class=\"row row-collapse align-center\"  id=\"row-338954254\">\n\n\t<div id=\"col-1906957911\" class=\"col medium-4 small-12 large-4\"  >\n\t\t\t\t<div class=\"col-inner\"  >\n\t\t\t\n\t\t\t\n<div class=\"row row-large\"  id=\"row-1725775775\">\n\n\t<div id=\"col-225542719\" class=\"col small-12 large-12\"  >\n\t\t\t\t<div class=\"col-inner\"  >\n\t\t\t\n\t\t\t\n\t<div id=\"text-3233597506\" class=\"text pl-4\">\n\t\t\n<h6>Tables and Workspaces<\/h6>\n<h1>Sit-to-Stand<\/h1>\n<h6>Work in Motion<\/h6>\n\t\t\t<\/div>\n\t\n\t\t<\/div>\n\t\t\t\t\t<\/div>\n\n\t\n<\/div>\n\t\t<\/div>\n\t\t\t\t\t<\/div>\n\n\t\n\n\t<div id=\"col-114591777\" class=\"col medium-8 small-12 large-8\"  >\n\t\t\t\t<div class=\"col-inner\"  >\n\t\t\t\n\t\t\t\n<div class=\"row show-for-small\"  id=\"row-1642809793\">\n\n\t<div id=\"col-1351246553\" class=\"col small-12 large-12\"  >\n\t\t\t\t<div class=\"col-inner\"  >\n\t\t\t\n\t\t\t\n\t<div class=\"img has-hover x md-x lg-x y md-y lg-y\" id=\"image_748950167\">\n\t\t\t\t\t\t\t\t<div class=\"img-inner dark\" >\n\t\t\t\t\t\t\t\t\t\n\t\t\t\t\t<\/div>\n\t\t\t\t\t\t\t\t\n<style>\n#image_748950167 {\n  width: 100%;\n}\n<\/style>\n\t<\/div>\n\t\n\t\t<\/div>\n\t\t\t\t\t<\/div>\n\n\t\n<\/div>\n\t\t<\/div>\n\t\t\t\t\t<\/div>\n\n\t\n<\/div>\n\t\t<\/div>\n\n\t\t\n<style>\n#section_286871067 {\n  padding-top: 0px;\n  padding-bottom: 0px;\n  min-height: 0px;\n}\n#section_286871067 .section-bg.bg-loaded {\n  background-image: url(https:\/\/design.novoambiente.com\/wp-content\/uploads\/2019\/07\/hermanmiller-mesas.jpg);\n}\n@media (min-width:550px) {\n  #section_286871067 {\n    min-height: 330px;\n  }\n}\n@media (min-width:850px) {\n  #section_286871067 {\n    min-height: 550px;\n  }\n}\n<\/style>\n\t<\/section>\n\t\n<div class=\"is-divider divider clearfix\" ><\/div>\n\t<section class=\"section\" id=\"section_406098017\">\n\t\t<div class=\"bg section-bg fill bg-fill  bg-loaded\" >\n\n\t\t\t\n\t\t\t\n\t\t\t\n\n\t\t<\/div>\n\n\t\t<div class=\"section-content relative\">\n\t\t\t\n<div class=\"row\"  id=\"row-446094212\">\n\n\t<div id=\"col-829097182\" class=\"col small-12 large-12\"  >\n\t\t\t\t<div class=\"col-inner\"  >\n\t\t\t\n\t\t\t\n<div class=\"container section-title-container\" ><h4 class=\"section-title section-title-normal\"><b><\/b><span class=\"section-title-main\" >Product List<\/span><b><\/b><\/h4><\/div>\n\t\t<\/div>\n\t\t\t\t\t<\/div>\n\n\t\n\n\t<div id=\"col-236722369\" class=\"col small-12 large-12\"  >\n\t\t\t\t<div class=\"col-inner\"  >\n\t\t\t\n\t\t\t\n<div class=\"c-virtual_list__item\" tabindex=\"-1\" role=\"listitem\" aria-expanded=\"false\">\n<div class=\"c-message c-message--light c-message--adjacent\" role=\"document\" data-qa=\"message_container\" data-qa-placeholder=\"false\">\n<h3 class=\"mb-5 c-message__content c-message__content--feature_sonic_inputs\" data-qa=\"message_content\"><span class=\"c-message__body\" dir=\"auto\" data-qa=\"message-text\">Ratio<\/span><\/h3>\n<\/div>\n<\/div>\n<div class=\"c-virtual_list__item\" tabindex=\"-1\" role=\"listitem\" aria-expanded=\"false\">\n<div class=\"c-message c-message--light c-message--adjacent c-message--last\" role=\"document\" data-qa=\"message_container\" data-qa-placeholder=\"false\">\n<h4 class=\"mb-5 c-message__content c-message__content--feature_sonic_inputs\" data-qa=\"message_content\"><span class=\"c-message__body\" dir=\"auto\" data-qa=\"message-text\">The Desk That Doesn&#8217;t Stand Still<\/span><\/h4>\n<\/div>\n<\/div>\n<div class=\"na-gallery\">\n<ul id=\"69f5c03568449\" class=\"  \">\n<li class=\"col-xs-6 col-sm-4 col-md-3\" data-responsive=\"https:\/\/design.novoambiente.com\/wp-content\/uploads\/2019\/07\/herman-miller-mesas-1-768x576.jpg 375\" data-src=\"https:\/\/design.novoambiente.com\/wp-content\/uploads\/2019\/07\/herman-miller-mesas-1-scaled.jpg\" data-sub-html=\"<h4><\/h4><p><\/p>\">\n<a  href=\"\">\n<div class=\"img-box\"><img loading=\"lazy\" decoding=\"async\" class=\"img-responsive\" src=\"https:\/\/design.novoambiente.com\/wp-content\/uploads\/2019\/07\/herman-miller-mesas-1-550x400.jpg\" width=\"550\" height=\"400\" alt=\"\" \/><div class=\"number\"><p>9 fotos<\/p><\/div><\/div>\n<h4> <small>| 9 fotos<\/small><\/h4>\n<\/a>\n<\/li>\n<li class=\"col-xs-6 col-sm-4 col-md-3\" data-responsive=\"https:\/\/design.novoambiente.com\/wp-content\/uploads\/2019\/07\/herman-miller-mesas-2-768x576.jpg 375\" data-src=\"https:\/\/design.novoambiente.com\/wp-content\/uploads\/2019\/07\/herman-miller-mesas-2-scaled.jpg\" data-sub-html=\"<h4><\/h4><p><\/p>\">\n<a  href=\"\">\n<div class=\"img-box\"><img loading=\"lazy\" decoding=\"async\" class=\"img-responsive\" src=\"https:\/\/design.novoambiente.com\/wp-content\/uploads\/2019\/07\/herman-miller-mesas-2-550x400.jpg\" width=\"550\" height=\"400\" alt=\"\" \/><div class=\"number\"><p>9 fotos<\/p><\/div><\/div>\n<h4> <small>| 9 fotos<\/small><\/h4>\n<\/a>\n<\/li>\n<li class=\"col-xs-6 col-sm-4 col-md-3\" data-responsive=\"https:\/\/design.novoambiente.com\/wp-content\/uploads\/2019\/07\/herman-miller-mesas-3-768x576.jpg 375\" data-src=\"https:\/\/design.novoambiente.com\/wp-content\/uploads\/2019\/07\/herman-miller-mesas-3-scaled.jpg\" data-sub-html=\"<h4><\/h4><p><\/p>\">\n<a  href=\"\">\n<div class=\"img-box\"><img loading=\"lazy\" decoding=\"async\" class=\"img-responsive\" src=\"https:\/\/design.novoambiente.com\/wp-content\/uploads\/2019\/07\/herman-miller-mesas-3-550x400.jpg\" width=\"550\" height=\"400\" alt=\"\" \/><div class=\"number\"><p>9 fotos<\/p><\/div><\/div>\n<h4> <small>| 9 fotos<\/small><\/h4>\n<\/a>\n<\/li>\n<li class=\"col-xs-6 col-sm-4 col-md-3\" data-responsive=\"https:\/\/design.novoambiente.com\/wp-content\/uploads\/2019\/07\/herman-miller-mesas-4-768x576.jpg 375\" data-src=\"https:\/\/design.novoambiente.com\/wp-content\/uploads\/2019\/07\/herman-miller-mesas-4-scaled.jpg\" data-sub-html=\"<h4><\/h4><p><\/p>\">\n<a  href=\"\">\n<div class=\"img-box\"><img loading=\"lazy\" decoding=\"async\" class=\"img-responsive\" src=\"https:\/\/design.novoambiente.com\/wp-content\/uploads\/2019\/07\/herman-miller-mesas-4-550x400.jpg\" width=\"550\" height=\"400\" alt=\"\" \/><div class=\"number\"><p>9 fotos<\/p><\/div><\/div>\n<h4> <small>| 9 fotos<\/small><\/h4>\n<\/a>\n<\/li>\n<li class=\"col-xs-6 col-sm-4 col-md-3\" data-responsive=\"https:\/\/design.novoambiente.com\/wp-content\/uploads\/2019\/07\/herman-miller-mesas-5-768x432.jpg 375\" data-src=\"https:\/\/design.novoambiente.com\/wp-content\/uploads\/2019\/07\/herman-miller-mesas-5-scaled.jpg\" data-sub-html=\"<h4><\/h4><p><\/p>\">\n<a  href=\"\">\n<div class=\"img-box\"><img loading=\"lazy\" decoding=\"async\" class=\"img-responsive\" src=\"https:\/\/design.novoambiente.com\/wp-content\/uploads\/2019\/07\/herman-miller-mesas-5-550x400.jpg\" width=\"550\" height=\"400\" alt=\"\" \/><div class=\"number\"><p>9 fotos<\/p><\/div><\/div>\n<h4> <small>| 9 fotos<\/small><\/h4>\n<\/a>\n<\/li>\n<li class=\"col-xs-6 col-sm-4 col-md-3\" data-responsive=\"https:\/\/design.novoambiente.com\/wp-content\/uploads\/2019\/07\/herman-miller-mesas-6-768x576.jpg 375\" data-src=\"https:\/\/design.novoambiente.com\/wp-content\/uploads\/2019\/07\/herman-miller-mesas-6-scaled.jpg\" data-sub-html=\"<h4><\/h4><p><\/p>\">\n<a  href=\"\">\n<div class=\"img-box\"><img loading=\"lazy\" decoding=\"async\" class=\"img-responsive\" src=\"https:\/\/design.novoambiente.com\/wp-content\/uploads\/2019\/07\/herman-miller-mesas-6-550x400.jpg\" width=\"550\" height=\"400\" alt=\"\" \/><div class=\"number\"><p>9 fotos<\/p><\/div><\/div>\n<h4> <small>| 9 fotos<\/small><\/h4>\n<\/a>\n<\/li>\n<li class=\"col-xs-6 col-sm-4 col-md-3\" data-responsive=\"https:\/\/design.novoambiente.com\/wp-content\/uploads\/2019\/07\/herman-miller-mesas-7-768x576.jpg 375\" data-src=\"https:\/\/design.novoambiente.com\/wp-content\/uploads\/2019\/07\/herman-miller-mesas-7-scaled.jpg\" data-sub-html=\"<h4><\/h4><p><\/p>\">\n<a  href=\"\">\n<div class=\"img-box\"><img loading=\"lazy\" decoding=\"async\" class=\"img-responsive\" src=\"https:\/\/design.novoambiente.com\/wp-content\/uploads\/2019\/07\/herman-miller-mesas-7-550x400.jpg\" width=\"550\" height=\"400\" alt=\"\" \/><div class=\"number\"><p>9 fotos<\/p><\/div><\/div>\n<h4> <small>| 9 fotos<\/small><\/h4>\n<\/a>\n<\/li>\n<li class=\"col-xs-6 col-sm-4 col-md-3\" data-responsive=\"https:\/\/design.novoambiente.com\/wp-content\/uploads\/2019\/07\/herman-miller-mesas-8-768x1024.jpg 375\" data-src=\"https:\/\/design.novoambiente.com\/wp-content\/uploads\/2019\/07\/herman-miller-mesas-8-scaled.jpg\" data-sub-html=\"<h4><\/h4><p><\/p>\">\n<a  href=\"\">\n<div class=\"img-box\"><img loading=\"lazy\" decoding=\"async\" class=\"img-responsive\" src=\"https:\/\/design.novoambiente.com\/wp-content\/uploads\/2019\/07\/herman-miller-mesas-8-550x400.jpg\" width=\"550\" height=\"400\" alt=\"\" \/><div class=\"number\"><p>9 fotos<\/p><\/div><\/div>\n<h4> <small>| 9 fotos<\/small><\/h4>\n<\/a>\n<\/li>\n<li class=\"col-xs-6 col-sm-4 col-md-3\" data-responsive=\"https:\/\/design.novoambiente.com\/wp-content\/uploads\/2019\/07\/herman-miller-mesas-9-768x1024.jpg 375\" data-src=\"https:\/\/design.novoambiente.com\/wp-content\/uploads\/2019\/07\/herman-miller-mesas-9-scaled.jpg\" data-sub-html=\"<h4><\/h4><p><\/p>\">\n<a  href=\"\">\n<div class=\"img-box\"><img loading=\"lazy\" decoding=\"async\" class=\"img-responsive\" src=\"https:\/\/design.novoambiente.com\/wp-content\/uploads\/2019\/07\/herman-miller-mesas-9-550x400.jpg\" width=\"550\" height=\"400\" alt=\"\" \/><div class=\"number\"><p>9 fotos<\/p><\/div><\/div>\n<h4> <small>| 9 fotos<\/small><\/h4>\n<\/a>\n<\/li>\n<\/ul>\n\n    <script type=\"text\/javascript\">\n        $(document).ready(function(){\n            $(\"#69f5c03568449\").lightGallery({\n                share: false,\n                autoplayControls: false,\n                fullScreen: false,\n                zoom: false,\n                download: false\n            });\n        });\n    <\/script>\n<\/div>\n\n\t\t<\/div>\n\t\t\t\t\t<\/div>\n\n\t\n<\/div>\n\t\t<\/div>\n\n\t\t\n<style>\n#section_406098017 {\n  padding-top: 0px;\n  padding-bottom: 0px;\n}\n<\/style>\n\t<\/section>\n\t\n<div class=\"is-divider divider clearfix\" ><\/div>\n","protected":false},"excerpt":{"rendered":"","protected":false},"author":1,"featured_media":0,"parent":153605,"menu_order":0,"comment_status":"closed","ping_status":"open","template":"page-blank.php","meta":{"_acf_changed":false,"footnotes":""},"class_list":["post-157841","page","type-page","status-publish","hentry"],"acf":[],"yoast_head":"<!-- This site is optimized with the Yoast SEO plugin v27.3 - https:\/\/yoast.com\/product\/yoast-seo-wordpress\/ -->\n<title>Desks - Novo Ambiente | Cat\u00e1logo<\/title>\n<meta name=\"robots\" content=\"index, follow, max-snippet:-1, max-image-preview:large, max-video-preview:-1\" \/>\n<link rel=\"canonical\" href=\"https:\/\/design.novoambiente.com\/en\/corporate-solutions\/herman-miller\/desks\/\" \/>\n<meta name=\"twitter:label1\" content=\"Est. reading time\" \/>\n\t<meta name=\"twitter:data1\" content=\"1 minute\" \/>\n<script type=\"application\/ld+json\" class=\"yoast-schema-graph\">{\"@context\":\"https:\\\/\\\/schema.org\",\"@graph\":[{\"@type\":\"WebPage\",\"@id\":\"https:\\\/\\\/design.novoambiente.com\\\/en\\\/corporate-solutions\\\/herman-miller\\\/desks\\\/\",\"url\":\"https:\\\/\\\/design.novoambiente.com\\\/en\\\/corporate-solutions\\\/herman-miller\\\/desks\\\/\",\"name\":\"Desks - Novo Ambiente | Cat\u00e1logo\",\"isPartOf\":{\"@id\":\"https:\\\/\\\/design.novoambiente.com\\\/en\\\/#website\"},\"datePublished\":\"2019-07-30T20:02:52+00:00\",\"dateModified\":\"2026-04-07T18:15:16+00:00\",\"breadcrumb\":{\"@id\":\"https:\\\/\\\/design.novoambiente.com\\\/en\\\/corporate-solutions\\\/herman-miller\\\/desks\\\/#breadcrumb\"},\"inLanguage\":\"en-US\",\"potentialAction\":[{\"@type\":\"ReadAction\",\"target\":[\"https:\\\/\\\/design.novoambiente.com\\\/en\\\/corporate-solutions\\\/herman-miller\\\/desks\\\/\"]}]},{\"@type\":\"BreadcrumbList\",\"@id\":\"https:\\\/\\\/design.novoambiente.com\\\/en\\\/corporate-solutions\\\/herman-miller\\\/desks\\\/#breadcrumb\",\"itemListElement\":[{\"@type\":\"ListItem\",\"position\":1,\"name\":\"Home\",\"item\":\"https:\\\/\\\/design.novoambiente.com\\\/en\\\/\"},{\"@type\":\"ListItem\",\"position\":2,\"name\":\"Corporate Solutions\",\"item\":\"https:\\\/\\\/design.novoambiente.com\\\/en\\\/corporate-solutions\\\/\"},{\"@type\":\"ListItem\",\"position\":3,\"name\":\"Herman Miller\",\"item\":\"https:\\\/\\\/design.novoambiente.com\\\/en\\\/corporate-solutions\\\/herman-miller\\\/\"},{\"@type\":\"ListItem\",\"position\":4,\"name\":\"Desks\"}]},{\"@type\":\"WebSite\",\"@id\":\"https:\\\/\\\/design.novoambiente.com\\\/en\\\/#website\",\"url\":\"https:\\\/\\\/design.novoambiente.com\\\/en\\\/\",\"name\":\"Novo Ambiente | Cat\u00e1logo\",\"description\":\"Mobili\u00e1rio de design para casa ou escrit\u00f3rio\",\"potentialAction\":[{\"@type\":\"SearchAction\",\"target\":{\"@type\":\"EntryPoint\",\"urlTemplate\":\"https:\\\/\\\/design.novoambiente.com\\\/en\\\/?s={search_term_string}\"},\"query-input\":{\"@type\":\"PropertyValueSpecification\",\"valueRequired\":true,\"valueName\":\"search_term_string\"}}],\"inLanguage\":\"en-US\"}]}<\/script>\n<!-- \/ Yoast SEO plugin. -->","yoast_head_json":{"title":"Desks - Novo Ambiente | Cat\u00e1logo","robots":{"index":"index","follow":"follow","max-snippet":"max-snippet:-1","max-image-preview":"max-image-preview:large","max-video-preview":"max-video-preview:-1"},"canonical":"https:\/\/design.novoambiente.com\/en\/corporate-solutions\/herman-miller\/desks\/","twitter_misc":{"Est. reading time":"1 minute"},"schema":{"@context":"https:\/\/schema.org","@graph":[{"@type":"WebPage","@id":"https:\/\/design.novoambiente.com\/en\/corporate-solutions\/herman-miller\/desks\/","url":"https:\/\/design.novoambiente.com\/en\/corporate-solutions\/herman-miller\/desks\/","name":"Desks - Novo Ambiente | Cat\u00e1logo","isPartOf":{"@id":"https:\/\/design.novoambiente.com\/en\/#website"},"datePublished":"2019-07-30T20:02:52+00:00","dateModified":"2026-04-07T18:15:16+00:00","breadcrumb":{"@id":"https:\/\/design.novoambiente.com\/en\/corporate-solutions\/herman-miller\/desks\/#breadcrumb"},"inLanguage":"en-US","potentialAction":[{"@type":"ReadAction","target":["https:\/\/design.novoambiente.com\/en\/corporate-solutions\/herman-miller\/desks\/"]}]},{"@type":"BreadcrumbList","@id":"https:\/\/design.novoambiente.com\/en\/corporate-solutions\/herman-miller\/desks\/#breadcrumb","itemListElement":[{"@type":"ListItem","position":1,"name":"Home","item":"https:\/\/design.novoambiente.com\/en\/"},{"@type":"ListItem","position":2,"name":"Corporate Solutions","item":"https:\/\/design.novoambiente.com\/en\/corporate-solutions\/"},{"@type":"ListItem","position":3,"name":"Herman Miller","item":"https:\/\/design.novoambiente.com\/en\/corporate-solutions\/herman-miller\/"},{"@type":"ListItem","position":4,"name":"Desks"}]},{"@type":"WebSite","@id":"https:\/\/design.novoambiente.com\/en\/#website","url":"https:\/\/design.novoambiente.com\/en\/","name":"Novo Ambiente | Cat\u00e1logo","description":"Mobili\u00e1rio de design para casa ou escrit\u00f3rio","potentialAction":[{"@type":"SearchAction","target":{"@type":"EntryPoint","urlTemplate":"https:\/\/design.novoambiente.com\/en\/?s={search_term_string}"},"query-input":{"@type":"PropertyValueSpecification","valueRequired":true,"valueName":"search_term_string"}}],"inLanguage":"en-US"}]}},"_links":{"self":[{"href":"https:\/\/design.novoambiente.com\/en\/wp-json\/wp\/v2\/pages\/157841","targetHints":{"allow":["GET"]}}],"collection":[{"href":"https:\/\/design.novoambiente.com\/en\/wp-json\/wp\/v2\/pages"}],"about":[{"href":"https:\/\/design.novoambiente.com\/en\/wp-json\/wp\/v2\/types\/page"}],"author":[{"embeddable":true,"href":"https:\/\/design.novoambiente.com\/en\/wp-json\/wp\/v2\/users\/1"}],"replies":[{"embeddable":true,"href":"https:\/\/design.novoambiente.com\/en\/wp-json\/wp\/v2\/comments?post=157841"}],"version-history":[{"count":12,"href":"https:\/\/design.novoambiente.com\/en\/wp-json\/wp\/v2\/pages\/157841\/revisions"}],"predecessor-version":[{"id":157943,"href":"https:\/\/design.novoambiente.com\/en\/wp-json\/wp\/v2\/pages\/157841\/revisions\/157943"}],"up":[{"embeddable":true,"href":"https:\/\/design.novoambiente.com\/en\/wp-json\/wp\/v2\/pages\/153605"}],"wp:attachment":[{"href":"https:\/\/design.novoambiente.com\/en\/wp-json\/wp\/v2\/media?parent=157841"}],"curies":[{"name":"wp","href":"https:\/\/api.w.org\/{rel}","templated":true}]}}