{"id":157773,"date":"2019-12-16T11:43:13","date_gmt":"2019-12-16T14:43:13","guid":{"rendered":"https:\/\/design.novoambiente.com\/design-history-4\/"},"modified":"2026-04-07T15:13:35","modified_gmt":"2026-04-07T18:13:35","slug":"design-history-4","status":"publish","type":"page","link":"https:\/\/design.novoambiente.com\/en\/mirra-2-chair\/design-history-4\/","title":{"rendered":"Design history"},"content":{"rendered":"\t<section class=\"section\" id=\"section_319885123\">\n\t\t<div class=\"bg section-bg fill bg-fill  bg-loaded\" >\n\n\t\t\t\n\t\t\t\n\t\t\t\n\n\t\t<\/div>\n\n\t\t<div class=\"section-content relative\">\n\t\t\t\n<div class=\"is-divider divider clearfix\" ><\/div>\n<div class=\"row align-center\"  id=\"row-713714264\">\n\n\t<div id=\"col-239572601\" class=\"col medium-8 small-12 large-8\"  >\n\t\t\t\t<div class=\"col-inner\"  >\n\t\t\t\n\t\t\t\n<h2 class=\"mb-5 header-override\" style=\"text-align: center;\"><strong><span class=\"text-display-2\">The more people move, the more they need support that moves with them.<\/span><\/strong><\/h2>\n<p style=\"text-align: left;\">After ten years since the launch of the Mirra chair and more than one and a half million chairs sold, the designers at Studio 7.5 believed it was time to evaluate and, if necessary, rethink the original design. They observed, for example, that work has evolved. The more people move, the more they need support that moves with them.  <\/p>\n\t\t<\/div>\n\t\t\t\t\t<\/div>\n\n\t\n<\/div>\n\t\t<\/div>\n\n\t\t\n<style>\n#section_319885123 {\n  padding-top: 0px;\n  padding-bottom: 0px;\n}\n<\/style>\n\t<\/section>\n\t\n\t<section class=\"section\" id=\"section_1796368103\">\n\t\t<div class=\"bg section-bg fill bg-fill  bg-loaded\" >\n\n\t\t\t\n\t\t\t\n\t\t\t\n\n\t\t<\/div>\n\n\t\t<div class=\"section-content relative\">\n\t\t\t\n\t<div class=\"img has-hover x md-x lg-x y md-y lg-y\" id=\"image_701621725\">\n\t\t\t\t\t\t\t\t<div class=\"img-inner dark\" >\n\t\t\t<img loading=\"lazy\" decoding=\"async\" width=\"1920\" height=\"1080\" src=\"https:\/\/design.novoambiente.com\/wp-content\/uploads\/2019\/12\/foto-1-2.jpg\" class=\"attachment-original size-original\" alt=\"\" srcset=\"https:\/\/design.novoambiente.com\/wp-content\/uploads\/2019\/12\/foto-1-2.jpg 1920w, https:\/\/design.novoambiente.com\/wp-content\/uploads\/2019\/12\/foto-1-2-650x366.jpg 650w, https:\/\/design.novoambiente.com\/wp-content\/uploads\/2019\/12\/foto-1-2-300x169.jpg 300w, https:\/\/design.novoambiente.com\/wp-content\/uploads\/2019\/12\/foto-1-2-1024x576.jpg 1024w, https:\/\/design.novoambiente.com\/wp-content\/uploads\/2019\/12\/foto-1-2-768x432.jpg 768w, https:\/\/design.novoambiente.com\/wp-content\/uploads\/2019\/12\/foto-1-2-1536x864.jpg 1536w\" sizes=\"auto, (max-width: 1920px) 100vw, 1920px\" \/>\t\t\t\t\t\t\n\t\t\t\t\t<\/div>\n\t\t\t\t\t\t\t\t\n<style>\n#image_701621725 {\n  width: 100%;\n}\n<\/style>\n\t<\/div>\n\t\n\t\t<\/div>\n\n\t\t\n<style>\n#section_1796368103 {\n  padding-top: 0px;\n  padding-bottom: 0px;\n}\n<\/style>\n\t<\/section>\n\t\n\t<section class=\"section\" id=\"section_1074463013\">\n\t\t<div class=\"bg section-bg fill bg-fill  bg-loaded\" >\n\n\t\t\t\n\t\t\t\n\t\t\t\n\n\t\t<\/div>\n\n\t\t<div class=\"section-content relative\">\n\t\t\t\n<div class=\"is-divider divider clearfix\" ><\/div>\n<div class=\"row align-center\"  id=\"row-2132642407\">\n\n\t<div id=\"col-1843174095\" class=\"col medium-6 small-12 large-6\"  >\n\t\t\t\t<div class=\"col-inner\"  >\n\t\t\t\n\t\t\t\n\t<div class=\"img has-hover x md-x lg-x y md-y lg-y\" id=\"image_1427886479\">\n\t\t\t\t\t\t\t\t<div class=\"img-inner image-cover dark\" style=\"padding-top:100%;\">\n\t\t\t<img loading=\"lazy\" decoding=\"async\" width=\"450\" height=\"600\" src=\"https:\/\/design.novoambiente.com\/wp-content\/uploads\/2019\/12\/foto-2-3.jpg\" class=\"attachment-original size-original\" alt=\"\" srcset=\"https:\/\/design.novoambiente.com\/wp-content\/uploads\/2019\/12\/foto-2-3.jpg 450w, https:\/\/design.novoambiente.com\/wp-content\/uploads\/2019\/12\/foto-2-3-225x300.jpg 225w\" sizes=\"auto, (max-width: 450px) 100vw, 450px\" \/>\t\t\t\t\t\t\n\t\t\t\t\t<\/div>\n\t\t\t\t\t\t\t\t\n<style>\n#image_1427886479 {\n  width: 100%;\n}\n<\/style>\n\t<\/div>\n\t\n\t\t<\/div>\n\t\t\t\t\t<\/div>\n\n\t\n\n\t<div id=\"col-970861421\" class=\"col medium-6 small-12 large-6\"  >\n\t\t\t\t<div class=\"col-inner\"  >\n\t\t\t\n\t\t\t\n<h2 class=\"mb-5 header-override\" style=\"text-align: center;\"><strong><span class=\"text-display-3\">Rethinking an original<\/span><\/strong><\/h2>\n<p>Precisely because of this new agility in today\u2019s work, the designers concluded that the idea of a highly individualized chair remains valid. While Studio 7.5 maintained the athletic attitude and intuitive adjustments of the original, they refined the material and form of that idea in virtually every aspect of the Mirra 2. <\/p>\n\t\t<\/div>\n\t\t\t\t\t<\/div>\n\n\t\n\n<\/div>\n<div class=\"is-divider divider clearfix\" ><\/div>\n\t\t<\/div>\n\n\t\t\n<style>\n#section_1074463013 {\n  padding-top: 0px;\n  padding-bottom: 0px;\n}\n<\/style>\n\t<\/section>\n\t\n\t<section class=\"section\" id=\"section_1070851721\">\n\t\t<div class=\"bg section-bg fill bg-fill  bg-loaded\" >\n\n\t\t\t\n\t\t\t\n\t\t\t\n\n\t\t<\/div>\n\n\t\t<div class=\"section-content relative\">\n\t\t\t\n<div class=\"is-divider divider clearfix\" ><\/div>\n<div class=\"row align-center\"  id=\"row-693351138\">\n\n\t<div id=\"col-780870916\" class=\"col medium-6 small-12 large-6\"  >\n\t\t\t\t<div class=\"col-inner\"  >\n\t\t\t\n\t\t\t\n\t<div class=\"img has-hover x md-x lg-x y md-y lg-y\" id=\"image_888357851\">\n\t\t\t\t\t\t\t\t<div class=\"img-inner dark\" >\n\t\t\t<img loading=\"lazy\" decoding=\"async\" width=\"450\" height=\"600\" src=\"https:\/\/design.novoambiente.com\/wp-content\/uploads\/2019\/12\/foto-3-2.jpg\" class=\"attachment-original size-original\" alt=\"\" srcset=\"https:\/\/design.novoambiente.com\/wp-content\/uploads\/2019\/12\/foto-3-2.jpg 450w, https:\/\/design.novoambiente.com\/wp-content\/uploads\/2019\/12\/foto-3-2-225x300.jpg 225w\" sizes=\"auto, (max-width: 450px) 100vw, 450px\" \/>\t\t\t\t\t\t\n\t\t\t\t\t<\/div>\n\t\t\t\t\t\t\t\t\n<style>\n#image_888357851 {\n  width: 100%;\n}\n<\/style>\n\t<\/div>\n\t\n\t\t<\/div>\n\t\t\t\t\t<\/div>\n\n\t\n\n\t<div id=\"col-203068953\" class=\"col medium-6 small-12 large-6\"  >\n\t\t\t\t<div class=\"col-inner\"  >\n\t\t\t\n\t\t\t\n<h2 class=\"mb-5 header-override\" style=\"text-align: center;\"><strong><span class=\"text-display-3\">Testing ideas at full scale<\/span><\/strong><\/h2>\n<p>Using full-scale models, the designers at Studio 7.5 test the validity of their designs and components. With the Mirra 2, each part received this real-world, tactile treatment until the most elegant solutions emerged. <\/p>\n\t\t<\/div>\n\t\t\t\t\t<\/div>\n\n\t\n<\/div>\n<div class=\"is-divider divider clearfix\" ><\/div>\n\t\t<\/div>\n\n\t\t\n<style>\n#section_1070851721 {\n  padding-top: 0px;\n  padding-bottom: 0px;\n}\n<\/style>\n\t<\/section>\n\t\n\t<section class=\"section\" id=\"section_305628122\">\n\t\t<div class=\"bg section-bg fill bg-fill  bg-loaded\" >\n\n\t\t\t\n\t\t\t\n\t\t\t\n\n\t\t<\/div>\n\n\t\t<div class=\"section-content relative\">\n\t\t\t\n<div class=\"is-divider divider clearfix\" ><\/div>\n<div class=\"row align-center\"  id=\"row-1923249591\">\n\n\t<div id=\"col-218916150\" class=\"col medium-6 small-12 large-6\"  >\n\t\t\t\t<div class=\"col-inner\"  >\n\t\t\t\n\t\t\t\n\t<div class=\"img has-hover x md-x lg-x y md-y lg-y\" id=\"image_999199895\">\n\t\t\t\t\t\t\t\t<div class=\"img-inner image-cover dark\" style=\"padding-top:75%;\">\n\t\t\t<img loading=\"lazy\" decoding=\"async\" width=\"600\" height=\"450\" src=\"https:\/\/design.novoambiente.com\/wp-content\/uploads\/2019\/12\/foto-4-2.jpg\" class=\"attachment-original size-original\" alt=\"\" srcset=\"https:\/\/design.novoambiente.com\/wp-content\/uploads\/2019\/12\/foto-4-2.jpg 600w, https:\/\/design.novoambiente.com\/wp-content\/uploads\/2019\/12\/foto-4-2-510x383.jpg 510w, https:\/\/design.novoambiente.com\/wp-content\/uploads\/2019\/12\/foto-4-2-300x225.jpg 300w\" sizes=\"auto, (max-width: 600px) 100vw, 600px\" \/>\t\t\t\t\t\t\n\t\t\t\t\t<\/div>\n\t\t\t\t\t\t\t\t\n<style>\n#image_999199895 {\n  width: 100%;\n}\n<\/style>\n\t<\/div>\n\t\n\t\t<\/div>\n\t\t\t\t\t<\/div>\n\n\t\n\n\t<div id=\"col-1276247077\" class=\"col medium-6 small-12 large-6\"  >\n\t\t\t\t<div class=\"col-inner\"  >\n\t\t\t\n\t\t\t\n<h2 class=\"mb-5 header-override\" style=\"text-align: center;\"><strong><span class=\"text-display-3\">Fewer materials, used intelligently<\/span><\/strong><\/h2>\n<p>Building on its legacy as the first office chair developed from the ground up with environmental responsibility in mind, the Mirra 2 advances sustainable design by using and reusing materials. In redesigning the Mirra, as in all their work, the mantra at Studio 7.5 is &#8220;make every molecule count&#8221;. This means closely examining each element to arrive at the smallest possible amount of material and optimize performance.  <\/p>\n\t\t<\/div>\n\t\t\t\t\t<\/div>\n\n\t\n<\/div>\n<div class=\"is-divider divider clearfix\" ><\/div>\n\t\t<\/div>\n\n\t\t\n<style>\n#section_305628122 {\n  padding-top: 0px;\n  padding-bottom: 0px;\n}\n<\/style>\n\t<\/section>\n\t\n\t<section class=\"section bloco-1 dark\" id=\"section_1781862940\">\n\t\t<div class=\"bg section-bg fill bg-fill  bg-loaded\" >\n\n\t\t\t\n\t\t\t\n\t\t\t\n\n\t\t<\/div>\n\n\t\t<div class=\"section-content relative\">\n\t\t\t\n<div class=\"is-divider divider clearfix\" ><\/div>\n<div class=\"row align-middle align-center\"  id=\"row-106552929\">\n\n\t<div id=\"col-1507061983\" class=\"col medium-3 small-12 large-3\"  >\n\t\t\t\t<div class=\"col-inner\"  >\n\t\t\t\n\t\t\t\n<h2 class=\"mb-5 header-override\" style=\"text-align: left;\"><span class=\"text-display-3\"><span class=\"text-white\">\u201cDesign is collaborative by nature.\u201d<\/span><\/span><\/h2>\n<p style=\"text-align: left;\">&#8220;Studio 7.5&#8221;<\/p>\n\t\t<\/div>\n\t\t\t\t\t<\/div>\n\n\t\n\n\t<div id=\"col-1957907349\" class=\"col medium-5 small-12 large-5\"  >\n\t\t\t\t<div class=\"col-inner\"  >\n\t\t\t\n\t\t\t\n\t<div class=\"img has-hover x md-x lg-x y md-y lg-y\" id=\"image_481688504\">\n\t\t\t\t\t\t\t\t<div class=\"img-inner image-cover dark\" style=\"padding-top:75%;\">\n\t\t\t<img loading=\"lazy\" decoding=\"async\" width=\"1920\" height=\"1080\" src=\"https:\/\/design.novoambiente.com\/wp-content\/uploads\/2019\/12\/foto-5-2.jpg\" class=\"attachment-original size-original\" alt=\"\" srcset=\"https:\/\/design.novoambiente.com\/wp-content\/uploads\/2019\/12\/foto-5-2.jpg 1920w, https:\/\/design.novoambiente.com\/wp-content\/uploads\/2019\/12\/foto-5-2-650x366.jpg 650w, https:\/\/design.novoambiente.com\/wp-content\/uploads\/2019\/12\/foto-5-2-300x169.jpg 300w, https:\/\/design.novoambiente.com\/wp-content\/uploads\/2019\/12\/foto-5-2-1024x576.jpg 1024w, https:\/\/design.novoambiente.com\/wp-content\/uploads\/2019\/12\/foto-5-2-768x432.jpg 768w, https:\/\/design.novoambiente.com\/wp-content\/uploads\/2019\/12\/foto-5-2-1536x864.jpg 1536w\" sizes=\"auto, (max-width: 1920px) 100vw, 1920px\" \/>\t\t\t\t\t\t\n\t\t\t\t\t<\/div>\n\t\t\t\t\t\t\t\t\n<style>\n#image_481688504 {\n  width: 100%;\n}\n<\/style>\n\t<\/div>\n\t\n\t\t<\/div>\n\t\t\t\t\t<\/div>\n\n\t\n<\/div>\n<div class=\"is-divider divider clearfix\" ><\/div>\n\t\t<\/div>\n\n\t\t\n<style>\n#section_1781862940 {\n  padding-top: 0px;\n  padding-bottom: 0px;\n  background-color: rgb(33, 33, 33);\n}\n<\/style>\n\t<\/section>\n\t\n\t<section class=\"section\" id=\"section_1618484998\">\n\t\t<div class=\"bg section-bg fill bg-fill  bg-loaded\" >\n\n\t\t\t\n\t\t\t\n\t\t\t\n\n\t\t<\/div>\n\n\t\t<div class=\"section-content relative\">\n\t\t\t\n<div class=\"is-divider divider clearfix\" ><\/div>\n<div class=\"row align-center\"  id=\"row-483560821\">\n\n\t<div id=\"col-1913378794\" class=\"col medium-4 small-12 large-4\"  >\n\t\t\t\t<div class=\"col-inner text-center\"  >\n\t\t\t\n\t\t\t\n<h2 style=\"text-align: center;\"><strong>Resources<\/strong><\/h2>\n<h4 style=\"text-align: center;\">A collection of tools to help you plan<\/h4>\n\t<div id=\"gap-1758378848\" class=\"gap-element clearfix\" style=\"display:block; height:auto;\">\n\t\t\n<style>\n#gap-1758378848 {\n  padding-top: 30px;\n}\n<\/style>\n\t<\/div>\n\t\n<a href=\"https:\/\/design.novoambiente.com\/corporativo\/herman-miller\/assentos\/cadeira-mirra-2\/recursos\/\" target=\"_self\" class=\"button secondary\"  >\n    <span>Download resources<\/span>\n  <\/a>\n\n\t\t<\/div>\n\t\t\t\t\t<\/div>\n\n\t\n<\/div>\n<div class=\"is-divider divider clearfix\" ><\/div>\n\t\t<\/div>\n\n\t\t\n<style>\n#section_1618484998 {\n  padding-top: 0px;\n  padding-bottom: 0px;\n}\n<\/style>\n\t<\/section>\n\t\n","protected":false},"excerpt":{"rendered":"","protected":false},"author":1,"featured_media":0,"parent":157882,"menu_order":0,"comment_status":"closed","ping_status":"closed","template":"page-blank.php","meta":{"_acf_changed":false,"footnotes":""},"class_list":["post-157773","page","type-page","status-publish","hentry"],"acf":[],"yoast_head":"<!-- This site is optimized with the Yoast SEO plugin v27.3 - https:\/\/yoast.com\/product\/yoast-seo-wordpress\/ -->\n<title>Design history - Novo Ambiente | Cat\u00e1logo<\/title>\n<meta name=\"robots\" content=\"index, follow, max-snippet:-1, max-image-preview:large, max-video-preview:-1\" \/>\n<link rel=\"canonical\" href=\"https:\/\/design.novoambiente.com\/en\/mirra-2-chair\/design-history-4\/\" \/>\n<meta name=\"twitter:label1\" content=\"Est. reading time\" \/>\n\t<meta name=\"twitter:data1\" content=\"2 minutes\" \/>\n<script type=\"application\/ld+json\" class=\"yoast-schema-graph\">{\"@context\":\"https:\\\/\\\/schema.org\",\"@graph\":[{\"@type\":\"WebPage\",\"@id\":\"https:\\\/\\\/design.novoambiente.com\\\/en\\\/mirra-2-chair\\\/design-history-4\\\/\",\"url\":\"https:\\\/\\\/design.novoambiente.com\\\/en\\\/mirra-2-chair\\\/design-history-4\\\/\",\"name\":\"Design history - Novo Ambiente | Cat\u00e1logo\",\"isPartOf\":{\"@id\":\"https:\\\/\\\/design.novoambiente.com\\\/en\\\/#website\"},\"datePublished\":\"2019-12-16T14:43:13+00:00\",\"dateModified\":\"2026-04-07T18:13:35+00:00\",\"breadcrumb\":{\"@id\":\"https:\\\/\\\/design.novoambiente.com\\\/en\\\/mirra-2-chair\\\/design-history-4\\\/#breadcrumb\"},\"inLanguage\":\"en-US\",\"potentialAction\":[{\"@type\":\"ReadAction\",\"target\":[\"https:\\\/\\\/design.novoambiente.com\\\/en\\\/mirra-2-chair\\\/design-history-4\\\/\"]}]},{\"@type\":\"BreadcrumbList\",\"@id\":\"https:\\\/\\\/design.novoambiente.com\\\/en\\\/mirra-2-chair\\\/design-history-4\\\/#breadcrumb\",\"itemListElement\":[{\"@type\":\"ListItem\",\"position\":1,\"name\":\"Home\",\"item\":\"https:\\\/\\\/design.novoambiente.com\\\/en\\\/\"},{\"@type\":\"ListItem\",\"position\":2,\"name\":\"Mirra 2 Chair\",\"item\":\"https:\\\/\\\/design.novoambiente.com\\\/en\\\/mirra-2-chair\\\/\"},{\"@type\":\"ListItem\",\"position\":3,\"name\":\"Design history\"}]},{\"@type\":\"WebSite\",\"@id\":\"https:\\\/\\\/design.novoambiente.com\\\/en\\\/#website\",\"url\":\"https:\\\/\\\/design.novoambiente.com\\\/en\\\/\",\"name\":\"Novo Ambiente | Cat\u00e1logo\",\"description\":\"Mobili\u00e1rio de design para casa ou escrit\u00f3rio\",\"potentialAction\":[{\"@type\":\"SearchAction\",\"target\":{\"@type\":\"EntryPoint\",\"urlTemplate\":\"https:\\\/\\\/design.novoambiente.com\\\/en\\\/?s={search_term_string}\"},\"query-input\":{\"@type\":\"PropertyValueSpecification\",\"valueRequired\":true,\"valueName\":\"search_term_string\"}}],\"inLanguage\":\"en-US\"}]}<\/script>\n<!-- \/ Yoast SEO plugin. -->","yoast_head_json":{"title":"Design history - Novo Ambiente | Cat\u00e1logo","robots":{"index":"index","follow":"follow","max-snippet":"max-snippet:-1","max-image-preview":"max-image-preview:large","max-video-preview":"max-video-preview:-1"},"canonical":"https:\/\/design.novoambiente.com\/en\/mirra-2-chair\/design-history-4\/","twitter_misc":{"Est. reading time":"2 minutes"},"schema":{"@context":"https:\/\/schema.org","@graph":[{"@type":"WebPage","@id":"https:\/\/design.novoambiente.com\/en\/mirra-2-chair\/design-history-4\/","url":"https:\/\/design.novoambiente.com\/en\/mirra-2-chair\/design-history-4\/","name":"Design history - Novo Ambiente | Cat\u00e1logo","isPartOf":{"@id":"https:\/\/design.novoambiente.com\/en\/#website"},"datePublished":"2019-12-16T14:43:13+00:00","dateModified":"2026-04-07T18:13:35+00:00","breadcrumb":{"@id":"https:\/\/design.novoambiente.com\/en\/mirra-2-chair\/design-history-4\/#breadcrumb"},"inLanguage":"en-US","potentialAction":[{"@type":"ReadAction","target":["https:\/\/design.novoambiente.com\/en\/mirra-2-chair\/design-history-4\/"]}]},{"@type":"BreadcrumbList","@id":"https:\/\/design.novoambiente.com\/en\/mirra-2-chair\/design-history-4\/#breadcrumb","itemListElement":[{"@type":"ListItem","position":1,"name":"Home","item":"https:\/\/design.novoambiente.com\/en\/"},{"@type":"ListItem","position":2,"name":"Mirra 2 Chair","item":"https:\/\/design.novoambiente.com\/en\/mirra-2-chair\/"},{"@type":"ListItem","position":3,"name":"Design history"}]},{"@type":"WebSite","@id":"https:\/\/design.novoambiente.com\/en\/#website","url":"https:\/\/design.novoambiente.com\/en\/","name":"Novo Ambiente | Cat\u00e1logo","description":"Mobili\u00e1rio de design para casa ou escrit\u00f3rio","potentialAction":[{"@type":"SearchAction","target":{"@type":"EntryPoint","urlTemplate":"https:\/\/design.novoambiente.com\/en\/?s={search_term_string}"},"query-input":{"@type":"PropertyValueSpecification","valueRequired":true,"valueName":"search_term_string"}}],"inLanguage":"en-US"}]}},"_links":{"self":[{"href":"https:\/\/design.novoambiente.com\/en\/wp-json\/wp\/v2\/pages\/157773","targetHints":{"allow":["GET"]}}],"collection":[{"href":"https:\/\/design.novoambiente.com\/en\/wp-json\/wp\/v2\/pages"}],"about":[{"href":"https:\/\/design.novoambiente.com\/en\/wp-json\/wp\/v2\/types\/page"}],"author":[{"embeddable":true,"href":"https:\/\/design.novoambiente.com\/en\/wp-json\/wp\/v2\/users\/1"}],"replies":[{"embeddable":true,"href":"https:\/\/design.novoambiente.com\/en\/wp-json\/wp\/v2\/comments?post=157773"}],"version-history":[{"count":1,"href":"https:\/\/design.novoambiente.com\/en\/wp-json\/wp\/v2\/pages\/157773\/revisions"}],"predecessor-version":[{"id":157780,"href":"https:\/\/design.novoambiente.com\/en\/wp-json\/wp\/v2\/pages\/157773\/revisions\/157780"}],"up":[{"embeddable":true,"href":"https:\/\/design.novoambiente.com\/en\/wp-json\/wp\/v2\/pages\/157882"}],"wp:attachment":[{"href":"https:\/\/design.novoambiente.com\/en\/wp-json\/wp\/v2\/media?parent=157773"}],"curies":[{"name":"wp","href":"https:\/\/api.w.org\/{rel}","templated":true}]}}