{"id":157737,"date":"2019-10-30T14:23:06","date_gmt":"2019-10-30T17:23:06","guid":{"rendered":"https:\/\/design.novoambiente.com\/verus-chairs\/"},"modified":"2026-04-07T15:14:46","modified_gmt":"2026-04-07T18:14:46","slug":"verus-chairs","status":"publish","type":"page","link":"https:\/\/design.novoambiente.com\/en\/corporate-solutions\/herman-miller\/seating\/verus-chairs\/","title":{"rendered":"Verus Chairs"},"content":{"rendered":"\t<section class=\"section\" id=\"section_1583728806\">\n\t\t<div class=\"bg section-bg fill bg-fill  bg-loaded\" >\n\n\t\t\t\n\t\t\t\n\t\t\t\n\n\t\t<\/div>\n\n\t\t<div class=\"section-content relative\">\n\t\t\t\n<div class=\"breadcrumbs-assentos\"><div class=\"row\"><div class=\"col\"><ul class=\"\"><li><a href=\"https:\/\/design.novoambiente.com\/en\/corporate-solutions\/herman-miller\/\">Office chairs<\/a><\/li><li>><\/li><li><a href=\"https:\/\/design.novoambiente.com\/en\/corporate-solutions\/herman-miller\/seating\/\" >Seating<\/a><\/li><li>><\/li><li>Verus Chairs<\/li><\/ul><\/div><\/div><\/div>\n\t\t<\/div>\n\n\t\t\n<style>\n#section_1583728806 {\n  padding-top: 0px;\n  padding-bottom: 0px;\n}\n<\/style>\n\t<\/section>\n\t\n\t<section class=\"section banner3\" id=\"section_1720888160\">\n\t\t<div class=\"bg section-bg fill bg-fill  \" >\n\n\t\t\t\n\t\t\t\n\t\t\t\n\n\t\t<\/div>\n\n\t\t<div class=\"section-content relative\">\n\t\t\t\n<div class=\"row row-collapse align-center\"  id=\"row-99564363\">\n\n\t<div id=\"col-923737475\" class=\"col medium-4 small-12 large-4\"  >\n\t\t\t\t<div class=\"col-inner\"  >\n\t\t\t\n\t\t\t\n<div class=\"row\"  id=\"row-180674079\">\n\n\t<div id=\"col-1880580144\" class=\"col small-12 large-12\"  >\n\t\t\t\t<div class=\"col-inner\"  >\n\t\t\t\n\t\t\t\n<h6>Office chairs<\/h6>\n<h1>Verus Chairs<\/h1>\n\t\t<\/div>\n\t\t\t\t\n<style>\n#col-1880580144 > .col-inner {\n  padding: 0px 0px 0px 15px;\n}\n<\/style>\n\t<\/div>\n\n\t\n<\/div>\n\t\t<\/div>\n\t\t\t\t\t<\/div>\n\n\t\n\n\t<div id=\"col-1341645961\" class=\"col hide-for-small medium-8 small-12 large-8\"  >\n\t\t\t\t<div class=\"col-inner\"  >\n\t\t\t\n\t\t\t\n\t\t<\/div>\n\t\t\t\t\t<\/div>\n\n\t\n<\/div>\n\t\t<\/div>\n\n\t\t\n<style>\n#section_1720888160 {\n  padding-top: 0px;\n  padding-bottom: 0px;\n  min-height: 0px;\n}\n#section_1720888160 .section-bg.bg-loaded {\n  background-image: url(https:\/\/design.novoambiente.com\/wp-content\/uploads\/2019\/10\/verus-06.jpg);\n}\n#section_1720888160 .section-bg {\n  background-position: 0% 54%;\n}\n@media (min-width:550px) {\n  #section_1720888160 {\n    min-height: 300px;\n  }\n}\n@media (min-width:850px) {\n  #section_1720888160 {\n    min-height: 550px;\n  }\n}\n<\/style>\n\t<\/section>\n\t\n\t<section class=\"section\" id=\"section_1888362514\">\n\t\t<div class=\"bg section-bg fill bg-fill  bg-loaded\" >\n\n\t\t\t\n\t\t\t\n\t\t\t\n\n\t\t<\/div>\n\n\t\t<div class=\"section-content relative\">\n\t\t\t\n<div class=\"is-divider divider clearfix\" ><\/div>\n<div class=\"row align-center\"  id=\"row-949403999\">\n\n\t<div id=\"col-1956370221\" class=\"col medium-8 small-12 large-8\"  >\n\t\t\t\t<div class=\"col-inner\"  >\n\t\t\t\n\t\t\t\n<h3 style=\"text-align: center;\" class=\"mb-5\">True. Genuine. Well-grounded.  <\/h3>\n<p style=\"text-align: center;\">At Herman Miller, we believe everyone deserves an exceptional experience throughout the day, which is why we created Verus. Redefining the concept of an affordable work chair, Verus is a family of seating solutions that offers both long- and short-term comfort, as well as proper ergonomic support, at an accessible price. Essential in its form, the chair makes an understated contribution to the look of any environment.  <\/p>\n\t\t<\/div>\n\t\t\t\t\t<\/div>\n\n\t\n<\/div>\n\t\t<\/div>\n\n\t\t\n<style>\n#section_1888362514 {\n  padding-top: 0px;\n  padding-bottom: 0px;\n}\n<\/style>\n\t<\/section>\n\t\n\t<section class=\"section\" id=\"section_78922527\">\n\t\t<div class=\"bg section-bg fill bg-fill  bg-loaded\" >\n\n\t\t\t\n\t\t\t\n\t\t\t\n\n\t\t<\/div>\n\n\t\t<div class=\"section-content relative\">\n\t\t\t\n<div class=\"is-divider divider clearfix\" ><\/div>\n<div class=\"row row-collapse row-full-width align-center\"  id=\"row-858062976\">\n\n\t<div id=\"col-1362388255\" class=\"col small-12 large-12\"  >\n\t\t\t\t<div class=\"col-inner\"  >\n\t\t\t\n\t\t\t\n<div class=\"na-gallery\">\n<ul id=\"69dee774ead54\" class=\"  \">\n<li class=\"col-xs-6 col-sm-4 col-md-3\" data-responsive=\"https:\/\/design.novoambiente.com\/wp-content\/uploads\/2019\/10\/verus-01-768x1024.jpg 375\" data-src=\"https:\/\/design.novoambiente.com\/wp-content\/uploads\/2019\/10\/verus-01-scaled.jpg\" data-sub-html=\"<h4><\/h4><p><\/p>\">\n<a  href=\"\">\n<div class=\"img-box\"><img loading=\"lazy\" decoding=\"async\" class=\"img-responsive\" src=\"https:\/\/design.novoambiente.com\/wp-content\/uploads\/2019\/10\/verus-01-550x400.jpg\" width=\"550\" height=\"400\" alt=\"\" \/><div class=\"number\"><p>5 fotos<\/p><\/div><\/div>\n<h4> <small>| 5 fotos<\/small><\/h4>\n<\/a>\n<\/li>\n<li class=\"col-xs-6 col-sm-4 col-md-3\" data-responsive=\"https:\/\/design.novoambiente.com\/wp-content\/uploads\/2019\/10\/verus-02-768x1024.jpg 375\" data-src=\"https:\/\/design.novoambiente.com\/wp-content\/uploads\/2019\/10\/verus-02-scaled.jpg\" data-sub-html=\"<h4><\/h4><p><\/p>\">\n<a  href=\"\">\n<div class=\"img-box\"><img loading=\"lazy\" decoding=\"async\" class=\"img-responsive\" src=\"https:\/\/design.novoambiente.com\/wp-content\/uploads\/2019\/10\/verus-02-550x400.jpg\" width=\"550\" height=\"400\" alt=\"\" \/><div class=\"number\"><p>5 fotos<\/p><\/div><\/div>\n<h4> <small>| 5 fotos<\/small><\/h4>\n<\/a>\n<\/li>\n<li class=\"col-xs-6 col-sm-4 col-md-3\" data-responsive=\"https:\/\/design.novoambiente.com\/wp-content\/uploads\/2019\/10\/verus-03-768x1024.jpg 375\" data-src=\"https:\/\/design.novoambiente.com\/wp-content\/uploads\/2019\/10\/verus-03-scaled.jpg\" data-sub-html=\"<h4><\/h4><p><\/p>\">\n<a  href=\"\">\n<div class=\"img-box\"><img loading=\"lazy\" decoding=\"async\" class=\"img-responsive\" src=\"https:\/\/design.novoambiente.com\/wp-content\/uploads\/2019\/10\/verus-03-550x400.jpg\" width=\"550\" height=\"400\" alt=\"\" \/><div class=\"number\"><p>5 fotos<\/p><\/div><\/div>\n<h4> <small>| 5 fotos<\/small><\/h4>\n<\/a>\n<\/li>\n<li class=\"col-xs-6 col-sm-4 col-md-3\" data-responsive=\"https:\/\/design.novoambiente.com\/wp-content\/uploads\/2019\/10\/verus-04-scaled-768x1024.jpg 375\" data-src=\"https:\/\/design.novoambiente.com\/wp-content\/uploads\/2019\/10\/verus-04-scaled.jpg\" data-sub-html=\"<h4><\/h4><p><\/p>\">\n<a  href=\"\">\n<div class=\"img-box\"><img loading=\"lazy\" decoding=\"async\" class=\"img-responsive\" src=\"https:\/\/design.novoambiente.com\/wp-content\/uploads\/2019\/10\/verus-04-scaled-550x400.jpg\" width=\"550\" height=\"400\" alt=\"\" \/><div class=\"number\"><p>5 fotos<\/p><\/div><\/div>\n<h4> <small>| 5 fotos<\/small><\/h4>\n<\/a>\n<\/li>\n<li class=\"col-xs-6 col-sm-4 col-md-3\" data-responsive=\"https:\/\/design.novoambiente.com\/wp-content\/uploads\/2019\/10\/verus-05-768x576.jpg 375\" data-src=\"https:\/\/design.novoambiente.com\/wp-content\/uploads\/2019\/10\/verus-05-scaled.jpg\" data-sub-html=\"<h4><\/h4><p><\/p>\">\n<a  href=\"\">\n<div class=\"img-box\"><img loading=\"lazy\" decoding=\"async\" class=\"img-responsive\" src=\"https:\/\/design.novoambiente.com\/wp-content\/uploads\/2019\/10\/verus-05-550x400.jpg\" width=\"550\" height=\"400\" alt=\"\" \/><div class=\"number\"><p>5 fotos<\/p><\/div><\/div>\n<h4> <small>| 5 fotos<\/small><\/h4>\n<\/a>\n<\/li>\n<\/ul>\n\n    <script type=\"text\/javascript\">\n        $(document).ready(function(){\n            $(\"#69dee774ead54\").lightGallery({\n                share: false,\n                autoplayControls: false,\n                fullScreen: false,\n                zoom: false,\n                download: false\n            });\n        });\n    <\/script>\n<\/div>\n\n\t\t<\/div>\n\t\t\t\t\t<\/div>\n\n\t\n<\/div>\n\t\t<\/div>\n\n\t\t\n<style>\n#section_78922527 {\n  padding-top: 0px;\n  padding-bottom: 0px;\n}\n<\/style>\n\t<\/section>\n\t\n\t<section class=\"section\" id=\"section_1127404222\">\n\t\t<div class=\"bg section-bg fill bg-fill  bg-loaded\" >\n\n\t\t\t\n\t\t\t\n\t\t\t\n\n\t\t<\/div>\n\n\t\t<div class=\"section-content relative\">\n\t\t\t\n<div class=\"row\"  id=\"row-502731568\">\n\n\t<div id=\"col-467458830\" class=\"col medium-4 small-12 large-4\"  >\n\t\t\t\t<div class=\"col-inner\"  >\n\t\t\t\n\t\t\t\n\t<div class=\"img has-hover x md-x lg-x y md-y lg-y\" id=\"image_925747115\">\n\t\t\t\t\t\t\t\t<div class=\"img-inner image-cover dark\" style=\"padding-top:56.25%;\">\n\t\t\t<img loading=\"lazy\" decoding=\"async\" width=\"600\" height=\"450\" src=\"https:\/\/design.novoambiente.com\/wp-content\/uploads\/2019\/10\/verus-07.jpg\" class=\"attachment-large size-large\" alt=\"\" srcset=\"https:\/\/design.novoambiente.com\/wp-content\/uploads\/2019\/10\/verus-07.jpg 600w, https:\/\/design.novoambiente.com\/wp-content\/uploads\/2019\/10\/verus-07-510x383.jpg 510w, https:\/\/design.novoambiente.com\/wp-content\/uploads\/2019\/10\/verus-07-300x225.jpg 300w\" sizes=\"auto, (max-width: 600px) 100vw, 600px\" \/>\t\t\t\t\t\t\n\t\t\t\t\t<\/div>\n\t\t\t\t\t\t\t\t\n<style>\n#image_925747115 {\n  width: 100%;\n}\n<\/style>\n\t<\/div>\n\t\n<h2 class=\"mb-5\">A complete family of seating<\/h2>\n<p>The ergonomic comfort and affordability of the Verus chair can also be found in the Verus stool and guest chair. The work chairs, guest chairs, and stools feature upholstered seats with a choice of upholstered or suspension backs. The Verus Plus chair is also available, offering extra support and blending harmoniously with other pieces in the Verus family while maintaining a consistent aesthetic.  <\/p>\n\t\t<\/div>\n\t\t\t\t\t<\/div>\n\n\t\n\n\t<div id=\"col-80567229\" class=\"col medium-4 small-12 large-4\"  >\n\t\t\t\t<div class=\"col-inner\"  >\n\t\t\t\n\t\t\t\n\t<div class=\"img has-hover x md-x lg-x y md-y lg-y\" id=\"image_260692988\">\n\t\t\t\t\t\t\t\t<div class=\"img-inner image-cover dark\" style=\"padding-top:56.25%;\">\n\t\t\t<img loading=\"lazy\" decoding=\"async\" width=\"450\" height=\"600\" src=\"https:\/\/design.novoambiente.com\/wp-content\/uploads\/2019\/10\/verus-08.jpg\" class=\"attachment-large size-large\" alt=\"\" srcset=\"https:\/\/design.novoambiente.com\/wp-content\/uploads\/2019\/10\/verus-08.jpg 450w, https:\/\/design.novoambiente.com\/wp-content\/uploads\/2019\/10\/verus-08-225x300.jpg 225w\" sizes=\"auto, (max-width: 450px) 100vw, 450px\" \/>\t\t\t\t\t\t\n\t\t\t\t\t<\/div>\n\t\t\t\t\t\t\t\t\n<style>\n#image_260692988 {\n  width: 100%;\n}\n<\/style>\n\t<\/div>\n\t\n<h2 class=\"mb-5\">The Herman Miller warranty<\/h2>\n<p>Built to our highest quality standards, Verus comes with our 12-year, 3-shift warranty to ensure it works as hard as the people who use it. By simplifying the chair&#8217;s form, using materials thoughtfully, and drawing on more than 40 years of experience supporting all types of users, everyone will have a place at the Herman Miller work table. <\/p>\n\t\t<\/div>\n\t\t\t\t\t<\/div>\n\n\t\n\n\t<div id=\"col-1521428725\" class=\"col medium-4 small-12 large-4\"  >\n\t\t\t\t<div class=\"col-inner\"  >\n\t\t\t\n\t\t\t\n\t<div class=\"img has-hover x md-x lg-x y md-y lg-y\" id=\"image_1201869921\">\n\t\t\t\t\t\t\t\t<div class=\"img-inner image-cover dark\" style=\"padding-top:56.25%;\">\n\t\t\t<img loading=\"lazy\" decoding=\"async\" width=\"600\" height=\"450\" src=\"https:\/\/design.novoambiente.com\/wp-content\/uploads\/2019\/10\/verus-09.jpg\" class=\"attachment-large size-large\" alt=\"\" srcset=\"https:\/\/design.novoambiente.com\/wp-content\/uploads\/2019\/10\/verus-09.jpg 600w, https:\/\/design.novoambiente.com\/wp-content\/uploads\/2019\/10\/verus-09-510x383.jpg 510w, https:\/\/design.novoambiente.com\/wp-content\/uploads\/2019\/10\/verus-09-300x225.jpg 300w\" sizes=\"auto, (max-width: 600px) 100vw, 600px\" \/>\t\t\t\t\t\t\n\t\t\t\t\t<\/div>\n\t\t\t\t\t\t\t\t\n<style>\n#image_1201869921 {\n  width: 100%;\n}\n<\/style>\n\t<\/div>\n\t\n<h2 class=\"mb-5\">Ergonomic support<\/h2>\n<p>Based on Herman Miller&#8217;s understanding of how the human body performs at its best, both the seat and back of the chair were designed and engineered to benefit the body structures that need ergonomic support most. Herman Miller&#8217;s patented sacral support, PostureFit, is standard on Verus and keeps the spine properly aligned. Optional height-adjustable lumbar support provides an additional level of spinal support and comfort for the lower back.  <\/p>\n\t\t<\/div>\n\t\t\t\t\t<\/div>\n\n\t\n\n\t<div id=\"col-1263613004\" class=\"col medium-4 small-12 large-4\"  >\n\t\t\t\t<div class=\"col-inner\"  >\n\t\t\t\n\t\t\t\n\t<div class=\"img has-hover x md-x lg-x y md-y lg-y\" id=\"image_717559420\">\n\t\t\t\t\t\t\t\t<div class=\"img-inner image-cover dark\" style=\"padding-top:56.25%;\">\n\t\t\t<img loading=\"lazy\" decoding=\"async\" width=\"600\" height=\"450\" src=\"https:\/\/design.novoambiente.com\/wp-content\/uploads\/2019\/10\/verus-10.jpg\" class=\"attachment-large size-large\" alt=\"\" srcset=\"https:\/\/design.novoambiente.com\/wp-content\/uploads\/2019\/10\/verus-10.jpg 600w, https:\/\/design.novoambiente.com\/wp-content\/uploads\/2019\/10\/verus-10-510x383.jpg 510w, https:\/\/design.novoambiente.com\/wp-content\/uploads\/2019\/10\/verus-10-300x225.jpg 300w\" sizes=\"auto, (max-width: 600px) 100vw, 600px\" \/>\t\t\t\t\t\t\n\t\t\t\t\t<\/div>\n\t\t\t\t\t\t\t\t\n<style>\n#image_717559420 {\n  width: 100%;\n}\n<\/style>\n\t<\/div>\n\t\n<h2 class=\"mb-5\">A seamless, comfortable experience<\/h2>\n<p>The Verus seat incorporates a harmonious blend of injection molding and foam within a contoured seat, offering a seamless and comfortable experience for users of all body types during both long and short periods of sitting.<\/p>\n\t\t<\/div>\n\t\t\t\t\t<\/div>\n\n\t\n\n\t<div id=\"col-79518856\" class=\"col medium-4 small-12 large-4\"  >\n\t\t\t\t<div class=\"col-inner\"  >\n\t\t\t\n\t\t\t\n\t<div class=\"img has-hover x md-x lg-x y md-y lg-y\" id=\"image_2080821552\">\n\t\t\t\t\t\t\t\t<div class=\"img-inner image-cover dark\" style=\"padding-top:56.25%;\">\n\t\t\t<img loading=\"lazy\" decoding=\"async\" width=\"450\" height=\"600\" src=\"https:\/\/design.novoambiente.com\/wp-content\/uploads\/2019\/10\/verus-11.jpg\" class=\"attachment-large size-large\" alt=\"\" srcset=\"https:\/\/design.novoambiente.com\/wp-content\/uploads\/2019\/10\/verus-11.jpg 450w, https:\/\/design.novoambiente.com\/wp-content\/uploads\/2019\/10\/verus-11-225x300.jpg 225w\" sizes=\"auto, (max-width: 450px) 100vw, 450px\" \/>\t\t\t\t\t\t\n\t\t\t\t\t<\/div>\n\t\t\t\t\t\t\t\t\n<style>\n#image_2080821552 {\n  width: 100%;\n}\n<\/style>\n\t<\/div>\n\t\n<h2 class=\"mb-5\">A quiet aesthetic<\/h2>\n<p>Verus features a quiet aesthetic that adapts to the design of virtually any workplace. The chair&#8217;s upholstery comes in a wide variety of material options\u2014including vibrant colors, sophisticated neutrals, and bold patterns\u2014spanning various price points. For those seeking more customization, each chair model is available with either a fully upholstered or suspension back.  <\/p>\n\t\t<\/div>\n\t\t\t\t\t<\/div>\n\n\t\n<\/div>\n<div class=\"is-divider divider clearfix\" ><\/div>\n\t\t<\/div>\n\n\t\t\n<style>\n#section_1127404222 {\n  padding-top: 0px;\n  padding-bottom: 0px;\n}\n<\/style>\n\t<\/section>\n\t\n\n\n\n\t<section class=\"section dark\" id=\"section_964114832\">\n\t\t<div class=\"bg section-bg fill bg-fill  bg-loaded\" >\n\n\t\t\t\n\t\t\t\n\t\t\t\n\n\t\t<\/div>\n\n\t\t<div class=\"section-content relative\">\n\t\t\t\n<div class=\"is-divider divider clearfix\" ><\/div>\n<div class=\"row align-center\"  id=\"row-849498360\">\n\n\t<div id=\"col-10071223\" class=\"col medium-4 small-12 large-4\"  >\n\t\t\t\t<div class=\"col-inner text-center\"  >\n\t\t\t\n\t\t\t\n<h3 style=\"text-align: center;\"><strong>Resources<\/strong><\/h3>\n<h4 style=\"text-align: center;\">A collection of tools to help you plan<\/h4>\n\t<div id=\"gap-637816184\" class=\"gap-element clearfix\" style=\"display:block; height:auto;\">\n\t\t\n<style>\n#gap-637816184 {\n  padding-top: 30px;\n}\n<\/style>\n\t<\/div>\n\t\n<a href=\"https:\/\/design.novoambiente.com\/en\/corporate-solutions\/herman-miller\/seating\/verus-chairs\/resources\/\" target=\"_self\" class=\"button white is-outline\"  >\n    <span>Download resources<\/span>\n  <\/a>\n\n\t\t<\/div>\n\t\t\t\t\t<\/div>\n\n\t\n<\/div>\n<div class=\"is-divider divider clearfix\" ><\/div>\n\t\t<\/div>\n\n\t\t\n<style>\n#section_964114832 {\n  padding-top: 0px;\n  padding-bottom: 0px;\n  background-color: #dd1b22;\n}\n<\/style>\n\t<\/section>\n\t\n","protected":false},"excerpt":{"rendered":"","protected":false},"author":1,"featured_media":157738,"parent":157855,"menu_order":0,"comment_status":"closed","ping_status":"open","template":"page-blank.php","meta":{"_acf_changed":false,"footnotes":""},"class_list":["post-157737","page","type-page","status-publish","has-post-thumbnail","hentry"],"acf":[],"yoast_head":"<!-- This site is optimized with the Yoast SEO plugin v27.3 - https:\/\/yoast.com\/product\/yoast-seo-wordpress\/ -->\n<title>Verus Chairs - Novo Ambiente | Cat\u00e1logo<\/title>\n<meta name=\"robots\" content=\"index, follow, max-snippet:-1, max-image-preview:large, max-video-preview:-1\" \/>\n<link rel=\"canonical\" href=\"https:\/\/design.novoambiente.com\/en\/corporate-solutions\/herman-miller\/seating\/verus-chairs\/\" \/>\n<meta name=\"twitter:label1\" content=\"Est. reading time\" \/>\n\t<meta name=\"twitter:data1\" content=\"4 minutes\" \/>\n<script type=\"application\/ld+json\" class=\"yoast-schema-graph\">{\"@context\":\"https:\\\/\\\/schema.org\",\"@graph\":[{\"@type\":\"WebPage\",\"@id\":\"https:\\\/\\\/design.novoambiente.com\\\/en\\\/corporate-solutions\\\/herman-miller\\\/seating\\\/verus-chairs\\\/\",\"url\":\"https:\\\/\\\/design.novoambiente.com\\\/en\\\/corporate-solutions\\\/herman-miller\\\/seating\\\/verus-chairs\\\/\",\"name\":\"Verus Chairs - Novo Ambiente | Cat\u00e1logo\",\"isPartOf\":{\"@id\":\"https:\\\/\\\/design.novoambiente.com\\\/en\\\/#website\"},\"primaryImageOfPage\":{\"@id\":\"https:\\\/\\\/design.novoambiente.com\\\/en\\\/corporate-solutions\\\/herman-miller\\\/seating\\\/verus-chairs\\\/#primaryimage\"},\"image\":{\"@id\":\"https:\\\/\\\/design.novoambiente.com\\\/en\\\/corporate-solutions\\\/herman-miller\\\/seating\\\/verus-chairs\\\/#primaryimage\"},\"thumbnailUrl\":\"https:\\\/\\\/design.novoambiente.com\\\/wp-content\\\/uploads\\\/2019\\\/10\\\/verus-04-scaled.jpg\",\"datePublished\":\"2019-10-30T17:23:06+00:00\",\"dateModified\":\"2026-04-07T18:14:46+00:00\",\"description\":\"At Herman Miller, we believe everyone deserves an exceptional experience throughout the day, which is why we created Verus.\",\"breadcrumb\":{\"@id\":\"https:\\\/\\\/design.novoambiente.com\\\/en\\\/corporate-solutions\\\/herman-miller\\\/seating\\\/verus-chairs\\\/#breadcrumb\"},\"inLanguage\":\"en-US\",\"potentialAction\":[{\"@type\":\"ReadAction\",\"target\":[\"https:\\\/\\\/design.novoambiente.com\\\/en\\\/corporate-solutions\\\/herman-miller\\\/seating\\\/verus-chairs\\\/\"]}]},{\"@type\":\"ImageObject\",\"inLanguage\":\"en-US\",\"@id\":\"https:\\\/\\\/design.novoambiente.com\\\/en\\\/corporate-solutions\\\/herman-miller\\\/seating\\\/verus-chairs\\\/#primaryimage\",\"url\":\"https:\\\/\\\/design.novoambiente.com\\\/wp-content\\\/uploads\\\/2019\\\/10\\\/verus-04-scaled.jpg\",\"contentUrl\":\"https:\\\/\\\/design.novoambiente.com\\\/wp-content\\\/uploads\\\/2019\\\/10\\\/verus-04-scaled.jpg\",\"width\":1920,\"height\":2560},{\"@type\":\"BreadcrumbList\",\"@id\":\"https:\\\/\\\/design.novoambiente.com\\\/en\\\/corporate-solutions\\\/herman-miller\\\/seating\\\/verus-chairs\\\/#breadcrumb\",\"itemListElement\":[{\"@type\":\"ListItem\",\"position\":1,\"name\":\"Home\",\"item\":\"https:\\\/\\\/design.novoambiente.com\\\/en\\\/\"},{\"@type\":\"ListItem\",\"position\":2,\"name\":\"Corporate Solutions\",\"item\":\"https:\\\/\\\/design.novoambiente.com\\\/en\\\/corporate-solutions\\\/\"},{\"@type\":\"ListItem\",\"position\":3,\"name\":\"Herman Miller\",\"item\":\"https:\\\/\\\/design.novoambiente.com\\\/en\\\/corporate-solutions\\\/herman-miller\\\/\"},{\"@type\":\"ListItem\",\"position\":4,\"name\":\"Seating\",\"item\":\"https:\\\/\\\/design.novoambiente.com\\\/en\\\/corporate-solutions\\\/herman-miller\\\/seating\\\/\"},{\"@type\":\"ListItem\",\"position\":5,\"name\":\"Verus Chairs\"}]},{\"@type\":\"WebSite\",\"@id\":\"https:\\\/\\\/design.novoambiente.com\\\/en\\\/#website\",\"url\":\"https:\\\/\\\/design.novoambiente.com\\\/en\\\/\",\"name\":\"Novo Ambiente | Cat\u00e1logo\",\"description\":\"Mobili\u00e1rio de design para casa ou escrit\u00f3rio\",\"potentialAction\":[{\"@type\":\"SearchAction\",\"target\":{\"@type\":\"EntryPoint\",\"urlTemplate\":\"https:\\\/\\\/design.novoambiente.com\\\/en\\\/?s={search_term_string}\"},\"query-input\":{\"@type\":\"PropertyValueSpecification\",\"valueRequired\":true,\"valueName\":\"search_term_string\"}}],\"inLanguage\":\"en-US\"}]}<\/script>\n<!-- \/ Yoast SEO plugin. -->","yoast_head_json":{"title":"Verus Chairs - Novo Ambiente | Cat\u00e1logo","robots":{"index":"index","follow":"follow","max-snippet":"max-snippet:-1","max-image-preview":"max-image-preview:large","max-video-preview":"max-video-preview:-1"},"canonical":"https:\/\/design.novoambiente.com\/en\/corporate-solutions\/herman-miller\/seating\/verus-chairs\/","twitter_misc":{"Est. reading time":"4 minutes"},"schema":{"@context":"https:\/\/schema.org","@graph":[{"@type":"WebPage","@id":"https:\/\/design.novoambiente.com\/en\/corporate-solutions\/herman-miller\/seating\/verus-chairs\/","url":"https:\/\/design.novoambiente.com\/en\/corporate-solutions\/herman-miller\/seating\/verus-chairs\/","name":"Verus Chairs - Novo Ambiente | Cat\u00e1logo","isPartOf":{"@id":"https:\/\/design.novoambiente.com\/en\/#website"},"primaryImageOfPage":{"@id":"https:\/\/design.novoambiente.com\/en\/corporate-solutions\/herman-miller\/seating\/verus-chairs\/#primaryimage"},"image":{"@id":"https:\/\/design.novoambiente.com\/en\/corporate-solutions\/herman-miller\/seating\/verus-chairs\/#primaryimage"},"thumbnailUrl":"https:\/\/design.novoambiente.com\/wp-content\/uploads\/2019\/10\/verus-04-scaled.jpg","datePublished":"2019-10-30T17:23:06+00:00","dateModified":"2026-04-07T18:14:46+00:00","description":"At Herman Miller, we believe everyone deserves an exceptional experience throughout the day, which is why we created Verus.","breadcrumb":{"@id":"https:\/\/design.novoambiente.com\/en\/corporate-solutions\/herman-miller\/seating\/verus-chairs\/#breadcrumb"},"inLanguage":"en-US","potentialAction":[{"@type":"ReadAction","target":["https:\/\/design.novoambiente.com\/en\/corporate-solutions\/herman-miller\/seating\/verus-chairs\/"]}]},{"@type":"ImageObject","inLanguage":"en-US","@id":"https:\/\/design.novoambiente.com\/en\/corporate-solutions\/herman-miller\/seating\/verus-chairs\/#primaryimage","url":"https:\/\/design.novoambiente.com\/wp-content\/uploads\/2019\/10\/verus-04-scaled.jpg","contentUrl":"https:\/\/design.novoambiente.com\/wp-content\/uploads\/2019\/10\/verus-04-scaled.jpg","width":1920,"height":2560},{"@type":"BreadcrumbList","@id":"https:\/\/design.novoambiente.com\/en\/corporate-solutions\/herman-miller\/seating\/verus-chairs\/#breadcrumb","itemListElement":[{"@type":"ListItem","position":1,"name":"Home","item":"https:\/\/design.novoambiente.com\/en\/"},{"@type":"ListItem","position":2,"name":"Corporate Solutions","item":"https:\/\/design.novoambiente.com\/en\/corporate-solutions\/"},{"@type":"ListItem","position":3,"name":"Herman Miller","item":"https:\/\/design.novoambiente.com\/en\/corporate-solutions\/herman-miller\/"},{"@type":"ListItem","position":4,"name":"Seating","item":"https:\/\/design.novoambiente.com\/en\/corporate-solutions\/herman-miller\/seating\/"},{"@type":"ListItem","position":5,"name":"Verus Chairs"}]},{"@type":"WebSite","@id":"https:\/\/design.novoambiente.com\/en\/#website","url":"https:\/\/design.novoambiente.com\/en\/","name":"Novo Ambiente | Cat\u00e1logo","description":"Mobili\u00e1rio de design para casa ou escrit\u00f3rio","potentialAction":[{"@type":"SearchAction","target":{"@type":"EntryPoint","urlTemplate":"https:\/\/design.novoambiente.com\/en\/?s={search_term_string}"},"query-input":{"@type":"PropertyValueSpecification","valueRequired":true,"valueName":"search_term_string"}}],"inLanguage":"en-US"}]}},"_links":{"self":[{"href":"https:\/\/design.novoambiente.com\/en\/wp-json\/wp\/v2\/pages\/157737","targetHints":{"allow":["GET"]}}],"collection":[{"href":"https:\/\/design.novoambiente.com\/en\/wp-json\/wp\/v2\/pages"}],"about":[{"href":"https:\/\/design.novoambiente.com\/en\/wp-json\/wp\/v2\/types\/page"}],"author":[{"embeddable":true,"href":"https:\/\/design.novoambiente.com\/en\/wp-json\/wp\/v2\/users\/1"}],"replies":[{"embeddable":true,"href":"https:\/\/design.novoambiente.com\/en\/wp-json\/wp\/v2\/comments?post=157737"}],"version-history":[{"count":2,"href":"https:\/\/design.novoambiente.com\/en\/wp-json\/wp\/v2\/pages\/157737\/revisions"}],"predecessor-version":[{"id":157931,"href":"https:\/\/design.novoambiente.com\/en\/wp-json\/wp\/v2\/pages\/157737\/revisions\/157931"}],"up":[{"embeddable":true,"href":"https:\/\/design.novoambiente.com\/en\/wp-json\/wp\/v2\/pages\/157855"}],"wp:featuredmedia":[{"embeddable":true,"href":"https:\/\/design.novoambiente.com\/en\/wp-json\/wp\/v2\/media\/157738"}],"wp:attachment":[{"href":"https:\/\/design.novoambiente.com\/en\/wp-json\/wp\/v2\/media?parent=157737"}],"curies":[{"name":"wp","href":"https:\/\/api.w.org\/{rel}","templated":true}]}}