{"id":153568,"date":"2021-10-26T17:45:49","date_gmt":"2021-10-26T20:45:49","guid":{"rendered":"https:\/\/design.novoambiente.com\/how-it-works\/"},"modified":"2026-03-26T09:59:46","modified_gmt":"2026-03-26T12:59:46","slug":"how-it-works","status":"publish","type":"page","link":"https:\/\/design.novoambiente.com\/en\/how-it-works\/","title":{"rendered":"How it works"},"content":{"rendered":"\t<section class=\"section pt-7 pt-md-6 pb-7 pb-md-6\" id=\"section_542166814\">\n\t\t<div class=\"bg section-bg fill bg-fill  bg-loaded\" >\n\n\t\t\t\n\t\t\t\n\t\t\t\n\n\t\t<\/div>\n\n\t\t<div class=\"section-content relative\">\n\t\t\t\n<div class=\"row align-middle align-center\"  id=\"row-1466463635\">\n\n\t<div id=\"col-1414789692\" class=\"col hide-for-small medium-5 small-12 large-6\"  >\n\t\t\t\t<div class=\"col-inner\"  >\n\t\t\t\n\t\t\t\n\t<div id=\"text-4036375962\" class=\"text img-2\">\n\t\t\n<p><img loading=\"lazy\" decoding=\"async\" class=\"alignnone size-full wp-image-136300\" src=\"https:\/\/design.novoambiente.com\/wp-content\/uploads\/2021\/10\/767967.png\" alt=\"\" width=\"826\" height=\"658\" srcset=\"https:\/\/design.novoambiente.com\/wp-content\/uploads\/2021\/10\/767967.png 826w, https:\/\/design.novoambiente.com\/wp-content\/uploads\/2021\/10\/767967-650x518.png 650w, https:\/\/design.novoambiente.com\/wp-content\/uploads\/2021\/10\/767967-300x239.png 300w, https:\/\/design.novoambiente.com\/wp-content\/uploads\/2021\/10\/767967-768x612.png 768w\" sizes=\"auto, (max-width: 826px) 100vw, 826px\" \/><\/p>\n\t\t\n<style>\n#text-4036375962 {\n  text-align: left;\n}\n<\/style>\n\t<\/div>\n\t\n\t\t<\/div>\n\t\t\t\t\t<\/div>\n\n\t\n\n\t<div id=\"col-1118620665\" class=\"col medium-7 small-12 large-5 small-col-first\"  >\n\t\t\t\t<div class=\"col-inner\"  >\n\t\t\t\n\t\t\t\n\t<div id=\"text-3243780715\" class=\"text display-1 mb-5\">\n\t\t\n<h3 class=\"uppercase\">My list:<br \/><strong>How does it work?<\/strong><\/h3>\n\t\t\t<\/div>\n\t\n\t<div id=\"text-4162586655\" class=\"text display-2\">\n\t\t\n<h6>Hello! Welcome! Is this your first visit to our website?   We have created a simple step-by-step guide to help you curate a list of your preferred products.<\/h6>\n\t\t\t<\/div>\n\t\n\t\t<\/div>\n\t\t\t\t\t<\/div>\n\n\t\n<\/div>\n\t\t<\/div>\n\n\t\t\n<style>\n#section_542166814 {\n  padding-top: 0px;\n  padding-bottom: 0px;\n  background-color: rgb(246, 246, 246);\n}\n<\/style>\n\t<\/section>\n\t\n\t<section class=\"section pt-5\" id=\"section_1222202373\">\n\t\t<div class=\"bg section-bg fill bg-fill  bg-loaded\" >\n\n\t\t\t\n\t\t\t\n\t\t\t\n\n\t\t<\/div>\n\n\t\t<div class=\"section-content relative\">\n\t\t\t\n<div class=\"row align-equal align-center pt-0 pt-md-6 pb-0 pb-md-6\"  id=\"row-1180490475\">\n\n\t<div id=\"col-755246008\" class=\"col row-2 hide-for-small medium-7 small-12 large-6\"  >\n\t\t\t\t<div class=\"col-inner\"  >\n\t\t\t\n\t\t\t\n<div class=\"row align-center\"  id=\"row-294831360\">\n\n\t<div id=\"col-857885564\" class=\"col medium-4 small-4 large-4\"  >\n\t\t\t\t<div class=\"col-inner text-right\"  >\n\t\t\t\n\t\t\t\n\t<div id=\"text-3058894637\" class=\"text display-3 width-100-pc\">\n\t\t\n<h6><strong>1<\/strong><\/h6>\n\t\t\n<style>\n#text-3058894637 {\n  text-align: center;\n  color: rgb(228, 228, 228);\n}\n#text-3058894637 > * {\n  color: rgb(228, 228, 228);\n}\n<\/style>\n\t<\/div>\n\t\n\t\t<\/div>\n\t\t\t\t\t<\/div>\n\n\t\n\n\t<div id=\"col-1139613739\" class=\"col medium-8 small-8 large-8\"  >\n\t\t\t\t<div class=\"col-inner\"  >\n\t\t\t\n\t\t\t\n\t<div id=\"text-3124055150\" class=\"text mb-5\">\n\t\t\n<h3 class=\"uppercase\">Step one:<br \/><strong>Selecting <br \/>the product<\/strong><\/h3>\n\t\t\t<\/div>\n\t\n<h6>By clicking the &#8220;heart&#8221; icon on the image of the product you desire, it will automatically be added to your list. You may select as many products as you wish. To deselect an item, simply click the heart again.  <\/h6>\n\t\t<\/div>\n\t\t\t\t\t<\/div>\n\n\t\n<\/div>\n\t\t<\/div>\n\t\t\t\t\t<\/div>\n\n\t\n\n\t<div id=\"col-2131602735\" class=\"col mb-7 mb-md-0 show-for-small medium-7 small-12 large-6\"  >\n\t\t\t\t<div class=\"col-inner\"  >\n\t\t\t\n\t\t\t\n<div class=\"row align-center\"  id=\"row-1239431779\">\n\n\t<div id=\"col-539425595\" class=\"col medium-2 small-4 large-4\"  >\n\t\t\t\t<div class=\"col-inner text-right\"  >\n\t\t\t\n\t\t\t\n\t<div id=\"text-2261589524\" class=\"text display-3 width-100-pc\">\n\t\t\n<h6><strong>1<\/strong><\/h6>\n\t\t\n<style>\n#text-2261589524 {\n  text-align: center;\n  color: rgb(228, 228, 228);\n}\n#text-2261589524 > * {\n  color: rgb(228, 228, 228);\n}\n<\/style>\n\t<\/div>\n\t\n\t\t<\/div>\n\t\t\t\t\t<\/div>\n\n\t\n\n\t<div id=\"col-286574807\" class=\"col pt-5 medium-10 small-8 large-8\"  >\n\t\t\t\t<div class=\"col-inner\"  >\n\t\t\t\n\t\t\t\n\t<div id=\"text-2541483044\" class=\"text mb-5\">\n\t\t\n<h3 class=\"uppercase\">Step one:<br \/><strong>Selecting <br \/>the product<\/strong><\/h3>\n\t\t\t<\/div>\n\t\n\t\t<\/div>\n\t\t\t\t\t<\/div>\n\n\t\n\n\t<div id=\"col-1883116090\" class=\"col medium-10 small-12 large-8\"  >\n\t\t\t\t<div class=\"col-inner\"  >\n\t\t\t\n\t\t\t\n<h6>By clicking the &#8220;heart&#8221; icon on the image of the product you desire, it will automatically be added to your list. You may select as many products as you wish. To deselect an item, simply click the heart again.  <\/h6>\n\t\t<\/div>\n\t\t\t\t\t<\/div>\n\n\t\n<\/div>\n\t\t<\/div>\n\t\t\t\t\t<\/div>\n\n\t\n\n\t<div id=\"col-818084192\" class=\"col video-hmlt5 medium-5 small-12 large-6\"  >\n\t\t\t\t<div class=\"col-inner\"  >\n\t\t\t\n\t\t\t\n\t<div id=\"text-2886528503\" class=\"text img-3 width-100-pc\">\n\t\t\n<p><video autoplay=\"\" loop=\"\" muted=\"\" playsinline=\"\" width=\"100%\" height=\"auto\" style=\"max-width:450px\"><source src=\"https:\/\/design.novoambiente.com\/wp-content\/uploads\/2021\/11\/minha_lista_mobile1.mp4\" type=\"video\/mp4\"><\/source><\/video><br \/>\n\t\t\n<style>\n#text-2886528503 {\n  text-align: center;\n}\n<\/style>\n\t<\/div>\n\t\n\t\t<\/div>\n\t\t\t\t\t<\/div>\n\n\t\n<\/div>\n<div class=\"row align-equal align-center pt-0 pt-md-6 pb-0 pb-md-6 mb-8\"  id=\"row-1396052651\">\n\n\t<div id=\"col-701562082\" class=\"col video-hmlt5 medium-5 small-12 large-6\"  >\n\t\t\t\t<div class=\"col-inner\"  >\n\t\t\t\n\t\t\t\n\t<div id=\"text-3468635034\" class=\"text img-3 width-100-pc\">\n\t\t\n<p><video autoplay=\"\" loop=\"\" muted=\"\" playsinline=\"\" width=\"100%\" height=\"auto\" style=\"max-width:450px\"><source src=\"https:\/\/design.novoambiente.com\/wp-content\/uploads\/2021\/11\/minha_lista_mobile2.mp4\" type=\"video\/mp4\"><\/source><\/video><br \/>\n\t\t\n<style>\n#text-3468635034 {\n  text-align: center;\n}\n<\/style>\n\t<\/div>\n\t\n\t\t<\/div>\n\t\t\t\t\t<\/div>\n\n\t\n\n\t<div id=\"col-798564990\" class=\"col row-2 hide-for-small medium-7 small-12 large-6\"  >\n\t\t\t\t<div class=\"col-inner\" style=\"background-color:rgb(228, 228, 228);\" >\n\t\t\t\n\t\t\t\n<div class=\"row align-center\"  id=\"row-461916918\">\n\n\t<div id=\"col-1302986926\" class=\"col medium-4 small-4 large-4\"  >\n\t\t\t\t<div class=\"col-inner text-right\"  >\n\t\t\t\n\t\t\t\n\t<div id=\"text-1666056580\" class=\"text display-3 width-100-pc\">\n\t\t\n<h6><strong>2<\/strong><\/h6>\n\t\t\n<style>\n#text-1666056580 {\n  text-align: center;\n  color: rgb(255, 255, 255);\n}\n#text-1666056580 > * {\n  color: rgb(255, 255, 255);\n}\n<\/style>\n\t<\/div>\n\t\n\t\t<\/div>\n\t\t\t\t\t<\/div>\n\n\t\n\n\t<div id=\"col-347594341\" class=\"col medium-8 small-8 large-8\"  >\n\t\t\t\t<div class=\"col-inner\"  >\n\t\t\t\n\t\t\t\n\t<div id=\"text-778052516\" class=\"text mb-5\">\n\t\t\n<h3 class=\"uppercase\">Step two:<br \/><strong>Accessing <br \/>your list<\/strong><\/h3>\n\t\t\t<\/div>\n\t\n<h6>To access your product list, click the heart icon at the top right of the website. Here you can edit or finalize your list. By clicking &#8220;Download list as PDF,&#8221; a form will open on the right side of your screen for you to enter your details. <\/h6>\n\t\t<\/div>\n\t\t\t\t\t<\/div>\n\n\t\n<\/div>\n\t\t<\/div>\n\t\t\t\t\n<style>\n#col-798564990 > .col-inner {\n  border-radius: 12px;\n}\n<\/style>\n\t<\/div>\n\n\t\n\n\t<div id=\"col-897098426\" class=\"col mb-7 mb-md-0 show-for-small medium-7 small-12 large-6 small-col-first\"  >\n\t\t\t\t<div class=\"col-inner\" style=\"background-color:rgb(228, 228, 228);\" >\n\t\t\t\n\t\t\t\n<div class=\"row align-center pl-4 pt-4 pr-4 pb-7\"  id=\"row-1639075551\">\n\n\t<div id=\"col-1239253370\" class=\"col medium-2 small-4 large-4\"  >\n\t\t\t\t<div class=\"col-inner text-right\"  >\n\t\t\t\n\t\t\t\n\t<div id=\"text-2799551282\" class=\"text display-3 width-100-pc\">\n\t\t\n<h6><strong>2<\/strong><\/h6>\n\t\t\n<style>\n#text-2799551282 {\n  text-align: center;\n  color: rgb(255, 255, 255);\n}\n#text-2799551282 > * {\n  color: rgb(255, 255, 255);\n}\n<\/style>\n\t<\/div>\n\t\n\t\t<\/div>\n\t\t\t\t\t<\/div>\n\n\t\n\n\t<div id=\"col-1428136577\" class=\"col pt-5 medium-10 small-8 large-8\"  >\n\t\t\t\t<div class=\"col-inner\"  >\n\t\t\t\n\t\t\t\n\t<div id=\"text-1601263605\" class=\"text mb-5\">\n\t\t\n<h3 class=\"uppercase\">Step two:<br \/><strong>Accessing<br \/>your list<\/strong><\/h3>\n\t\t\t<\/div>\n\t\n\t\t<\/div>\n\t\t\t\t\t<\/div>\n\n\t\n\n\t<div id=\"col-1211678316\" class=\"col medium-10 small-12 large-8\"  >\n\t\t\t\t<div class=\"col-inner\"  >\n\t\t\t\n\t\t\t\n<h6>To access your product list, click the heart icon at the top right of the website. Here you can edit or finalize your list. By clicking &#8220;Download list as PDF,&#8221; a form will open on the right side of your screen for you to enter your details. <\/h6>\n\t\t<\/div>\n\t\t\t\t\t<\/div>\n\n\t\n<\/div>\n\t\t<\/div>\n\t\t\t\t\n<style>\n#col-897098426 > .col-inner {\n  border-radius: 15px;\n}\n<\/style>\n\t<\/div>\n\n\t\n<\/div>\n\n<div class=\"row align-equal align-center pt-0 pt-md-6 pb-0 pb-md-6\"  id=\"row-768257406\">\n\n\t<div id=\"col-1751886782\" class=\"col row-2 hide-for-small medium-7 small-12 large-6\"  >\n\t\t\t\t<div class=\"col-inner\"  >\n\t\t\t\n\t\t\t\n<div class=\"row align-center\"  id=\"row-1697836349\">\n\n\t<div id=\"col-1384197325\" class=\"col medium-4 small-4 large-4\"  >\n\t\t\t\t<div class=\"col-inner text-right\"  >\n\t\t\t\n\t\t\t\n\t<div id=\"text-784362003\" class=\"text display-3 width-100-pc\">\n\t\t\n<h6><strong>3<\/strong><\/h6>\n\t\t\n<style>\n#text-784362003 {\n  text-align: center;\n  color: rgb(228, 228, 228);\n}\n#text-784362003 > * {\n  color: rgb(228, 228, 228);\n}\n<\/style>\n\t<\/div>\n\t\n\t\t<\/div>\n\t\t\t\t\t<\/div>\n\n\t\n\n\t<div id=\"col-1963997556\" class=\"col medium-8 small-8 large-8\"  >\n\t\t\t\t<div class=\"col-inner\"  >\n\t\t\t\n\t\t\t\n\t<div id=\"text-2779274914\" class=\"text mb-5\">\n\t\t\n<h3 class=\"uppercase\">Step three:<br \/><strong>Downloading <br \/>your list<\/strong><\/h3>\n\t\t\t<\/div>\n\t\n<h6>After entering your name, email, and phone number, simply click &#8220;Download List&#8221; and our system will automatically generate a document that can be saved to your computer, tablet, or smartphone. All set! Now you can print your list and bring it to one of our stores or, if you prefer, wait for a professional from our team to contact you.  <\/h6>\n\t\t<\/div>\n\t\t\t\t\t<\/div>\n\n\t\n<\/div>\n\t\t<\/div>\n\t\t\t\t\t<\/div>\n\n\t\n\n\t<div id=\"col-1326839289\" class=\"col mb-7 mb-md-0 show-for-small medium-7 small-12 large-6\"  >\n\t\t\t\t<div class=\"col-inner\"  >\n\t\t\t\n\t\t\t\n<div class=\"row align-center\"  id=\"row-622120810\">\n\n\t<div id=\"col-84209110\" class=\"col medium-2 small-4 large-4\"  >\n\t\t\t\t<div class=\"col-inner text-right\"  >\n\t\t\t\n\t\t\t\n\t<div id=\"text-3452712976\" class=\"text display-3 width-100-pc\">\n\t\t\n<h6><strong>3<\/strong><\/h6>\n\t\t\n<style>\n#text-3452712976 {\n  text-align: center;\n  color: rgb(228, 228, 228);\n}\n#text-3452712976 > * {\n  color: rgb(228, 228, 228);\n}\n<\/style>\n\t<\/div>\n\t\n\t\t<\/div>\n\t\t\t\t\t<\/div>\n\n\t\n\n\t<div id=\"col-710453249\" class=\"col pt-5 medium-10 small-8 large-8\"  >\n\t\t\t\t<div class=\"col-inner\"  >\n\t\t\t\n\t\t\t\n\t<div id=\"text-1905124277\" class=\"text mb-5\">\n\t\t\n<h3 class=\"uppercase\">Step three:<br \/><strong>Downloading <br \/>your list<\/strong><\/h3>\n\t\t\t<\/div>\n\t\n\t\t<\/div>\n\t\t\t\t\t<\/div>\n\n\t\n\n\t<div id=\"col-480319957\" class=\"col mb-6 mb-md-0 medium-10 small-12 large-8\"  >\n\t\t\t\t<div class=\"col-inner\"  >\n\t\t\t\n\t\t\t\n<h6>After entering your name, email, and phone number, simply click &#8220;Download List&#8221; and our system will automatically generate a document that can be saved to your computer, tablet, or smartphone. All set! Now you can print your list and bring it to one of our stores or, if you prefer, wait for a professional from our team to contact you.  <\/h6>\n\t\t<\/div>\n\t\t\t\t\t<\/div>\n\n\t\n<\/div>\n\t\t<\/div>\n\t\t\t\t\t<\/div>\n\n\t\n\n\t<div id=\"col-2119633429\" class=\"col video-hmlt5 medium-5 small-12 large-6\"  >\n\t\t\t\t<div class=\"col-inner\"  >\n\t\t\t\n\t\t\t\n\t<div id=\"text-4183541414\" class=\"text img-3 width-100-pc\">\n\t\t\n<p><video autoplay=\"\" loop=\"\" muted=\"\" playsinline=\"\" width=\"100%\" height=\"auto\" style=\"max-width:450px\"><source src=\"https:\/\/design.novoambiente.com\/wp-content\/uploads\/2021\/11\/minha_lista_mobile3.mp4\" type=\"video\/mp4\"><\/source><\/video><br \/>\n\t\t\n<style>\n#text-4183541414 {\n  text-align: center;\n}\n<\/style>\n\t<\/div>\n\t\n\t\t<\/div>\n\t\t\t\t\t<\/div>\n\n\t\n<\/div>\n\t\t<\/div>\n\n\t\t\n<style>\n#section_1222202373 {\n  padding-top: 0px;\n  padding-bottom: 0px;\n}\n<\/style>\n\t<\/section>\n\t\n\t<section class=\"section pt-6 pt-md-8 pb-6 pb-md-8\" id=\"section_1039879484\">\n\t\t<div class=\"bg section-bg fill bg-fill  bg-loaded\" >\n\n\t\t\t\n\t\t\t\n\t\t\t\n\n\t\t<\/div>\n\n\t\t<div class=\"section-content relative\">\n\t\t\t\n<div class=\"row align-middle align-center\"  id=\"row-1429647320\">\n\n\t<div id=\"col-728349347\" class=\"col medium-7 small-12 large-6 small-col-first\"  >\n\t\t\t\t<div class=\"col-inner text-center\"  >\n\t\t\t\n\t\t\t\n<a href=\"https:\/\/design.novoambiente.com\/en\/shop\/\" target=\"_self\" class=\"button secondary is-large\"  >\n    <span>Access and create your list<\/span>\n  <\/a>\n\n\t\t<\/div>\n\t\t\t\t\t<\/div>\n\n\t\n<\/div>\n\t\t<\/div>\n\n\t\t\n<style>\n#section_1039879484 {\n  padding-top: 0px;\n  padding-bottom: 0px;\n  background-color: rgb(246, 246, 246);\n}\n<\/style>\n\t<\/section>\n\t\n","protected":false},"excerpt":{"rendered":"","protected":false},"author":1,"featured_media":0,"parent":0,"menu_order":0,"comment_status":"closed","ping_status":"closed","template":"page-blank.php","meta":{"_acf_changed":false,"footnotes":""},"class_list":["post-153568","page","type-page","status-publish","hentry"],"acf":[],"yoast_head":"<!-- This site is optimized with the Yoast SEO plugin v27.3 - https:\/\/yoast.com\/product\/yoast-seo-wordpress\/ -->\n<title>How it works - Novo Ambiente | Cat\u00e1logo<\/title>\n<meta name=\"robots\" content=\"index, follow, max-snippet:-1, max-image-preview:large, max-video-preview:-1\" \/>\n<link rel=\"canonical\" href=\"https:\/\/design.novoambiente.com\/en\/how-it-works\/\" \/>\n<meta name=\"twitter:label1\" content=\"Est. reading time\" \/>\n\t<meta name=\"twitter:data1\" content=\"6 minutes\" \/>\n<script type=\"application\/ld+json\" class=\"yoast-schema-graph\">{\"@context\":\"https:\\\/\\\/schema.org\",\"@graph\":[{\"@type\":\"WebPage\",\"@id\":\"https:\\\/\\\/design.novoambiente.com\\\/en\\\/how-it-works\\\/\",\"url\":\"https:\\\/\\\/design.novoambiente.com\\\/en\\\/how-it-works\\\/\",\"name\":\"How it works - Novo Ambiente | Cat\u00e1logo\",\"isPartOf\":{\"@id\":\"https:\\\/\\\/design.novoambiente.com\\\/en\\\/#website\"},\"primaryImageOfPage\":{\"@id\":\"https:\\\/\\\/design.novoambiente.com\\\/en\\\/how-it-works\\\/#primaryimage\"},\"image\":{\"@id\":\"https:\\\/\\\/design.novoambiente.com\\\/en\\\/how-it-works\\\/#primaryimage\"},\"thumbnailUrl\":\"https:\\\/\\\/design.novoambiente.com\\\/wp-content\\\/uploads\\\/2021\\\/10\\\/767967.png\",\"datePublished\":\"2021-10-26T20:45:49+00:00\",\"dateModified\":\"2026-03-26T12:59:46+00:00\",\"breadcrumb\":{\"@id\":\"https:\\\/\\\/design.novoambiente.com\\\/en\\\/how-it-works\\\/#breadcrumb\"},\"inLanguage\":\"en-US\",\"potentialAction\":[{\"@type\":\"ReadAction\",\"target\":[\"https:\\\/\\\/design.novoambiente.com\\\/en\\\/how-it-works\\\/\"]}]},{\"@type\":\"ImageObject\",\"inLanguage\":\"en-US\",\"@id\":\"https:\\\/\\\/design.novoambiente.com\\\/en\\\/how-it-works\\\/#primaryimage\",\"url\":\"https:\\\/\\\/design.novoambiente.com\\\/wp-content\\\/uploads\\\/2021\\\/10\\\/767967.png\",\"contentUrl\":\"https:\\\/\\\/design.novoambiente.com\\\/wp-content\\\/uploads\\\/2021\\\/10\\\/767967.png\"},{\"@type\":\"BreadcrumbList\",\"@id\":\"https:\\\/\\\/design.novoambiente.com\\\/en\\\/how-it-works\\\/#breadcrumb\",\"itemListElement\":[{\"@type\":\"ListItem\",\"position\":1,\"name\":\"Home\",\"item\":\"https:\\\/\\\/design.novoambiente.com\\\/en\\\/\"},{\"@type\":\"ListItem\",\"position\":2,\"name\":\"How it works\"}]},{\"@type\":\"WebSite\",\"@id\":\"https:\\\/\\\/design.novoambiente.com\\\/en\\\/#website\",\"url\":\"https:\\\/\\\/design.novoambiente.com\\\/en\\\/\",\"name\":\"Novo Ambiente | Cat\u00e1logo\",\"description\":\"Mobili\u00e1rio de design para casa ou escrit\u00f3rio\",\"potentialAction\":[{\"@type\":\"SearchAction\",\"target\":{\"@type\":\"EntryPoint\",\"urlTemplate\":\"https:\\\/\\\/design.novoambiente.com\\\/en\\\/?s={search_term_string}\"},\"query-input\":{\"@type\":\"PropertyValueSpecification\",\"valueRequired\":true,\"valueName\":\"search_term_string\"}}],\"inLanguage\":\"en-US\"}]}<\/script>\n<!-- \/ Yoast SEO plugin. -->","yoast_head_json":{"title":"How it works - Novo Ambiente | Cat\u00e1logo","robots":{"index":"index","follow":"follow","max-snippet":"max-snippet:-1","max-image-preview":"max-image-preview:large","max-video-preview":"max-video-preview:-1"},"canonical":"https:\/\/design.novoambiente.com\/en\/how-it-works\/","twitter_misc":{"Est. reading time":"6 minutes"},"schema":{"@context":"https:\/\/schema.org","@graph":[{"@type":"WebPage","@id":"https:\/\/design.novoambiente.com\/en\/how-it-works\/","url":"https:\/\/design.novoambiente.com\/en\/how-it-works\/","name":"How it works - Novo Ambiente | Cat\u00e1logo","isPartOf":{"@id":"https:\/\/design.novoambiente.com\/en\/#website"},"primaryImageOfPage":{"@id":"https:\/\/design.novoambiente.com\/en\/how-it-works\/#primaryimage"},"image":{"@id":"https:\/\/design.novoambiente.com\/en\/how-it-works\/#primaryimage"},"thumbnailUrl":"https:\/\/design.novoambiente.com\/wp-content\/uploads\/2021\/10\/767967.png","datePublished":"2021-10-26T20:45:49+00:00","dateModified":"2026-03-26T12:59:46+00:00","breadcrumb":{"@id":"https:\/\/design.novoambiente.com\/en\/how-it-works\/#breadcrumb"},"inLanguage":"en-US","potentialAction":[{"@type":"ReadAction","target":["https:\/\/design.novoambiente.com\/en\/how-it-works\/"]}]},{"@type":"ImageObject","inLanguage":"en-US","@id":"https:\/\/design.novoambiente.com\/en\/how-it-works\/#primaryimage","url":"https:\/\/design.novoambiente.com\/wp-content\/uploads\/2021\/10\/767967.png","contentUrl":"https:\/\/design.novoambiente.com\/wp-content\/uploads\/2021\/10\/767967.png"},{"@type":"BreadcrumbList","@id":"https:\/\/design.novoambiente.com\/en\/how-it-works\/#breadcrumb","itemListElement":[{"@type":"ListItem","position":1,"name":"Home","item":"https:\/\/design.novoambiente.com\/en\/"},{"@type":"ListItem","position":2,"name":"How it works"}]},{"@type":"WebSite","@id":"https:\/\/design.novoambiente.com\/en\/#website","url":"https:\/\/design.novoambiente.com\/en\/","name":"Novo Ambiente | Cat\u00e1logo","description":"Mobili\u00e1rio de design para casa ou escrit\u00f3rio","potentialAction":[{"@type":"SearchAction","target":{"@type":"EntryPoint","urlTemplate":"https:\/\/design.novoambiente.com\/en\/?s={search_term_string}"},"query-input":{"@type":"PropertyValueSpecification","valueRequired":true,"valueName":"search_term_string"}}],"inLanguage":"en-US"}]}},"_links":{"self":[{"href":"https:\/\/design.novoambiente.com\/en\/wp-json\/wp\/v2\/pages\/153568","targetHints":{"allow":["GET"]}}],"collection":[{"href":"https:\/\/design.novoambiente.com\/en\/wp-json\/wp\/v2\/pages"}],"about":[{"href":"https:\/\/design.novoambiente.com\/en\/wp-json\/wp\/v2\/types\/page"}],"author":[{"embeddable":true,"href":"https:\/\/design.novoambiente.com\/en\/wp-json\/wp\/v2\/users\/1"}],"replies":[{"embeddable":true,"href":"https:\/\/design.novoambiente.com\/en\/wp-json\/wp\/v2\/comments?post=153568"}],"version-history":[{"count":0,"href":"https:\/\/design.novoambiente.com\/en\/wp-json\/wp\/v2\/pages\/153568\/revisions"}],"wp:attachment":[{"href":"https:\/\/design.novoambiente.com\/en\/wp-json\/wp\/v2\/media?parent=153568"}],"curies":[{"name":"wp","href":"https:\/\/api.w.org\/{rel}","templated":true}]}}